{"id":111670,"date":"2022-02-17T12:41:34","date_gmt":"2022-02-17T11:41:34","guid":{"rendered":"https:\/\/midbectapeter.se\/om-oss\/"},"modified":"2022-11-30T14:03:02","modified_gmt":"2022-11-30T13:03:02","slug":"om-oss","status":"publish","type":"page","link":"https:\/\/midbectapeter.se\/en\/about\/","title":{"rendered":"About us"},"content":{"rendered":"<p><img decoding=\"async\" src=\"\/wp-content\/uploads\/15936__design-scaled.jpeg\" alt=\"\"><\/p>\n<h3>Swedish wallpaper family<\/h3>\n<div>\n<p>Midbec Tapeter has been around for almost 50 years and the company is owned and run by Bengt and his son Per. The business plan from the beginning was to import wallpaper from Europe&#8217;s strongest brands and sell to the Swedish market. Nowadays however, the business model is quite different.<\/p>\n<\/p>\n<\/div>\n<h3>Midbec Design<\/h3>\n<div>\n<p>2014, almost 10 years ago, we turned our eyes to our own drawing board and hired our first designer. Today we have a team of designers, constantly contributing to the Scandinavian wallpaper legacy.<\/p>\n<p>It&#8217;s important for us to be able to offer hand-drawn designs with Swedish and Scandinavian influences. Our different styles and expressions open more markets, besides Sweden. The goal is simple &#8211; We want Swedish design to decorate the walls around the globe for many years to come.<\/p>\n<\/div>\n<h2>Designers<\/h2>\n<p><img decoding=\"async\" src=\"\/wp-content\/uploads\/2022\/03\/Bjo%CC%88rn-Nilsson.jpg\" alt=\"\"><\/p>\n<h3>Bj\u00f6rn Nilsson<\/h3>\n<div>\n<p>Bj\u00f6rn Nilsson has more than 35 years of experience as a wallpaper designer. Since 2014, he has been working as a designer for Midbec Tapeter. He has previously been a designer and design manager for some of Sweden&#8217;s largest wallpaper companies.<\/p>\n<p>Today, Bj\u00f6rn works as a freelance designer for various companies with textiles, glass, ceramics and much more.<\/p>\n<p>Wallpaper collections that Bj\u00f6rn has created for us:<br \/>Skagen, \u00d6rtag\u00e5rd, Effect, Palma, Design, Solitaire, Annual, Kalk 1, 2 and 3, Passion, Poetry and Sunnan\u00f6.<\/p>\n<\/div>\n<p><img decoding=\"async\" src=\"\/wp-content\/uploads\/2022\/04\/Hanna_Wendelbo.png\" alt=\"\"><\/p>\n<h3>Hanna Wendelbo<\/h3>\n<div>\n<p>Hanna Wendelbo is a designer with a passion for flowers and her garden. Since 2017, Hanna has been working as a wallpaper designer for Midbec Tapeter.<\/p>\n<p>Hanna has worked with wallpaper for 20 years and left her mark with many of Sweden&#8217;s largest wallpaper companies.<\/p>\n<p>Wallpaper collections that Hanna has created for us:<br \/>Blomsterm\u00e5la, Morgong\u00e5va, Apelviken, Skogsgl\u00e4ntan, Lyckebo, Ekbacka, Havsblick, \u00c4ng\u00e5s and Gr\u00f6nhaga.<\/p>\n<\/div>\n<p><img decoding=\"async\" src=\"\/wp-content\/uploads\/2022\/03\/Lina-ny-bild.jpg\" alt=\"ggg\"><\/p>\n<h3>Lina Schnaufer<\/h3>\n<div>\n<p>Lina Schnaufer has worked with illustration and design since graduating from the HKD design program in 2017, in everything from product design to children&#8217;s book illustration.<\/p>\n<p>In 2020, Lina released her first wallpaper collection ever. For Lina, the pattern report is magic and she is often drawn to the playful and the unexpected; the perspective, the line or the color.<\/p>\n<p>Wallpaper collections that Lina has created for us: Lina, Lina 2, Hj\u00e4rterum and L\u00e4ngtan.<\/p>\n<\/div>\n<p><!--more--><br \/>\n<!-- {\"name\":\"Om oss\",\"type\":\"layout\",\"children\":[{\"type\":\"section\",\"props\":{\"style\":\"default\",\"width\":\"default\",\"vertical_align\":\"middle\",\"title_position\":\"top-left\",\"title_rotation\":\"left\",\"title_breakpoint\":\"xl\",\"image_position\":\"center-center\",\"padding_remove_bottom\":true},\"children\":[{\"type\":\"row\",\"children\":[{\"type\":\"column\",\"props\":{\"position_sticky_breakpoint\":\"m\",\"image_position\":\"center-center\",\"media_overlay_gradient\":\"\"},\"children\":[{\"type\":\"headline\",\"props\":{\"title_element\":\"h1\",\"text_align\":\"center\",\"margin\":\"large\",\"title_style\":\"heading-small\"},\"source\":{\"query\":{\"name\":\"pages.singlePage\"},\"props\":{\"content\":{\"filters\":{\"search\":\"\"},\"name\":\"title\"}}},\"name\":\"Page Title\"}]}]}],\"modified\":\"2022-02-16T08:49:15.109Z\",\"name\":\"Om oss\"},{\"type\":\"section\",\"props\":{\"style\":\"default\",\"width\":\"default\",\"vertical_align\":\"middle\",\"title_position\":\"top-left\",\"title_rotation\":\"left\",\"title_breakpoint\":\"xl\",\"image_position\":\"center-center\",\"class\":\"uk-padding-large-bottom\"},\"children\":[{\"type\":\"row\",\"props\":{\"layout\":\"1-2,1-2\",\"class\":\"uk-grid-xlarge\"},\"children\":[{\"type\":\"column\",\"props\":{\"position_sticky_breakpoint\":\"m\",\"image_position\":\"center-center\",\"media_overlay_gradient\":\"\",\"width_medium\":\"1-2\",\"vertical_align\":\"middle\"},\"children\":[{\"type\":\"image\",\"props\":{\"margin\":\"default\",\"image_svg_color\":\"emphasis\",\"image\":\"wp-content\\\/uploads\\\/15936__design-scaled.jpeg\",\"image_border\":\"pill\"}}]},{\"type\":\"column\",\"props\":{\"position_sticky_breakpoint\":\"m\",\"image_position\":\"center-center\",\"media_overlay_gradient\":\"\",\"width_medium\":\"1-2\",\"order_first\":\"m\",\"vertical_align\":\"middle\"},\"children\":[{\"type\":\"headline\",\"props\":{\"title_element\":\"h3\",\"content\":\"Swedish wallpaper family\"},\"name\":\"V\\u00e5r historia\"},{\"type\":\"text\",\"props\":{\"margin\":\"default\",\"column_breakpoint\":\"m\",\"content\":\"\n\n<p>Midbec Tapeter has been around for almost 50 years and the company is owned and run by Bengt and his son Per. The business plan from the beginning was to import wallpaper from Europe's strongest brands and sell to the Swedish market. Nowadays however, the business model is quite different.<\\\/p>\\n\n\n<p><\\\/p>\\n\n\n<p><\\\/p>\"},\"name\":\"Tv\\u00e5 tapetn\\u00f6rdar och en...\"},{\"type\":\"headline\",\"props\":{\"title_element\":\"h3\",\"content\":\"Midbec Design\"},\"name\":\"Midbec Design\"},{\"type\":\"text\",\"props\":{\"margin\":\"default\",\"column_breakpoint\":\"m\",\"content\":\"\n\n<p>2014, almost 10 years ago, we turned our eyes to our own drawing board and hired our first designer. Today we have a team of designers, constantly contributing to the Scandinavian wallpaper legacy.<\\\/p>\\n\n\n<p>It's important for us to be able to offer hand-drawn designs with Swedish and Scandinavian influences. Our different styles and expressions open more markets, besides Sweden. The goal is simple - We want Swedish design to decorate the walls around the globe for many years to come.<\\\/p>\"},\"name\":\"Import \\u00e4r en stor...\"}]}]}]},{\"type\":\"section\",\"props\":{\"style\":\"muted\",\"width\":\"default\",\"vertical_align\":\"middle\",\"title_position\":\"top-left\",\"title_rotation\":\"left\",\"title_breakpoint\":\"xl\",\"image_position\":\"center-center\",\"padding\":\"large\",\"class\":\"uk-section-small uk-section-large@m\"},\"children\":[{\"type\":\"row\",\"children\":[{\"type\":\"column\",\"props\":{\"position_sticky_breakpoint\":\"m\",\"image_position\":\"center-center\",\"media_overlay_gradient\":\"\"},\"children\":[{\"type\":\"headline\",\"props\":{\"title_element\":\"h2\",\"content\":\"Designers\",\"id\":\"designers\",\"text_align\":\"center\",\"margin\":\"remove-vertical\",\"title_style\":\"heading-small\"},\"name\":\"Designers\"}]}]},{\"type\":\"row\",\"props\":{\"layout\":\"1-3,2-3\",\"column_gap\":\"large\",\"margin\":\"small\",\"id\":\"Bj\\u00f6rn\",\"margin_remove_bottom\":true},\"children\":[{\"type\":\"column\",\"props\":{\"position_sticky_breakpoint\":\"m\",\"image_position\":\"center-center\",\"media_overlay_gradient\":\"\",\"width_medium\":\"1-3\",\"vertical_align\":\"middle\"},\"children\":[{\"type\":\"image\",\"props\":{\"margin\":\"default\",\"image_svg_color\":\"emphasis\",\"image\":\"wp-content\\\/uploads\\\/2022\\\/03\\\/Bjo\\u0308rn-Nilsson.jpg\",\"class\":\"uk-width-small uk-width-auto@m uk-margin-auto uk-margin-remove@m\",\"image_border\":\"rounded\"},\"name\":\"Bj\\u00f6rn Nilsson\"}]},{\"type\":\"column\",\"props\":{\"position_sticky_breakpoint\":\"m\",\"image_position\":\"center-center\",\"media_overlay_gradient\":\"\",\"width_medium\":\"2-3\",\"vertical_align\":\"middle\"},\"children\":[{\"type\":\"headline\",\"props\":{\"title_element\":\"h3\",\"content\":\"Bj\\u00f6rn Nilsson\",\"title_style\":\"h1\"},\"name\":\"Bj\\u00f6rn Nilsson\"},{\"type\":\"text\",\"props\":{\"margin\":\"default\",\"column_breakpoint\":\"m\",\"content\":\"\n\n<p>Bj\\u00f6rn Nilsson has more than 35 years of experience as a wallpaper designer. Since 2014, he has been working as a designer for Midbec Tapeter. He has previously been a designer and design manager for some of Sweden's largest wallpaper companies.<\\\/p>\\n\n\n<p>Today, Bj\\u00f6rn works as a freelance designer for various companies with textiles, glass, ceramics and much more.<\\\/p>\\n\n\n<p>Wallpaper collections that Bj\\u00f6rn has created for us:<br \\\/>Skagen, \\u00d6rtag\\u00e5rd, Effect, Palma, Design, Solitaire, Annual, Kalk 1, 2 and 3, Passion, Poetry and Sunnan\\u00f6.<\\\/p>\",\"class\":\"\",\"maxwidth\":\"xlarge\"},\"name\":\"Bj\\u00f6rn Nilsson har mer...\"}]}]}],\"name\":\"Designer: Bj\\u00f6rn Nilsson\"},{\"type\":\"section\",\"props\":{\"style\":\"primary\",\"width\":\"default\",\"vertical_align\":\"middle\",\"title_position\":\"top-left\",\"title_rotation\":\"left\",\"title_breakpoint\":\"xl\",\"image_position\":\"center-center\",\"padding\":\"large\",\"class\":\"uk-section-small uk-section-large@m\"},\"children\":[{\"type\":\"row\",\"props\":{\"layout\":\"1-3,2-3\",\"column_gap\":\"large\",\"margin\":\"small\",\"id\":\"Hanna\",\"margin_remove_bottom\":false,\"margin_remove_top\":false},\"children\":[{\"type\":\"column\",\"props\":{\"position_sticky_breakpoint\":\"m\",\"image_position\":\"center-center\",\"media_overlay_gradient\":\"\",\"width_medium\":\"1-3\",\"vertical_align\":\"middle\"},\"children\":[{\"type\":\"image\",\"props\":{\"margin\":\"default\",\"image_svg_color\":\"emphasis\",\"image\":\"wp-content\\\/uploads\\\/2022\\\/04\\\/Hanna_Wendelbo.png\",\"class\":\"uk-width-small uk-width-auto@m uk-margin-auto uk-margin-remove@m\"},\"name\":\"Hanna Weldelbo\"}]},{\"type\":\"column\",\"props\":{\"position_sticky_breakpoint\":\"m\",\"image_position\":\"center-center\",\"media_overlay_gradient\":\"\",\"width_medium\":\"2-3\",\"vertical_align\":\"middle\",\"order_first\":\"m\"},\"children\":[{\"type\":\"headline\",\"props\":{\"title_element\":\"h3\",\"content\":\"Hanna Wendelbo\",\"title_style\":\"h1\"},\"name\":\"Hanna Wendelbo\"},{\"type\":\"text\",\"props\":{\"margin\":\"default\",\"column_breakpoint\":\"m\",\"content\":\"\n\n<p>Hanna Wendelbo is a designer with a passion for flowers and her garden. Since 2017, Hanna has been working as a wallpaper designer for Midbec Tapeter.<\\\/p>\\n\n\n<p>Hanna has worked with wallpaper for 20 years and left her mark with many of Sweden's largest wallpaper companies.<\\\/p>\\n\n\n<p>Wallpaper collections that Hanna has created for us:<br \\\/>Blomsterm\\u00e5la, Morgong\\u00e5va, Apelviken, Skogsgl\\u00e4ntan, Lyckebo, Ekbacka, Havsblick, \\u00c4ng\\u00e5s and Gr\\u00f6nhaga.<\\\/p>\",\"class\":\"\",\"maxwidth\":\"xlarge\"},\"name\":\"Hanna Wendelbo \\u00e4r tapetdesigner...\"}]}]}],\"name\":\"Designer: Hanna Wendelbo\"},{\"type\":\"section\",\"props\":{\"style\":\"muted\",\"width\":\"default\",\"vertical_align\":\"middle\",\"title_position\":\"top-left\",\"title_rotation\":\"left\",\"title_breakpoint\":\"xl\",\"image_position\":\"center-center\",\"class\":\"uk-section-small uk-section-large@m\"},\"children\":[{\"type\":\"row\",\"props\":{\"layout\":\"1-3,2-3\",\"column_gap\":\"large\",\"margin\":\"default\",\"id\":\"Lina\",\"margin_remove_top\":false,\"margin_remove_bottom\":false},\"children\":[{\"type\":\"column\",\"props\":{\"position_sticky_breakpoint\":\"m\",\"image_position\":\"center-center\",\"media_overlay_gradient\":\"\",\"width_medium\":\"1-3\",\"vertical_align\":\"middle\"},\"children\":[{\"type\":\"image\",\"props\":{\"margin\":\"default\",\"image_svg_color\":\"emphasis\",\"image\":\"wp-content\\\/uploads\\\/2022\\\/03\\\/Lina-ny-bild.jpg\",\"class\":\"uk-width-small uk-width-auto@m uk-margin-auto uk-margin-remove@m\",\"image_alt\":\"ggg\",\"image_border\":\"rounded\"},\"name\":\"Lina Schnaufer\"}]},{\"type\":\"column\",\"props\":{\"position_sticky_breakpoint\":\"m\",\"image_position\":\"center-center\",\"media_overlay_gradient\":\"\",\"width_medium\":\"2-3\",\"vertical_align\":\"middle\"},\"children\":[{\"type\":\"headline\",\"props\":{\"title_element\":\"h3\",\"content\":\"Lina Schnaufer\",\"title_style\":\"h1\"},\"name\":\"Lina Schnaufer\"},{\"type\":\"text\",\"props\":{\"margin\":\"default\",\"column_breakpoint\":\"m\",\"content\":\"\n\n<p>Lina Schnaufer has worked with illustration and design since graduating from the HKD design program in 2017, in everything from product design to children's book illustration.<\\\/p>\\n\n\n<p>In 2020, Lina released her first wallpaper collection ever. For Lina, the pattern report is magic and she is often drawn to the playful and the unexpected; the perspective, the line or the color.<\\\/p>\\n\n\n<p>Wallpaper collections that Lina has created for us: Lina, Lina 2, Hj\\u00e4rterum and L\\u00e4ngtan.<\\\/p>\",\"class\":\"\",\"maxwidth\":\"xlarge\"},\"name\":\"Lina Schnaufer har jobbat...\"}]}]}],\"name\":\"Designer: Lina Schnaufer\"}],\"version\":\"2.7.26\"} --><\/p>\n","protected":false},"excerpt":{"rendered":"<p>Swedish wallpaper family Midbec Tapeter has been around for almost 50 years and the company is owned and run by Bengt and his son Per. The business plan from the beginning was to import wallpaper from Europe&#8217;s strongest brands and sell to the Swedish market. Nowadays however, the business model is quite different. Midbec Design [&hellip;]<\/p>\n","protected":false},"author":2,"featured_media":108108,"parent":0,"menu_order":40,"comment_status":"closed","ping_status":"closed","template":"","meta":{"_acf_changed":false,"footnotes":""},"class_list":["post-111670","page","type-page","status-publish","has-post-thumbnail","hentry"],"acf":[],"yoast_head":"<!-- This site is optimized with the Yoast SEO plugin v26.4 - https:\/\/yoast.com\/wordpress\/plugins\/seo\/ -->\n<title>About us | Swedish wallpaper company | Midbec Tapeter<\/title>\n<meta name=\"robots\" content=\"index, follow, max-snippet:-1, max-image-preview:large, max-video-preview:-1\" \/>\n<link rel=\"canonical\" href=\"https:\/\/midbectapeter.se\/en\/about\/\" \/>\n<meta property=\"og:locale\" content=\"en_US\" \/>\n<meta property=\"og:type\" content=\"article\" \/>\n<meta property=\"og:title\" content=\"About us | Swedish wallpaper company | Midbec Tapeter\" \/>\n<meta property=\"og:description\" content=\"Swedish wallpaper family Midbec Tapeter has been around for almost 50 years and the company is owned and run by Bengt and his son Per. The business plan from the beginning was to import wallpaper from Europe&#8217;s strongest brands and sell to the Swedish market. Nowadays however, the business model is quite different. Midbec Design [&hellip;]\" \/>\n<meta property=\"og:url\" content=\"https:\/\/midbectapeter.se\/en\/about\/\" \/>\n<meta property=\"og:site_name\" content=\"Midbec Tapeter\" \/>\n<meta property=\"article:publisher\" content=\"https:\/\/www.facebook.com\/midbectapeter\" \/>\n<meta property=\"article:modified_time\" content=\"2022-11-30T13:03:02+00:00\" \/>\n<meta property=\"og:image\" content=\"https:\/\/midbectapeter.se\/wp-content\/uploads\/15936__xdesign-scaled.jpeg?_t=1669813385\" \/>\n\t<meta property=\"og:image:width\" content=\"1920\" \/>\n\t<meta property=\"og:image:height\" content=\"2560\" \/>\n\t<meta property=\"og:image:type\" content=\"image\/jpeg\" \/>\n<meta name=\"twitter:card\" content=\"summary_large_image\" \/>\n<meta name=\"twitter:label1\" content=\"Est. reading time\" \/>\n\t<meta name=\"twitter:data1\" content=\"2 minutes\" \/>\n<script type=\"application\/ld+json\" class=\"yoast-schema-graph\">{\"@context\":\"https:\/\/schema.org\",\"@graph\":[{\"@type\":[\"WebPage\",\"AboutPage\"],\"@id\":\"https:\/\/midbectapeter.se\/en\/about\/\",\"url\":\"https:\/\/midbectapeter.se\/en\/about\/\",\"name\":\"About us | Swedish wallpaper company | Midbec Tapeter\",\"isPartOf\":{\"@id\":\"https:\/\/midbectapeter.se\/en\/#website\"},\"primaryImageOfPage\":{\"@id\":\"https:\/\/midbectapeter.se\/en\/about\/#primaryimage\"},\"image\":{\"@id\":\"https:\/\/midbectapeter.se\/en\/about\/#primaryimage\"},\"thumbnailUrl\":\"https:\/\/midbectapeter.se\/wp-content\/uploads\/15936__xdesign-scaled.jpeg\",\"datePublished\":\"2022-02-17T11:41:34+00:00\",\"dateModified\":\"2022-11-30T13:03:02+00:00\",\"breadcrumb\":{\"@id\":\"https:\/\/midbectapeter.se\/en\/about\/#breadcrumb\"},\"inLanguage\":\"en-US\",\"potentialAction\":[{\"@type\":\"ReadAction\",\"target\":[\"https:\/\/midbectapeter.se\/en\/about\/\"]}]},{\"@type\":\"ImageObject\",\"inLanguage\":\"en-US\",\"@id\":\"https:\/\/midbectapeter.se\/en\/about\/#primaryimage\",\"url\":\"https:\/\/midbectapeter.se\/wp-content\/uploads\/15936__xdesign-scaled.jpeg\",\"contentUrl\":\"https:\/\/midbectapeter.se\/wp-content\/uploads\/15936__xdesign-scaled.jpeg\",\"width\":1920,\"height\":2560},{\"@type\":\"BreadcrumbList\",\"@id\":\"https:\/\/midbectapeter.se\/en\/about\/#breadcrumb\",\"itemListElement\":[{\"@type\":\"ListItem\",\"position\":1,\"name\":\"Hem\",\"item\":\"https:\/\/midbectapeter.se\/en\/\"},{\"@type\":\"ListItem\",\"position\":2,\"name\":\"About us\"}]},{\"@type\":\"WebSite\",\"@id\":\"https:\/\/midbectapeter.se\/en\/#website\",\"url\":\"https:\/\/midbectapeter.se\/en\/\",\"name\":\"Midbec Tapeter\",\"description\":\"\",\"publisher\":{\"@id\":\"https:\/\/midbectapeter.se\/en\/#organization\"},\"potentialAction\":[{\"@type\":\"SearchAction\",\"target\":{\"@type\":\"EntryPoint\",\"urlTemplate\":\"https:\/\/midbectapeter.se\/en\/?s={search_term_string}\"},\"query-input\":{\"@type\":\"PropertyValueSpecification\",\"valueRequired\":true,\"valueName\":\"search_term_string\"}}],\"inLanguage\":\"en-US\"},{\"@type\":\"Organization\",\"@id\":\"https:\/\/midbectapeter.se\/en\/#organization\",\"name\":\"Midbec Tapeter\",\"url\":\"https:\/\/midbectapeter.se\/en\/\",\"logo\":{\"@type\":\"ImageObject\",\"inLanguage\":\"en-US\",\"@id\":\"https:\/\/midbectapeter.se\/en\/#\/schema\/logo\/image\/\",\"url\":\"https:\/\/midbectapeter.se\/wp-content\/uploads\/2022\/02\/midbec-logo-black.svg\",\"contentUrl\":\"https:\/\/midbectapeter.se\/wp-content\/uploads\/2022\/02\/midbec-logo-black.svg\",\"width\":1,\"height\":1,\"caption\":\"Midbec Tapeter\"},\"image\":{\"@id\":\"https:\/\/midbectapeter.se\/en\/#\/schema\/logo\/image\/\"},\"sameAs\":[\"https:\/\/www.facebook.com\/midbectapeter\",\"https:\/\/www.instagram.com\/midbectapeter\/\",\"https:\/\/www.pinterest.se\/midbec\/\"]}]}<\/script>\n<!-- \/ Yoast SEO plugin. -->","yoast_head_json":{"title":"About us | Swedish wallpaper company | Midbec Tapeter","robots":{"index":"index","follow":"follow","max-snippet":"max-snippet:-1","max-image-preview":"max-image-preview:large","max-video-preview":"max-video-preview:-1"},"canonical":"https:\/\/midbectapeter.se\/en\/about\/","og_locale":"en_US","og_type":"article","og_title":"About us | Swedish wallpaper company | Midbec Tapeter","og_description":"Swedish wallpaper family Midbec Tapeter has been around for almost 50 years and the company is owned and run by Bengt and his son Per. The business plan from the beginning was to import wallpaper from Europe&#8217;s strongest brands and sell to the Swedish market. Nowadays however, the business model is quite different. Midbec Design [&hellip;]","og_url":"https:\/\/midbectapeter.se\/en\/about\/","og_site_name":"Midbec Tapeter","article_publisher":"https:\/\/www.facebook.com\/midbectapeter","article_modified_time":"2022-11-30T13:03:02+00:00","og_image":[{"width":1920,"height":2560,"url":"https:\/\/midbectapeter.se\/wp-content\/uploads\/15936__xdesign-scaled.jpeg?_t=1669813385","type":"image\/jpeg"}],"twitter_card":"summary_large_image","twitter_misc":{"Est. reading time":"2 minutes"},"schema":{"@context":"https:\/\/schema.org","@graph":[{"@type":["WebPage","AboutPage"],"@id":"https:\/\/midbectapeter.se\/en\/about\/","url":"https:\/\/midbectapeter.se\/en\/about\/","name":"About us | Swedish wallpaper company | Midbec Tapeter","isPartOf":{"@id":"https:\/\/midbectapeter.se\/en\/#website"},"primaryImageOfPage":{"@id":"https:\/\/midbectapeter.se\/en\/about\/#primaryimage"},"image":{"@id":"https:\/\/midbectapeter.se\/en\/about\/#primaryimage"},"thumbnailUrl":"https:\/\/midbectapeter.se\/wp-content\/uploads\/15936__xdesign-scaled.jpeg","datePublished":"2022-02-17T11:41:34+00:00","dateModified":"2022-11-30T13:03:02+00:00","breadcrumb":{"@id":"https:\/\/midbectapeter.se\/en\/about\/#breadcrumb"},"inLanguage":"en-US","potentialAction":[{"@type":"ReadAction","target":["https:\/\/midbectapeter.se\/en\/about\/"]}]},{"@type":"ImageObject","inLanguage":"en-US","@id":"https:\/\/midbectapeter.se\/en\/about\/#primaryimage","url":"https:\/\/midbectapeter.se\/wp-content\/uploads\/15936__xdesign-scaled.jpeg","contentUrl":"https:\/\/midbectapeter.se\/wp-content\/uploads\/15936__xdesign-scaled.jpeg","width":1920,"height":2560},{"@type":"BreadcrumbList","@id":"https:\/\/midbectapeter.se\/en\/about\/#breadcrumb","itemListElement":[{"@type":"ListItem","position":1,"name":"Hem","item":"https:\/\/midbectapeter.se\/en\/"},{"@type":"ListItem","position":2,"name":"About us"}]},{"@type":"WebSite","@id":"https:\/\/midbectapeter.se\/en\/#website","url":"https:\/\/midbectapeter.se\/en\/","name":"Midbec Tapeter","description":"","publisher":{"@id":"https:\/\/midbectapeter.se\/en\/#organization"},"potentialAction":[{"@type":"SearchAction","target":{"@type":"EntryPoint","urlTemplate":"https:\/\/midbectapeter.se\/en\/?s={search_term_string}"},"query-input":{"@type":"PropertyValueSpecification","valueRequired":true,"valueName":"search_term_string"}}],"inLanguage":"en-US"},{"@type":"Organization","@id":"https:\/\/midbectapeter.se\/en\/#organization","name":"Midbec Tapeter","url":"https:\/\/midbectapeter.se\/en\/","logo":{"@type":"ImageObject","inLanguage":"en-US","@id":"https:\/\/midbectapeter.se\/en\/#\/schema\/logo\/image\/","url":"https:\/\/midbectapeter.se\/wp-content\/uploads\/2022\/02\/midbec-logo-black.svg","contentUrl":"https:\/\/midbectapeter.se\/wp-content\/uploads\/2022\/02\/midbec-logo-black.svg","width":1,"height":1,"caption":"Midbec Tapeter"},"image":{"@id":"https:\/\/midbectapeter.se\/en\/#\/schema\/logo\/image\/"},"sameAs":["https:\/\/www.facebook.com\/midbectapeter","https:\/\/www.instagram.com\/midbectapeter\/","https:\/\/www.pinterest.se\/midbec\/"]}]}},"_links":{"self":[{"href":"https:\/\/midbectapeter.se\/en\/wp-json\/wp\/v2\/pages\/111670","targetHints":{"allow":["GET"]}}],"collection":[{"href":"https:\/\/midbectapeter.se\/en\/wp-json\/wp\/v2\/pages"}],"about":[{"href":"https:\/\/midbectapeter.se\/en\/wp-json\/wp\/v2\/types\/page"}],"author":[{"embeddable":true,"href":"https:\/\/midbectapeter.se\/en\/wp-json\/wp\/v2\/users\/2"}],"replies":[{"embeddable":true,"href":"https:\/\/midbectapeter.se\/en\/wp-json\/wp\/v2\/comments?post=111670"}],"version-history":[{"count":7,"href":"https:\/\/midbectapeter.se\/en\/wp-json\/wp\/v2\/pages\/111670\/revisions"}],"predecessor-version":[{"id":111679,"href":"https:\/\/midbectapeter.se\/en\/wp-json\/wp\/v2\/pages\/111670\/revisions\/111679"}],"wp:featuredmedia":[{"embeddable":true,"href":"https:\/\/midbectapeter.se\/en\/wp-json\/wp\/v2\/media\/108108"}],"wp:attachment":[{"href":"https:\/\/midbectapeter.se\/en\/wp-json\/wp\/v2\/media?parent=111670"}],"curies":[{"name":"wp","href":"https:\/\/api.w.org\/{rel}","templated":true}]}}