{"id":108704,"date":"2026-02-25T14:35:11","date_gmt":"2026-02-25T13:35:11","guid":{"rendered":"https:\/\/midbectapeter.se\/kollektion\/uncategorized\/anemone-33000\/"},"modified":"2025-05-23T14:59:48","modified_gmt":"2025-05-23T12:59:48","slug":"anemone-33000","status":"publish","type":"product","link":"https:\/\/midbectapeter.se\/en\/collection\/gronhaga\/anemone-33000\/","title":{"rendered":"Anemone &#8211; 33000"},"content":{"rendered":"<p>The Anemone wallpaper allows the large flowers and leaves to playfully curl across the subtle light background. Here, poppy flowers bring back memories of the warm days of summer and the happy buzzing of bees. Let this lovely wallpaper designed by Hanna Wendelbo give your home a comfortable and cosy feeling.<\/p>\n","protected":false},"excerpt":{"rendered":"<p>The Anemone wallpaper allows the large flowers and leaves to playfully curl across the subtle light background. Here, poppy flowers bring back memories of the warm days of summer and the happy buzzing of bees. Let this lovely wallpaper designed by Hanna Wendelbo give your home a comfortable and cosy feeling.<\/p>\n","protected":false},"featured_media":94892,"comment_status":"closed","ping_status":"closed","template":"","meta":{"_acf_changed":false},"product_brand":[],"product_cat":[310,309],"product_tag":[],"texture_surface":[305,306],"designers":[302],"cat_colors":[311,295],"cat_patterns":[312,296],"cat_styles":[301,313,299],"cat_rooms":[256],"class_list":{"0":"post-108704","1":"product","2":"type-product","3":"status-publish","4":"has-post-thumbnail","6":"product_cat-gronhaga","7":"product_cat-apelviken","8":"texture_surface-matte","9":"texture_surface-smooth","10":"designers-hanna-wendelbo","11":"cat_colors-beige-en","12":"cat_colors-green","13":"cat_patterns-big-pattern","14":"cat_patterns-floral","15":"cat_styles-old-fashioned","16":"cat_styles-romantisk-en","17":"cat_styles-rural","18":"cat_rooms-barnrum","20":"first","21":"instock","22":"taxable","23":"shipping-taxable","24":"purchasable","25":"product-type-variable"},"acf":{"visible_in_wallpaper_tool":true,"wallpaper_size_setting_1":100,"wallpaper_size_setting_2":500,"wallpaper_size_setting_3":500},"yoast_head":"<!-- This site is optimized with the Yoast SEO plugin v26.4 - https:\/\/yoast.com\/wordpress\/plugins\/seo\/ -->\n<title>Tapetm\u00f6nster Anemone - 33000 | Midbec Tapeter<\/title>\n<meta name=\"robots\" content=\"index, follow, max-snippet:-1, max-image-preview:large, max-video-preview:-1\" \/>\n<link rel=\"canonical\" href=\"https:\/\/midbectapeter.se\/en\/collection\/gronhaga\/anemone-33000\/\" \/>\n<meta property=\"og:locale\" content=\"en_US\" \/>\n<meta property=\"og:type\" content=\"article\" \/>\n<meta property=\"og:title\" content=\"Tapetm\u00f6nster Anemone - 33000 | Midbec Tapeter\" \/>\n<meta property=\"og:description\" content=\"The Anemone wallpaper allows the large flowers and leaves to playfully curl across the subtle light background. Here, poppy flowers bring back memories of the warm days of summer and the happy buzzing of bees. Let this lovely wallpaper designed by Hanna Wendelbo give your home a comfortable and cosy feeling.\" \/>\n<meta property=\"og:url\" content=\"https:\/\/midbectapeter.se\/en\/collection\/gronhaga\/anemone-33000\/\" \/>\n<meta property=\"og:site_name\" content=\"Midbec Tapeter\" \/>\n<meta property=\"article:publisher\" content=\"https:\/\/www.facebook.com\/midbectapeter\" \/>\n<meta property=\"og:image\" content=\"https:\/\/midbectapeter.se\/wp-content\/uploads\/33000.jpg?_t=1757579857\" \/>\n\t<meta property=\"og:image:width\" content=\"1000\" \/>\n\t<meta property=\"og:image:height\" content=\"1000\" \/>\n\t<meta property=\"og:image:type\" content=\"image\/jpeg\" \/>\n<meta name=\"twitter:card\" content=\"summary_large_image\" \/>\n<script type=\"application\/ld+json\" class=\"yoast-schema-graph\">{\"@context\":\"https:\/\/schema.org\",\"@graph\":[{\"@type\":\"WebPage\",\"@id\":\"https:\/\/midbectapeter.se\/en\/collection\/gronhaga\/anemone-33000\/\",\"url\":\"https:\/\/midbectapeter.se\/en\/collection\/gronhaga\/anemone-33000\/\",\"name\":\"Tapetm\u00f6nster Anemone - 33000 | Midbec Tapeter\",\"isPartOf\":{\"@id\":\"https:\/\/midbectapeter.se\/en\/#website\"},\"primaryImageOfPage\":{\"@id\":\"https:\/\/midbectapeter.se\/en\/collection\/gronhaga\/anemone-33000\/#primaryimage\"},\"image\":{\"@id\":\"https:\/\/midbectapeter.se\/en\/collection\/gronhaga\/anemone-33000\/#primaryimage\"},\"thumbnailUrl\":\"https:\/\/midbectapeter.se\/wp-content\/uploads\/33000.jpg\",\"datePublished\":\"2026-02-25T13:35:11+00:00\",\"breadcrumb\":{\"@id\":\"https:\/\/midbectapeter.se\/en\/collection\/gronhaga\/anemone-33000\/#breadcrumb\"},\"inLanguage\":\"en-US\",\"potentialAction\":[{\"@type\":\"ReadAction\",\"target\":[\"https:\/\/midbectapeter.se\/en\/collection\/gronhaga\/anemone-33000\/\"]}]},{\"@type\":\"ImageObject\",\"inLanguage\":\"en-US\",\"@id\":\"https:\/\/midbectapeter.se\/en\/collection\/gronhaga\/anemone-33000\/#primaryimage\",\"url\":\"https:\/\/midbectapeter.se\/wp-content\/uploads\/33000.jpg\",\"contentUrl\":\"https:\/\/midbectapeter.se\/wp-content\/uploads\/33000.jpg\",\"width\":1000,\"height\":1000,\"caption\":\"Beige, Gr\u00f6n tapet med Blommigt, , Storm\u00f6nstrat m\u00f6nster\"},{\"@type\":\"BreadcrumbList\",\"@id\":\"https:\/\/midbectapeter.se\/en\/collection\/gronhaga\/anemone-33000\/#breadcrumb\",\"itemListElement\":[{\"@type\":\"ListItem\",\"position\":1,\"name\":\"Hem\",\"item\":\"https:\/\/midbectapeter.se\/en\/\"},{\"@type\":\"ListItem\",\"position\":2,\"name\":\"Products\",\"item\":\"https:\/\/midbectapeter.se\/en\/shop\/\"},{\"@type\":\"ListItem\",\"position\":3,\"name\":\"Anemone &#8211; 33000\"}]},{\"@type\":\"WebSite\",\"@id\":\"https:\/\/midbectapeter.se\/en\/#website\",\"url\":\"https:\/\/midbectapeter.se\/en\/\",\"name\":\"Midbec Tapeter\",\"description\":\"\",\"publisher\":{\"@id\":\"https:\/\/midbectapeter.se\/en\/#organization\"},\"potentialAction\":[{\"@type\":\"SearchAction\",\"target\":{\"@type\":\"EntryPoint\",\"urlTemplate\":\"https:\/\/midbectapeter.se\/en\/?s={search_term_string}\"},\"query-input\":{\"@type\":\"PropertyValueSpecification\",\"valueRequired\":true,\"valueName\":\"search_term_string\"}}],\"inLanguage\":\"en-US\"},{\"@type\":\"Organization\",\"@id\":\"https:\/\/midbectapeter.se\/en\/#organization\",\"name\":\"Midbec Tapeter\",\"url\":\"https:\/\/midbectapeter.se\/en\/\",\"logo\":{\"@type\":\"ImageObject\",\"inLanguage\":\"en-US\",\"@id\":\"https:\/\/midbectapeter.se\/en\/#\/schema\/logo\/image\/\",\"url\":\"https:\/\/midbectapeter.se\/wp-content\/uploads\/2022\/02\/midbec-logo-black.svg\",\"contentUrl\":\"https:\/\/midbectapeter.se\/wp-content\/uploads\/2022\/02\/midbec-logo-black.svg\",\"width\":1,\"height\":1,\"caption\":\"Midbec Tapeter\"},\"image\":{\"@id\":\"https:\/\/midbectapeter.se\/en\/#\/schema\/logo\/image\/\"},\"sameAs\":[\"https:\/\/www.facebook.com\/midbectapeter\",\"https:\/\/www.instagram.com\/midbectapeter\/\",\"https:\/\/www.pinterest.se\/midbec\/\"]},{\"@type\":\"Product\",\"name\":\"Anemone - 33000\",\"image\":[\"https:\/\/midbectapeter.se\/wp-content\/uploads\/33000.jpg\",\"https:\/\/midbectapeter.se\/wp-content\/uploads\/33000__barnrum__1__tapet.jpg\"],\"offers\":{\"@type\":\"Offer\",\"priceCurrency\":\"SEK\",\"price\":\"\",\"availability\":\"https:\/\/schema.org\/InStock\",\"url\":\"https:\/\/midbectapeter.se\/en\/collection\/gronhaga\/anemone-33000\/\"},\"description\":\"The Anemone wallpaper allows the large flowers and leaves to playfully curl across the subtle light background. Here, poppy flowers bring back memories of the warm days of summer and the happy buzzing of bees. Let this lovely wallpaper designed by Hanna Wendelbo give your home a comfortable and cosy feeling.\",\"brand\":{\"@type\":\"Brand\",\"name\":\"Midbec Tapeter\"},\"sku\":\"33000\",\"category\":\"Gr\u00f6nhaga, Apelviken\",\"material\":\"Non-woven\",\"color\":\"Beige, Green, Gray\",\"productID\":108704}]}<\/script>\n<!-- \/ Yoast SEO plugin. -->","yoast_head_json":{"title":"Tapetm\u00f6nster Anemone - 33000 | Midbec Tapeter","robots":{"index":"index","follow":"follow","max-snippet":"max-snippet:-1","max-image-preview":"max-image-preview:large","max-video-preview":"max-video-preview:-1"},"canonical":"https:\/\/midbectapeter.se\/en\/collection\/gronhaga\/anemone-33000\/","og_locale":"en_US","og_type":"article","og_title":"Tapetm\u00f6nster Anemone - 33000 | Midbec Tapeter","og_description":"The Anemone wallpaper allows the large flowers and leaves to playfully curl across the subtle light background. Here, poppy flowers bring back memories of the warm days of summer and the happy buzzing of bees. Let this lovely wallpaper designed by Hanna Wendelbo give your home a comfortable and cosy feeling.","og_url":"https:\/\/midbectapeter.se\/en\/collection\/gronhaga\/anemone-33000\/","og_site_name":"Midbec Tapeter","article_publisher":"https:\/\/www.facebook.com\/midbectapeter","og_image":[{"width":1000,"height":1000,"url":"https:\/\/midbectapeter.se\/wp-content\/uploads\/33000.jpg?_t=1757579857","type":"image\/jpeg"}],"twitter_card":"summary_large_image","schema":{"@context":"https:\/\/schema.org","@graph":[{"@type":"WebPage","@id":"https:\/\/midbectapeter.se\/en\/collection\/gronhaga\/anemone-33000\/","url":"https:\/\/midbectapeter.se\/en\/collection\/gronhaga\/anemone-33000\/","name":"Tapetm\u00f6nster Anemone - 33000 | Midbec Tapeter","isPartOf":{"@id":"https:\/\/midbectapeter.se\/en\/#website"},"primaryImageOfPage":{"@id":"https:\/\/midbectapeter.se\/en\/collection\/gronhaga\/anemone-33000\/#primaryimage"},"image":{"@id":"https:\/\/midbectapeter.se\/en\/collection\/gronhaga\/anemone-33000\/#primaryimage"},"thumbnailUrl":"https:\/\/midbectapeter.se\/wp-content\/uploads\/33000.jpg","datePublished":"2026-02-25T13:35:11+00:00","breadcrumb":{"@id":"https:\/\/midbectapeter.se\/en\/collection\/gronhaga\/anemone-33000\/#breadcrumb"},"inLanguage":"en-US","potentialAction":[{"@type":"ReadAction","target":["https:\/\/midbectapeter.se\/en\/collection\/gronhaga\/anemone-33000\/"]}]},{"@type":"ImageObject","inLanguage":"en-US","@id":"https:\/\/midbectapeter.se\/en\/collection\/gronhaga\/anemone-33000\/#primaryimage","url":"https:\/\/midbectapeter.se\/wp-content\/uploads\/33000.jpg","contentUrl":"https:\/\/midbectapeter.se\/wp-content\/uploads\/33000.jpg","width":1000,"height":1000,"caption":"Beige, Gr\u00f6n tapet med Blommigt, , Storm\u00f6nstrat m\u00f6nster"},{"@type":"BreadcrumbList","@id":"https:\/\/midbectapeter.se\/en\/collection\/gronhaga\/anemone-33000\/#breadcrumb","itemListElement":[{"@type":"ListItem","position":1,"name":"Hem","item":"https:\/\/midbectapeter.se\/en\/"},{"@type":"ListItem","position":2,"name":"Products","item":"https:\/\/midbectapeter.se\/en\/shop\/"},{"@type":"ListItem","position":3,"name":"Anemone &#8211; 33000"}]},{"@type":"WebSite","@id":"https:\/\/midbectapeter.se\/en\/#website","url":"https:\/\/midbectapeter.se\/en\/","name":"Midbec Tapeter","description":"","publisher":{"@id":"https:\/\/midbectapeter.se\/en\/#organization"},"potentialAction":[{"@type":"SearchAction","target":{"@type":"EntryPoint","urlTemplate":"https:\/\/midbectapeter.se\/en\/?s={search_term_string}"},"query-input":{"@type":"PropertyValueSpecification","valueRequired":true,"valueName":"search_term_string"}}],"inLanguage":"en-US"},{"@type":"Organization","@id":"https:\/\/midbectapeter.se\/en\/#organization","name":"Midbec Tapeter","url":"https:\/\/midbectapeter.se\/en\/","logo":{"@type":"ImageObject","inLanguage":"en-US","@id":"https:\/\/midbectapeter.se\/en\/#\/schema\/logo\/image\/","url":"https:\/\/midbectapeter.se\/wp-content\/uploads\/2022\/02\/midbec-logo-black.svg","contentUrl":"https:\/\/midbectapeter.se\/wp-content\/uploads\/2022\/02\/midbec-logo-black.svg","width":1,"height":1,"caption":"Midbec Tapeter"},"image":{"@id":"https:\/\/midbectapeter.se\/en\/#\/schema\/logo\/image\/"},"sameAs":["https:\/\/www.facebook.com\/midbectapeter","https:\/\/www.instagram.com\/midbectapeter\/","https:\/\/www.pinterest.se\/midbec\/"]},{"@type":"Product","name":"Anemone - 33000","image":["https:\/\/midbectapeter.se\/wp-content\/uploads\/33000.jpg","https:\/\/midbectapeter.se\/wp-content\/uploads\/33000__barnrum__1__tapet.jpg"],"offers":{"@type":"Offer","priceCurrency":"SEK","price":"","availability":"https:\/\/schema.org\/InStock","url":"https:\/\/midbectapeter.se\/en\/collection\/gronhaga\/anemone-33000\/"},"description":"The Anemone wallpaper allows the large flowers and leaves to playfully curl across the subtle light background. Here, poppy flowers bring back memories of the warm days of summer and the happy buzzing of bees. Let this lovely wallpaper designed by Hanna Wendelbo give your home a comfortable and cosy feeling.","brand":{"@type":"Brand","name":"Midbec Tapeter"},"sku":"33000","category":"Gr\u00f6nhaga, Apelviken","material":"Non-woven","color":"Beige, Green, Gray","productID":108704}]}},"_links":{"self":[{"href":"https:\/\/midbectapeter.se\/en\/wp-json\/wp\/v2\/product\/108704","targetHints":{"allow":["GET"]}}],"collection":[{"href":"https:\/\/midbectapeter.se\/en\/wp-json\/wp\/v2\/product"}],"about":[{"href":"https:\/\/midbectapeter.se\/en\/wp-json\/wp\/v2\/types\/product"}],"replies":[{"embeddable":true,"href":"https:\/\/midbectapeter.se\/en\/wp-json\/wp\/v2\/comments?post=108704"}],"wp:featuredmedia":[{"embeddable":true,"href":"https:\/\/midbectapeter.se\/en\/wp-json\/wp\/v2\/media\/94892"}],"wp:attachment":[{"href":"https:\/\/midbectapeter.se\/en\/wp-json\/wp\/v2\/media?parent=108704"}],"wp:term":[{"taxonomy":"product_brand","embeddable":true,"href":"https:\/\/midbectapeter.se\/en\/wp-json\/wp\/v2\/product_brand?post=108704"},{"taxonomy":"product_cat","embeddable":true,"href":"https:\/\/midbectapeter.se\/en\/wp-json\/wp\/v2\/product_cat?post=108704"},{"taxonomy":"product_tag","embeddable":true,"href":"https:\/\/midbectapeter.se\/en\/wp-json\/wp\/v2\/product_tag?post=108704"},{"taxonomy":"texture_surface","embeddable":true,"href":"https:\/\/midbectapeter.se\/en\/wp-json\/wp\/v2\/texture_surface?post=108704"},{"taxonomy":"designers","embeddable":true,"href":"https:\/\/midbectapeter.se\/en\/wp-json\/wp\/v2\/designers?post=108704"},{"taxonomy":"cat_colors","embeddable":true,"href":"https:\/\/midbectapeter.se\/en\/wp-json\/wp\/v2\/cat_colors?post=108704"},{"taxonomy":"cat_patterns","embeddable":true,"href":"https:\/\/midbectapeter.se\/en\/wp-json\/wp\/v2\/cat_patterns?post=108704"},{"taxonomy":"cat_styles","embeddable":true,"href":"https:\/\/midbectapeter.se\/en\/wp-json\/wp\/v2\/cat_styles?post=108704"},{"taxonomy":"cat_rooms","embeddable":true,"href":"https:\/\/midbectapeter.se\/en\/wp-json\/wp\/v2\/cat_rooms?post=108704"}],"curies":[{"name":"wp","href":"https:\/\/api.w.org\/{rel}","templated":true}]}}