{"id":109474,"date":"2026-02-25T14:35:34","date_gmt":"2026-02-25T13:35:34","guid":{"rendered":"https:\/\/midbectapeter.se\/kollektion\/uncategorized\/filippa-33010\/"},"modified":"2025-05-23T14:54:45","modified_gmt":"2025-05-23T12:54:45","slug":"filippa-33010","status":"publish","type":"product","link":"https:\/\/midbectapeter.se\/en\/collection\/gronhaga\/filippa-33010\/","title":{"rendered":"Filippa &#8211; 33010"},"content":{"rendered":"<p>With a green base and large pink tulips, the beautiful pattern Filippa designed by Hanna Wendelbo is formed. This lovely tulip pattern brings to mind spring&#8217;s first rays of sunshine and blooming flower beds. Maybe this will become a favorite in your home?<\/p>\n","protected":false},"excerpt":{"rendered":"<p>With a green base and large pink tulips, the beautiful pattern Filippa designed by Hanna Wendelbo is formed. This lovely tulip pattern brings to mind spring&#8217;s first rays of sunshine and blooming flower beds. Maybe this will become a favorite in your home?<\/p>\n","protected":false},"featured_media":94918,"comment_status":"closed","ping_status":"closed","template":"","meta":{"_acf_changed":false},"product_brand":[],"product_cat":[310,309],"product_tag":[],"texture_surface":[305,306],"designers":[302],"cat_colors":[295],"cat_patterns":[312,296],"cat_styles":[301,313,299],"cat_rooms":[256,238,219],"class_list":{"0":"post-109474","1":"product","2":"type-product","3":"status-publish","4":"has-post-thumbnail","6":"product_cat-gronhaga","7":"product_cat-apelviken","8":"texture_surface-matte","9":"texture_surface-smooth","10":"designers-hanna-wendelbo","11":"cat_colors-green","12":"cat_patterns-big-pattern","13":"cat_patterns-floral","14":"cat_styles-old-fashioned","15":"cat_styles-romantisk-en","16":"cat_styles-rural","17":"cat_rooms-barnrum","18":"cat_rooms-hall","19":"cat_rooms-vardagsrum","21":"first","22":"instock","23":"taxable","24":"shipping-taxable","25":"purchasable","26":"product-type-variable"},"acf":{"visible_in_wallpaper_tool":true,"wallpaper_size_setting_1":100,"wallpaper_size_setting_2":500,"wallpaper_size_setting_3":500},"yoast_head":"<!-- This site is optimized with the Yoast SEO plugin v26.4 - https:\/\/yoast.com\/wordpress\/plugins\/seo\/ -->\n<title>Tapetm\u00f6nster Filippa - 33010 | Midbec Tapeter<\/title>\n<meta name=\"robots\" content=\"index, follow, max-snippet:-1, max-image-preview:large, max-video-preview:-1\" \/>\n<link rel=\"canonical\" href=\"https:\/\/midbectapeter.se\/en\/collection\/gronhaga\/filippa-33010\/\" \/>\n<meta property=\"og:locale\" content=\"en_US\" \/>\n<meta property=\"og:type\" content=\"article\" \/>\n<meta property=\"og:title\" content=\"Tapetm\u00f6nster Filippa - 33010 | Midbec Tapeter\" \/>\n<meta property=\"og:description\" content=\"With a green base and large pink tulips, the beautiful pattern Filippa designed by Hanna Wendelbo is formed. This lovely tulip pattern brings to mind spring&#8217;s first rays of sunshine and blooming flower beds. Maybe this will become a favorite in your home?\" \/>\n<meta property=\"og:url\" content=\"https:\/\/midbectapeter.se\/en\/collection\/gronhaga\/filippa-33010\/\" \/>\n<meta property=\"og:site_name\" content=\"Midbec Tapeter\" \/>\n<meta property=\"article:publisher\" content=\"https:\/\/www.facebook.com\/midbectapeter\" \/>\n<meta property=\"og:image\" content=\"https:\/\/midbectapeter.se\/wp-content\/uploads\/33010.jpg\" \/>\n\t<meta property=\"og:image:width\" content=\"1000\" \/>\n\t<meta property=\"og:image:height\" content=\"1000\" \/>\n\t<meta property=\"og:image:type\" content=\"image\/jpeg\" \/>\n<meta name=\"twitter:card\" content=\"summary_large_image\" \/>\n<script type=\"application\/ld+json\" class=\"yoast-schema-graph\">{\"@context\":\"https:\/\/schema.org\",\"@graph\":[{\"@type\":\"WebPage\",\"@id\":\"https:\/\/midbectapeter.se\/en\/collection\/gronhaga\/filippa-33010\/\",\"url\":\"https:\/\/midbectapeter.se\/en\/collection\/gronhaga\/filippa-33010\/\",\"name\":\"Tapetm\u00f6nster Filippa - 33010 | Midbec Tapeter\",\"isPartOf\":{\"@id\":\"https:\/\/midbectapeter.se\/en\/#website\"},\"primaryImageOfPage\":{\"@id\":\"https:\/\/midbectapeter.se\/en\/collection\/gronhaga\/filippa-33010\/#primaryimage\"},\"image\":{\"@id\":\"https:\/\/midbectapeter.se\/en\/collection\/gronhaga\/filippa-33010\/#primaryimage\"},\"thumbnailUrl\":\"https:\/\/midbectapeter.se\/wp-content\/uploads\/33010.jpg\",\"datePublished\":\"2026-02-25T13:35:34+00:00\",\"breadcrumb\":{\"@id\":\"https:\/\/midbectapeter.se\/en\/collection\/gronhaga\/filippa-33010\/#breadcrumb\"},\"inLanguage\":\"en-US\",\"potentialAction\":[{\"@type\":\"ReadAction\",\"target\":[\"https:\/\/midbectapeter.se\/en\/collection\/gronhaga\/filippa-33010\/\"]}]},{\"@type\":\"ImageObject\",\"inLanguage\":\"en-US\",\"@id\":\"https:\/\/midbectapeter.se\/en\/collection\/gronhaga\/filippa-33010\/#primaryimage\",\"url\":\"https:\/\/midbectapeter.se\/wp-content\/uploads\/33010.jpg\",\"contentUrl\":\"https:\/\/midbectapeter.se\/wp-content\/uploads\/33010.jpg\",\"width\":1000,\"height\":1000,\"caption\":\"Gr\u00f6n, Rosa tapet med Blommigt, , Storm\u00f6nstrat m\u00f6nster\"},{\"@type\":\"BreadcrumbList\",\"@id\":\"https:\/\/midbectapeter.se\/en\/collection\/gronhaga\/filippa-33010\/#breadcrumb\",\"itemListElement\":[{\"@type\":\"ListItem\",\"position\":1,\"name\":\"Hem\",\"item\":\"https:\/\/midbectapeter.se\/en\/\"},{\"@type\":\"ListItem\",\"position\":2,\"name\":\"Products\",\"item\":\"https:\/\/midbectapeter.se\/en\/shop\/\"},{\"@type\":\"ListItem\",\"position\":3,\"name\":\"Filippa &#8211; 33010\"}]},{\"@type\":\"WebSite\",\"@id\":\"https:\/\/midbectapeter.se\/en\/#website\",\"url\":\"https:\/\/midbectapeter.se\/en\/\",\"name\":\"Midbec Tapeter\",\"description\":\"\",\"publisher\":{\"@id\":\"https:\/\/midbectapeter.se\/en\/#organization\"},\"potentialAction\":[{\"@type\":\"SearchAction\",\"target\":{\"@type\":\"EntryPoint\",\"urlTemplate\":\"https:\/\/midbectapeter.se\/en\/?s={search_term_string}\"},\"query-input\":{\"@type\":\"PropertyValueSpecification\",\"valueRequired\":true,\"valueName\":\"search_term_string\"}}],\"inLanguage\":\"en-US\"},{\"@type\":\"Organization\",\"@id\":\"https:\/\/midbectapeter.se\/en\/#organization\",\"name\":\"Midbec Tapeter\",\"url\":\"https:\/\/midbectapeter.se\/en\/\",\"logo\":{\"@type\":\"ImageObject\",\"inLanguage\":\"en-US\",\"@id\":\"https:\/\/midbectapeter.se\/en\/#\/schema\/logo\/image\/\",\"url\":\"https:\/\/midbectapeter.se\/wp-content\/uploads\/2022\/02\/midbec-logo-black.svg\",\"contentUrl\":\"https:\/\/midbectapeter.se\/wp-content\/uploads\/2022\/02\/midbec-logo-black.svg\",\"width\":1,\"height\":1,\"caption\":\"Midbec Tapeter\"},\"image\":{\"@id\":\"https:\/\/midbectapeter.se\/en\/#\/schema\/logo\/image\/\"},\"sameAs\":[\"https:\/\/www.facebook.com\/midbectapeter\",\"https:\/\/www.instagram.com\/midbectapeter\/\",\"https:\/\/www.pinterest.se\/midbec\/\"]},{\"@type\":\"Product\",\"name\":\"Filippa - 33010\",\"image\":[\"https:\/\/midbectapeter.se\/wp-content\/uploads\/33010.jpg\",\"https:\/\/midbectapeter.se\/wp-content\/uploads\/33010__barnrum__1__tapet.jpg\",\"https:\/\/midbectapeter.se\/wp-content\/uploads\/33010__hall__1__tapet.jpg\",\"https:\/\/midbectapeter.se\/wp-content\/uploads\/33010__xdesign.jpg\"],\"offers\":{\"@type\":\"Offer\",\"priceCurrency\":\"SEK\",\"price\":\"\",\"availability\":\"https:\/\/schema.org\/InStock\",\"url\":\"https:\/\/midbectapeter.se\/en\/collection\/gronhaga\/filippa-33010\/\"},\"description\":\"With a green base and large pink tulips, the beautiful pattern Filippa designed by Hanna Wendelbo is formed. This lovely tulip pattern brings to mind spring's first rays of sunshine and blooming flower beds. Maybe this will become a favorite in your home?\",\"brand\":{\"@type\":\"Brand\",\"name\":\"Midbec Tapeter\"},\"sku\":\"33010\",\"category\":\"Gr\u00f6nhaga, Apelviken\",\"material\":\"Non-woven\",\"color\":\"Green, Pink\",\"productID\":109474}]}<\/script>\n<!-- \/ Yoast SEO plugin. -->","yoast_head_json":{"title":"Tapetm\u00f6nster Filippa - 33010 | Midbec Tapeter","robots":{"index":"index","follow":"follow","max-snippet":"max-snippet:-1","max-image-preview":"max-image-preview:large","max-video-preview":"max-video-preview:-1"},"canonical":"https:\/\/midbectapeter.se\/en\/collection\/gronhaga\/filippa-33010\/","og_locale":"en_US","og_type":"article","og_title":"Tapetm\u00f6nster Filippa - 33010 | Midbec Tapeter","og_description":"With a green base and large pink tulips, the beautiful pattern Filippa designed by Hanna Wendelbo is formed. This lovely tulip pattern brings to mind spring&#8217;s first rays of sunshine and blooming flower beds. Maybe this will become a favorite in your home?","og_url":"https:\/\/midbectapeter.se\/en\/collection\/gronhaga\/filippa-33010\/","og_site_name":"Midbec Tapeter","article_publisher":"https:\/\/www.facebook.com\/midbectapeter","og_image":[{"width":1000,"height":1000,"url":"https:\/\/midbectapeter.se\/wp-content\/uploads\/33010.jpg","type":"image\/jpeg"}],"twitter_card":"summary_large_image","schema":{"@context":"https:\/\/schema.org","@graph":[{"@type":"WebPage","@id":"https:\/\/midbectapeter.se\/en\/collection\/gronhaga\/filippa-33010\/","url":"https:\/\/midbectapeter.se\/en\/collection\/gronhaga\/filippa-33010\/","name":"Tapetm\u00f6nster Filippa - 33010 | Midbec Tapeter","isPartOf":{"@id":"https:\/\/midbectapeter.se\/en\/#website"},"primaryImageOfPage":{"@id":"https:\/\/midbectapeter.se\/en\/collection\/gronhaga\/filippa-33010\/#primaryimage"},"image":{"@id":"https:\/\/midbectapeter.se\/en\/collection\/gronhaga\/filippa-33010\/#primaryimage"},"thumbnailUrl":"https:\/\/midbectapeter.se\/wp-content\/uploads\/33010.jpg","datePublished":"2026-02-25T13:35:34+00:00","breadcrumb":{"@id":"https:\/\/midbectapeter.se\/en\/collection\/gronhaga\/filippa-33010\/#breadcrumb"},"inLanguage":"en-US","potentialAction":[{"@type":"ReadAction","target":["https:\/\/midbectapeter.se\/en\/collection\/gronhaga\/filippa-33010\/"]}]},{"@type":"ImageObject","inLanguage":"en-US","@id":"https:\/\/midbectapeter.se\/en\/collection\/gronhaga\/filippa-33010\/#primaryimage","url":"https:\/\/midbectapeter.se\/wp-content\/uploads\/33010.jpg","contentUrl":"https:\/\/midbectapeter.se\/wp-content\/uploads\/33010.jpg","width":1000,"height":1000,"caption":"Gr\u00f6n, Rosa tapet med Blommigt, , Storm\u00f6nstrat m\u00f6nster"},{"@type":"BreadcrumbList","@id":"https:\/\/midbectapeter.se\/en\/collection\/gronhaga\/filippa-33010\/#breadcrumb","itemListElement":[{"@type":"ListItem","position":1,"name":"Hem","item":"https:\/\/midbectapeter.se\/en\/"},{"@type":"ListItem","position":2,"name":"Products","item":"https:\/\/midbectapeter.se\/en\/shop\/"},{"@type":"ListItem","position":3,"name":"Filippa &#8211; 33010"}]},{"@type":"WebSite","@id":"https:\/\/midbectapeter.se\/en\/#website","url":"https:\/\/midbectapeter.se\/en\/","name":"Midbec Tapeter","description":"","publisher":{"@id":"https:\/\/midbectapeter.se\/en\/#organization"},"potentialAction":[{"@type":"SearchAction","target":{"@type":"EntryPoint","urlTemplate":"https:\/\/midbectapeter.se\/en\/?s={search_term_string}"},"query-input":{"@type":"PropertyValueSpecification","valueRequired":true,"valueName":"search_term_string"}}],"inLanguage":"en-US"},{"@type":"Organization","@id":"https:\/\/midbectapeter.se\/en\/#organization","name":"Midbec Tapeter","url":"https:\/\/midbectapeter.se\/en\/","logo":{"@type":"ImageObject","inLanguage":"en-US","@id":"https:\/\/midbectapeter.se\/en\/#\/schema\/logo\/image\/","url":"https:\/\/midbectapeter.se\/wp-content\/uploads\/2022\/02\/midbec-logo-black.svg","contentUrl":"https:\/\/midbectapeter.se\/wp-content\/uploads\/2022\/02\/midbec-logo-black.svg","width":1,"height":1,"caption":"Midbec Tapeter"},"image":{"@id":"https:\/\/midbectapeter.se\/en\/#\/schema\/logo\/image\/"},"sameAs":["https:\/\/www.facebook.com\/midbectapeter","https:\/\/www.instagram.com\/midbectapeter\/","https:\/\/www.pinterest.se\/midbec\/"]},{"@type":"Product","name":"Filippa - 33010","image":["https:\/\/midbectapeter.se\/wp-content\/uploads\/33010.jpg","https:\/\/midbectapeter.se\/wp-content\/uploads\/33010__barnrum__1__tapet.jpg","https:\/\/midbectapeter.se\/wp-content\/uploads\/33010__hall__1__tapet.jpg","https:\/\/midbectapeter.se\/wp-content\/uploads\/33010__xdesign.jpg"],"offers":{"@type":"Offer","priceCurrency":"SEK","price":"","availability":"https:\/\/schema.org\/InStock","url":"https:\/\/midbectapeter.se\/en\/collection\/gronhaga\/filippa-33010\/"},"description":"With a green base and large pink tulips, the beautiful pattern Filippa designed by Hanna Wendelbo is formed. This lovely tulip pattern brings to mind spring's first rays of sunshine and blooming flower beds. Maybe this will become a favorite in your home?","brand":{"@type":"Brand","name":"Midbec Tapeter"},"sku":"33010","category":"Gr\u00f6nhaga, Apelviken","material":"Non-woven","color":"Green, Pink","productID":109474}]}},"_links":{"self":[{"href":"https:\/\/midbectapeter.se\/en\/wp-json\/wp\/v2\/product\/109474","targetHints":{"allow":["GET"]}}],"collection":[{"href":"https:\/\/midbectapeter.se\/en\/wp-json\/wp\/v2\/product"}],"about":[{"href":"https:\/\/midbectapeter.se\/en\/wp-json\/wp\/v2\/types\/product"}],"replies":[{"embeddable":true,"href":"https:\/\/midbectapeter.se\/en\/wp-json\/wp\/v2\/comments?post=109474"}],"wp:featuredmedia":[{"embeddable":true,"href":"https:\/\/midbectapeter.se\/en\/wp-json\/wp\/v2\/media\/94918"}],"wp:attachment":[{"href":"https:\/\/midbectapeter.se\/en\/wp-json\/wp\/v2\/media?parent=109474"}],"wp:term":[{"taxonomy":"product_brand","embeddable":true,"href":"https:\/\/midbectapeter.se\/en\/wp-json\/wp\/v2\/product_brand?post=109474"},{"taxonomy":"product_cat","embeddable":true,"href":"https:\/\/midbectapeter.se\/en\/wp-json\/wp\/v2\/product_cat?post=109474"},{"taxonomy":"product_tag","embeddable":true,"href":"https:\/\/midbectapeter.se\/en\/wp-json\/wp\/v2\/product_tag?post=109474"},{"taxonomy":"texture_surface","embeddable":true,"href":"https:\/\/midbectapeter.se\/en\/wp-json\/wp\/v2\/texture_surface?post=109474"},{"taxonomy":"designers","embeddable":true,"href":"https:\/\/midbectapeter.se\/en\/wp-json\/wp\/v2\/designers?post=109474"},{"taxonomy":"cat_colors","embeddable":true,"href":"https:\/\/midbectapeter.se\/en\/wp-json\/wp\/v2\/cat_colors?post=109474"},{"taxonomy":"cat_patterns","embeddable":true,"href":"https:\/\/midbectapeter.se\/en\/wp-json\/wp\/v2\/cat_patterns?post=109474"},{"taxonomy":"cat_styles","embeddable":true,"href":"https:\/\/midbectapeter.se\/en\/wp-json\/wp\/v2\/cat_styles?post=109474"},{"taxonomy":"cat_rooms","embeddable":true,"href":"https:\/\/midbectapeter.se\/en\/wp-json\/wp\/v2\/cat_rooms?post=109474"}],"curies":[{"name":"wp","href":"https:\/\/api.w.org\/{rel}","templated":true}]}}