{"id":109477,"date":"2026-02-25T14:35:37","date_gmt":"2026-02-25T13:35:37","guid":{"rendered":"https:\/\/midbectapeter.se\/kollektion\/uncategorized\/pomona-33011\/"},"modified":"2025-05-23T14:51:18","modified_gmt":"2025-05-23T12:51:18","slug":"pomona-33011","status":"publish","type":"product","link":"https:\/\/midbectapeter.se\/en\/collection\/apelviken\/pomona-33011\/","title":{"rendered":"Pomona &#8211; 33011"},"content":{"rendered":"<p>Let the pleasant wallpaper Pomona give your home a lively atmosphere. Playful pear and apple trees grow on your walls and are in full bloom. If you listen really closely, you might be able to hear the bees&#8217; contented buzzing? This pattern is available in four colorways designed by Hanna Wendelbo.<\/p>\n","protected":false},"excerpt":{"rendered":"<p>Let the pleasant wallpaper Pomona give your home a lively atmosphere. Playful pear and apple trees grow on your walls and are in full bloom. If you listen really closely, you might be able to hear the bees&#8217; contented buzzing? This pattern is available in four colorways designed by Hanna Wendelbo.<\/p>\n","protected":false},"featured_media":94922,"comment_status":"closed","ping_status":"closed","template":"","meta":{"_acf_changed":false},"product_brand":[],"product_cat":[310,309],"product_tag":[326],"texture_surface":[327,306],"designers":[302],"cat_colors":[295],"cat_patterns":[319,297],"cat_styles":[321,299],"cat_rooms":[219],"class_list":{"0":"post-109477","1":"product","2":"type-product","3":"status-publish","4":"has-post-thumbnail","6":"product_cat-gronhaga","7":"product_cat-apelviken","8":"product_tag-bastsaljare-en","9":"texture_surface-latt-struktur-en","10":"texture_surface-smooth","11":"designers-hanna-wendelbo","12":"cat_colors-green","13":"cat_patterns-blad-en","14":"cat_patterns-small-patterned","15":"cat_styles-children","16":"cat_styles-rural","17":"cat_rooms-vardagsrum","19":"first","20":"instock","21":"taxable","22":"shipping-taxable","23":"purchasable","24":"product-type-variable"},"acf":{"visible_in_wallpaper_tool":true,"wallpaper_size_setting_1":100,"wallpaper_size_setting_2":500,"wallpaper_size_setting_3":500},"yoast_head":"<!-- This site is optimized with the Yoast SEO plugin v26.4 - https:\/\/yoast.com\/wordpress\/plugins\/seo\/ -->\n<title>Pomona 33011 | Apelviken | Midbec Tapeter<\/title>\n<meta name=\"robots\" content=\"index, follow, max-snippet:-1, max-image-preview:large, max-video-preview:-1\" \/>\n<link rel=\"canonical\" href=\"https:\/\/midbectapeter.se\/en\/collection\/apelviken\/pomona-33011\/\" \/>\n<meta property=\"og:locale\" content=\"en_US\" \/>\n<meta property=\"og:type\" content=\"article\" \/>\n<meta property=\"og:title\" content=\"Pomona 33011 | Apelviken | Midbec Tapeter\" \/>\n<meta property=\"og:description\" content=\"Let the pleasant wallpaper Pomona give your home a lively atmosphere. Playful pear and apple trees grow on your walls and are in full bloom. If you listen really closely, you might be able to hear the bees&#8217; contented buzzing? This pattern is available in four colorways designed by Hanna Wendelbo.\" \/>\n<meta property=\"og:url\" content=\"https:\/\/midbectapeter.se\/en\/collection\/apelviken\/pomona-33011\/\" \/>\n<meta property=\"og:site_name\" content=\"Midbec Tapeter\" \/>\n<meta property=\"article:publisher\" content=\"https:\/\/www.facebook.com\/midbectapeter\" \/>\n<meta property=\"og:image\" content=\"https:\/\/midbectapeter.se\/wp-content\/uploads\/33011.jpg?_t=1755675939\" \/>\n\t<meta property=\"og:image:width\" content=\"1000\" \/>\n\t<meta property=\"og:image:height\" content=\"1000\" \/>\n\t<meta property=\"og:image:type\" content=\"image\/jpeg\" \/>\n<meta name=\"twitter:card\" content=\"summary_large_image\" \/>\n<script type=\"application\/ld+json\" class=\"yoast-schema-graph\">{\"@context\":\"https:\/\/schema.org\",\"@graph\":[{\"@type\":\"WebPage\",\"@id\":\"https:\/\/midbectapeter.se\/en\/collection\/apelviken\/pomona-33011\/\",\"url\":\"https:\/\/midbectapeter.se\/en\/collection\/apelviken\/pomona-33011\/\",\"name\":\"Pomona 33011 | Apelviken | Midbec Tapeter\",\"isPartOf\":{\"@id\":\"https:\/\/midbectapeter.se\/en\/#website\"},\"primaryImageOfPage\":{\"@id\":\"https:\/\/midbectapeter.se\/en\/collection\/apelviken\/pomona-33011\/#primaryimage\"},\"image\":{\"@id\":\"https:\/\/midbectapeter.se\/en\/collection\/apelviken\/pomona-33011\/#primaryimage\"},\"thumbnailUrl\":\"https:\/\/midbectapeter.se\/wp-content\/uploads\/33011.jpg\",\"datePublished\":\"2026-02-25T13:35:37+00:00\",\"breadcrumb\":{\"@id\":\"https:\/\/midbectapeter.se\/en\/collection\/apelviken\/pomona-33011\/#breadcrumb\"},\"inLanguage\":\"en-US\",\"potentialAction\":[{\"@type\":\"ReadAction\",\"target\":[\"https:\/\/midbectapeter.se\/en\/collection\/apelviken\/pomona-33011\/\"]}]},{\"@type\":\"ImageObject\",\"inLanguage\":\"en-US\",\"@id\":\"https:\/\/midbectapeter.se\/en\/collection\/apelviken\/pomona-33011\/#primaryimage\",\"url\":\"https:\/\/midbectapeter.se\/wp-content\/uploads\/33011.jpg\",\"contentUrl\":\"https:\/\/midbectapeter.se\/wp-content\/uploads\/33011.jpg\",\"width\":1000,\"height\":1000,\"caption\":\"Gr\u00f6n tapet med Blad, , Sm\u00e5m\u00f6nstrat, Frukt, Skog m\u00f6nster\"},{\"@type\":\"BreadcrumbList\",\"@id\":\"https:\/\/midbectapeter.se\/en\/collection\/apelviken\/pomona-33011\/#breadcrumb\",\"itemListElement\":[{\"@type\":\"ListItem\",\"position\":1,\"name\":\"Hem\",\"item\":\"https:\/\/midbectapeter.se\/en\/\"},{\"@type\":\"ListItem\",\"position\":2,\"name\":\"Products\",\"item\":\"https:\/\/midbectapeter.se\/en\/shop\/\"},{\"@type\":\"ListItem\",\"position\":3,\"name\":\"Pomona &#8211; 33011\"}]},{\"@type\":\"WebSite\",\"@id\":\"https:\/\/midbectapeter.se\/en\/#website\",\"url\":\"https:\/\/midbectapeter.se\/en\/\",\"name\":\"Midbec Tapeter\",\"description\":\"\",\"publisher\":{\"@id\":\"https:\/\/midbectapeter.se\/en\/#organization\"},\"potentialAction\":[{\"@type\":\"SearchAction\",\"target\":{\"@type\":\"EntryPoint\",\"urlTemplate\":\"https:\/\/midbectapeter.se\/en\/?s={search_term_string}\"},\"query-input\":{\"@type\":\"PropertyValueSpecification\",\"valueRequired\":true,\"valueName\":\"search_term_string\"}}],\"inLanguage\":\"en-US\"},{\"@type\":\"Organization\",\"@id\":\"https:\/\/midbectapeter.se\/en\/#organization\",\"name\":\"Midbec Tapeter\",\"url\":\"https:\/\/midbectapeter.se\/en\/\",\"logo\":{\"@type\":\"ImageObject\",\"inLanguage\":\"en-US\",\"@id\":\"https:\/\/midbectapeter.se\/en\/#\/schema\/logo\/image\/\",\"url\":\"https:\/\/midbectapeter.se\/wp-content\/uploads\/2022\/02\/midbec-logo-black.svg\",\"contentUrl\":\"https:\/\/midbectapeter.se\/wp-content\/uploads\/2022\/02\/midbec-logo-black.svg\",\"width\":1,\"height\":1,\"caption\":\"Midbec Tapeter\"},\"image\":{\"@id\":\"https:\/\/midbectapeter.se\/en\/#\/schema\/logo\/image\/\"},\"sameAs\":[\"https:\/\/www.facebook.com\/midbectapeter\",\"https:\/\/www.instagram.com\/midbectapeter\/\",\"https:\/\/www.pinterest.se\/midbec\/\"]},{\"@type\":\"Product\",\"name\":\"Pomona - 33011\",\"image\":[\"https:\/\/midbectapeter.se\/wp-content\/uploads\/33011.jpg\",\"https:\/\/midbectapeter.se\/wp-content\/uploads\/33011__vardagsrum__1__tapet.jpg\"],\"offers\":{\"@type\":\"Offer\",\"priceCurrency\":\"SEK\",\"price\":\"\",\"availability\":\"https:\/\/schema.org\/InStock\",\"url\":\"https:\/\/midbectapeter.se\/en\/collection\/apelviken\/pomona-33011\/\"},\"description\":\"Let the pleasant wallpaper Pomona give your home a lively atmosphere. Playful pear and apple trees grow on your walls and are in full bloom. If you listen really closely, you might be able to hear the bees' contented buzzing? This pattern is available in four colorways designed by Hanna Wendelbo.\",\"brand\":{\"@type\":\"Brand\",\"name\":\"Midbec Tapeter\"},\"sku\":\"33011\",\"category\":\"Gr\u00f6nhaga, Apelviken\",\"material\":\"Non-woven\",\"color\":\"Green\",\"productID\":109477}]}<\/script>\n<!-- \/ Yoast SEO plugin. -->","yoast_head_json":{"title":"Pomona 33011 | Apelviken | Midbec Tapeter","robots":{"index":"index","follow":"follow","max-snippet":"max-snippet:-1","max-image-preview":"max-image-preview:large","max-video-preview":"max-video-preview:-1"},"canonical":"https:\/\/midbectapeter.se\/en\/collection\/apelviken\/pomona-33011\/","og_locale":"en_US","og_type":"article","og_title":"Pomona 33011 | Apelviken | Midbec Tapeter","og_description":"Let the pleasant wallpaper Pomona give your home a lively atmosphere. Playful pear and apple trees grow on your walls and are in full bloom. If you listen really closely, you might be able to hear the bees&#8217; contented buzzing? This pattern is available in four colorways designed by Hanna Wendelbo.","og_url":"https:\/\/midbectapeter.se\/en\/collection\/apelviken\/pomona-33011\/","og_site_name":"Midbec Tapeter","article_publisher":"https:\/\/www.facebook.com\/midbectapeter","og_image":[{"width":1000,"height":1000,"url":"https:\/\/midbectapeter.se\/wp-content\/uploads\/33011.jpg?_t=1755675939","type":"image\/jpeg"}],"twitter_card":"summary_large_image","schema":{"@context":"https:\/\/schema.org","@graph":[{"@type":"WebPage","@id":"https:\/\/midbectapeter.se\/en\/collection\/apelviken\/pomona-33011\/","url":"https:\/\/midbectapeter.se\/en\/collection\/apelviken\/pomona-33011\/","name":"Pomona 33011 | Apelviken | Midbec Tapeter","isPartOf":{"@id":"https:\/\/midbectapeter.se\/en\/#website"},"primaryImageOfPage":{"@id":"https:\/\/midbectapeter.se\/en\/collection\/apelviken\/pomona-33011\/#primaryimage"},"image":{"@id":"https:\/\/midbectapeter.se\/en\/collection\/apelviken\/pomona-33011\/#primaryimage"},"thumbnailUrl":"https:\/\/midbectapeter.se\/wp-content\/uploads\/33011.jpg","datePublished":"2026-02-25T13:35:37+00:00","breadcrumb":{"@id":"https:\/\/midbectapeter.se\/en\/collection\/apelviken\/pomona-33011\/#breadcrumb"},"inLanguage":"en-US","potentialAction":[{"@type":"ReadAction","target":["https:\/\/midbectapeter.se\/en\/collection\/apelviken\/pomona-33011\/"]}]},{"@type":"ImageObject","inLanguage":"en-US","@id":"https:\/\/midbectapeter.se\/en\/collection\/apelviken\/pomona-33011\/#primaryimage","url":"https:\/\/midbectapeter.se\/wp-content\/uploads\/33011.jpg","contentUrl":"https:\/\/midbectapeter.se\/wp-content\/uploads\/33011.jpg","width":1000,"height":1000,"caption":"Gr\u00f6n tapet med Blad, , Sm\u00e5m\u00f6nstrat, Frukt, Skog m\u00f6nster"},{"@type":"BreadcrumbList","@id":"https:\/\/midbectapeter.se\/en\/collection\/apelviken\/pomona-33011\/#breadcrumb","itemListElement":[{"@type":"ListItem","position":1,"name":"Hem","item":"https:\/\/midbectapeter.se\/en\/"},{"@type":"ListItem","position":2,"name":"Products","item":"https:\/\/midbectapeter.se\/en\/shop\/"},{"@type":"ListItem","position":3,"name":"Pomona &#8211; 33011"}]},{"@type":"WebSite","@id":"https:\/\/midbectapeter.se\/en\/#website","url":"https:\/\/midbectapeter.se\/en\/","name":"Midbec Tapeter","description":"","publisher":{"@id":"https:\/\/midbectapeter.se\/en\/#organization"},"potentialAction":[{"@type":"SearchAction","target":{"@type":"EntryPoint","urlTemplate":"https:\/\/midbectapeter.se\/en\/?s={search_term_string}"},"query-input":{"@type":"PropertyValueSpecification","valueRequired":true,"valueName":"search_term_string"}}],"inLanguage":"en-US"},{"@type":"Organization","@id":"https:\/\/midbectapeter.se\/en\/#organization","name":"Midbec Tapeter","url":"https:\/\/midbectapeter.se\/en\/","logo":{"@type":"ImageObject","inLanguage":"en-US","@id":"https:\/\/midbectapeter.se\/en\/#\/schema\/logo\/image\/","url":"https:\/\/midbectapeter.se\/wp-content\/uploads\/2022\/02\/midbec-logo-black.svg","contentUrl":"https:\/\/midbectapeter.se\/wp-content\/uploads\/2022\/02\/midbec-logo-black.svg","width":1,"height":1,"caption":"Midbec Tapeter"},"image":{"@id":"https:\/\/midbectapeter.se\/en\/#\/schema\/logo\/image\/"},"sameAs":["https:\/\/www.facebook.com\/midbectapeter","https:\/\/www.instagram.com\/midbectapeter\/","https:\/\/www.pinterest.se\/midbec\/"]},{"@type":"Product","name":"Pomona - 33011","image":["https:\/\/midbectapeter.se\/wp-content\/uploads\/33011.jpg","https:\/\/midbectapeter.se\/wp-content\/uploads\/33011__vardagsrum__1__tapet.jpg"],"offers":{"@type":"Offer","priceCurrency":"SEK","price":"","availability":"https:\/\/schema.org\/InStock","url":"https:\/\/midbectapeter.se\/en\/collection\/apelviken\/pomona-33011\/"},"description":"Let the pleasant wallpaper Pomona give your home a lively atmosphere. Playful pear and apple trees grow on your walls and are in full bloom. If you listen really closely, you might be able to hear the bees' contented buzzing? This pattern is available in four colorways designed by Hanna Wendelbo.","brand":{"@type":"Brand","name":"Midbec Tapeter"},"sku":"33011","category":"Gr\u00f6nhaga, Apelviken","material":"Non-woven","color":"Green","productID":109477}]}},"_links":{"self":[{"href":"https:\/\/midbectapeter.se\/en\/wp-json\/wp\/v2\/product\/109477","targetHints":{"allow":["GET"]}}],"collection":[{"href":"https:\/\/midbectapeter.se\/en\/wp-json\/wp\/v2\/product"}],"about":[{"href":"https:\/\/midbectapeter.se\/en\/wp-json\/wp\/v2\/types\/product"}],"replies":[{"embeddable":true,"href":"https:\/\/midbectapeter.se\/en\/wp-json\/wp\/v2\/comments?post=109477"}],"wp:featuredmedia":[{"embeddable":true,"href":"https:\/\/midbectapeter.se\/en\/wp-json\/wp\/v2\/media\/94922"}],"wp:attachment":[{"href":"https:\/\/midbectapeter.se\/en\/wp-json\/wp\/v2\/media?parent=109477"}],"wp:term":[{"taxonomy":"product_brand","embeddable":true,"href":"https:\/\/midbectapeter.se\/en\/wp-json\/wp\/v2\/product_brand?post=109477"},{"taxonomy":"product_cat","embeddable":true,"href":"https:\/\/midbectapeter.se\/en\/wp-json\/wp\/v2\/product_cat?post=109477"},{"taxonomy":"product_tag","embeddable":true,"href":"https:\/\/midbectapeter.se\/en\/wp-json\/wp\/v2\/product_tag?post=109477"},{"taxonomy":"texture_surface","embeddable":true,"href":"https:\/\/midbectapeter.se\/en\/wp-json\/wp\/v2\/texture_surface?post=109477"},{"taxonomy":"designers","embeddable":true,"href":"https:\/\/midbectapeter.se\/en\/wp-json\/wp\/v2\/designers?post=109477"},{"taxonomy":"cat_colors","embeddable":true,"href":"https:\/\/midbectapeter.se\/en\/wp-json\/wp\/v2\/cat_colors?post=109477"},{"taxonomy":"cat_patterns","embeddable":true,"href":"https:\/\/midbectapeter.se\/en\/wp-json\/wp\/v2\/cat_patterns?post=109477"},{"taxonomy":"cat_styles","embeddable":true,"href":"https:\/\/midbectapeter.se\/en\/wp-json\/wp\/v2\/cat_styles?post=109477"},{"taxonomy":"cat_rooms","embeddable":true,"href":"https:\/\/midbectapeter.se\/en\/wp-json\/wp\/v2\/cat_rooms?post=109477"}],"curies":[{"name":"wp","href":"https:\/\/api.w.org\/{rel}","templated":true}]}}