{"id":109491,"date":"2026-02-25T14:35:43","date_gmt":"2026-02-25T13:35:43","guid":{"rendered":"https:\/\/midbectapeter.se\/kollektion\/uncategorized\/pomona-33014\/"},"modified":"2025-05-23T14:53:44","modified_gmt":"2025-05-23T12:53:44","slug":"pomona-33014","status":"publish","type":"product","link":"https:\/\/midbectapeter.se\/en\/collection\/gronhaga\/pomona-33014\/","title":{"rendered":"Pomona &#8211; 33014"},"content":{"rendered":"<p>The favorite when it comes to Pomona&#8217;s four color schemes must be the soft green. Apple and pear trees spread out together with fruits in red and yellow, here the sunny days of late summer live on all year round and make us remember back to childhood and the delicious sweetness of the fruit.<\/p>\n","protected":false},"excerpt":{"rendered":"<p>The favorite when it comes to Pomona&#8217;s four color schemes must be the soft green. Apple and pear trees spread out together with fruits in red and yellow, here the sunny days of late summer live on all year round and make us remember back to childhood and the delicious sweetness of the fruit.<\/p>\n","protected":false},"featured_media":94929,"comment_status":"closed","ping_status":"closed","template":"","meta":{"_acf_changed":false},"product_brand":[],"product_cat":[310,309],"product_tag":[],"texture_surface":[305,306],"designers":[302],"cat_colors":[295],"cat_patterns":[319,297],"cat_styles":[321,301,299],"cat_rooms":[207,219],"class_list":{"0":"post-109491","1":"product","2":"type-product","3":"status-publish","4":"has-post-thumbnail","6":"product_cat-gronhaga","7":"product_cat-apelviken","8":"texture_surface-matte","9":"texture_surface-smooth","10":"designers-hanna-wendelbo","11":"cat_colors-green","12":"cat_patterns-blad-en","13":"cat_patterns-small-patterned","14":"cat_styles-children","15":"cat_styles-old-fashioned","16":"cat_styles-rural","17":"cat_rooms-sovrum","18":"cat_rooms-vardagsrum","20":"first","21":"instock","22":"taxable","23":"shipping-taxable","24":"purchasable","25":"product-type-variable"},"acf":{"visible_in_wallpaper_tool":true,"wallpaper_size_setting_1":100,"wallpaper_size_setting_2":500,"wallpaper_size_setting_3":500},"yoast_head":"<!-- This site is optimized with the Yoast SEO plugin v26.4 - https:\/\/yoast.com\/wordpress\/plugins\/seo\/ -->\n<title>Pomona - 33014 | Midbec Tapeter<\/title>\n<meta name=\"robots\" content=\"index, follow, max-snippet:-1, max-image-preview:large, max-video-preview:-1\" \/>\n<link rel=\"canonical\" href=\"https:\/\/midbectapeter.se\/en\/collection\/gronhaga\/pomona-33014\/\" \/>\n<meta property=\"og:locale\" content=\"en_US\" \/>\n<meta property=\"og:type\" content=\"article\" \/>\n<meta property=\"og:title\" content=\"Pomona - 33014 | Midbec Tapeter\" \/>\n<meta property=\"og:description\" content=\"The favorite when it comes to Pomona&#8217;s four color schemes must be the soft green. Apple and pear trees spread out together with fruits in red and yellow, here the sunny days of late summer live on all year round and make us remember back to childhood and the delicious sweetness of the fruit.\" \/>\n<meta property=\"og:url\" content=\"https:\/\/midbectapeter.se\/en\/collection\/gronhaga\/pomona-33014\/\" \/>\n<meta property=\"og:site_name\" content=\"Midbec Tapeter\" \/>\n<meta property=\"article:publisher\" content=\"https:\/\/www.facebook.com\/midbectapeter\" \/>\n<meta property=\"og:image\" content=\"https:\/\/midbectapeter.se\/wp-content\/uploads\/33014.jpg?_t=1757579908\" \/>\n\t<meta property=\"og:image:width\" content=\"1000\" \/>\n\t<meta property=\"og:image:height\" content=\"1000\" \/>\n\t<meta property=\"og:image:type\" content=\"image\/jpeg\" \/>\n<meta name=\"twitter:card\" content=\"summary_large_image\" \/>\n<script type=\"application\/ld+json\" class=\"yoast-schema-graph\">{\"@context\":\"https:\/\/schema.org\",\"@graph\":[{\"@type\":\"WebPage\",\"@id\":\"https:\/\/midbectapeter.se\/en\/collection\/gronhaga\/pomona-33014\/\",\"url\":\"https:\/\/midbectapeter.se\/en\/collection\/gronhaga\/pomona-33014\/\",\"name\":\"Pomona - 33014 | Midbec Tapeter\",\"isPartOf\":{\"@id\":\"https:\/\/midbectapeter.se\/en\/#website\"},\"primaryImageOfPage\":{\"@id\":\"https:\/\/midbectapeter.se\/en\/collection\/gronhaga\/pomona-33014\/#primaryimage\"},\"image\":{\"@id\":\"https:\/\/midbectapeter.se\/en\/collection\/gronhaga\/pomona-33014\/#primaryimage\"},\"thumbnailUrl\":\"https:\/\/midbectapeter.se\/wp-content\/uploads\/33014.jpg\",\"datePublished\":\"2026-02-25T13:35:43+00:00\",\"breadcrumb\":{\"@id\":\"https:\/\/midbectapeter.se\/en\/collection\/gronhaga\/pomona-33014\/#breadcrumb\"},\"inLanguage\":\"en-US\",\"potentialAction\":[{\"@type\":\"ReadAction\",\"target\":[\"https:\/\/midbectapeter.se\/en\/collection\/gronhaga\/pomona-33014\/\"]}]},{\"@type\":\"ImageObject\",\"inLanguage\":\"en-US\",\"@id\":\"https:\/\/midbectapeter.se\/en\/collection\/gronhaga\/pomona-33014\/#primaryimage\",\"url\":\"https:\/\/midbectapeter.se\/wp-content\/uploads\/33014.jpg\",\"contentUrl\":\"https:\/\/midbectapeter.se\/wp-content\/uploads\/33014.jpg\",\"width\":1000,\"height\":1000,\"caption\":\"Gr\u00f6n, Turkos tapet med Blad, , Sm\u00e5m\u00f6nstrat, Frukt, Skog m\u00f6nster\"},{\"@type\":\"BreadcrumbList\",\"@id\":\"https:\/\/midbectapeter.se\/en\/collection\/gronhaga\/pomona-33014\/#breadcrumb\",\"itemListElement\":[{\"@type\":\"ListItem\",\"position\":1,\"name\":\"Hem\",\"item\":\"https:\/\/midbectapeter.se\/en\/\"},{\"@type\":\"ListItem\",\"position\":2,\"name\":\"Products\",\"item\":\"https:\/\/midbectapeter.se\/en\/shop\/\"},{\"@type\":\"ListItem\",\"position\":3,\"name\":\"Pomona &#8211; 33014\"}]},{\"@type\":\"WebSite\",\"@id\":\"https:\/\/midbectapeter.se\/en\/#website\",\"url\":\"https:\/\/midbectapeter.se\/en\/\",\"name\":\"Midbec Tapeter\",\"description\":\"\",\"publisher\":{\"@id\":\"https:\/\/midbectapeter.se\/en\/#organization\"},\"potentialAction\":[{\"@type\":\"SearchAction\",\"target\":{\"@type\":\"EntryPoint\",\"urlTemplate\":\"https:\/\/midbectapeter.se\/en\/?s={search_term_string}\"},\"query-input\":{\"@type\":\"PropertyValueSpecification\",\"valueRequired\":true,\"valueName\":\"search_term_string\"}}],\"inLanguage\":\"en-US\"},{\"@type\":\"Organization\",\"@id\":\"https:\/\/midbectapeter.se\/en\/#organization\",\"name\":\"Midbec Tapeter\",\"url\":\"https:\/\/midbectapeter.se\/en\/\",\"logo\":{\"@type\":\"ImageObject\",\"inLanguage\":\"en-US\",\"@id\":\"https:\/\/midbectapeter.se\/en\/#\/schema\/logo\/image\/\",\"url\":\"https:\/\/midbectapeter.se\/wp-content\/uploads\/2022\/02\/midbec-logo-black.svg\",\"contentUrl\":\"https:\/\/midbectapeter.se\/wp-content\/uploads\/2022\/02\/midbec-logo-black.svg\",\"width\":1,\"height\":1,\"caption\":\"Midbec Tapeter\"},\"image\":{\"@id\":\"https:\/\/midbectapeter.se\/en\/#\/schema\/logo\/image\/\"},\"sameAs\":[\"https:\/\/www.facebook.com\/midbectapeter\",\"https:\/\/www.instagram.com\/midbectapeter\/\",\"https:\/\/www.pinterest.se\/midbec\/\"]},{\"@type\":\"Product\",\"name\":\"Pomona - 33014\",\"image\":[\"https:\/\/midbectapeter.se\/wp-content\/uploads\/33014.jpg\",\"https:\/\/midbectapeter.se\/wp-content\/uploads\/33014__sovrum__1__tapet.jpg\",\"https:\/\/midbectapeter.se\/wp-content\/uploads\/33014__vardagsrum__1__tapet.jpg\"],\"offers\":{\"@type\":\"Offer\",\"priceCurrency\":\"SEK\",\"price\":\"\",\"availability\":\"https:\/\/schema.org\/InStock\",\"url\":\"https:\/\/midbectapeter.se\/en\/collection\/gronhaga\/pomona-33014\/\"},\"description\":\"The favorite when it comes to Pomona's four color schemes must be the soft green. Apple and pear trees spread out together with fruits in red and yellow, here the sunny days of late summer live on all year round and make us remember back to childhood and the delicious sweetness of the fruit.\",\"brand\":{\"@type\":\"Brand\",\"name\":\"Midbec Tapeter\"},\"sku\":\"33014\",\"category\":\"Gr\u00f6nhaga, Apelviken\",\"material\":\"Non-woven\",\"color\":\"Green, Turquoise\",\"productID\":109491}]}<\/script>\n<!-- \/ Yoast SEO plugin. -->","yoast_head_json":{"title":"Pomona - 33014 | Midbec Tapeter","robots":{"index":"index","follow":"follow","max-snippet":"max-snippet:-1","max-image-preview":"max-image-preview:large","max-video-preview":"max-video-preview:-1"},"canonical":"https:\/\/midbectapeter.se\/en\/collection\/gronhaga\/pomona-33014\/","og_locale":"en_US","og_type":"article","og_title":"Pomona - 33014 | Midbec Tapeter","og_description":"The favorite when it comes to Pomona&#8217;s four color schemes must be the soft green. Apple and pear trees spread out together with fruits in red and yellow, here the sunny days of late summer live on all year round and make us remember back to childhood and the delicious sweetness of the fruit.","og_url":"https:\/\/midbectapeter.se\/en\/collection\/gronhaga\/pomona-33014\/","og_site_name":"Midbec Tapeter","article_publisher":"https:\/\/www.facebook.com\/midbectapeter","og_image":[{"width":1000,"height":1000,"url":"https:\/\/midbectapeter.se\/wp-content\/uploads\/33014.jpg?_t=1757579908","type":"image\/jpeg"}],"twitter_card":"summary_large_image","schema":{"@context":"https:\/\/schema.org","@graph":[{"@type":"WebPage","@id":"https:\/\/midbectapeter.se\/en\/collection\/gronhaga\/pomona-33014\/","url":"https:\/\/midbectapeter.se\/en\/collection\/gronhaga\/pomona-33014\/","name":"Pomona - 33014 | Midbec Tapeter","isPartOf":{"@id":"https:\/\/midbectapeter.se\/en\/#website"},"primaryImageOfPage":{"@id":"https:\/\/midbectapeter.se\/en\/collection\/gronhaga\/pomona-33014\/#primaryimage"},"image":{"@id":"https:\/\/midbectapeter.se\/en\/collection\/gronhaga\/pomona-33014\/#primaryimage"},"thumbnailUrl":"https:\/\/midbectapeter.se\/wp-content\/uploads\/33014.jpg","datePublished":"2026-02-25T13:35:43+00:00","breadcrumb":{"@id":"https:\/\/midbectapeter.se\/en\/collection\/gronhaga\/pomona-33014\/#breadcrumb"},"inLanguage":"en-US","potentialAction":[{"@type":"ReadAction","target":["https:\/\/midbectapeter.se\/en\/collection\/gronhaga\/pomona-33014\/"]}]},{"@type":"ImageObject","inLanguage":"en-US","@id":"https:\/\/midbectapeter.se\/en\/collection\/gronhaga\/pomona-33014\/#primaryimage","url":"https:\/\/midbectapeter.se\/wp-content\/uploads\/33014.jpg","contentUrl":"https:\/\/midbectapeter.se\/wp-content\/uploads\/33014.jpg","width":1000,"height":1000,"caption":"Gr\u00f6n, Turkos tapet med Blad, , Sm\u00e5m\u00f6nstrat, Frukt, Skog m\u00f6nster"},{"@type":"BreadcrumbList","@id":"https:\/\/midbectapeter.se\/en\/collection\/gronhaga\/pomona-33014\/#breadcrumb","itemListElement":[{"@type":"ListItem","position":1,"name":"Hem","item":"https:\/\/midbectapeter.se\/en\/"},{"@type":"ListItem","position":2,"name":"Products","item":"https:\/\/midbectapeter.se\/en\/shop\/"},{"@type":"ListItem","position":3,"name":"Pomona &#8211; 33014"}]},{"@type":"WebSite","@id":"https:\/\/midbectapeter.se\/en\/#website","url":"https:\/\/midbectapeter.se\/en\/","name":"Midbec Tapeter","description":"","publisher":{"@id":"https:\/\/midbectapeter.se\/en\/#organization"},"potentialAction":[{"@type":"SearchAction","target":{"@type":"EntryPoint","urlTemplate":"https:\/\/midbectapeter.se\/en\/?s={search_term_string}"},"query-input":{"@type":"PropertyValueSpecification","valueRequired":true,"valueName":"search_term_string"}}],"inLanguage":"en-US"},{"@type":"Organization","@id":"https:\/\/midbectapeter.se\/en\/#organization","name":"Midbec Tapeter","url":"https:\/\/midbectapeter.se\/en\/","logo":{"@type":"ImageObject","inLanguage":"en-US","@id":"https:\/\/midbectapeter.se\/en\/#\/schema\/logo\/image\/","url":"https:\/\/midbectapeter.se\/wp-content\/uploads\/2022\/02\/midbec-logo-black.svg","contentUrl":"https:\/\/midbectapeter.se\/wp-content\/uploads\/2022\/02\/midbec-logo-black.svg","width":1,"height":1,"caption":"Midbec Tapeter"},"image":{"@id":"https:\/\/midbectapeter.se\/en\/#\/schema\/logo\/image\/"},"sameAs":["https:\/\/www.facebook.com\/midbectapeter","https:\/\/www.instagram.com\/midbectapeter\/","https:\/\/www.pinterest.se\/midbec\/"]},{"@type":"Product","name":"Pomona - 33014","image":["https:\/\/midbectapeter.se\/wp-content\/uploads\/33014.jpg","https:\/\/midbectapeter.se\/wp-content\/uploads\/33014__sovrum__1__tapet.jpg","https:\/\/midbectapeter.se\/wp-content\/uploads\/33014__vardagsrum__1__tapet.jpg"],"offers":{"@type":"Offer","priceCurrency":"SEK","price":"","availability":"https:\/\/schema.org\/InStock","url":"https:\/\/midbectapeter.se\/en\/collection\/gronhaga\/pomona-33014\/"},"description":"The favorite when it comes to Pomona's four color schemes must be the soft green. Apple and pear trees spread out together with fruits in red and yellow, here the sunny days of late summer live on all year round and make us remember back to childhood and the delicious sweetness of the fruit.","brand":{"@type":"Brand","name":"Midbec Tapeter"},"sku":"33014","category":"Gr\u00f6nhaga, Apelviken","material":"Non-woven","color":"Green, Turquoise","productID":109491}]}},"_links":{"self":[{"href":"https:\/\/midbectapeter.se\/en\/wp-json\/wp\/v2\/product\/109491","targetHints":{"allow":["GET"]}}],"collection":[{"href":"https:\/\/midbectapeter.se\/en\/wp-json\/wp\/v2\/product"}],"about":[{"href":"https:\/\/midbectapeter.se\/en\/wp-json\/wp\/v2\/types\/product"}],"replies":[{"embeddable":true,"href":"https:\/\/midbectapeter.se\/en\/wp-json\/wp\/v2\/comments?post=109491"}],"wp:featuredmedia":[{"embeddable":true,"href":"https:\/\/midbectapeter.se\/en\/wp-json\/wp\/v2\/media\/94929"}],"wp:attachment":[{"href":"https:\/\/midbectapeter.se\/en\/wp-json\/wp\/v2\/media?parent=109491"}],"wp:term":[{"taxonomy":"product_brand","embeddable":true,"href":"https:\/\/midbectapeter.se\/en\/wp-json\/wp\/v2\/product_brand?post=109491"},{"taxonomy":"product_cat","embeddable":true,"href":"https:\/\/midbectapeter.se\/en\/wp-json\/wp\/v2\/product_cat?post=109491"},{"taxonomy":"product_tag","embeddable":true,"href":"https:\/\/midbectapeter.se\/en\/wp-json\/wp\/v2\/product_tag?post=109491"},{"taxonomy":"texture_surface","embeddable":true,"href":"https:\/\/midbectapeter.se\/en\/wp-json\/wp\/v2\/texture_surface?post=109491"},{"taxonomy":"designers","embeddable":true,"href":"https:\/\/midbectapeter.se\/en\/wp-json\/wp\/v2\/designers?post=109491"},{"taxonomy":"cat_colors","embeddable":true,"href":"https:\/\/midbectapeter.se\/en\/wp-json\/wp\/v2\/cat_colors?post=109491"},{"taxonomy":"cat_patterns","embeddable":true,"href":"https:\/\/midbectapeter.se\/en\/wp-json\/wp\/v2\/cat_patterns?post=109491"},{"taxonomy":"cat_styles","embeddable":true,"href":"https:\/\/midbectapeter.se\/en\/wp-json\/wp\/v2\/cat_styles?post=109491"},{"taxonomy":"cat_rooms","embeddable":true,"href":"https:\/\/midbectapeter.se\/en\/wp-json\/wp\/v2\/cat_rooms?post=109491"}],"curies":[{"name":"wp","href":"https:\/\/api.w.org\/{rel}","templated":true}]}}