{"id":109504,"date":"2026-02-25T14:35:54","date_gmt":"2026-02-25T13:35:54","guid":{"rendered":"https:\/\/midbectapeter.se\/kollektion\/uncategorized\/apelkvist-33019\/"},"modified":"2025-05-23T14:53:11","modified_gmt":"2025-05-23T12:53:11","slug":"apelkvist-33019","status":"publish","type":"product","link":"https:\/\/midbectapeter.se\/en\/collection\/apelviken\/apelkvist-33019\/","title":{"rendered":"Apelkvist &#8211; 33019"},"content":{"rendered":"<p>Apelkvist with its mild color scheme and winding leaf pattern in green is an excellent choice for those who want to give their walls a botanical discreet pattern. Let the green leaves wander along the walls of the home and bring life to your rooms. One of the popular patterns in the Apelviken collection.<\/p>\n","protected":false},"excerpt":{"rendered":"<p>Apelkvist with its mild color scheme and winding leaf pattern in green is an excellent choice for those who want to give their walls a botanical discreet pattern. Let the green leaves wander along the walls of the home and bring life to your rooms. One of the popular patterns in the Apelviken collection.<\/p>\n","protected":false},"featured_media":94941,"comment_status":"closed","ping_status":"closed","template":"","meta":{"_acf_changed":false},"product_brand":[],"product_cat":[309],"product_tag":[],"texture_surface":[305,306],"designers":[302],"cat_colors":[295],"cat_patterns":[319,297],"cat_styles":[300,301],"cat_rooms":[320],"class_list":{"0":"post-109504","1":"product","2":"type-product","3":"status-publish","4":"has-post-thumbnail","6":"product_cat-apelviken","7":"texture_surface-matte","8":"texture_surface-smooth","9":"designers-hanna-wendelbo","10":"cat_colors-green","11":"cat_patterns-blad-en","12":"cat_patterns-small-patterned","13":"cat_styles-classic","14":"cat_styles-old-fashioned","15":"cat_rooms-kok-en","17":"first","18":"instock","19":"taxable","20":"shipping-taxable","21":"purchasable","22":"product-type-variable"},"acf":{"visible_in_wallpaper_tool":true,"wallpaper_size_setting_1":100,"wallpaper_size_setting_2":500,"wallpaper_size_setting_3":500},"yoast_head":"<!-- This site is optimized with the Yoast SEO plugin v26.4 - https:\/\/yoast.com\/wordpress\/plugins\/seo\/ -->\n<title>Apelkvist - 33019 | Midbec Tapeter<\/title>\n<meta name=\"robots\" content=\"index, follow, max-snippet:-1, max-image-preview:large, max-video-preview:-1\" \/>\n<link rel=\"canonical\" href=\"https:\/\/midbectapeter.se\/en\/collection\/apelviken\/apelkvist-33019\/\" \/>\n<meta property=\"og:locale\" content=\"en_US\" \/>\n<meta property=\"og:type\" content=\"article\" \/>\n<meta property=\"og:title\" content=\"Apelkvist - 33019 | Midbec Tapeter\" \/>\n<meta property=\"og:description\" content=\"Apelkvist with its mild color scheme and winding leaf pattern in green is an excellent choice for those who want to give their walls a botanical discreet pattern. Let the green leaves wander along the walls of the home and bring life to your rooms. One of the popular patterns in the Apelviken collection.\" \/>\n<meta property=\"og:url\" content=\"https:\/\/midbectapeter.se\/en\/collection\/apelviken\/apelkvist-33019\/\" \/>\n<meta property=\"og:site_name\" content=\"Midbec Tapeter\" \/>\n<meta property=\"article:publisher\" content=\"https:\/\/www.facebook.com\/midbectapeter\" \/>\n<meta property=\"og:image\" content=\"https:\/\/midbectapeter.se\/wp-content\/uploads\/33019.jpg?_t=1757579925\" \/>\n\t<meta property=\"og:image:width\" content=\"1000\" \/>\n\t<meta property=\"og:image:height\" content=\"1000\" \/>\n\t<meta property=\"og:image:type\" content=\"image\/jpeg\" \/>\n<meta name=\"twitter:card\" content=\"summary_large_image\" \/>\n<script type=\"application\/ld+json\" class=\"yoast-schema-graph\">{\"@context\":\"https:\/\/schema.org\",\"@graph\":[{\"@type\":\"WebPage\",\"@id\":\"https:\/\/midbectapeter.se\/en\/collection\/apelviken\/apelkvist-33019\/\",\"url\":\"https:\/\/midbectapeter.se\/en\/collection\/apelviken\/apelkvist-33019\/\",\"name\":\"Apelkvist - 33019 | Midbec Tapeter\",\"isPartOf\":{\"@id\":\"https:\/\/midbectapeter.se\/en\/#website\"},\"primaryImageOfPage\":{\"@id\":\"https:\/\/midbectapeter.se\/en\/collection\/apelviken\/apelkvist-33019\/#primaryimage\"},\"image\":{\"@id\":\"https:\/\/midbectapeter.se\/en\/collection\/apelviken\/apelkvist-33019\/#primaryimage\"},\"thumbnailUrl\":\"https:\/\/midbectapeter.se\/wp-content\/uploads\/33019.jpg\",\"datePublished\":\"2026-02-25T13:35:54+00:00\",\"breadcrumb\":{\"@id\":\"https:\/\/midbectapeter.se\/en\/collection\/apelviken\/apelkvist-33019\/#breadcrumb\"},\"inLanguage\":\"en-US\",\"potentialAction\":[{\"@type\":\"ReadAction\",\"target\":[\"https:\/\/midbectapeter.se\/en\/collection\/apelviken\/apelkvist-33019\/\"]}]},{\"@type\":\"ImageObject\",\"inLanguage\":\"en-US\",\"@id\":\"https:\/\/midbectapeter.se\/en\/collection\/apelviken\/apelkvist-33019\/#primaryimage\",\"url\":\"https:\/\/midbectapeter.se\/wp-content\/uploads\/33019.jpg\",\"contentUrl\":\"https:\/\/midbectapeter.se\/wp-content\/uploads\/33019.jpg\",\"width\":1000,\"height\":1000,\"caption\":\"Gr\u00f6n, Vit tapet med Blad, , Sm\u00e5m\u00f6nstrat m\u00f6nster\"},{\"@type\":\"BreadcrumbList\",\"@id\":\"https:\/\/midbectapeter.se\/en\/collection\/apelviken\/apelkvist-33019\/#breadcrumb\",\"itemListElement\":[{\"@type\":\"ListItem\",\"position\":1,\"name\":\"Hem\",\"item\":\"https:\/\/midbectapeter.se\/en\/\"},{\"@type\":\"ListItem\",\"position\":2,\"name\":\"Products\",\"item\":\"https:\/\/midbectapeter.se\/en\/shop\/\"},{\"@type\":\"ListItem\",\"position\":3,\"name\":\"Apelkvist &#8211; 33019\"}]},{\"@type\":\"WebSite\",\"@id\":\"https:\/\/midbectapeter.se\/en\/#website\",\"url\":\"https:\/\/midbectapeter.se\/en\/\",\"name\":\"Midbec Tapeter\",\"description\":\"\",\"publisher\":{\"@id\":\"https:\/\/midbectapeter.se\/en\/#organization\"},\"potentialAction\":[{\"@type\":\"SearchAction\",\"target\":{\"@type\":\"EntryPoint\",\"urlTemplate\":\"https:\/\/midbectapeter.se\/en\/?s={search_term_string}\"},\"query-input\":{\"@type\":\"PropertyValueSpecification\",\"valueRequired\":true,\"valueName\":\"search_term_string\"}}],\"inLanguage\":\"en-US\"},{\"@type\":\"Organization\",\"@id\":\"https:\/\/midbectapeter.se\/en\/#organization\",\"name\":\"Midbec Tapeter\",\"url\":\"https:\/\/midbectapeter.se\/en\/\",\"logo\":{\"@type\":\"ImageObject\",\"inLanguage\":\"en-US\",\"@id\":\"https:\/\/midbectapeter.se\/en\/#\/schema\/logo\/image\/\",\"url\":\"https:\/\/midbectapeter.se\/wp-content\/uploads\/2022\/02\/midbec-logo-black.svg\",\"contentUrl\":\"https:\/\/midbectapeter.se\/wp-content\/uploads\/2022\/02\/midbec-logo-black.svg\",\"width\":1,\"height\":1,\"caption\":\"Midbec Tapeter\"},\"image\":{\"@id\":\"https:\/\/midbectapeter.se\/en\/#\/schema\/logo\/image\/\"},\"sameAs\":[\"https:\/\/www.facebook.com\/midbectapeter\",\"https:\/\/www.instagram.com\/midbectapeter\/\",\"https:\/\/www.pinterest.se\/midbec\/\"]},{\"@type\":\"Product\",\"name\":\"Apelkvist - 33019\",\"image\":[\"https:\/\/midbectapeter.se\/wp-content\/uploads\/33019.jpg\",\"https:\/\/midbectapeter.se\/wp-content\/uploads\/33019__kok__1__tapet.jpg\"],\"offers\":{\"@type\":\"Offer\",\"priceCurrency\":\"SEK\",\"price\":\"\",\"availability\":\"https:\/\/schema.org\/InStock\",\"url\":\"https:\/\/midbectapeter.se\/en\/collection\/apelviken\/apelkvist-33019\/\"},\"description\":\"Apelkvist with its mild color scheme and winding leaf pattern in green is an excellent choice for those who want to give their walls a botanical discreet pattern. Let the green leaves wander along the walls of the home and bring life to your rooms. One of the popular patterns in the Apelviken collection.\",\"brand\":{\"@type\":\"Brand\",\"name\":\"Midbec Tapeter\"},\"sku\":\"33019\",\"category\":\"Apelviken\",\"material\":\"Non-woven\",\"color\":\"Green, White\",\"productID\":109504}]}<\/script>\n<!-- \/ Yoast SEO plugin. -->","yoast_head_json":{"title":"Apelkvist - 33019 | Midbec Tapeter","robots":{"index":"index","follow":"follow","max-snippet":"max-snippet:-1","max-image-preview":"max-image-preview:large","max-video-preview":"max-video-preview:-1"},"canonical":"https:\/\/midbectapeter.se\/en\/collection\/apelviken\/apelkvist-33019\/","og_locale":"en_US","og_type":"article","og_title":"Apelkvist - 33019 | Midbec Tapeter","og_description":"Apelkvist with its mild color scheme and winding leaf pattern in green is an excellent choice for those who want to give their walls a botanical discreet pattern. Let the green leaves wander along the walls of the home and bring life to your rooms. One of the popular patterns in the Apelviken collection.","og_url":"https:\/\/midbectapeter.se\/en\/collection\/apelviken\/apelkvist-33019\/","og_site_name":"Midbec Tapeter","article_publisher":"https:\/\/www.facebook.com\/midbectapeter","og_image":[{"width":1000,"height":1000,"url":"https:\/\/midbectapeter.se\/wp-content\/uploads\/33019.jpg?_t=1757579925","type":"image\/jpeg"}],"twitter_card":"summary_large_image","schema":{"@context":"https:\/\/schema.org","@graph":[{"@type":"WebPage","@id":"https:\/\/midbectapeter.se\/en\/collection\/apelviken\/apelkvist-33019\/","url":"https:\/\/midbectapeter.se\/en\/collection\/apelviken\/apelkvist-33019\/","name":"Apelkvist - 33019 | Midbec Tapeter","isPartOf":{"@id":"https:\/\/midbectapeter.se\/en\/#website"},"primaryImageOfPage":{"@id":"https:\/\/midbectapeter.se\/en\/collection\/apelviken\/apelkvist-33019\/#primaryimage"},"image":{"@id":"https:\/\/midbectapeter.se\/en\/collection\/apelviken\/apelkvist-33019\/#primaryimage"},"thumbnailUrl":"https:\/\/midbectapeter.se\/wp-content\/uploads\/33019.jpg","datePublished":"2026-02-25T13:35:54+00:00","breadcrumb":{"@id":"https:\/\/midbectapeter.se\/en\/collection\/apelviken\/apelkvist-33019\/#breadcrumb"},"inLanguage":"en-US","potentialAction":[{"@type":"ReadAction","target":["https:\/\/midbectapeter.se\/en\/collection\/apelviken\/apelkvist-33019\/"]}]},{"@type":"ImageObject","inLanguage":"en-US","@id":"https:\/\/midbectapeter.se\/en\/collection\/apelviken\/apelkvist-33019\/#primaryimage","url":"https:\/\/midbectapeter.se\/wp-content\/uploads\/33019.jpg","contentUrl":"https:\/\/midbectapeter.se\/wp-content\/uploads\/33019.jpg","width":1000,"height":1000,"caption":"Gr\u00f6n, Vit tapet med Blad, , Sm\u00e5m\u00f6nstrat m\u00f6nster"},{"@type":"BreadcrumbList","@id":"https:\/\/midbectapeter.se\/en\/collection\/apelviken\/apelkvist-33019\/#breadcrumb","itemListElement":[{"@type":"ListItem","position":1,"name":"Hem","item":"https:\/\/midbectapeter.se\/en\/"},{"@type":"ListItem","position":2,"name":"Products","item":"https:\/\/midbectapeter.se\/en\/shop\/"},{"@type":"ListItem","position":3,"name":"Apelkvist &#8211; 33019"}]},{"@type":"WebSite","@id":"https:\/\/midbectapeter.se\/en\/#website","url":"https:\/\/midbectapeter.se\/en\/","name":"Midbec Tapeter","description":"","publisher":{"@id":"https:\/\/midbectapeter.se\/en\/#organization"},"potentialAction":[{"@type":"SearchAction","target":{"@type":"EntryPoint","urlTemplate":"https:\/\/midbectapeter.se\/en\/?s={search_term_string}"},"query-input":{"@type":"PropertyValueSpecification","valueRequired":true,"valueName":"search_term_string"}}],"inLanguage":"en-US"},{"@type":"Organization","@id":"https:\/\/midbectapeter.se\/en\/#organization","name":"Midbec Tapeter","url":"https:\/\/midbectapeter.se\/en\/","logo":{"@type":"ImageObject","inLanguage":"en-US","@id":"https:\/\/midbectapeter.se\/en\/#\/schema\/logo\/image\/","url":"https:\/\/midbectapeter.se\/wp-content\/uploads\/2022\/02\/midbec-logo-black.svg","contentUrl":"https:\/\/midbectapeter.se\/wp-content\/uploads\/2022\/02\/midbec-logo-black.svg","width":1,"height":1,"caption":"Midbec Tapeter"},"image":{"@id":"https:\/\/midbectapeter.se\/en\/#\/schema\/logo\/image\/"},"sameAs":["https:\/\/www.facebook.com\/midbectapeter","https:\/\/www.instagram.com\/midbectapeter\/","https:\/\/www.pinterest.se\/midbec\/"]},{"@type":"Product","name":"Apelkvist - 33019","image":["https:\/\/midbectapeter.se\/wp-content\/uploads\/33019.jpg","https:\/\/midbectapeter.se\/wp-content\/uploads\/33019__kok__1__tapet.jpg"],"offers":{"@type":"Offer","priceCurrency":"SEK","price":"","availability":"https:\/\/schema.org\/InStock","url":"https:\/\/midbectapeter.se\/en\/collection\/apelviken\/apelkvist-33019\/"},"description":"Apelkvist with its mild color scheme and winding leaf pattern in green is an excellent choice for those who want to give their walls a botanical discreet pattern. Let the green leaves wander along the walls of the home and bring life to your rooms. One of the popular patterns in the Apelviken collection.","brand":{"@type":"Brand","name":"Midbec Tapeter"},"sku":"33019","category":"Apelviken","material":"Non-woven","color":"Green, White","productID":109504}]}},"_links":{"self":[{"href":"https:\/\/midbectapeter.se\/en\/wp-json\/wp\/v2\/product\/109504","targetHints":{"allow":["GET"]}}],"collection":[{"href":"https:\/\/midbectapeter.se\/en\/wp-json\/wp\/v2\/product"}],"about":[{"href":"https:\/\/midbectapeter.se\/en\/wp-json\/wp\/v2\/types\/product"}],"replies":[{"embeddable":true,"href":"https:\/\/midbectapeter.se\/en\/wp-json\/wp\/v2\/comments?post=109504"}],"wp:featuredmedia":[{"embeddable":true,"href":"https:\/\/midbectapeter.se\/en\/wp-json\/wp\/v2\/media\/94941"}],"wp:attachment":[{"href":"https:\/\/midbectapeter.se\/en\/wp-json\/wp\/v2\/media?parent=109504"}],"wp:term":[{"taxonomy":"product_brand","embeddable":true,"href":"https:\/\/midbectapeter.se\/en\/wp-json\/wp\/v2\/product_brand?post=109504"},{"taxonomy":"product_cat","embeddable":true,"href":"https:\/\/midbectapeter.se\/en\/wp-json\/wp\/v2\/product_cat?post=109504"},{"taxonomy":"product_tag","embeddable":true,"href":"https:\/\/midbectapeter.se\/en\/wp-json\/wp\/v2\/product_tag?post=109504"},{"taxonomy":"texture_surface","embeddable":true,"href":"https:\/\/midbectapeter.se\/en\/wp-json\/wp\/v2\/texture_surface?post=109504"},{"taxonomy":"designers","embeddable":true,"href":"https:\/\/midbectapeter.se\/en\/wp-json\/wp\/v2\/designers?post=109504"},{"taxonomy":"cat_colors","embeddable":true,"href":"https:\/\/midbectapeter.se\/en\/wp-json\/wp\/v2\/cat_colors?post=109504"},{"taxonomy":"cat_patterns","embeddable":true,"href":"https:\/\/midbectapeter.se\/en\/wp-json\/wp\/v2\/cat_patterns?post=109504"},{"taxonomy":"cat_styles","embeddable":true,"href":"https:\/\/midbectapeter.se\/en\/wp-json\/wp\/v2\/cat_styles?post=109504"},{"taxonomy":"cat_rooms","embeddable":true,"href":"https:\/\/midbectapeter.se\/en\/wp-json\/wp\/v2\/cat_rooms?post=109504"}],"curies":[{"name":"wp","href":"https:\/\/api.w.org\/{rel}","templated":true}]}}