{"id":109512,"date":"2026-02-25T14:36:00","date_gmt":"2026-02-25T13:36:00","guid":{"rendered":"https:\/\/midbectapeter.se\/kollektion\/uncategorized\/skarhamn-33022\/"},"modified":"2025-05-23T14:58:18","modified_gmt":"2025-05-23T12:58:18","slug":"skarhamn-33022","status":"publish","type":"product","link":"https:\/\/midbectapeter.se\/en\/collection\/apelviken\/skarhamn-33022\/","title":{"rendered":"Skarhamn &#8211; 33022"},"content":{"rendered":"<p>A discreet grid pattern in light gray and gold that creates homeliness and fits in the summer cottage as well as in the large dining room. With its white background, the wallpaper has a discreet effect that is elegant and timeless. The pattern was created by the designer Hanna Wendelbo and is part of the popular Apelviken collection.<\/p>\n","protected":false},"excerpt":{"rendered":"<p>A discreet grid pattern in light gray and gold that creates homeliness and fits in the summer cottage as well as in the large dining room. With its white background, the wallpaper has a discreet effect that is elegant and timeless. The pattern was created by the designer Hanna Wendelbo and is part of the [&hellip;]<\/p>\n","protected":false},"featured_media":94947,"comment_status":"closed","ping_status":"closed","template":"","meta":{"_acf_changed":false},"product_brand":[],"product_cat":[309],"product_tag":[],"texture_surface":[305,306],"designers":[302],"cat_colors":[318],"cat_patterns":[297],"cat_styles":[300,301,299],"cat_rooms":[320],"class_list":{"0":"post-109512","1":"product","2":"type-product","3":"status-publish","4":"has-post-thumbnail","6":"product_cat-apelviken","7":"texture_surface-matte","8":"texture_surface-smooth","9":"designers-hanna-wendelbo","10":"cat_colors-gra-en","11":"cat_patterns-small-patterned","12":"cat_styles-classic","13":"cat_styles-old-fashioned","14":"cat_styles-rural","15":"cat_rooms-kok-en","17":"first","18":"instock","19":"taxable","20":"shipping-taxable","21":"purchasable","22":"product-type-variable"},"acf":{"visible_in_wallpaper_tool":true,"wallpaper_size_setting_1":100,"wallpaper_size_setting_2":500,"wallpaper_size_setting_3":500},"yoast_head":"<!-- This site is optimized with the Yoast SEO plugin v26.4 - https:\/\/yoast.com\/wordpress\/plugins\/seo\/ -->\n<title>Skarhamn - 33022 | Midbec Tapeter<\/title>\n<meta name=\"robots\" content=\"index, follow, max-snippet:-1, max-image-preview:large, max-video-preview:-1\" \/>\n<link rel=\"canonical\" href=\"https:\/\/midbectapeter.se\/en\/collection\/apelviken\/skarhamn-33022\/\" \/>\n<meta property=\"og:locale\" content=\"en_US\" \/>\n<meta property=\"og:type\" content=\"article\" \/>\n<meta property=\"og:title\" content=\"Skarhamn - 33022 | Midbec Tapeter\" \/>\n<meta property=\"og:description\" content=\"A discreet grid pattern in light gray and gold that creates homeliness and fits in the summer cottage as well as in the large dining room. With its white background, the wallpaper has a discreet effect that is elegant and timeless. The pattern was created by the designer Hanna Wendelbo and is part of the [&hellip;]\" \/>\n<meta property=\"og:url\" content=\"https:\/\/midbectapeter.se\/en\/collection\/apelviken\/skarhamn-33022\/\" \/>\n<meta property=\"og:site_name\" content=\"Midbec Tapeter\" \/>\n<meta property=\"article:publisher\" content=\"https:\/\/www.facebook.com\/midbectapeter\" \/>\n<meta property=\"og:image\" content=\"https:\/\/midbectapeter.se\/wp-content\/uploads\/33022.jpg?_t=1757579935\" \/>\n\t<meta property=\"og:image:width\" content=\"1000\" \/>\n\t<meta property=\"og:image:height\" content=\"1000\" \/>\n\t<meta property=\"og:image:type\" content=\"image\/jpeg\" \/>\n<meta name=\"twitter:card\" content=\"summary_large_image\" \/>\n<script type=\"application\/ld+json\" class=\"yoast-schema-graph\">{\"@context\":\"https:\/\/schema.org\",\"@graph\":[{\"@type\":\"WebPage\",\"@id\":\"https:\/\/midbectapeter.se\/en\/collection\/apelviken\/skarhamn-33022\/\",\"url\":\"https:\/\/midbectapeter.se\/en\/collection\/apelviken\/skarhamn-33022\/\",\"name\":\"Skarhamn - 33022 | Midbec Tapeter\",\"isPartOf\":{\"@id\":\"https:\/\/midbectapeter.se\/en\/#website\"},\"primaryImageOfPage\":{\"@id\":\"https:\/\/midbectapeter.se\/en\/collection\/apelviken\/skarhamn-33022\/#primaryimage\"},\"image\":{\"@id\":\"https:\/\/midbectapeter.se\/en\/collection\/apelviken\/skarhamn-33022\/#primaryimage\"},\"thumbnailUrl\":\"https:\/\/midbectapeter.se\/wp-content\/uploads\/33022.jpg\",\"datePublished\":\"2026-02-25T13:36:00+00:00\",\"breadcrumb\":{\"@id\":\"https:\/\/midbectapeter.se\/en\/collection\/apelviken\/skarhamn-33022\/#breadcrumb\"},\"inLanguage\":\"en-US\",\"potentialAction\":[{\"@type\":\"ReadAction\",\"target\":[\"https:\/\/midbectapeter.se\/en\/collection\/apelviken\/skarhamn-33022\/\"]}]},{\"@type\":\"ImageObject\",\"inLanguage\":\"en-US\",\"@id\":\"https:\/\/midbectapeter.se\/en\/collection\/apelviken\/skarhamn-33022\/#primaryimage\",\"url\":\"https:\/\/midbectapeter.se\/wp-content\/uploads\/33022.jpg\",\"contentUrl\":\"https:\/\/midbectapeter.se\/wp-content\/uploads\/33022.jpg\",\"width\":1000,\"height\":1000,\"caption\":\"Gr\u00e5, Guld tapet med , Rutigt, Sm\u00e5m\u00f6nstrat m\u00f6nster\"},{\"@type\":\"BreadcrumbList\",\"@id\":\"https:\/\/midbectapeter.se\/en\/collection\/apelviken\/skarhamn-33022\/#breadcrumb\",\"itemListElement\":[{\"@type\":\"ListItem\",\"position\":1,\"name\":\"Hem\",\"item\":\"https:\/\/midbectapeter.se\/en\/\"},{\"@type\":\"ListItem\",\"position\":2,\"name\":\"Products\",\"item\":\"https:\/\/midbectapeter.se\/en\/shop\/\"},{\"@type\":\"ListItem\",\"position\":3,\"name\":\"Skarhamn &#8211; 33022\"}]},{\"@type\":\"WebSite\",\"@id\":\"https:\/\/midbectapeter.se\/en\/#website\",\"url\":\"https:\/\/midbectapeter.se\/en\/\",\"name\":\"Midbec Tapeter\",\"description\":\"\",\"publisher\":{\"@id\":\"https:\/\/midbectapeter.se\/en\/#organization\"},\"potentialAction\":[{\"@type\":\"SearchAction\",\"target\":{\"@type\":\"EntryPoint\",\"urlTemplate\":\"https:\/\/midbectapeter.se\/en\/?s={search_term_string}\"},\"query-input\":{\"@type\":\"PropertyValueSpecification\",\"valueRequired\":true,\"valueName\":\"search_term_string\"}}],\"inLanguage\":\"en-US\"},{\"@type\":\"Organization\",\"@id\":\"https:\/\/midbectapeter.se\/en\/#organization\",\"name\":\"Midbec Tapeter\",\"url\":\"https:\/\/midbectapeter.se\/en\/\",\"logo\":{\"@type\":\"ImageObject\",\"inLanguage\":\"en-US\",\"@id\":\"https:\/\/midbectapeter.se\/en\/#\/schema\/logo\/image\/\",\"url\":\"https:\/\/midbectapeter.se\/wp-content\/uploads\/2022\/02\/midbec-logo-black.svg\",\"contentUrl\":\"https:\/\/midbectapeter.se\/wp-content\/uploads\/2022\/02\/midbec-logo-black.svg\",\"width\":1,\"height\":1,\"caption\":\"Midbec Tapeter\"},\"image\":{\"@id\":\"https:\/\/midbectapeter.se\/en\/#\/schema\/logo\/image\/\"},\"sameAs\":[\"https:\/\/www.facebook.com\/midbectapeter\",\"https:\/\/www.instagram.com\/midbectapeter\/\",\"https:\/\/www.pinterest.se\/midbec\/\"]},{\"@type\":\"Product\",\"name\":\"Skarhamn - 33022\",\"image\":[\"https:\/\/midbectapeter.se\/wp-content\/uploads\/33022.jpg\",\"https:\/\/midbectapeter.se\/wp-content\/uploads\/33022__kok__1__tapet.jpg\"],\"offers\":{\"@type\":\"Offer\",\"priceCurrency\":\"SEK\",\"price\":\"\",\"availability\":\"https:\/\/schema.org\/InStock\",\"url\":\"https:\/\/midbectapeter.se\/en\/collection\/apelviken\/skarhamn-33022\/\"},\"description\":\"A discreet grid pattern in light gray and gold that creates homeliness and fits in the summer cottage as well as in the large dining room. With its white background, the wallpaper has a discreet effect that is elegant and timeless. The pattern was created by the designer Hanna Wendelbo and is part of the popular Apelviken collection.\",\"brand\":{\"@type\":\"Brand\",\"name\":\"Midbec Tapeter\"},\"sku\":\"33022\",\"category\":\"Apelviken\",\"material\":\"Non-woven\",\"color\":\"Gray\",\"productID\":109512}]}<\/script>\n<!-- \/ Yoast SEO plugin. -->","yoast_head_json":{"title":"Skarhamn - 33022 | Midbec Tapeter","robots":{"index":"index","follow":"follow","max-snippet":"max-snippet:-1","max-image-preview":"max-image-preview:large","max-video-preview":"max-video-preview:-1"},"canonical":"https:\/\/midbectapeter.se\/en\/collection\/apelviken\/skarhamn-33022\/","og_locale":"en_US","og_type":"article","og_title":"Skarhamn - 33022 | Midbec Tapeter","og_description":"A discreet grid pattern in light gray and gold that creates homeliness and fits in the summer cottage as well as in the large dining room. With its white background, the wallpaper has a discreet effect that is elegant and timeless. The pattern was created by the designer Hanna Wendelbo and is part of the [&hellip;]","og_url":"https:\/\/midbectapeter.se\/en\/collection\/apelviken\/skarhamn-33022\/","og_site_name":"Midbec Tapeter","article_publisher":"https:\/\/www.facebook.com\/midbectapeter","og_image":[{"width":1000,"height":1000,"url":"https:\/\/midbectapeter.se\/wp-content\/uploads\/33022.jpg?_t=1757579935","type":"image\/jpeg"}],"twitter_card":"summary_large_image","schema":{"@context":"https:\/\/schema.org","@graph":[{"@type":"WebPage","@id":"https:\/\/midbectapeter.se\/en\/collection\/apelviken\/skarhamn-33022\/","url":"https:\/\/midbectapeter.se\/en\/collection\/apelviken\/skarhamn-33022\/","name":"Skarhamn - 33022 | Midbec Tapeter","isPartOf":{"@id":"https:\/\/midbectapeter.se\/en\/#website"},"primaryImageOfPage":{"@id":"https:\/\/midbectapeter.se\/en\/collection\/apelviken\/skarhamn-33022\/#primaryimage"},"image":{"@id":"https:\/\/midbectapeter.se\/en\/collection\/apelviken\/skarhamn-33022\/#primaryimage"},"thumbnailUrl":"https:\/\/midbectapeter.se\/wp-content\/uploads\/33022.jpg","datePublished":"2026-02-25T13:36:00+00:00","breadcrumb":{"@id":"https:\/\/midbectapeter.se\/en\/collection\/apelviken\/skarhamn-33022\/#breadcrumb"},"inLanguage":"en-US","potentialAction":[{"@type":"ReadAction","target":["https:\/\/midbectapeter.se\/en\/collection\/apelviken\/skarhamn-33022\/"]}]},{"@type":"ImageObject","inLanguage":"en-US","@id":"https:\/\/midbectapeter.se\/en\/collection\/apelviken\/skarhamn-33022\/#primaryimage","url":"https:\/\/midbectapeter.se\/wp-content\/uploads\/33022.jpg","contentUrl":"https:\/\/midbectapeter.se\/wp-content\/uploads\/33022.jpg","width":1000,"height":1000,"caption":"Gr\u00e5, Guld tapet med , Rutigt, Sm\u00e5m\u00f6nstrat m\u00f6nster"},{"@type":"BreadcrumbList","@id":"https:\/\/midbectapeter.se\/en\/collection\/apelviken\/skarhamn-33022\/#breadcrumb","itemListElement":[{"@type":"ListItem","position":1,"name":"Hem","item":"https:\/\/midbectapeter.se\/en\/"},{"@type":"ListItem","position":2,"name":"Products","item":"https:\/\/midbectapeter.se\/en\/shop\/"},{"@type":"ListItem","position":3,"name":"Skarhamn &#8211; 33022"}]},{"@type":"WebSite","@id":"https:\/\/midbectapeter.se\/en\/#website","url":"https:\/\/midbectapeter.se\/en\/","name":"Midbec Tapeter","description":"","publisher":{"@id":"https:\/\/midbectapeter.se\/en\/#organization"},"potentialAction":[{"@type":"SearchAction","target":{"@type":"EntryPoint","urlTemplate":"https:\/\/midbectapeter.se\/en\/?s={search_term_string}"},"query-input":{"@type":"PropertyValueSpecification","valueRequired":true,"valueName":"search_term_string"}}],"inLanguage":"en-US"},{"@type":"Organization","@id":"https:\/\/midbectapeter.se\/en\/#organization","name":"Midbec Tapeter","url":"https:\/\/midbectapeter.se\/en\/","logo":{"@type":"ImageObject","inLanguage":"en-US","@id":"https:\/\/midbectapeter.se\/en\/#\/schema\/logo\/image\/","url":"https:\/\/midbectapeter.se\/wp-content\/uploads\/2022\/02\/midbec-logo-black.svg","contentUrl":"https:\/\/midbectapeter.se\/wp-content\/uploads\/2022\/02\/midbec-logo-black.svg","width":1,"height":1,"caption":"Midbec Tapeter"},"image":{"@id":"https:\/\/midbectapeter.se\/en\/#\/schema\/logo\/image\/"},"sameAs":["https:\/\/www.facebook.com\/midbectapeter","https:\/\/www.instagram.com\/midbectapeter\/","https:\/\/www.pinterest.se\/midbec\/"]},{"@type":"Product","name":"Skarhamn - 33022","image":["https:\/\/midbectapeter.se\/wp-content\/uploads\/33022.jpg","https:\/\/midbectapeter.se\/wp-content\/uploads\/33022__kok__1__tapet.jpg"],"offers":{"@type":"Offer","priceCurrency":"SEK","price":"","availability":"https:\/\/schema.org\/InStock","url":"https:\/\/midbectapeter.se\/en\/collection\/apelviken\/skarhamn-33022\/"},"description":"A discreet grid pattern in light gray and gold that creates homeliness and fits in the summer cottage as well as in the large dining room. With its white background, the wallpaper has a discreet effect that is elegant and timeless. The pattern was created by the designer Hanna Wendelbo and is part of the popular Apelviken collection.","brand":{"@type":"Brand","name":"Midbec Tapeter"},"sku":"33022","category":"Apelviken","material":"Non-woven","color":"Gray","productID":109512}]}},"_links":{"self":[{"href":"https:\/\/midbectapeter.se\/en\/wp-json\/wp\/v2\/product\/109512","targetHints":{"allow":["GET"]}}],"collection":[{"href":"https:\/\/midbectapeter.se\/en\/wp-json\/wp\/v2\/product"}],"about":[{"href":"https:\/\/midbectapeter.se\/en\/wp-json\/wp\/v2\/types\/product"}],"replies":[{"embeddable":true,"href":"https:\/\/midbectapeter.se\/en\/wp-json\/wp\/v2\/comments?post=109512"}],"wp:featuredmedia":[{"embeddable":true,"href":"https:\/\/midbectapeter.se\/en\/wp-json\/wp\/v2\/media\/94947"}],"wp:attachment":[{"href":"https:\/\/midbectapeter.se\/en\/wp-json\/wp\/v2\/media?parent=109512"}],"wp:term":[{"taxonomy":"product_brand","embeddable":true,"href":"https:\/\/midbectapeter.se\/en\/wp-json\/wp\/v2\/product_brand?post=109512"},{"taxonomy":"product_cat","embeddable":true,"href":"https:\/\/midbectapeter.se\/en\/wp-json\/wp\/v2\/product_cat?post=109512"},{"taxonomy":"product_tag","embeddable":true,"href":"https:\/\/midbectapeter.se\/en\/wp-json\/wp\/v2\/product_tag?post=109512"},{"taxonomy":"texture_surface","embeddable":true,"href":"https:\/\/midbectapeter.se\/en\/wp-json\/wp\/v2\/texture_surface?post=109512"},{"taxonomy":"designers","embeddable":true,"href":"https:\/\/midbectapeter.se\/en\/wp-json\/wp\/v2\/designers?post=109512"},{"taxonomy":"cat_colors","embeddable":true,"href":"https:\/\/midbectapeter.se\/en\/wp-json\/wp\/v2\/cat_colors?post=109512"},{"taxonomy":"cat_patterns","embeddable":true,"href":"https:\/\/midbectapeter.se\/en\/wp-json\/wp\/v2\/cat_patterns?post=109512"},{"taxonomy":"cat_styles","embeddable":true,"href":"https:\/\/midbectapeter.se\/en\/wp-json\/wp\/v2\/cat_styles?post=109512"},{"taxonomy":"cat_rooms","embeddable":true,"href":"https:\/\/midbectapeter.se\/en\/wp-json\/wp\/v2\/cat_rooms?post=109512"}],"curies":[{"name":"wp","href":"https:\/\/api.w.org\/{rel}","templated":true}]}}