{"id":110140,"date":"2026-02-25T15:35:21","date_gmt":"2026-02-25T14:35:21","guid":{"rendered":"https:\/\/midbectapeter.se\/kollektion\/uncategorized\/kalk-klinte-61070\/"},"modified":"2025-05-26T11:35:35","modified_gmt":"2025-05-26T09:35:35","slug":"kalk-klinte-61070","status":"publish","type":"product","link":"https:\/\/midbectapeter.se\/en\/collection\/kalk-3\/kalk-klinte-61070\/","title":{"rendered":"Kalk Klinte &#8211; 61070"},"content":{"rendered":"<p>Here a plain wallpaper in a shade of subtle blue. The blue palette is often perceived as calming and is therefore perfect in the bedroom many times. The calming color brings calmness and calms the mind. The surface is completely covered by a discreet mottled pattern in lime imitation and contributes to a more lively feeling.<\/p>\n","protected":false},"excerpt":{"rendered":"<p>Here a plain wallpaper in a shade of subtle blue. The blue palette is often perceived as calming and is therefore perfect in the bedroom many times. The calming color brings calmness and calms the mind. The surface is completely covered by a discreet mottled pattern in lime imitation and contributes to a more lively [&hellip;]<\/p>\n","protected":false},"featured_media":95644,"comment_status":"closed","ping_status":"closed","template":"","meta":{"_acf_changed":false},"product_brand":[],"product_cat":[337],"product_tag":[],"texture_surface":[327],"designers":[93],"cat_colors":[315],"cat_patterns":[235,253],"cat_styles":[236,213,218],"cat_rooms":[320],"class_list":{"0":"post-110140","1":"product","2":"type-product","3":"status-publish","4":"has-post-thumbnail","6":"product_cat-kalk-3","7":"texture_surface-latt-struktur-en","8":"designers-bjorn-nilsson","9":"cat_colors-blue","10":"cat_patterns-enfargat","11":"cat_patterns-kalk","12":"cat_styles-industriell","13":"cat_styles-modern","14":"cat_styles-skandinavisk","15":"cat_rooms-kok-en","17":"first","18":"instock","19":"taxable","20":"shipping-taxable","21":"purchasable","22":"product-type-variable"},"acf":{"visible_in_wallpaper_tool":true,"wallpaper_size_setting_1":100,"wallpaper_size_setting_2":500,"wallpaper_size_setting_3":500},"yoast_head":"<!-- This site is optimized with the Yoast SEO plugin v26.4 - https:\/\/yoast.com\/wordpress\/plugins\/seo\/ -->\n<title>Tapetm\u00f6nster Kalk Klinte - 61070 | Midbec Tapeter<\/title>\n<meta name=\"robots\" content=\"index, follow, max-snippet:-1, max-image-preview:large, max-video-preview:-1\" \/>\n<link rel=\"canonical\" href=\"https:\/\/midbectapeter.se\/en\/collection\/kalk-3\/kalk-klinte-61070\/\" \/>\n<meta property=\"og:locale\" content=\"en_US\" \/>\n<meta property=\"og:type\" content=\"article\" \/>\n<meta property=\"og:title\" content=\"Tapetm\u00f6nster Kalk Klinte - 61070 | Midbec Tapeter\" \/>\n<meta property=\"og:description\" content=\"Here a plain wallpaper in a shade of subtle blue. The blue palette is often perceived as calming and is therefore perfect in the bedroom many times. The calming color brings calmness and calms the mind. The surface is completely covered by a discreet mottled pattern in lime imitation and contributes to a more lively [&hellip;]\" \/>\n<meta property=\"og:url\" content=\"https:\/\/midbectapeter.se\/en\/collection\/kalk-3\/kalk-klinte-61070\/\" \/>\n<meta property=\"og:site_name\" content=\"Midbec Tapeter\" \/>\n<meta property=\"article:publisher\" content=\"https:\/\/www.facebook.com\/midbectapeter\" \/>\n<meta property=\"og:image\" content=\"https:\/\/midbectapeter.se\/wp-content\/uploads\/61070.jpg?_t=1757581231\" \/>\n\t<meta property=\"og:image:width\" content=\"1000\" \/>\n\t<meta property=\"og:image:height\" content=\"1000\" \/>\n\t<meta property=\"og:image:type\" content=\"image\/jpeg\" \/>\n<meta name=\"twitter:card\" content=\"summary_large_image\" \/>\n<script type=\"application\/ld+json\" class=\"yoast-schema-graph\">{\"@context\":\"https:\/\/schema.org\",\"@graph\":[{\"@type\":\"WebPage\",\"@id\":\"https:\/\/midbectapeter.se\/en\/collection\/kalk-3\/kalk-klinte-61070\/\",\"url\":\"https:\/\/midbectapeter.se\/en\/collection\/kalk-3\/kalk-klinte-61070\/\",\"name\":\"Tapetm\u00f6nster Kalk Klinte - 61070 | Midbec Tapeter\",\"isPartOf\":{\"@id\":\"https:\/\/midbectapeter.se\/en\/#website\"},\"primaryImageOfPage\":{\"@id\":\"https:\/\/midbectapeter.se\/en\/collection\/kalk-3\/kalk-klinte-61070\/#primaryimage\"},\"image\":{\"@id\":\"https:\/\/midbectapeter.se\/en\/collection\/kalk-3\/kalk-klinte-61070\/#primaryimage\"},\"thumbnailUrl\":\"https:\/\/midbectapeter.se\/wp-content\/uploads\/61070.jpg\",\"datePublished\":\"2026-02-25T14:35:21+00:00\",\"breadcrumb\":{\"@id\":\"https:\/\/midbectapeter.se\/en\/collection\/kalk-3\/kalk-klinte-61070\/#breadcrumb\"},\"inLanguage\":\"en-US\",\"potentialAction\":[{\"@type\":\"ReadAction\",\"target\":[\"https:\/\/midbectapeter.se\/en\/collection\/kalk-3\/kalk-klinte-61070\/\"]}]},{\"@type\":\"ImageObject\",\"inLanguage\":\"en-US\",\"@id\":\"https:\/\/midbectapeter.se\/en\/collection\/kalk-3\/kalk-klinte-61070\/#primaryimage\",\"url\":\"https:\/\/midbectapeter.se\/wp-content\/uploads\/61070.jpg\",\"contentUrl\":\"https:\/\/midbectapeter.se\/wp-content\/uploads\/61070.jpg\",\"width\":1000,\"height\":1000,\"caption\":\"Bl\u00e5 tapet med Enf\u00e4rgat, Kalk, m\u00f6nster\"},{\"@type\":\"BreadcrumbList\",\"@id\":\"https:\/\/midbectapeter.se\/en\/collection\/kalk-3\/kalk-klinte-61070\/#breadcrumb\",\"itemListElement\":[{\"@type\":\"ListItem\",\"position\":1,\"name\":\"Hem\",\"item\":\"https:\/\/midbectapeter.se\/en\/\"},{\"@type\":\"ListItem\",\"position\":2,\"name\":\"Products\",\"item\":\"https:\/\/midbectapeter.se\/en\/shop\/\"},{\"@type\":\"ListItem\",\"position\":3,\"name\":\"Kalk Klinte &#8211; 61070\"}]},{\"@type\":\"WebSite\",\"@id\":\"https:\/\/midbectapeter.se\/en\/#website\",\"url\":\"https:\/\/midbectapeter.se\/en\/\",\"name\":\"Midbec Tapeter\",\"description\":\"\",\"publisher\":{\"@id\":\"https:\/\/midbectapeter.se\/en\/#organization\"},\"potentialAction\":[{\"@type\":\"SearchAction\",\"target\":{\"@type\":\"EntryPoint\",\"urlTemplate\":\"https:\/\/midbectapeter.se\/en\/?s={search_term_string}\"},\"query-input\":{\"@type\":\"PropertyValueSpecification\",\"valueRequired\":true,\"valueName\":\"search_term_string\"}}],\"inLanguage\":\"en-US\"},{\"@type\":\"Organization\",\"@id\":\"https:\/\/midbectapeter.se\/en\/#organization\",\"name\":\"Midbec Tapeter\",\"url\":\"https:\/\/midbectapeter.se\/en\/\",\"logo\":{\"@type\":\"ImageObject\",\"inLanguage\":\"en-US\",\"@id\":\"https:\/\/midbectapeter.se\/en\/#\/schema\/logo\/image\/\",\"url\":\"https:\/\/midbectapeter.se\/wp-content\/uploads\/2022\/02\/midbec-logo-black.svg\",\"contentUrl\":\"https:\/\/midbectapeter.se\/wp-content\/uploads\/2022\/02\/midbec-logo-black.svg\",\"width\":1,\"height\":1,\"caption\":\"Midbec Tapeter\"},\"image\":{\"@id\":\"https:\/\/midbectapeter.se\/en\/#\/schema\/logo\/image\/\"},\"sameAs\":[\"https:\/\/www.facebook.com\/midbectapeter\",\"https:\/\/www.instagram.com\/midbectapeter\/\",\"https:\/\/www.pinterest.se\/midbec\/\"]},{\"@type\":\"Product\",\"name\":\"Kalk Klinte - 61070\",\"image\":[\"https:\/\/midbectapeter.se\/wp-content\/uploads\/61070.jpg\",\"https:\/\/midbectapeter.se\/wp-content\/uploads\/61070__kok__1__tapet.jpg\",\"https:\/\/midbectapeter.se\/wp-content\/uploads\/61070__rulle.jpg\"],\"offers\":{\"@type\":\"Offer\",\"priceCurrency\":\"SEK\",\"price\":\"\",\"availability\":\"https:\/\/schema.org\/InStock\",\"url\":\"https:\/\/midbectapeter.se\/en\/collection\/kalk-3\/kalk-klinte-61070\/\"},\"description\":\"Here a plain wallpaper in a shade of subtle blue. The blue palette is often perceived as calming and is therefore perfect in the bedroom many times. The calming color brings calmness and calms the mind. The surface is completely covered by a discreet mottled pattern in lime imitation and contributes to a more lively feeling.\",\"brand\":{\"@type\":\"Brand\",\"name\":\"Midbec Tapeter\"},\"sku\":\"61070\",\"category\":\"Kalk 3\",\"material\":\"Non-woven\",\"color\":\"Blue\",\"productID\":110140}]}<\/script>\n<!-- \/ Yoast SEO plugin. -->","yoast_head_json":{"title":"Tapetm\u00f6nster Kalk Klinte - 61070 | Midbec Tapeter","robots":{"index":"index","follow":"follow","max-snippet":"max-snippet:-1","max-image-preview":"max-image-preview:large","max-video-preview":"max-video-preview:-1"},"canonical":"https:\/\/midbectapeter.se\/en\/collection\/kalk-3\/kalk-klinte-61070\/","og_locale":"en_US","og_type":"article","og_title":"Tapetm\u00f6nster Kalk Klinte - 61070 | Midbec Tapeter","og_description":"Here a plain wallpaper in a shade of subtle blue. The blue palette is often perceived as calming and is therefore perfect in the bedroom many times. The calming color brings calmness and calms the mind. The surface is completely covered by a discreet mottled pattern in lime imitation and contributes to a more lively [&hellip;]","og_url":"https:\/\/midbectapeter.se\/en\/collection\/kalk-3\/kalk-klinte-61070\/","og_site_name":"Midbec Tapeter","article_publisher":"https:\/\/www.facebook.com\/midbectapeter","og_image":[{"width":1000,"height":1000,"url":"https:\/\/midbectapeter.se\/wp-content\/uploads\/61070.jpg?_t=1757581231","type":"image\/jpeg"}],"twitter_card":"summary_large_image","schema":{"@context":"https:\/\/schema.org","@graph":[{"@type":"WebPage","@id":"https:\/\/midbectapeter.se\/en\/collection\/kalk-3\/kalk-klinte-61070\/","url":"https:\/\/midbectapeter.se\/en\/collection\/kalk-3\/kalk-klinte-61070\/","name":"Tapetm\u00f6nster Kalk Klinte - 61070 | Midbec Tapeter","isPartOf":{"@id":"https:\/\/midbectapeter.se\/en\/#website"},"primaryImageOfPage":{"@id":"https:\/\/midbectapeter.se\/en\/collection\/kalk-3\/kalk-klinte-61070\/#primaryimage"},"image":{"@id":"https:\/\/midbectapeter.se\/en\/collection\/kalk-3\/kalk-klinte-61070\/#primaryimage"},"thumbnailUrl":"https:\/\/midbectapeter.se\/wp-content\/uploads\/61070.jpg","datePublished":"2026-02-25T14:35:21+00:00","breadcrumb":{"@id":"https:\/\/midbectapeter.se\/en\/collection\/kalk-3\/kalk-klinte-61070\/#breadcrumb"},"inLanguage":"en-US","potentialAction":[{"@type":"ReadAction","target":["https:\/\/midbectapeter.se\/en\/collection\/kalk-3\/kalk-klinte-61070\/"]}]},{"@type":"ImageObject","inLanguage":"en-US","@id":"https:\/\/midbectapeter.se\/en\/collection\/kalk-3\/kalk-klinte-61070\/#primaryimage","url":"https:\/\/midbectapeter.se\/wp-content\/uploads\/61070.jpg","contentUrl":"https:\/\/midbectapeter.se\/wp-content\/uploads\/61070.jpg","width":1000,"height":1000,"caption":"Bl\u00e5 tapet med Enf\u00e4rgat, Kalk, m\u00f6nster"},{"@type":"BreadcrumbList","@id":"https:\/\/midbectapeter.se\/en\/collection\/kalk-3\/kalk-klinte-61070\/#breadcrumb","itemListElement":[{"@type":"ListItem","position":1,"name":"Hem","item":"https:\/\/midbectapeter.se\/en\/"},{"@type":"ListItem","position":2,"name":"Products","item":"https:\/\/midbectapeter.se\/en\/shop\/"},{"@type":"ListItem","position":3,"name":"Kalk Klinte &#8211; 61070"}]},{"@type":"WebSite","@id":"https:\/\/midbectapeter.se\/en\/#website","url":"https:\/\/midbectapeter.se\/en\/","name":"Midbec Tapeter","description":"","publisher":{"@id":"https:\/\/midbectapeter.se\/en\/#organization"},"potentialAction":[{"@type":"SearchAction","target":{"@type":"EntryPoint","urlTemplate":"https:\/\/midbectapeter.se\/en\/?s={search_term_string}"},"query-input":{"@type":"PropertyValueSpecification","valueRequired":true,"valueName":"search_term_string"}}],"inLanguage":"en-US"},{"@type":"Organization","@id":"https:\/\/midbectapeter.se\/en\/#organization","name":"Midbec Tapeter","url":"https:\/\/midbectapeter.se\/en\/","logo":{"@type":"ImageObject","inLanguage":"en-US","@id":"https:\/\/midbectapeter.se\/en\/#\/schema\/logo\/image\/","url":"https:\/\/midbectapeter.se\/wp-content\/uploads\/2022\/02\/midbec-logo-black.svg","contentUrl":"https:\/\/midbectapeter.se\/wp-content\/uploads\/2022\/02\/midbec-logo-black.svg","width":1,"height":1,"caption":"Midbec Tapeter"},"image":{"@id":"https:\/\/midbectapeter.se\/en\/#\/schema\/logo\/image\/"},"sameAs":["https:\/\/www.facebook.com\/midbectapeter","https:\/\/www.instagram.com\/midbectapeter\/","https:\/\/www.pinterest.se\/midbec\/"]},{"@type":"Product","name":"Kalk Klinte - 61070","image":["https:\/\/midbectapeter.se\/wp-content\/uploads\/61070.jpg","https:\/\/midbectapeter.se\/wp-content\/uploads\/61070__kok__1__tapet.jpg","https:\/\/midbectapeter.se\/wp-content\/uploads\/61070__rulle.jpg"],"offers":{"@type":"Offer","priceCurrency":"SEK","price":"","availability":"https:\/\/schema.org\/InStock","url":"https:\/\/midbectapeter.se\/en\/collection\/kalk-3\/kalk-klinte-61070\/"},"description":"Here a plain wallpaper in a shade of subtle blue. The blue palette is often perceived as calming and is therefore perfect in the bedroom many times. The calming color brings calmness and calms the mind. The surface is completely covered by a discreet mottled pattern in lime imitation and contributes to a more lively feeling.","brand":{"@type":"Brand","name":"Midbec Tapeter"},"sku":"61070","category":"Kalk 3","material":"Non-woven","color":"Blue","productID":110140}]}},"_links":{"self":[{"href":"https:\/\/midbectapeter.se\/en\/wp-json\/wp\/v2\/product\/110140","targetHints":{"allow":["GET"]}}],"collection":[{"href":"https:\/\/midbectapeter.se\/en\/wp-json\/wp\/v2\/product"}],"about":[{"href":"https:\/\/midbectapeter.se\/en\/wp-json\/wp\/v2\/types\/product"}],"replies":[{"embeddable":true,"href":"https:\/\/midbectapeter.se\/en\/wp-json\/wp\/v2\/comments?post=110140"}],"wp:featuredmedia":[{"embeddable":true,"href":"https:\/\/midbectapeter.se\/en\/wp-json\/wp\/v2\/media\/95644"}],"wp:attachment":[{"href":"https:\/\/midbectapeter.se\/en\/wp-json\/wp\/v2\/media?parent=110140"}],"wp:term":[{"taxonomy":"product_brand","embeddable":true,"href":"https:\/\/midbectapeter.se\/en\/wp-json\/wp\/v2\/product_brand?post=110140"},{"taxonomy":"product_cat","embeddable":true,"href":"https:\/\/midbectapeter.se\/en\/wp-json\/wp\/v2\/product_cat?post=110140"},{"taxonomy":"product_tag","embeddable":true,"href":"https:\/\/midbectapeter.se\/en\/wp-json\/wp\/v2\/product_tag?post=110140"},{"taxonomy":"texture_surface","embeddable":true,"href":"https:\/\/midbectapeter.se\/en\/wp-json\/wp\/v2\/texture_surface?post=110140"},{"taxonomy":"designers","embeddable":true,"href":"https:\/\/midbectapeter.se\/en\/wp-json\/wp\/v2\/designers?post=110140"},{"taxonomy":"cat_colors","embeddable":true,"href":"https:\/\/midbectapeter.se\/en\/wp-json\/wp\/v2\/cat_colors?post=110140"},{"taxonomy":"cat_patterns","embeddable":true,"href":"https:\/\/midbectapeter.se\/en\/wp-json\/wp\/v2\/cat_patterns?post=110140"},{"taxonomy":"cat_styles","embeddable":true,"href":"https:\/\/midbectapeter.se\/en\/wp-json\/wp\/v2\/cat_styles?post=110140"},{"taxonomy":"cat_rooms","embeddable":true,"href":"https:\/\/midbectapeter.se\/en\/wp-json\/wp\/v2\/cat_rooms?post=110140"}],"curies":[{"name":"wp","href":"https:\/\/api.w.org\/{rel}","templated":true}]}}