{"id":110200,"date":"2026-02-25T15:25:29","date_gmt":"2026-02-25T14:25:29","guid":{"rendered":"https:\/\/midbectapeter.se\/kollektion\/uncategorized\/kalk-sala-61004\/"},"modified":"2025-05-26T11:39:27","modified_gmt":"2025-05-26T09:39:27","slug":"kalk-sala-61004","status":"publish","type":"product","link":"https:\/\/midbectapeter.se\/en\/collection\/kalk\/kalk-sala-61004\/","title":{"rendered":"Kalk Sala &#8211; 61004"},"content":{"rendered":"<p>A beautiful light gray wallpaper in lime imitation that is perfect for those who want a cold, stripped down industrial feel. The wallpaper with its raw vinyl surface is reminiscent of a painted whitewash wall. Vivid and effective, the wallpaper creates unforgettable walls.<\/p>\n","protected":false},"excerpt":{"rendered":"<p>A beautiful light gray wallpaper in lime imitation that is perfect for those who want a cold, stripped down industrial feel. The wallpaper with its raw vinyl surface is reminiscent of a painted whitewash wall. Vivid and effective, the wallpaper creates unforgettable walls.<\/p>\n","protected":false},"featured_media":95457,"comment_status":"closed","ping_status":"closed","template":"","meta":{"_acf_changed":false},"product_brand":[],"product_cat":[337],"product_tag":[],"texture_surface":[327,305],"designers":[93],"cat_colors":[318],"cat_patterns":[235,253],"cat_styles":[236,213,218],"cat_rooms":[238,268],"class_list":{"0":"post-110200","1":"product","2":"type-product","3":"status-publish","4":"has-post-thumbnail","6":"product_cat-kalk-3","7":"texture_surface-latt-struktur-en","8":"texture_surface-matte","9":"designers-bjorn-nilsson","10":"cat_colors-gra-en","11":"cat_patterns-enfargat","12":"cat_patterns-kalk","13":"cat_styles-industriell","14":"cat_styles-modern","15":"cat_styles-skandinavisk","16":"cat_rooms-hall","17":"cat_rooms-rulle","19":"first","20":"instock","21":"taxable","22":"shipping-taxable","23":"purchasable","24":"product-type-variable"},"acf":{"visible_in_wallpaper_tool":true,"wallpaper_size_setting_1":100,"wallpaper_size_setting_2":500,"wallpaper_size_setting_3":500},"yoast_head":"<!-- This site is optimized with the Yoast SEO plugin v26.4 - https:\/\/yoast.com\/wordpress\/plugins\/seo\/ -->\n<title>Tapetm\u00f6nster Kalk Sala - 61004 | Midbec Tapeter<\/title>\n<meta name=\"robots\" content=\"index, follow, max-snippet:-1, max-image-preview:large, max-video-preview:-1\" \/>\n<link rel=\"canonical\" href=\"https:\/\/midbectapeter.se\/en\/collection\/kalk\/kalk-sala-61004\/\" \/>\n<meta property=\"og:locale\" content=\"en_US\" \/>\n<meta property=\"og:type\" content=\"article\" \/>\n<meta property=\"og:title\" content=\"Tapetm\u00f6nster Kalk Sala - 61004 | Midbec Tapeter\" \/>\n<meta property=\"og:description\" content=\"A beautiful light gray wallpaper in lime imitation that is perfect for those who want a cold, stripped down industrial feel. The wallpaper with its raw vinyl surface is reminiscent of a painted whitewash wall. Vivid and effective, the wallpaper creates unforgettable walls.\" \/>\n<meta property=\"og:url\" content=\"https:\/\/midbectapeter.se\/en\/collection\/kalk\/kalk-sala-61004\/\" \/>\n<meta property=\"og:site_name\" content=\"Midbec Tapeter\" \/>\n<meta property=\"article:publisher\" content=\"https:\/\/www.facebook.com\/midbectapeter\" \/>\n<meta property=\"og:image\" content=\"https:\/\/midbectapeter.se\/wp-content\/uploads\/61004.jpg?_t=1757581052\" \/>\n\t<meta property=\"og:image:width\" content=\"1000\" \/>\n\t<meta property=\"og:image:height\" content=\"1000\" \/>\n\t<meta property=\"og:image:type\" content=\"image\/jpeg\" \/>\n<meta name=\"twitter:card\" content=\"summary_large_image\" \/>\n<script type=\"application\/ld+json\" class=\"yoast-schema-graph\">{\"@context\":\"https:\/\/schema.org\",\"@graph\":[{\"@type\":\"WebPage\",\"@id\":\"https:\/\/midbectapeter.se\/en\/collection\/kalk\/kalk-sala-61004\/\",\"url\":\"https:\/\/midbectapeter.se\/en\/collection\/kalk\/kalk-sala-61004\/\",\"name\":\"Tapetm\u00f6nster Kalk Sala - 61004 | Midbec Tapeter\",\"isPartOf\":{\"@id\":\"https:\/\/midbectapeter.se\/en\/#website\"},\"primaryImageOfPage\":{\"@id\":\"https:\/\/midbectapeter.se\/en\/collection\/kalk\/kalk-sala-61004\/#primaryimage\"},\"image\":{\"@id\":\"https:\/\/midbectapeter.se\/en\/collection\/kalk\/kalk-sala-61004\/#primaryimage\"},\"thumbnailUrl\":\"https:\/\/midbectapeter.se\/wp-content\/uploads\/61004.jpg\",\"datePublished\":\"2026-02-25T14:25:29+00:00\",\"breadcrumb\":{\"@id\":\"https:\/\/midbectapeter.se\/en\/collection\/kalk\/kalk-sala-61004\/#breadcrumb\"},\"inLanguage\":\"en-US\",\"potentialAction\":[{\"@type\":\"ReadAction\",\"target\":[\"https:\/\/midbectapeter.se\/en\/collection\/kalk\/kalk-sala-61004\/\"]}]},{\"@type\":\"ImageObject\",\"inLanguage\":\"en-US\",\"@id\":\"https:\/\/midbectapeter.se\/en\/collection\/kalk\/kalk-sala-61004\/#primaryimage\",\"url\":\"https:\/\/midbectapeter.se\/wp-content\/uploads\/61004.jpg\",\"contentUrl\":\"https:\/\/midbectapeter.se\/wp-content\/uploads\/61004.jpg\",\"width\":1000,\"height\":1000,\"caption\":\"Gr\u00e5 tapet med Enf\u00e4rgat, Kalk, m\u00f6nster\"},{\"@type\":\"BreadcrumbList\",\"@id\":\"https:\/\/midbectapeter.se\/en\/collection\/kalk\/kalk-sala-61004\/#breadcrumb\",\"itemListElement\":[{\"@type\":\"ListItem\",\"position\":1,\"name\":\"Hem\",\"item\":\"https:\/\/midbectapeter.se\/en\/\"},{\"@type\":\"ListItem\",\"position\":2,\"name\":\"Products\",\"item\":\"https:\/\/midbectapeter.se\/en\/shop\/\"},{\"@type\":\"ListItem\",\"position\":3,\"name\":\"Kalk Sala &#8211; 61004\"}]},{\"@type\":\"WebSite\",\"@id\":\"https:\/\/midbectapeter.se\/en\/#website\",\"url\":\"https:\/\/midbectapeter.se\/en\/\",\"name\":\"Midbec Tapeter\",\"description\":\"\",\"publisher\":{\"@id\":\"https:\/\/midbectapeter.se\/en\/#organization\"},\"potentialAction\":[{\"@type\":\"SearchAction\",\"target\":{\"@type\":\"EntryPoint\",\"urlTemplate\":\"https:\/\/midbectapeter.se\/en\/?s={search_term_string}\"},\"query-input\":{\"@type\":\"PropertyValueSpecification\",\"valueRequired\":true,\"valueName\":\"search_term_string\"}}],\"inLanguage\":\"en-US\"},{\"@type\":\"Organization\",\"@id\":\"https:\/\/midbectapeter.se\/en\/#organization\",\"name\":\"Midbec Tapeter\",\"url\":\"https:\/\/midbectapeter.se\/en\/\",\"logo\":{\"@type\":\"ImageObject\",\"inLanguage\":\"en-US\",\"@id\":\"https:\/\/midbectapeter.se\/en\/#\/schema\/logo\/image\/\",\"url\":\"https:\/\/midbectapeter.se\/wp-content\/uploads\/2022\/02\/midbec-logo-black.svg\",\"contentUrl\":\"https:\/\/midbectapeter.se\/wp-content\/uploads\/2022\/02\/midbec-logo-black.svg\",\"width\":1,\"height\":1,\"caption\":\"Midbec Tapeter\"},\"image\":{\"@id\":\"https:\/\/midbectapeter.se\/en\/#\/schema\/logo\/image\/\"},\"sameAs\":[\"https:\/\/www.facebook.com\/midbectapeter\",\"https:\/\/www.instagram.com\/midbectapeter\/\",\"https:\/\/www.pinterest.se\/midbec\/\"]},{\"@type\":\"Product\",\"name\":\"Kalk Sala - 61004\",\"image\":[\"https:\/\/midbectapeter.se\/wp-content\/uploads\/61004.jpg\",\"https:\/\/midbectapeter.se\/wp-content\/uploads\/61004__hall__1__tapet.jpg\",\"https:\/\/midbectapeter.se\/wp-content\/uploads\/61004__rulle.jpg\"],\"offers\":{\"@type\":\"Offer\",\"priceCurrency\":\"SEK\",\"price\":\"\",\"availability\":\"https:\/\/schema.org\/InStock\",\"url\":\"https:\/\/midbectapeter.se\/en\/collection\/kalk\/kalk-sala-61004\/\"},\"description\":\"A beautiful light gray wallpaper in lime imitation that is perfect for those who want a cold, stripped down industrial feel. The wallpaper with its raw vinyl surface is reminiscent of a painted whitewash wall. Vivid and effective, the wallpaper creates unforgettable walls.\",\"brand\":{\"@type\":\"Brand\",\"name\":\"Midbec Tapeter\"},\"sku\":\"61004\",\"category\":\"Kalk 3\",\"material\":\"Non-woven\",\"color\":\"Gray\",\"productID\":110200}]}<\/script>\n<!-- \/ Yoast SEO plugin. -->","yoast_head_json":{"title":"Tapetm\u00f6nster Kalk Sala - 61004 | Midbec Tapeter","robots":{"index":"index","follow":"follow","max-snippet":"max-snippet:-1","max-image-preview":"max-image-preview:large","max-video-preview":"max-video-preview:-1"},"canonical":"https:\/\/midbectapeter.se\/en\/collection\/kalk\/kalk-sala-61004\/","og_locale":"en_US","og_type":"article","og_title":"Tapetm\u00f6nster Kalk Sala - 61004 | Midbec Tapeter","og_description":"A beautiful light gray wallpaper in lime imitation that is perfect for those who want a cold, stripped down industrial feel. The wallpaper with its raw vinyl surface is reminiscent of a painted whitewash wall. Vivid and effective, the wallpaper creates unforgettable walls.","og_url":"https:\/\/midbectapeter.se\/en\/collection\/kalk\/kalk-sala-61004\/","og_site_name":"Midbec Tapeter","article_publisher":"https:\/\/www.facebook.com\/midbectapeter","og_image":[{"width":1000,"height":1000,"url":"https:\/\/midbectapeter.se\/wp-content\/uploads\/61004.jpg?_t=1757581052","type":"image\/jpeg"}],"twitter_card":"summary_large_image","schema":{"@context":"https:\/\/schema.org","@graph":[{"@type":"WebPage","@id":"https:\/\/midbectapeter.se\/en\/collection\/kalk\/kalk-sala-61004\/","url":"https:\/\/midbectapeter.se\/en\/collection\/kalk\/kalk-sala-61004\/","name":"Tapetm\u00f6nster Kalk Sala - 61004 | Midbec Tapeter","isPartOf":{"@id":"https:\/\/midbectapeter.se\/en\/#website"},"primaryImageOfPage":{"@id":"https:\/\/midbectapeter.se\/en\/collection\/kalk\/kalk-sala-61004\/#primaryimage"},"image":{"@id":"https:\/\/midbectapeter.se\/en\/collection\/kalk\/kalk-sala-61004\/#primaryimage"},"thumbnailUrl":"https:\/\/midbectapeter.se\/wp-content\/uploads\/61004.jpg","datePublished":"2026-02-25T14:25:29+00:00","breadcrumb":{"@id":"https:\/\/midbectapeter.se\/en\/collection\/kalk\/kalk-sala-61004\/#breadcrumb"},"inLanguage":"en-US","potentialAction":[{"@type":"ReadAction","target":["https:\/\/midbectapeter.se\/en\/collection\/kalk\/kalk-sala-61004\/"]}]},{"@type":"ImageObject","inLanguage":"en-US","@id":"https:\/\/midbectapeter.se\/en\/collection\/kalk\/kalk-sala-61004\/#primaryimage","url":"https:\/\/midbectapeter.se\/wp-content\/uploads\/61004.jpg","contentUrl":"https:\/\/midbectapeter.se\/wp-content\/uploads\/61004.jpg","width":1000,"height":1000,"caption":"Gr\u00e5 tapet med Enf\u00e4rgat, Kalk, m\u00f6nster"},{"@type":"BreadcrumbList","@id":"https:\/\/midbectapeter.se\/en\/collection\/kalk\/kalk-sala-61004\/#breadcrumb","itemListElement":[{"@type":"ListItem","position":1,"name":"Hem","item":"https:\/\/midbectapeter.se\/en\/"},{"@type":"ListItem","position":2,"name":"Products","item":"https:\/\/midbectapeter.se\/en\/shop\/"},{"@type":"ListItem","position":3,"name":"Kalk Sala &#8211; 61004"}]},{"@type":"WebSite","@id":"https:\/\/midbectapeter.se\/en\/#website","url":"https:\/\/midbectapeter.se\/en\/","name":"Midbec Tapeter","description":"","publisher":{"@id":"https:\/\/midbectapeter.se\/en\/#organization"},"potentialAction":[{"@type":"SearchAction","target":{"@type":"EntryPoint","urlTemplate":"https:\/\/midbectapeter.se\/en\/?s={search_term_string}"},"query-input":{"@type":"PropertyValueSpecification","valueRequired":true,"valueName":"search_term_string"}}],"inLanguage":"en-US"},{"@type":"Organization","@id":"https:\/\/midbectapeter.se\/en\/#organization","name":"Midbec Tapeter","url":"https:\/\/midbectapeter.se\/en\/","logo":{"@type":"ImageObject","inLanguage":"en-US","@id":"https:\/\/midbectapeter.se\/en\/#\/schema\/logo\/image\/","url":"https:\/\/midbectapeter.se\/wp-content\/uploads\/2022\/02\/midbec-logo-black.svg","contentUrl":"https:\/\/midbectapeter.se\/wp-content\/uploads\/2022\/02\/midbec-logo-black.svg","width":1,"height":1,"caption":"Midbec Tapeter"},"image":{"@id":"https:\/\/midbectapeter.se\/en\/#\/schema\/logo\/image\/"},"sameAs":["https:\/\/www.facebook.com\/midbectapeter","https:\/\/www.instagram.com\/midbectapeter\/","https:\/\/www.pinterest.se\/midbec\/"]},{"@type":"Product","name":"Kalk Sala - 61004","image":["https:\/\/midbectapeter.se\/wp-content\/uploads\/61004.jpg","https:\/\/midbectapeter.se\/wp-content\/uploads\/61004__hall__1__tapet.jpg","https:\/\/midbectapeter.se\/wp-content\/uploads\/61004__rulle.jpg"],"offers":{"@type":"Offer","priceCurrency":"SEK","price":"","availability":"https:\/\/schema.org\/InStock","url":"https:\/\/midbectapeter.se\/en\/collection\/kalk\/kalk-sala-61004\/"},"description":"A beautiful light gray wallpaper in lime imitation that is perfect for those who want a cold, stripped down industrial feel. The wallpaper with its raw vinyl surface is reminiscent of a painted whitewash wall. Vivid and effective, the wallpaper creates unforgettable walls.","brand":{"@type":"Brand","name":"Midbec Tapeter"},"sku":"61004","category":"Kalk 3","material":"Non-woven","color":"Gray","productID":110200}]}},"_links":{"self":[{"href":"https:\/\/midbectapeter.se\/en\/wp-json\/wp\/v2\/product\/110200","targetHints":{"allow":["GET"]}}],"collection":[{"href":"https:\/\/midbectapeter.se\/en\/wp-json\/wp\/v2\/product"}],"about":[{"href":"https:\/\/midbectapeter.se\/en\/wp-json\/wp\/v2\/types\/product"}],"replies":[{"embeddable":true,"href":"https:\/\/midbectapeter.se\/en\/wp-json\/wp\/v2\/comments?post=110200"}],"wp:featuredmedia":[{"embeddable":true,"href":"https:\/\/midbectapeter.se\/en\/wp-json\/wp\/v2\/media\/95457"}],"wp:attachment":[{"href":"https:\/\/midbectapeter.se\/en\/wp-json\/wp\/v2\/media?parent=110200"}],"wp:term":[{"taxonomy":"product_brand","embeddable":true,"href":"https:\/\/midbectapeter.se\/en\/wp-json\/wp\/v2\/product_brand?post=110200"},{"taxonomy":"product_cat","embeddable":true,"href":"https:\/\/midbectapeter.se\/en\/wp-json\/wp\/v2\/product_cat?post=110200"},{"taxonomy":"product_tag","embeddable":true,"href":"https:\/\/midbectapeter.se\/en\/wp-json\/wp\/v2\/product_tag?post=110200"},{"taxonomy":"texture_surface","embeddable":true,"href":"https:\/\/midbectapeter.se\/en\/wp-json\/wp\/v2\/texture_surface?post=110200"},{"taxonomy":"designers","embeddable":true,"href":"https:\/\/midbectapeter.se\/en\/wp-json\/wp\/v2\/designers?post=110200"},{"taxonomy":"cat_colors","embeddable":true,"href":"https:\/\/midbectapeter.se\/en\/wp-json\/wp\/v2\/cat_colors?post=110200"},{"taxonomy":"cat_patterns","embeddable":true,"href":"https:\/\/midbectapeter.se\/en\/wp-json\/wp\/v2\/cat_patterns?post=110200"},{"taxonomy":"cat_styles","embeddable":true,"href":"https:\/\/midbectapeter.se\/en\/wp-json\/wp\/v2\/cat_styles?post=110200"},{"taxonomy":"cat_rooms","embeddable":true,"href":"https:\/\/midbectapeter.se\/en\/wp-json\/wp\/v2\/cat_rooms?post=110200"}],"curies":[{"name":"wp","href":"https:\/\/api.w.org\/{rel}","templated":true}]}}