{"id":110522,"date":"2026-02-25T14:40:53","date_gmt":"2026-02-25T13:40:53","guid":{"rendered":"https:\/\/midbectapeter.se\/kollektion\/uncategorized\/bernadina-34024\/"},"modified":"2025-05-26T10:13:59","modified_gmt":"2025-05-26T08:13:59","slug":"bernadina-34024","status":"publish","type":"product","link":"https:\/\/midbectapeter.se\/en\/collection\/fagelsang\/bernadina-34024\/","title":{"rendered":"Bernadina &#8211; 34024"},"content":{"rendered":"<p>Enchanted by an expressive floral pattern in a tasteful contrasting color scheme of powdery pink and softly muted green. The wallpaper&#8217;s Bernadina pattern of beautifully unfolded flowers, in a sheer foliage among chirping birds, is dreamy and peaceful. Let the wallpaper contribute to an inviting and homely feeling in rooms such as the kitchen and dining area where we often hang out.<\/p>\n","protected":false},"excerpt":{"rendered":"<p>Enchanted by an expressive floral pattern in a tasteful contrasting color scheme of powdery pink and softly muted green. The wallpaper&#8217;s Bernadina pattern of beautifully unfolded flowers, in a sheer foliage among chirping birds, is dreamy and peaceful. Let the wallpaper contribute to an inviting and homely feeling in rooms such as the kitchen and [&hellip;]<\/p>\n","protected":false},"featured_media":101652,"comment_status":"closed","ping_status":"closed","template":"","meta":{"_acf_changed":false},"product_brand":[],"product_cat":[334],"product_tag":[356],"texture_surface":[305,306],"designers":[302],"cat_colors":[295],"cat_patterns":[312,296],"cat_styles":[301],"cat_rooms":[219],"class_list":{"0":"post-110522","1":"product","2":"type-product","3":"status-publish","4":"has-post-thumbnail","6":"product_cat-fagelsang","7":"product_tag-faglar-en","8":"texture_surface-matte","9":"texture_surface-smooth","10":"designers-hanna-wendelbo","11":"cat_colors-green","12":"cat_patterns-big-pattern","13":"cat_patterns-floral","14":"cat_styles-old-fashioned","15":"cat_rooms-vardagsrum","17":"first","18":"instock","19":"taxable","20":"shipping-taxable","21":"purchasable","22":"product-type-variable"},"acf":{"visible_in_wallpaper_tool":true,"wallpaper_size_setting_1":100,"wallpaper_size_setting_2":500,"wallpaper_size_setting_3":500},"yoast_head":"<!-- This site is optimized with the Yoast SEO plugin v26.4 - https:\/\/yoast.com\/wordpress\/plugins\/seo\/ -->\n<title>Tapetm\u00f6nster Bernadina - 34024 | Midbec Tapeter<\/title>\n<meta name=\"robots\" content=\"index, follow, max-snippet:-1, max-image-preview:large, max-video-preview:-1\" \/>\n<link rel=\"canonical\" href=\"https:\/\/midbectapeter.se\/en\/collection\/fagelsang\/bernadina-34024\/\" \/>\n<meta property=\"og:locale\" content=\"en_US\" \/>\n<meta property=\"og:type\" content=\"article\" \/>\n<meta property=\"og:title\" content=\"Tapetm\u00f6nster Bernadina - 34024 | Midbec Tapeter\" \/>\n<meta property=\"og:description\" content=\"Enchanted by an expressive floral pattern in a tasteful contrasting color scheme of powdery pink and softly muted green. The wallpaper&#8217;s Bernadina pattern of beautifully unfolded flowers, in a sheer foliage among chirping birds, is dreamy and peaceful. Let the wallpaper contribute to an inviting and homely feeling in rooms such as the kitchen and [&hellip;]\" \/>\n<meta property=\"og:url\" content=\"https:\/\/midbectapeter.se\/en\/collection\/fagelsang\/bernadina-34024\/\" \/>\n<meta property=\"og:site_name\" content=\"Midbec Tapeter\" \/>\n<meta property=\"article:publisher\" content=\"https:\/\/www.facebook.com\/midbectapeter\" \/>\n<meta property=\"og:image\" content=\"https:\/\/midbectapeter.se\/wp-content\/uploads\/34024.jpg?_t=1757580015\" \/>\n\t<meta property=\"og:image:width\" content=\"1000\" \/>\n\t<meta property=\"og:image:height\" content=\"1000\" \/>\n\t<meta property=\"og:image:type\" content=\"image\/jpeg\" \/>\n<meta name=\"twitter:card\" content=\"summary_large_image\" \/>\n<script type=\"application\/ld+json\" class=\"yoast-schema-graph\">{\"@context\":\"https:\/\/schema.org\",\"@graph\":[{\"@type\":\"WebPage\",\"@id\":\"https:\/\/midbectapeter.se\/en\/collection\/fagelsang\/bernadina-34024\/\",\"url\":\"https:\/\/midbectapeter.se\/en\/collection\/fagelsang\/bernadina-34024\/\",\"name\":\"Tapetm\u00f6nster Bernadina - 34024 | Midbec Tapeter\",\"isPartOf\":{\"@id\":\"https:\/\/midbectapeter.se\/en\/#website\"},\"primaryImageOfPage\":{\"@id\":\"https:\/\/midbectapeter.se\/en\/collection\/fagelsang\/bernadina-34024\/#primaryimage\"},\"image\":{\"@id\":\"https:\/\/midbectapeter.se\/en\/collection\/fagelsang\/bernadina-34024\/#primaryimage\"},\"thumbnailUrl\":\"https:\/\/midbectapeter.se\/wp-content\/uploads\/34024.jpg\",\"datePublished\":\"2026-02-25T13:40:53+00:00\",\"breadcrumb\":{\"@id\":\"https:\/\/midbectapeter.se\/en\/collection\/fagelsang\/bernadina-34024\/#breadcrumb\"},\"inLanguage\":\"en-US\",\"potentialAction\":[{\"@type\":\"ReadAction\",\"target\":[\"https:\/\/midbectapeter.se\/en\/collection\/fagelsang\/bernadina-34024\/\"]}]},{\"@type\":\"ImageObject\",\"inLanguage\":\"en-US\",\"@id\":\"https:\/\/midbectapeter.se\/en\/collection\/fagelsang\/bernadina-34024\/#primaryimage\",\"url\":\"https:\/\/midbectapeter.se\/wp-content\/uploads\/34024.jpg\",\"contentUrl\":\"https:\/\/midbectapeter.se\/wp-content\/uploads\/34024.jpg\",\"width\":1000,\"height\":1000,\"caption\":\"Gr\u00f6n tapet med Blommigt, Djur, Storm\u00f6nstrat, F\u00e5glar m\u00f6nster\"},{\"@type\":\"BreadcrumbList\",\"@id\":\"https:\/\/midbectapeter.se\/en\/collection\/fagelsang\/bernadina-34024\/#breadcrumb\",\"itemListElement\":[{\"@type\":\"ListItem\",\"position\":1,\"name\":\"Hem\",\"item\":\"https:\/\/midbectapeter.se\/en\/\"},{\"@type\":\"ListItem\",\"position\":2,\"name\":\"Products\",\"item\":\"https:\/\/midbectapeter.se\/en\/shop\/\"},{\"@type\":\"ListItem\",\"position\":3,\"name\":\"Bernadina &#8211; 34024\"}]},{\"@type\":\"WebSite\",\"@id\":\"https:\/\/midbectapeter.se\/en\/#website\",\"url\":\"https:\/\/midbectapeter.se\/en\/\",\"name\":\"Midbec Tapeter\",\"description\":\"\",\"publisher\":{\"@id\":\"https:\/\/midbectapeter.se\/en\/#organization\"},\"potentialAction\":[{\"@type\":\"SearchAction\",\"target\":{\"@type\":\"EntryPoint\",\"urlTemplate\":\"https:\/\/midbectapeter.se\/en\/?s={search_term_string}\"},\"query-input\":{\"@type\":\"PropertyValueSpecification\",\"valueRequired\":true,\"valueName\":\"search_term_string\"}}],\"inLanguage\":\"en-US\"},{\"@type\":\"Organization\",\"@id\":\"https:\/\/midbectapeter.se\/en\/#organization\",\"name\":\"Midbec Tapeter\",\"url\":\"https:\/\/midbectapeter.se\/en\/\",\"logo\":{\"@type\":\"ImageObject\",\"inLanguage\":\"en-US\",\"@id\":\"https:\/\/midbectapeter.se\/en\/#\/schema\/logo\/image\/\",\"url\":\"https:\/\/midbectapeter.se\/wp-content\/uploads\/2022\/02\/midbec-logo-black.svg\",\"contentUrl\":\"https:\/\/midbectapeter.se\/wp-content\/uploads\/2022\/02\/midbec-logo-black.svg\",\"width\":1,\"height\":1,\"caption\":\"Midbec Tapeter\"},\"image\":{\"@id\":\"https:\/\/midbectapeter.se\/en\/#\/schema\/logo\/image\/\"},\"sameAs\":[\"https:\/\/www.facebook.com\/midbectapeter\",\"https:\/\/www.instagram.com\/midbectapeter\/\",\"https:\/\/www.pinterest.se\/midbec\/\"]},{\"@type\":\"Product\",\"name\":\"Bernadina - 34024\",\"image\":[\"https:\/\/midbectapeter.se\/wp-content\/uploads\/34024.jpg\",\"https:\/\/midbectapeter.se\/wp-content\/uploads\/34024__vardagsrum__1__tapet.jpg\"],\"offers\":{\"@type\":\"Offer\",\"priceCurrency\":\"SEK\",\"price\":\"\",\"availability\":\"https:\/\/schema.org\/InStock\",\"url\":\"https:\/\/midbectapeter.se\/en\/collection\/fagelsang\/bernadina-34024\/\"},\"description\":\"Enchanted by an expressive floral pattern in a tasteful contrasting color scheme of powdery pink and softly muted green. The wallpaper's Bernadina pattern of beautifully unfolded flowers, in a sheer foliage among chirping birds, is dreamy and peaceful. Let the wallpaper contribute to an inviting and homely feeling in rooms such as the kitchen and dining area where we often hang out.\",\"brand\":{\"@type\":\"Brand\",\"name\":\"Midbec Tapeter\"},\"sku\":\"34024\",\"category\":\"F\u00e5gels\u00e5ng\",\"material\":\"Non-woven\",\"color\":\"Green\",\"productID\":110522}]}<\/script>\n<!-- \/ Yoast SEO plugin. -->","yoast_head_json":{"title":"Tapetm\u00f6nster Bernadina - 34024 | Midbec Tapeter","robots":{"index":"index","follow":"follow","max-snippet":"max-snippet:-1","max-image-preview":"max-image-preview:large","max-video-preview":"max-video-preview:-1"},"canonical":"https:\/\/midbectapeter.se\/en\/collection\/fagelsang\/bernadina-34024\/","og_locale":"en_US","og_type":"article","og_title":"Tapetm\u00f6nster Bernadina - 34024 | Midbec Tapeter","og_description":"Enchanted by an expressive floral pattern in a tasteful contrasting color scheme of powdery pink and softly muted green. The wallpaper&#8217;s Bernadina pattern of beautifully unfolded flowers, in a sheer foliage among chirping birds, is dreamy and peaceful. Let the wallpaper contribute to an inviting and homely feeling in rooms such as the kitchen and [&hellip;]","og_url":"https:\/\/midbectapeter.se\/en\/collection\/fagelsang\/bernadina-34024\/","og_site_name":"Midbec Tapeter","article_publisher":"https:\/\/www.facebook.com\/midbectapeter","og_image":[{"width":1000,"height":1000,"url":"https:\/\/midbectapeter.se\/wp-content\/uploads\/34024.jpg?_t=1757580015","type":"image\/jpeg"}],"twitter_card":"summary_large_image","schema":{"@context":"https:\/\/schema.org","@graph":[{"@type":"WebPage","@id":"https:\/\/midbectapeter.se\/en\/collection\/fagelsang\/bernadina-34024\/","url":"https:\/\/midbectapeter.se\/en\/collection\/fagelsang\/bernadina-34024\/","name":"Tapetm\u00f6nster Bernadina - 34024 | Midbec Tapeter","isPartOf":{"@id":"https:\/\/midbectapeter.se\/en\/#website"},"primaryImageOfPage":{"@id":"https:\/\/midbectapeter.se\/en\/collection\/fagelsang\/bernadina-34024\/#primaryimage"},"image":{"@id":"https:\/\/midbectapeter.se\/en\/collection\/fagelsang\/bernadina-34024\/#primaryimage"},"thumbnailUrl":"https:\/\/midbectapeter.se\/wp-content\/uploads\/34024.jpg","datePublished":"2026-02-25T13:40:53+00:00","breadcrumb":{"@id":"https:\/\/midbectapeter.se\/en\/collection\/fagelsang\/bernadina-34024\/#breadcrumb"},"inLanguage":"en-US","potentialAction":[{"@type":"ReadAction","target":["https:\/\/midbectapeter.se\/en\/collection\/fagelsang\/bernadina-34024\/"]}]},{"@type":"ImageObject","inLanguage":"en-US","@id":"https:\/\/midbectapeter.se\/en\/collection\/fagelsang\/bernadina-34024\/#primaryimage","url":"https:\/\/midbectapeter.se\/wp-content\/uploads\/34024.jpg","contentUrl":"https:\/\/midbectapeter.se\/wp-content\/uploads\/34024.jpg","width":1000,"height":1000,"caption":"Gr\u00f6n tapet med Blommigt, Djur, Storm\u00f6nstrat, F\u00e5glar m\u00f6nster"},{"@type":"BreadcrumbList","@id":"https:\/\/midbectapeter.se\/en\/collection\/fagelsang\/bernadina-34024\/#breadcrumb","itemListElement":[{"@type":"ListItem","position":1,"name":"Hem","item":"https:\/\/midbectapeter.se\/en\/"},{"@type":"ListItem","position":2,"name":"Products","item":"https:\/\/midbectapeter.se\/en\/shop\/"},{"@type":"ListItem","position":3,"name":"Bernadina &#8211; 34024"}]},{"@type":"WebSite","@id":"https:\/\/midbectapeter.se\/en\/#website","url":"https:\/\/midbectapeter.se\/en\/","name":"Midbec Tapeter","description":"","publisher":{"@id":"https:\/\/midbectapeter.se\/en\/#organization"},"potentialAction":[{"@type":"SearchAction","target":{"@type":"EntryPoint","urlTemplate":"https:\/\/midbectapeter.se\/en\/?s={search_term_string}"},"query-input":{"@type":"PropertyValueSpecification","valueRequired":true,"valueName":"search_term_string"}}],"inLanguage":"en-US"},{"@type":"Organization","@id":"https:\/\/midbectapeter.se\/en\/#organization","name":"Midbec Tapeter","url":"https:\/\/midbectapeter.se\/en\/","logo":{"@type":"ImageObject","inLanguage":"en-US","@id":"https:\/\/midbectapeter.se\/en\/#\/schema\/logo\/image\/","url":"https:\/\/midbectapeter.se\/wp-content\/uploads\/2022\/02\/midbec-logo-black.svg","contentUrl":"https:\/\/midbectapeter.se\/wp-content\/uploads\/2022\/02\/midbec-logo-black.svg","width":1,"height":1,"caption":"Midbec Tapeter"},"image":{"@id":"https:\/\/midbectapeter.se\/en\/#\/schema\/logo\/image\/"},"sameAs":["https:\/\/www.facebook.com\/midbectapeter","https:\/\/www.instagram.com\/midbectapeter\/","https:\/\/www.pinterest.se\/midbec\/"]},{"@type":"Product","name":"Bernadina - 34024","image":["https:\/\/midbectapeter.se\/wp-content\/uploads\/34024.jpg","https:\/\/midbectapeter.se\/wp-content\/uploads\/34024__vardagsrum__1__tapet.jpg"],"offers":{"@type":"Offer","priceCurrency":"SEK","price":"","availability":"https:\/\/schema.org\/InStock","url":"https:\/\/midbectapeter.se\/en\/collection\/fagelsang\/bernadina-34024\/"},"description":"Enchanted by an expressive floral pattern in a tasteful contrasting color scheme of powdery pink and softly muted green. The wallpaper's Bernadina pattern of beautifully unfolded flowers, in a sheer foliage among chirping birds, is dreamy and peaceful. Let the wallpaper contribute to an inviting and homely feeling in rooms such as the kitchen and dining area where we often hang out.","brand":{"@type":"Brand","name":"Midbec Tapeter"},"sku":"34024","category":"F\u00e5gels\u00e5ng","material":"Non-woven","color":"Green","productID":110522}]}},"_links":{"self":[{"href":"https:\/\/midbectapeter.se\/en\/wp-json\/wp\/v2\/product\/110522","targetHints":{"allow":["GET"]}}],"collection":[{"href":"https:\/\/midbectapeter.se\/en\/wp-json\/wp\/v2\/product"}],"about":[{"href":"https:\/\/midbectapeter.se\/en\/wp-json\/wp\/v2\/types\/product"}],"replies":[{"embeddable":true,"href":"https:\/\/midbectapeter.se\/en\/wp-json\/wp\/v2\/comments?post=110522"}],"wp:featuredmedia":[{"embeddable":true,"href":"https:\/\/midbectapeter.se\/en\/wp-json\/wp\/v2\/media\/101652"}],"wp:attachment":[{"href":"https:\/\/midbectapeter.se\/en\/wp-json\/wp\/v2\/media?parent=110522"}],"wp:term":[{"taxonomy":"product_brand","embeddable":true,"href":"https:\/\/midbectapeter.se\/en\/wp-json\/wp\/v2\/product_brand?post=110522"},{"taxonomy":"product_cat","embeddable":true,"href":"https:\/\/midbectapeter.se\/en\/wp-json\/wp\/v2\/product_cat?post=110522"},{"taxonomy":"product_tag","embeddable":true,"href":"https:\/\/midbectapeter.se\/en\/wp-json\/wp\/v2\/product_tag?post=110522"},{"taxonomy":"texture_surface","embeddable":true,"href":"https:\/\/midbectapeter.se\/en\/wp-json\/wp\/v2\/texture_surface?post=110522"},{"taxonomy":"designers","embeddable":true,"href":"https:\/\/midbectapeter.se\/en\/wp-json\/wp\/v2\/designers?post=110522"},{"taxonomy":"cat_colors","embeddable":true,"href":"https:\/\/midbectapeter.se\/en\/wp-json\/wp\/v2\/cat_colors?post=110522"},{"taxonomy":"cat_patterns","embeddable":true,"href":"https:\/\/midbectapeter.se\/en\/wp-json\/wp\/v2\/cat_patterns?post=110522"},{"taxonomy":"cat_styles","embeddable":true,"href":"https:\/\/midbectapeter.se\/en\/wp-json\/wp\/v2\/cat_styles?post=110522"},{"taxonomy":"cat_rooms","embeddable":true,"href":"https:\/\/midbectapeter.se\/en\/wp-json\/wp\/v2\/cat_rooms?post=110522"}],"curies":[{"name":"wp","href":"https:\/\/api.w.org\/{rel}","templated":true}]}}