{"id":110651,"date":"2026-02-25T14:55:39","date_gmt":"2026-02-25T13:55:39","guid":{"rendered":"https:\/\/midbectapeter.se\/kollektion\/uncategorized\/filippa-44105\/"},"modified":"2025-05-23T14:06:46","modified_gmt":"2025-05-23T12:06:46","slug":"filippa-44105","status":"publish","type":"product","link":"https:\/\/midbectapeter.se\/en\/collection\/gronhaga\/filippa-44105\/","title":{"rendered":"Filippa &#8211; 44105"},"content":{"rendered":"<p>In beautiful May, the flower happiness creeps into the garden and many beauties begin to bloom. The wallpaper Filippa becomes the main character in the home and enchants the room with its beautiful large apricot colored tulips. The pattern marries nicely with the base color in greige.<\/p>\n","protected":false},"excerpt":{"rendered":"<p>In beautiful May, the flower happiness creeps into the garden and many beauties begin to bloom. The wallpaper Filippa becomes the main character in the home and enchants the room with its beautiful large apricot colored tulips. The pattern marries nicely with the base color in greige.<\/p>\n","protected":false},"featured_media":95182,"comment_status":"closed","ping_status":"closed","template":"","meta":{"_acf_changed":false},"product_brand":[],"product_cat":[310],"product_tag":[],"texture_surface":[306],"designers":[302],"cat_colors":[311,318],"cat_patterns":[312,296],"cat_styles":[301,313,299],"cat_rooms":[256],"class_list":{"0":"post-110651","1":"product","2":"type-product","3":"status-publish","4":"has-post-thumbnail","6":"product_cat-gronhaga","7":"texture_surface-smooth","8":"designers-hanna-wendelbo","9":"cat_colors-beige-en","10":"cat_colors-gra-en","11":"cat_patterns-big-pattern","12":"cat_patterns-floral","13":"cat_styles-old-fashioned","14":"cat_styles-romantisk-en","15":"cat_styles-rural","16":"cat_rooms-barnrum","18":"first","19":"instock","20":"taxable","21":"shipping-taxable","22":"purchasable","23":"product-type-variable"},"acf":{"visible_in_wallpaper_tool":true,"wallpaper_size_setting_1":100,"wallpaper_size_setting_2":500,"wallpaper_size_setting_3":500},"yoast_head":"<!-- This site is optimized with the Yoast SEO plugin v26.4 - https:\/\/yoast.com\/wordpress\/plugins\/seo\/ -->\n<title>Tapetm\u00f6nster Filippa - 44105 | Midbec Tapeter<\/title>\n<meta name=\"robots\" content=\"index, follow, max-snippet:-1, max-image-preview:large, max-video-preview:-1\" \/>\n<link rel=\"canonical\" href=\"https:\/\/midbectapeter.se\/en\/collection\/gronhaga\/filippa-44105\/\" \/>\n<meta property=\"og:locale\" content=\"en_US\" \/>\n<meta property=\"og:type\" content=\"article\" \/>\n<meta property=\"og:title\" content=\"Tapetm\u00f6nster Filippa - 44105 | Midbec Tapeter\" \/>\n<meta property=\"og:description\" content=\"In beautiful May, the flower happiness creeps into the garden and many beauties begin to bloom. The wallpaper Filippa becomes the main character in the home and enchants the room with its beautiful large apricot colored tulips. The pattern marries nicely with the base color in greige.\" \/>\n<meta property=\"og:url\" content=\"https:\/\/midbectapeter.se\/en\/collection\/gronhaga\/filippa-44105\/\" \/>\n<meta property=\"og:site_name\" content=\"Midbec Tapeter\" \/>\n<meta property=\"article:publisher\" content=\"https:\/\/www.facebook.com\/midbectapeter\" \/>\n<meta property=\"og:image\" content=\"https:\/\/midbectapeter.se\/wp-content\/uploads\/44105.jpg?_t=1757580378\" \/>\n\t<meta property=\"og:image:width\" content=\"1000\" \/>\n\t<meta property=\"og:image:height\" content=\"1000\" \/>\n\t<meta property=\"og:image:type\" content=\"image\/jpeg\" \/>\n<meta name=\"twitter:card\" content=\"summary_large_image\" \/>\n<script type=\"application\/ld+json\" class=\"yoast-schema-graph\">{\"@context\":\"https:\/\/schema.org\",\"@graph\":[{\"@type\":\"WebPage\",\"@id\":\"https:\/\/midbectapeter.se\/en\/collection\/gronhaga\/filippa-44105\/\",\"url\":\"https:\/\/midbectapeter.se\/en\/collection\/gronhaga\/filippa-44105\/\",\"name\":\"Tapetm\u00f6nster Filippa - 44105 | Midbec Tapeter\",\"isPartOf\":{\"@id\":\"https:\/\/midbectapeter.se\/en\/#website\"},\"primaryImageOfPage\":{\"@id\":\"https:\/\/midbectapeter.se\/en\/collection\/gronhaga\/filippa-44105\/#primaryimage\"},\"image\":{\"@id\":\"https:\/\/midbectapeter.se\/en\/collection\/gronhaga\/filippa-44105\/#primaryimage\"},\"thumbnailUrl\":\"https:\/\/midbectapeter.se\/wp-content\/uploads\/44105.jpg\",\"datePublished\":\"2026-02-25T13:55:39+00:00\",\"breadcrumb\":{\"@id\":\"https:\/\/midbectapeter.se\/en\/collection\/gronhaga\/filippa-44105\/#breadcrumb\"},\"inLanguage\":\"en-US\",\"potentialAction\":[{\"@type\":\"ReadAction\",\"target\":[\"https:\/\/midbectapeter.se\/en\/collection\/gronhaga\/filippa-44105\/\"]}]},{\"@type\":\"ImageObject\",\"inLanguage\":\"en-US\",\"@id\":\"https:\/\/midbectapeter.se\/en\/collection\/gronhaga\/filippa-44105\/#primaryimage\",\"url\":\"https:\/\/midbectapeter.se\/wp-content\/uploads\/44105.jpg\",\"contentUrl\":\"https:\/\/midbectapeter.se\/wp-content\/uploads\/44105.jpg\",\"width\":1000,\"height\":1000,\"caption\":\"Beige, Gr\u00e5 tapet med Blommigt, Storm\u00f6nstrat m\u00f6nster\"},{\"@type\":\"BreadcrumbList\",\"@id\":\"https:\/\/midbectapeter.se\/en\/collection\/gronhaga\/filippa-44105\/#breadcrumb\",\"itemListElement\":[{\"@type\":\"ListItem\",\"position\":1,\"name\":\"Hem\",\"item\":\"https:\/\/midbectapeter.se\/en\/\"},{\"@type\":\"ListItem\",\"position\":2,\"name\":\"Products\",\"item\":\"https:\/\/midbectapeter.se\/en\/shop\/\"},{\"@type\":\"ListItem\",\"position\":3,\"name\":\"Filippa &#8211; 44105\"}]},{\"@type\":\"WebSite\",\"@id\":\"https:\/\/midbectapeter.se\/en\/#website\",\"url\":\"https:\/\/midbectapeter.se\/en\/\",\"name\":\"Midbec Tapeter\",\"description\":\"\",\"publisher\":{\"@id\":\"https:\/\/midbectapeter.se\/en\/#organization\"},\"potentialAction\":[{\"@type\":\"SearchAction\",\"target\":{\"@type\":\"EntryPoint\",\"urlTemplate\":\"https:\/\/midbectapeter.se\/en\/?s={search_term_string}\"},\"query-input\":{\"@type\":\"PropertyValueSpecification\",\"valueRequired\":true,\"valueName\":\"search_term_string\"}}],\"inLanguage\":\"en-US\"},{\"@type\":\"Organization\",\"@id\":\"https:\/\/midbectapeter.se\/en\/#organization\",\"name\":\"Midbec Tapeter\",\"url\":\"https:\/\/midbectapeter.se\/en\/\",\"logo\":{\"@type\":\"ImageObject\",\"inLanguage\":\"en-US\",\"@id\":\"https:\/\/midbectapeter.se\/en\/#\/schema\/logo\/image\/\",\"url\":\"https:\/\/midbectapeter.se\/wp-content\/uploads\/2022\/02\/midbec-logo-black.svg\",\"contentUrl\":\"https:\/\/midbectapeter.se\/wp-content\/uploads\/2022\/02\/midbec-logo-black.svg\",\"width\":1,\"height\":1,\"caption\":\"Midbec Tapeter\"},\"image\":{\"@id\":\"https:\/\/midbectapeter.se\/en\/#\/schema\/logo\/image\/\"},\"sameAs\":[\"https:\/\/www.facebook.com\/midbectapeter\",\"https:\/\/www.instagram.com\/midbectapeter\/\",\"https:\/\/www.pinterest.se\/midbec\/\"]},{\"@type\":\"Product\",\"name\":\"Filippa - 44105\",\"image\":[\"https:\/\/midbectapeter.se\/wp-content\/uploads\/44105.jpg\",\"https:\/\/midbectapeter.se\/wp-content\/uploads\/44105__barnrum__1__tapet.jpg\"],\"offers\":{\"@type\":\"Offer\",\"priceCurrency\":\"SEK\",\"price\":\"\",\"availability\":\"https:\/\/schema.org\/InStock\",\"url\":\"https:\/\/midbectapeter.se\/en\/collection\/gronhaga\/filippa-44105\/\"},\"description\":\"In beautiful May, the flower happiness creeps into the garden and many beauties begin to bloom. The wallpaper Filippa becomes the main character in the home and enchants the room with its beautiful large apricot colored tulips. The pattern marries nicely with the base color in greige.\",\"brand\":{\"@type\":\"Brand\",\"name\":\"Midbec Tapeter\"},\"sku\":\"44105\",\"category\":\"Gr\u00f6nhaga\",\"material\":\"Non-woven\",\"color\":\"Gray, Beige\",\"productID\":110651}]}<\/script>\n<!-- \/ Yoast SEO plugin. -->","yoast_head_json":{"title":"Tapetm\u00f6nster Filippa - 44105 | Midbec Tapeter","robots":{"index":"index","follow":"follow","max-snippet":"max-snippet:-1","max-image-preview":"max-image-preview:large","max-video-preview":"max-video-preview:-1"},"canonical":"https:\/\/midbectapeter.se\/en\/collection\/gronhaga\/filippa-44105\/","og_locale":"en_US","og_type":"article","og_title":"Tapetm\u00f6nster Filippa - 44105 | Midbec Tapeter","og_description":"In beautiful May, the flower happiness creeps into the garden and many beauties begin to bloom. The wallpaper Filippa becomes the main character in the home and enchants the room with its beautiful large apricot colored tulips. The pattern marries nicely with the base color in greige.","og_url":"https:\/\/midbectapeter.se\/en\/collection\/gronhaga\/filippa-44105\/","og_site_name":"Midbec Tapeter","article_publisher":"https:\/\/www.facebook.com\/midbectapeter","og_image":[{"width":1000,"height":1000,"url":"https:\/\/midbectapeter.se\/wp-content\/uploads\/44105.jpg?_t=1757580378","type":"image\/jpeg"}],"twitter_card":"summary_large_image","schema":{"@context":"https:\/\/schema.org","@graph":[{"@type":"WebPage","@id":"https:\/\/midbectapeter.se\/en\/collection\/gronhaga\/filippa-44105\/","url":"https:\/\/midbectapeter.se\/en\/collection\/gronhaga\/filippa-44105\/","name":"Tapetm\u00f6nster Filippa - 44105 | Midbec Tapeter","isPartOf":{"@id":"https:\/\/midbectapeter.se\/en\/#website"},"primaryImageOfPage":{"@id":"https:\/\/midbectapeter.se\/en\/collection\/gronhaga\/filippa-44105\/#primaryimage"},"image":{"@id":"https:\/\/midbectapeter.se\/en\/collection\/gronhaga\/filippa-44105\/#primaryimage"},"thumbnailUrl":"https:\/\/midbectapeter.se\/wp-content\/uploads\/44105.jpg","datePublished":"2026-02-25T13:55:39+00:00","breadcrumb":{"@id":"https:\/\/midbectapeter.se\/en\/collection\/gronhaga\/filippa-44105\/#breadcrumb"},"inLanguage":"en-US","potentialAction":[{"@type":"ReadAction","target":["https:\/\/midbectapeter.se\/en\/collection\/gronhaga\/filippa-44105\/"]}]},{"@type":"ImageObject","inLanguage":"en-US","@id":"https:\/\/midbectapeter.se\/en\/collection\/gronhaga\/filippa-44105\/#primaryimage","url":"https:\/\/midbectapeter.se\/wp-content\/uploads\/44105.jpg","contentUrl":"https:\/\/midbectapeter.se\/wp-content\/uploads\/44105.jpg","width":1000,"height":1000,"caption":"Beige, Gr\u00e5 tapet med Blommigt, Storm\u00f6nstrat m\u00f6nster"},{"@type":"BreadcrumbList","@id":"https:\/\/midbectapeter.se\/en\/collection\/gronhaga\/filippa-44105\/#breadcrumb","itemListElement":[{"@type":"ListItem","position":1,"name":"Hem","item":"https:\/\/midbectapeter.se\/en\/"},{"@type":"ListItem","position":2,"name":"Products","item":"https:\/\/midbectapeter.se\/en\/shop\/"},{"@type":"ListItem","position":3,"name":"Filippa &#8211; 44105"}]},{"@type":"WebSite","@id":"https:\/\/midbectapeter.se\/en\/#website","url":"https:\/\/midbectapeter.se\/en\/","name":"Midbec Tapeter","description":"","publisher":{"@id":"https:\/\/midbectapeter.se\/en\/#organization"},"potentialAction":[{"@type":"SearchAction","target":{"@type":"EntryPoint","urlTemplate":"https:\/\/midbectapeter.se\/en\/?s={search_term_string}"},"query-input":{"@type":"PropertyValueSpecification","valueRequired":true,"valueName":"search_term_string"}}],"inLanguage":"en-US"},{"@type":"Organization","@id":"https:\/\/midbectapeter.se\/en\/#organization","name":"Midbec Tapeter","url":"https:\/\/midbectapeter.se\/en\/","logo":{"@type":"ImageObject","inLanguage":"en-US","@id":"https:\/\/midbectapeter.se\/en\/#\/schema\/logo\/image\/","url":"https:\/\/midbectapeter.se\/wp-content\/uploads\/2022\/02\/midbec-logo-black.svg","contentUrl":"https:\/\/midbectapeter.se\/wp-content\/uploads\/2022\/02\/midbec-logo-black.svg","width":1,"height":1,"caption":"Midbec Tapeter"},"image":{"@id":"https:\/\/midbectapeter.se\/en\/#\/schema\/logo\/image\/"},"sameAs":["https:\/\/www.facebook.com\/midbectapeter","https:\/\/www.instagram.com\/midbectapeter\/","https:\/\/www.pinterest.se\/midbec\/"]},{"@type":"Product","name":"Filippa - 44105","image":["https:\/\/midbectapeter.se\/wp-content\/uploads\/44105.jpg","https:\/\/midbectapeter.se\/wp-content\/uploads\/44105__barnrum__1__tapet.jpg"],"offers":{"@type":"Offer","priceCurrency":"SEK","price":"","availability":"https:\/\/schema.org\/InStock","url":"https:\/\/midbectapeter.se\/en\/collection\/gronhaga\/filippa-44105\/"},"description":"In beautiful May, the flower happiness creeps into the garden and many beauties begin to bloom. The wallpaper Filippa becomes the main character in the home and enchants the room with its beautiful large apricot colored tulips. The pattern marries nicely with the base color in greige.","brand":{"@type":"Brand","name":"Midbec Tapeter"},"sku":"44105","category":"Gr\u00f6nhaga","material":"Non-woven","color":"Gray, Beige","productID":110651}]}},"_links":{"self":[{"href":"https:\/\/midbectapeter.se\/en\/wp-json\/wp\/v2\/product\/110651","targetHints":{"allow":["GET"]}}],"collection":[{"href":"https:\/\/midbectapeter.se\/en\/wp-json\/wp\/v2\/product"}],"about":[{"href":"https:\/\/midbectapeter.se\/en\/wp-json\/wp\/v2\/types\/product"}],"replies":[{"embeddable":true,"href":"https:\/\/midbectapeter.se\/en\/wp-json\/wp\/v2\/comments?post=110651"}],"wp:featuredmedia":[{"embeddable":true,"href":"https:\/\/midbectapeter.se\/en\/wp-json\/wp\/v2\/media\/95182"}],"wp:attachment":[{"href":"https:\/\/midbectapeter.se\/en\/wp-json\/wp\/v2\/media?parent=110651"}],"wp:term":[{"taxonomy":"product_brand","embeddable":true,"href":"https:\/\/midbectapeter.se\/en\/wp-json\/wp\/v2\/product_brand?post=110651"},{"taxonomy":"product_cat","embeddable":true,"href":"https:\/\/midbectapeter.se\/en\/wp-json\/wp\/v2\/product_cat?post=110651"},{"taxonomy":"product_tag","embeddable":true,"href":"https:\/\/midbectapeter.se\/en\/wp-json\/wp\/v2\/product_tag?post=110651"},{"taxonomy":"texture_surface","embeddable":true,"href":"https:\/\/midbectapeter.se\/en\/wp-json\/wp\/v2\/texture_surface?post=110651"},{"taxonomy":"designers","embeddable":true,"href":"https:\/\/midbectapeter.se\/en\/wp-json\/wp\/v2\/designers?post=110651"},{"taxonomy":"cat_colors","embeddable":true,"href":"https:\/\/midbectapeter.se\/en\/wp-json\/wp\/v2\/cat_colors?post=110651"},{"taxonomy":"cat_patterns","embeddable":true,"href":"https:\/\/midbectapeter.se\/en\/wp-json\/wp\/v2\/cat_patterns?post=110651"},{"taxonomy":"cat_styles","embeddable":true,"href":"https:\/\/midbectapeter.se\/en\/wp-json\/wp\/v2\/cat_styles?post=110651"},{"taxonomy":"cat_rooms","embeddable":true,"href":"https:\/\/midbectapeter.se\/en\/wp-json\/wp\/v2\/cat_rooms?post=110651"}],"curies":[{"name":"wp","href":"https:\/\/api.w.org\/{rel}","templated":true}]}}