{"id":110652,"date":"2026-02-25T14:55:42","date_gmt":"2026-02-25T13:55:42","guid":{"rendered":"https:\/\/midbectapeter.se\/kollektion\/uncategorized\/filippa-44106\/"},"modified":"2025-05-23T14:17:02","modified_gmt":"2025-05-23T12:17:02","slug":"filippa-44106","status":"publish","type":"product","link":"https:\/\/midbectapeter.se\/en\/collection\/gronhaga\/filippa-44106\/","title":{"rendered":"Filippa &#8211; 44106"},"content":{"rendered":"<p>Meet spring all year round with Filippa on the wall. With wonderful tulips that have started to unfold their strong flower petals and the white bells of the lily of the valley that have started to jingle in the soft wind. The wallpaper creates pure harmony with its pattern and the yellow tulips are reminiscent of the sun&#8217;s warming rays.<\/p>\n","protected":false},"excerpt":{"rendered":"<p>Meet spring all year round with Filippa on the wall. With wonderful tulips that have started to unfold their strong flower petals and the white bells of the lily of the valley that have started to jingle in the soft wind. The wallpaper creates pure harmony with its pattern and the yellow tulips are reminiscent [&hellip;]<\/p>\n","protected":false},"featured_media":95184,"comment_status":"closed","ping_status":"closed","template":"","meta":{"_acf_changed":false},"product_brand":[],"product_cat":[310],"product_tag":[],"texture_surface":[306],"designers":[302],"cat_colors":[315],"cat_patterns":[312,319,296],"cat_styles":[301,313,299],"cat_rooms":[256],"class_list":{"0":"post-110652","1":"product","2":"type-product","3":"status-publish","4":"has-post-thumbnail","6":"product_cat-gronhaga","7":"texture_surface-smooth","8":"designers-hanna-wendelbo","9":"cat_colors-blue","10":"cat_patterns-big-pattern","11":"cat_patterns-blad-en","12":"cat_patterns-floral","13":"cat_styles-old-fashioned","14":"cat_styles-romantisk-en","15":"cat_styles-rural","16":"cat_rooms-barnrum","18":"first","19":"instock","20":"taxable","21":"shipping-taxable","22":"purchasable","23":"product-type-variable"},"acf":{"visible_in_wallpaper_tool":true,"wallpaper_size_setting_1":100,"wallpaper_size_setting_2":500,"wallpaper_size_setting_3":500},"yoast_head":"<!-- This site is optimized with the Yoast SEO plugin v26.4 - https:\/\/yoast.com\/wordpress\/plugins\/seo\/ -->\n<title>Tapetm\u00f6nster Filippa - 44106 | Midbec Tapeter<\/title>\n<meta name=\"robots\" content=\"index, follow, max-snippet:-1, max-image-preview:large, max-video-preview:-1\" \/>\n<link rel=\"canonical\" href=\"https:\/\/midbectapeter.se\/en\/collection\/gronhaga\/filippa-44106\/\" \/>\n<meta property=\"og:locale\" content=\"en_US\" \/>\n<meta property=\"og:type\" content=\"article\" \/>\n<meta property=\"og:title\" content=\"Tapetm\u00f6nster Filippa - 44106 | Midbec Tapeter\" \/>\n<meta property=\"og:description\" content=\"Meet spring all year round with Filippa on the wall. With wonderful tulips that have started to unfold their strong flower petals and the white bells of the lily of the valley that have started to jingle in the soft wind. The wallpaper creates pure harmony with its pattern and the yellow tulips are reminiscent [&hellip;]\" \/>\n<meta property=\"og:url\" content=\"https:\/\/midbectapeter.se\/en\/collection\/gronhaga\/filippa-44106\/\" \/>\n<meta property=\"og:site_name\" content=\"Midbec Tapeter\" \/>\n<meta property=\"article:publisher\" content=\"https:\/\/www.facebook.com\/midbectapeter\" \/>\n<meta property=\"og:image\" content=\"https:\/\/midbectapeter.se\/wp-content\/uploads\/44106.jpg?_t=1757580381\" \/>\n\t<meta property=\"og:image:width\" content=\"1000\" \/>\n\t<meta property=\"og:image:height\" content=\"1000\" \/>\n\t<meta property=\"og:image:type\" content=\"image\/jpeg\" \/>\n<meta name=\"twitter:card\" content=\"summary_large_image\" \/>\n<script type=\"application\/ld+json\" class=\"yoast-schema-graph\">{\"@context\":\"https:\/\/schema.org\",\"@graph\":[{\"@type\":\"WebPage\",\"@id\":\"https:\/\/midbectapeter.se\/en\/collection\/gronhaga\/filippa-44106\/\",\"url\":\"https:\/\/midbectapeter.se\/en\/collection\/gronhaga\/filippa-44106\/\",\"name\":\"Tapetm\u00f6nster Filippa - 44106 | Midbec Tapeter\",\"isPartOf\":{\"@id\":\"https:\/\/midbectapeter.se\/en\/#website\"},\"primaryImageOfPage\":{\"@id\":\"https:\/\/midbectapeter.se\/en\/collection\/gronhaga\/filippa-44106\/#primaryimage\"},\"image\":{\"@id\":\"https:\/\/midbectapeter.se\/en\/collection\/gronhaga\/filippa-44106\/#primaryimage\"},\"thumbnailUrl\":\"https:\/\/midbectapeter.se\/wp-content\/uploads\/44106.jpg\",\"datePublished\":\"2026-02-25T13:55:42+00:00\",\"breadcrumb\":{\"@id\":\"https:\/\/midbectapeter.se\/en\/collection\/gronhaga\/filippa-44106\/#breadcrumb\"},\"inLanguage\":\"en-US\",\"potentialAction\":[{\"@type\":\"ReadAction\",\"target\":[\"https:\/\/midbectapeter.se\/en\/collection\/gronhaga\/filippa-44106\/\"]}]},{\"@type\":\"ImageObject\",\"inLanguage\":\"en-US\",\"@id\":\"https:\/\/midbectapeter.se\/en\/collection\/gronhaga\/filippa-44106\/#primaryimage\",\"url\":\"https:\/\/midbectapeter.se\/wp-content\/uploads\/44106.jpg\",\"contentUrl\":\"https:\/\/midbectapeter.se\/wp-content\/uploads\/44106.jpg\",\"width\":1000,\"height\":1000,\"caption\":\"Bl\u00e5, Gul tapet med Storm\u00f6nstrat, Blad, Blommigt m\u00f6nster\"},{\"@type\":\"BreadcrumbList\",\"@id\":\"https:\/\/midbectapeter.se\/en\/collection\/gronhaga\/filippa-44106\/#breadcrumb\",\"itemListElement\":[{\"@type\":\"ListItem\",\"position\":1,\"name\":\"Hem\",\"item\":\"https:\/\/midbectapeter.se\/en\/\"},{\"@type\":\"ListItem\",\"position\":2,\"name\":\"Products\",\"item\":\"https:\/\/midbectapeter.se\/en\/shop\/\"},{\"@type\":\"ListItem\",\"position\":3,\"name\":\"Filippa &#8211; 44106\"}]},{\"@type\":\"WebSite\",\"@id\":\"https:\/\/midbectapeter.se\/en\/#website\",\"url\":\"https:\/\/midbectapeter.se\/en\/\",\"name\":\"Midbec Tapeter\",\"description\":\"\",\"publisher\":{\"@id\":\"https:\/\/midbectapeter.se\/en\/#organization\"},\"potentialAction\":[{\"@type\":\"SearchAction\",\"target\":{\"@type\":\"EntryPoint\",\"urlTemplate\":\"https:\/\/midbectapeter.se\/en\/?s={search_term_string}\"},\"query-input\":{\"@type\":\"PropertyValueSpecification\",\"valueRequired\":true,\"valueName\":\"search_term_string\"}}],\"inLanguage\":\"en-US\"},{\"@type\":\"Organization\",\"@id\":\"https:\/\/midbectapeter.se\/en\/#organization\",\"name\":\"Midbec Tapeter\",\"url\":\"https:\/\/midbectapeter.se\/en\/\",\"logo\":{\"@type\":\"ImageObject\",\"inLanguage\":\"en-US\",\"@id\":\"https:\/\/midbectapeter.se\/en\/#\/schema\/logo\/image\/\",\"url\":\"https:\/\/midbectapeter.se\/wp-content\/uploads\/2022\/02\/midbec-logo-black.svg\",\"contentUrl\":\"https:\/\/midbectapeter.se\/wp-content\/uploads\/2022\/02\/midbec-logo-black.svg\",\"width\":1,\"height\":1,\"caption\":\"Midbec Tapeter\"},\"image\":{\"@id\":\"https:\/\/midbectapeter.se\/en\/#\/schema\/logo\/image\/\"},\"sameAs\":[\"https:\/\/www.facebook.com\/midbectapeter\",\"https:\/\/www.instagram.com\/midbectapeter\/\",\"https:\/\/www.pinterest.se\/midbec\/\"]},{\"@type\":\"Product\",\"name\":\"Filippa - 44106\",\"image\":[\"https:\/\/midbectapeter.se\/wp-content\/uploads\/44106.jpg\",\"https:\/\/midbectapeter.se\/wp-content\/uploads\/44106__barnrum__1__tapet.jpg\"],\"offers\":{\"@type\":\"Offer\",\"priceCurrency\":\"SEK\",\"price\":\"\",\"availability\":\"https:\/\/schema.org\/InStock\",\"url\":\"https:\/\/midbectapeter.se\/en\/collection\/gronhaga\/filippa-44106\/\"},\"description\":\"Meet spring all year round with Filippa on the wall. With wonderful tulips that have started to unfold their strong flower petals and the white bells of the lily of the valley that have started to jingle in the soft wind. The wallpaper creates pure harmony with its pattern and the yellow tulips are reminiscent of the sun's warming rays.\",\"brand\":{\"@type\":\"Brand\",\"name\":\"Midbec Tapeter\"},\"sku\":\"44106\",\"category\":\"Gr\u00f6nhaga\",\"material\":\"Non-woven\",\"color\":\"Yellow, Blue\",\"productID\":110652}]}<\/script>\n<!-- \/ Yoast SEO plugin. -->","yoast_head_json":{"title":"Tapetm\u00f6nster Filippa - 44106 | Midbec Tapeter","robots":{"index":"index","follow":"follow","max-snippet":"max-snippet:-1","max-image-preview":"max-image-preview:large","max-video-preview":"max-video-preview:-1"},"canonical":"https:\/\/midbectapeter.se\/en\/collection\/gronhaga\/filippa-44106\/","og_locale":"en_US","og_type":"article","og_title":"Tapetm\u00f6nster Filippa - 44106 | Midbec Tapeter","og_description":"Meet spring all year round with Filippa on the wall. With wonderful tulips that have started to unfold their strong flower petals and the white bells of the lily of the valley that have started to jingle in the soft wind. The wallpaper creates pure harmony with its pattern and the yellow tulips are reminiscent [&hellip;]","og_url":"https:\/\/midbectapeter.se\/en\/collection\/gronhaga\/filippa-44106\/","og_site_name":"Midbec Tapeter","article_publisher":"https:\/\/www.facebook.com\/midbectapeter","og_image":[{"width":1000,"height":1000,"url":"https:\/\/midbectapeter.se\/wp-content\/uploads\/44106.jpg?_t=1757580381","type":"image\/jpeg"}],"twitter_card":"summary_large_image","schema":{"@context":"https:\/\/schema.org","@graph":[{"@type":"WebPage","@id":"https:\/\/midbectapeter.se\/en\/collection\/gronhaga\/filippa-44106\/","url":"https:\/\/midbectapeter.se\/en\/collection\/gronhaga\/filippa-44106\/","name":"Tapetm\u00f6nster Filippa - 44106 | Midbec Tapeter","isPartOf":{"@id":"https:\/\/midbectapeter.se\/en\/#website"},"primaryImageOfPage":{"@id":"https:\/\/midbectapeter.se\/en\/collection\/gronhaga\/filippa-44106\/#primaryimage"},"image":{"@id":"https:\/\/midbectapeter.se\/en\/collection\/gronhaga\/filippa-44106\/#primaryimage"},"thumbnailUrl":"https:\/\/midbectapeter.se\/wp-content\/uploads\/44106.jpg","datePublished":"2026-02-25T13:55:42+00:00","breadcrumb":{"@id":"https:\/\/midbectapeter.se\/en\/collection\/gronhaga\/filippa-44106\/#breadcrumb"},"inLanguage":"en-US","potentialAction":[{"@type":"ReadAction","target":["https:\/\/midbectapeter.se\/en\/collection\/gronhaga\/filippa-44106\/"]}]},{"@type":"ImageObject","inLanguage":"en-US","@id":"https:\/\/midbectapeter.se\/en\/collection\/gronhaga\/filippa-44106\/#primaryimage","url":"https:\/\/midbectapeter.se\/wp-content\/uploads\/44106.jpg","contentUrl":"https:\/\/midbectapeter.se\/wp-content\/uploads\/44106.jpg","width":1000,"height":1000,"caption":"Bl\u00e5, Gul tapet med Storm\u00f6nstrat, Blad, Blommigt m\u00f6nster"},{"@type":"BreadcrumbList","@id":"https:\/\/midbectapeter.se\/en\/collection\/gronhaga\/filippa-44106\/#breadcrumb","itemListElement":[{"@type":"ListItem","position":1,"name":"Hem","item":"https:\/\/midbectapeter.se\/en\/"},{"@type":"ListItem","position":2,"name":"Products","item":"https:\/\/midbectapeter.se\/en\/shop\/"},{"@type":"ListItem","position":3,"name":"Filippa &#8211; 44106"}]},{"@type":"WebSite","@id":"https:\/\/midbectapeter.se\/en\/#website","url":"https:\/\/midbectapeter.se\/en\/","name":"Midbec Tapeter","description":"","publisher":{"@id":"https:\/\/midbectapeter.se\/en\/#organization"},"potentialAction":[{"@type":"SearchAction","target":{"@type":"EntryPoint","urlTemplate":"https:\/\/midbectapeter.se\/en\/?s={search_term_string}"},"query-input":{"@type":"PropertyValueSpecification","valueRequired":true,"valueName":"search_term_string"}}],"inLanguage":"en-US"},{"@type":"Organization","@id":"https:\/\/midbectapeter.se\/en\/#organization","name":"Midbec Tapeter","url":"https:\/\/midbectapeter.se\/en\/","logo":{"@type":"ImageObject","inLanguage":"en-US","@id":"https:\/\/midbectapeter.se\/en\/#\/schema\/logo\/image\/","url":"https:\/\/midbectapeter.se\/wp-content\/uploads\/2022\/02\/midbec-logo-black.svg","contentUrl":"https:\/\/midbectapeter.se\/wp-content\/uploads\/2022\/02\/midbec-logo-black.svg","width":1,"height":1,"caption":"Midbec Tapeter"},"image":{"@id":"https:\/\/midbectapeter.se\/en\/#\/schema\/logo\/image\/"},"sameAs":["https:\/\/www.facebook.com\/midbectapeter","https:\/\/www.instagram.com\/midbectapeter\/","https:\/\/www.pinterest.se\/midbec\/"]},{"@type":"Product","name":"Filippa - 44106","image":["https:\/\/midbectapeter.se\/wp-content\/uploads\/44106.jpg","https:\/\/midbectapeter.se\/wp-content\/uploads\/44106__barnrum__1__tapet.jpg"],"offers":{"@type":"Offer","priceCurrency":"SEK","price":"","availability":"https:\/\/schema.org\/InStock","url":"https:\/\/midbectapeter.se\/en\/collection\/gronhaga\/filippa-44106\/"},"description":"Meet spring all year round with Filippa on the wall. With wonderful tulips that have started to unfold their strong flower petals and the white bells of the lily of the valley that have started to jingle in the soft wind. The wallpaper creates pure harmony with its pattern and the yellow tulips are reminiscent of the sun's warming rays.","brand":{"@type":"Brand","name":"Midbec Tapeter"},"sku":"44106","category":"Gr\u00f6nhaga","material":"Non-woven","color":"Yellow, Blue","productID":110652}]}},"_links":{"self":[{"href":"https:\/\/midbectapeter.se\/en\/wp-json\/wp\/v2\/product\/110652","targetHints":{"allow":["GET"]}}],"collection":[{"href":"https:\/\/midbectapeter.se\/en\/wp-json\/wp\/v2\/product"}],"about":[{"href":"https:\/\/midbectapeter.se\/en\/wp-json\/wp\/v2\/types\/product"}],"replies":[{"embeddable":true,"href":"https:\/\/midbectapeter.se\/en\/wp-json\/wp\/v2\/comments?post=110652"}],"wp:featuredmedia":[{"embeddable":true,"href":"https:\/\/midbectapeter.se\/en\/wp-json\/wp\/v2\/media\/95184"}],"wp:attachment":[{"href":"https:\/\/midbectapeter.se\/en\/wp-json\/wp\/v2\/media?parent=110652"}],"wp:term":[{"taxonomy":"product_brand","embeddable":true,"href":"https:\/\/midbectapeter.se\/en\/wp-json\/wp\/v2\/product_brand?post=110652"},{"taxonomy":"product_cat","embeddable":true,"href":"https:\/\/midbectapeter.se\/en\/wp-json\/wp\/v2\/product_cat?post=110652"},{"taxonomy":"product_tag","embeddable":true,"href":"https:\/\/midbectapeter.se\/en\/wp-json\/wp\/v2\/product_tag?post=110652"},{"taxonomy":"texture_surface","embeddable":true,"href":"https:\/\/midbectapeter.se\/en\/wp-json\/wp\/v2\/texture_surface?post=110652"},{"taxonomy":"designers","embeddable":true,"href":"https:\/\/midbectapeter.se\/en\/wp-json\/wp\/v2\/designers?post=110652"},{"taxonomy":"cat_colors","embeddable":true,"href":"https:\/\/midbectapeter.se\/en\/wp-json\/wp\/v2\/cat_colors?post=110652"},{"taxonomy":"cat_patterns","embeddable":true,"href":"https:\/\/midbectapeter.se\/en\/wp-json\/wp\/v2\/cat_patterns?post=110652"},{"taxonomy":"cat_styles","embeddable":true,"href":"https:\/\/midbectapeter.se\/en\/wp-json\/wp\/v2\/cat_styles?post=110652"},{"taxonomy":"cat_rooms","embeddable":true,"href":"https:\/\/midbectapeter.se\/en\/wp-json\/wp\/v2\/cat_rooms?post=110652"}],"curies":[{"name":"wp","href":"https:\/\/api.w.org\/{rel}","templated":true}]}}