{"id":110672,"date":"2026-02-25T15:00:38","date_gmt":"2026-02-25T14:00:38","guid":{"rendered":"https:\/\/midbectapeter.se\/kollektion\/uncategorized\/ivar-44129\/"},"modified":"2025-05-23T14:04:13","modified_gmt":"2025-05-23T12:04:13","slug":"ivar-44129","status":"publish","type":"product","link":"https:\/\/midbectapeter.se\/en\/collection\/gronhaga\/ivar-44129\/","title":{"rendered":"Ivar &#8211; 44129"},"content":{"rendered":"<p>Happy hares, squirrels frantically looking for acorns, birds taking a break on the forest floor, foxes looking up at the sky, on the wallpaper Ivar there is most of the beauty of the forest that makes you stop and reflect. The wallpaper has a blue-green background and an animal pattern in soft beige.<\/p>\n","protected":false},"excerpt":{"rendered":"<p>Happy hares, squirrels frantically looking for acorns, birds taking a break on the forest floor, foxes looking up at the sky, on the wallpaper Ivar there is most of the beauty of the forest that makes you stop and reflect. The wallpaper has a blue-green background and an animal pattern in soft beige.<\/p>\n","protected":false},"featured_media":95240,"comment_status":"closed","ping_status":"closed","template":"","meta":{"_acf_changed":false},"product_brand":[],"product_cat":[310],"product_tag":[356],"texture_surface":[306],"designers":[302],"cat_colors":[315],"cat_patterns":[265,249,361,251],"cat_styles":[321,299],"cat_rooms":[256],"class_list":{"0":"post-110672","1":"product","2":"type-product","3":"status-publish","4":"has-post-thumbnail","6":"product_cat-gronhaga","7":"product_tag-faglar-en","8":"texture_surface-smooth","9":"designers-hanna-wendelbo","10":"cat_colors-blue","11":"cat_patterns-barn","12":"cat_patterns-djur","13":"cat_patterns-faglar","14":"cat_patterns-skog","15":"cat_styles-children","16":"cat_styles-rural","17":"cat_rooms-barnrum","19":"first","20":"instock","21":"taxable","22":"shipping-taxable","23":"purchasable","24":"product-type-variable"},"acf":{"visible_in_wallpaper_tool":true,"wallpaper_size_setting_1":100,"wallpaper_size_setting_2":500,"wallpaper_size_setting_3":500},"yoast_head":"<!-- This site is optimized with the Yoast SEO plugin v26.4 - https:\/\/yoast.com\/wordpress\/plugins\/seo\/ -->\n<title>Tapetm\u00f6nster Ivar - 44129 | Midbec Tapeter<\/title>\n<meta name=\"robots\" content=\"index, follow, max-snippet:-1, max-image-preview:large, max-video-preview:-1\" \/>\n<link rel=\"canonical\" href=\"https:\/\/midbectapeter.se\/en\/collection\/gronhaga\/ivar-44129\/\" \/>\n<meta property=\"og:locale\" content=\"en_US\" \/>\n<meta property=\"og:type\" content=\"article\" \/>\n<meta property=\"og:title\" content=\"Tapetm\u00f6nster Ivar - 44129 | Midbec Tapeter\" \/>\n<meta property=\"og:description\" content=\"Happy hares, squirrels frantically looking for acorns, birds taking a break on the forest floor, foxes looking up at the sky, on the wallpaper Ivar there is most of the beauty of the forest that makes you stop and reflect. The wallpaper has a blue-green background and an animal pattern in soft beige.\" \/>\n<meta property=\"og:url\" content=\"https:\/\/midbectapeter.se\/en\/collection\/gronhaga\/ivar-44129\/\" \/>\n<meta property=\"og:site_name\" content=\"Midbec Tapeter\" \/>\n<meta property=\"article:publisher\" content=\"https:\/\/www.facebook.com\/midbectapeter\" \/>\n<meta property=\"og:image\" content=\"https:\/\/midbectapeter.se\/wp-content\/uploads\/44129.jpg\" \/>\n\t<meta property=\"og:image:width\" content=\"1000\" \/>\n\t<meta property=\"og:image:height\" content=\"1000\" \/>\n\t<meta property=\"og:image:type\" content=\"image\/jpeg\" \/>\n<meta name=\"twitter:card\" content=\"summary_large_image\" \/>\n<script type=\"application\/ld+json\" class=\"yoast-schema-graph\">{\"@context\":\"https:\/\/schema.org\",\"@graph\":[{\"@type\":\"WebPage\",\"@id\":\"https:\/\/midbectapeter.se\/en\/collection\/gronhaga\/ivar-44129\/\",\"url\":\"https:\/\/midbectapeter.se\/en\/collection\/gronhaga\/ivar-44129\/\",\"name\":\"Tapetm\u00f6nster Ivar - 44129 | Midbec Tapeter\",\"isPartOf\":{\"@id\":\"https:\/\/midbectapeter.se\/en\/#website\"},\"primaryImageOfPage\":{\"@id\":\"https:\/\/midbectapeter.se\/en\/collection\/gronhaga\/ivar-44129\/#primaryimage\"},\"image\":{\"@id\":\"https:\/\/midbectapeter.se\/en\/collection\/gronhaga\/ivar-44129\/#primaryimage\"},\"thumbnailUrl\":\"https:\/\/midbectapeter.se\/wp-content\/uploads\/44129.jpg\",\"datePublished\":\"2026-02-25T14:00:38+00:00\",\"breadcrumb\":{\"@id\":\"https:\/\/midbectapeter.se\/en\/collection\/gronhaga\/ivar-44129\/#breadcrumb\"},\"inLanguage\":\"en-US\",\"potentialAction\":[{\"@type\":\"ReadAction\",\"target\":[\"https:\/\/midbectapeter.se\/en\/collection\/gronhaga\/ivar-44129\/\"]}]},{\"@type\":\"ImageObject\",\"inLanguage\":\"en-US\",\"@id\":\"https:\/\/midbectapeter.se\/en\/collection\/gronhaga\/ivar-44129\/#primaryimage\",\"url\":\"https:\/\/midbectapeter.se\/wp-content\/uploads\/44129.jpg\",\"contentUrl\":\"https:\/\/midbectapeter.se\/wp-content\/uploads\/44129.jpg\",\"width\":1000,\"height\":1000,\"caption\":\"Bl\u00e5 tapet med , Barn, Djur, Skog, F\u00e5glar m\u00f6nster\"},{\"@type\":\"BreadcrumbList\",\"@id\":\"https:\/\/midbectapeter.se\/en\/collection\/gronhaga\/ivar-44129\/#breadcrumb\",\"itemListElement\":[{\"@type\":\"ListItem\",\"position\":1,\"name\":\"Hem\",\"item\":\"https:\/\/midbectapeter.se\/en\/\"},{\"@type\":\"ListItem\",\"position\":2,\"name\":\"Products\",\"item\":\"https:\/\/midbectapeter.se\/en\/shop\/\"},{\"@type\":\"ListItem\",\"position\":3,\"name\":\"Ivar &#8211; 44129\"}]},{\"@type\":\"WebSite\",\"@id\":\"https:\/\/midbectapeter.se\/en\/#website\",\"url\":\"https:\/\/midbectapeter.se\/en\/\",\"name\":\"Midbec Tapeter\",\"description\":\"\",\"publisher\":{\"@id\":\"https:\/\/midbectapeter.se\/en\/#organization\"},\"potentialAction\":[{\"@type\":\"SearchAction\",\"target\":{\"@type\":\"EntryPoint\",\"urlTemplate\":\"https:\/\/midbectapeter.se\/en\/?s={search_term_string}\"},\"query-input\":{\"@type\":\"PropertyValueSpecification\",\"valueRequired\":true,\"valueName\":\"search_term_string\"}}],\"inLanguage\":\"en-US\"},{\"@type\":\"Organization\",\"@id\":\"https:\/\/midbectapeter.se\/en\/#organization\",\"name\":\"Midbec Tapeter\",\"url\":\"https:\/\/midbectapeter.se\/en\/\",\"logo\":{\"@type\":\"ImageObject\",\"inLanguage\":\"en-US\",\"@id\":\"https:\/\/midbectapeter.se\/en\/#\/schema\/logo\/image\/\",\"url\":\"https:\/\/midbectapeter.se\/wp-content\/uploads\/2022\/02\/midbec-logo-black.svg\",\"contentUrl\":\"https:\/\/midbectapeter.se\/wp-content\/uploads\/2022\/02\/midbec-logo-black.svg\",\"width\":1,\"height\":1,\"caption\":\"Midbec Tapeter\"},\"image\":{\"@id\":\"https:\/\/midbectapeter.se\/en\/#\/schema\/logo\/image\/\"},\"sameAs\":[\"https:\/\/www.facebook.com\/midbectapeter\",\"https:\/\/www.instagram.com\/midbectapeter\/\",\"https:\/\/www.pinterest.se\/midbec\/\"]},{\"@type\":\"Product\",\"name\":\"Ivar - 44129\",\"image\":[\"https:\/\/midbectapeter.se\/wp-content\/uploads\/44129.jpg\",\"https:\/\/midbectapeter.se\/wp-content\/uploads\/44129__barnrum__1__tapet.jpg\",\"https:\/\/midbectapeter.se\/wp-content\/uploads\/44129__barnrum__2__tapet.jpg\",\"https:\/\/midbectapeter.se\/wp-content\/uploads\/44129__barnrum__3__tapet.jpg\"],\"offers\":{\"@type\":\"Offer\",\"priceCurrency\":\"SEK\",\"price\":\"\",\"availability\":\"https:\/\/schema.org\/InStock\",\"url\":\"https:\/\/midbectapeter.se\/en\/collection\/gronhaga\/ivar-44129\/\"},\"description\":\"Happy hares, squirrels frantically looking for acorns, birds taking a break on the forest floor, foxes looking up at the sky, on the wallpaper Ivar there is most of the beauty of the forest that makes you stop and reflect. The wallpaper has a blue-green background and an animal pattern in soft beige.\",\"brand\":{\"@type\":\"Brand\",\"name\":\"Midbec Tapeter\"},\"sku\":\"44129\",\"category\":\"Gr\u00f6nhaga\",\"material\":\"Non-woven\",\"color\":\"Blue\",\"productID\":110672}]}<\/script>\n<!-- \/ Yoast SEO plugin. -->","yoast_head_json":{"title":"Tapetm\u00f6nster Ivar - 44129 | Midbec Tapeter","robots":{"index":"index","follow":"follow","max-snippet":"max-snippet:-1","max-image-preview":"max-image-preview:large","max-video-preview":"max-video-preview:-1"},"canonical":"https:\/\/midbectapeter.se\/en\/collection\/gronhaga\/ivar-44129\/","og_locale":"en_US","og_type":"article","og_title":"Tapetm\u00f6nster Ivar - 44129 | Midbec Tapeter","og_description":"Happy hares, squirrels frantically looking for acorns, birds taking a break on the forest floor, foxes looking up at the sky, on the wallpaper Ivar there is most of the beauty of the forest that makes you stop and reflect. The wallpaper has a blue-green background and an animal pattern in soft beige.","og_url":"https:\/\/midbectapeter.se\/en\/collection\/gronhaga\/ivar-44129\/","og_site_name":"Midbec Tapeter","article_publisher":"https:\/\/www.facebook.com\/midbectapeter","og_image":[{"width":1000,"height":1000,"url":"https:\/\/midbectapeter.se\/wp-content\/uploads\/44129.jpg","type":"image\/jpeg"}],"twitter_card":"summary_large_image","schema":{"@context":"https:\/\/schema.org","@graph":[{"@type":"WebPage","@id":"https:\/\/midbectapeter.se\/en\/collection\/gronhaga\/ivar-44129\/","url":"https:\/\/midbectapeter.se\/en\/collection\/gronhaga\/ivar-44129\/","name":"Tapetm\u00f6nster Ivar - 44129 | Midbec Tapeter","isPartOf":{"@id":"https:\/\/midbectapeter.se\/en\/#website"},"primaryImageOfPage":{"@id":"https:\/\/midbectapeter.se\/en\/collection\/gronhaga\/ivar-44129\/#primaryimage"},"image":{"@id":"https:\/\/midbectapeter.se\/en\/collection\/gronhaga\/ivar-44129\/#primaryimage"},"thumbnailUrl":"https:\/\/midbectapeter.se\/wp-content\/uploads\/44129.jpg","datePublished":"2026-02-25T14:00:38+00:00","breadcrumb":{"@id":"https:\/\/midbectapeter.se\/en\/collection\/gronhaga\/ivar-44129\/#breadcrumb"},"inLanguage":"en-US","potentialAction":[{"@type":"ReadAction","target":["https:\/\/midbectapeter.se\/en\/collection\/gronhaga\/ivar-44129\/"]}]},{"@type":"ImageObject","inLanguage":"en-US","@id":"https:\/\/midbectapeter.se\/en\/collection\/gronhaga\/ivar-44129\/#primaryimage","url":"https:\/\/midbectapeter.se\/wp-content\/uploads\/44129.jpg","contentUrl":"https:\/\/midbectapeter.se\/wp-content\/uploads\/44129.jpg","width":1000,"height":1000,"caption":"Bl\u00e5 tapet med , Barn, Djur, Skog, F\u00e5glar m\u00f6nster"},{"@type":"BreadcrumbList","@id":"https:\/\/midbectapeter.se\/en\/collection\/gronhaga\/ivar-44129\/#breadcrumb","itemListElement":[{"@type":"ListItem","position":1,"name":"Hem","item":"https:\/\/midbectapeter.se\/en\/"},{"@type":"ListItem","position":2,"name":"Products","item":"https:\/\/midbectapeter.se\/en\/shop\/"},{"@type":"ListItem","position":3,"name":"Ivar &#8211; 44129"}]},{"@type":"WebSite","@id":"https:\/\/midbectapeter.se\/en\/#website","url":"https:\/\/midbectapeter.se\/en\/","name":"Midbec Tapeter","description":"","publisher":{"@id":"https:\/\/midbectapeter.se\/en\/#organization"},"potentialAction":[{"@type":"SearchAction","target":{"@type":"EntryPoint","urlTemplate":"https:\/\/midbectapeter.se\/en\/?s={search_term_string}"},"query-input":{"@type":"PropertyValueSpecification","valueRequired":true,"valueName":"search_term_string"}}],"inLanguage":"en-US"},{"@type":"Organization","@id":"https:\/\/midbectapeter.se\/en\/#organization","name":"Midbec Tapeter","url":"https:\/\/midbectapeter.se\/en\/","logo":{"@type":"ImageObject","inLanguage":"en-US","@id":"https:\/\/midbectapeter.se\/en\/#\/schema\/logo\/image\/","url":"https:\/\/midbectapeter.se\/wp-content\/uploads\/2022\/02\/midbec-logo-black.svg","contentUrl":"https:\/\/midbectapeter.se\/wp-content\/uploads\/2022\/02\/midbec-logo-black.svg","width":1,"height":1,"caption":"Midbec Tapeter"},"image":{"@id":"https:\/\/midbectapeter.se\/en\/#\/schema\/logo\/image\/"},"sameAs":["https:\/\/www.facebook.com\/midbectapeter","https:\/\/www.instagram.com\/midbectapeter\/","https:\/\/www.pinterest.se\/midbec\/"]},{"@type":"Product","name":"Ivar - 44129","image":["https:\/\/midbectapeter.se\/wp-content\/uploads\/44129.jpg","https:\/\/midbectapeter.se\/wp-content\/uploads\/44129__barnrum__1__tapet.jpg","https:\/\/midbectapeter.se\/wp-content\/uploads\/44129__barnrum__2__tapet.jpg","https:\/\/midbectapeter.se\/wp-content\/uploads\/44129__barnrum__3__tapet.jpg"],"offers":{"@type":"Offer","priceCurrency":"SEK","price":"","availability":"https:\/\/schema.org\/InStock","url":"https:\/\/midbectapeter.se\/en\/collection\/gronhaga\/ivar-44129\/"},"description":"Happy hares, squirrels frantically looking for acorns, birds taking a break on the forest floor, foxes looking up at the sky, on the wallpaper Ivar there is most of the beauty of the forest that makes you stop and reflect. The wallpaper has a blue-green background and an animal pattern in soft beige.","brand":{"@type":"Brand","name":"Midbec Tapeter"},"sku":"44129","category":"Gr\u00f6nhaga","material":"Non-woven","color":"Blue","productID":110672}]}},"_links":{"self":[{"href":"https:\/\/midbectapeter.se\/en\/wp-json\/wp\/v2\/product\/110672","targetHints":{"allow":["GET"]}}],"collection":[{"href":"https:\/\/midbectapeter.se\/en\/wp-json\/wp\/v2\/product"}],"about":[{"href":"https:\/\/midbectapeter.se\/en\/wp-json\/wp\/v2\/types\/product"}],"replies":[{"embeddable":true,"href":"https:\/\/midbectapeter.se\/en\/wp-json\/wp\/v2\/comments?post=110672"}],"wp:featuredmedia":[{"embeddable":true,"href":"https:\/\/midbectapeter.se\/en\/wp-json\/wp\/v2\/media\/95240"}],"wp:attachment":[{"href":"https:\/\/midbectapeter.se\/en\/wp-json\/wp\/v2\/media?parent=110672"}],"wp:term":[{"taxonomy":"product_brand","embeddable":true,"href":"https:\/\/midbectapeter.se\/en\/wp-json\/wp\/v2\/product_brand?post=110672"},{"taxonomy":"product_cat","embeddable":true,"href":"https:\/\/midbectapeter.se\/en\/wp-json\/wp\/v2\/product_cat?post=110672"},{"taxonomy":"product_tag","embeddable":true,"href":"https:\/\/midbectapeter.se\/en\/wp-json\/wp\/v2\/product_tag?post=110672"},{"taxonomy":"texture_surface","embeddable":true,"href":"https:\/\/midbectapeter.se\/en\/wp-json\/wp\/v2\/texture_surface?post=110672"},{"taxonomy":"designers","embeddable":true,"href":"https:\/\/midbectapeter.se\/en\/wp-json\/wp\/v2\/designers?post=110672"},{"taxonomy":"cat_colors","embeddable":true,"href":"https:\/\/midbectapeter.se\/en\/wp-json\/wp\/v2\/cat_colors?post=110672"},{"taxonomy":"cat_patterns","embeddable":true,"href":"https:\/\/midbectapeter.se\/en\/wp-json\/wp\/v2\/cat_patterns?post=110672"},{"taxonomy":"cat_styles","embeddable":true,"href":"https:\/\/midbectapeter.se\/en\/wp-json\/wp\/v2\/cat_styles?post=110672"},{"taxonomy":"cat_rooms","embeddable":true,"href":"https:\/\/midbectapeter.se\/en\/wp-json\/wp\/v2\/cat_rooms?post=110672"}],"curies":[{"name":"wp","href":"https:\/\/api.w.org\/{rel}","templated":true}]}}