{"id":110992,"date":"2026-02-25T16:10:48","date_gmt":"2026-02-25T15:10:48","guid":{"rendered":"https:\/\/midbectapeter.se\/kollektion\/uncategorized\/olle-83107\/"},"modified":"2025-05-23T11:47:58","modified_gmt":"2025-05-23T09:47:58","slug":"olle-83107","status":"publish","type":"product","link":"https:\/\/midbectapeter.se\/en\/collection\/hjarterum\/olle-83107\/","title":{"rendered":"Olle &#8211; 83107"},"content":{"rendered":"<p>The Olle wallpaper is inspired by Sweden&#8217;s diverse forest landscape with its lakes and ponds. In this color scheme, you see small flowers and leaves in yellow against a green-blue background. Olle is also available in more colors. The wallpaper is created by the illustrator Lina Schnaufer.<\/p>\n","protected":false},"excerpt":{"rendered":"<p>The Olle wallpaper is inspired by Sweden&#8217;s diverse forest landscape with its lakes and ponds. In this color scheme, you see small flowers and leaves in yellow against a green-blue background. Olle is also available in more colors. The wallpaper is created by the illustrator Lina Schnaufer.<\/p>\n","protected":false},"featured_media":95936,"comment_status":"closed","ping_status":"closed","template":"","meta":{"_acf_changed":false},"product_brand":[],"product_cat":[336],"product_tag":[],"texture_surface":[306],"designers":[95],"cat_colors":[315,295],"cat_patterns":[319,296],"cat_styles":[218],"cat_rooms":[320],"class_list":{"0":"post-110992","1":"product","2":"type-product","3":"status-publish","4":"has-post-thumbnail","6":"product_cat-hjarterum","7":"texture_surface-smooth","8":"designers-lina-schnaufer","9":"cat_colors-blue","10":"cat_colors-green","11":"cat_patterns-blad-en","12":"cat_patterns-floral","13":"cat_styles-skandinavisk","14":"cat_rooms-kok-en","16":"first","17":"instock","18":"taxable","19":"shipping-taxable","20":"purchasable","21":"product-type-variable"},"acf":{"visible_in_wallpaper_tool":true,"wallpaper_size_setting_1":16,"wallpaper_size_setting_2":640,"wallpaper_size_setting_3":640},"yoast_head":"<!-- This site is optimized with the Yoast SEO plugin v26.4 - https:\/\/yoast.com\/wordpress\/plugins\/seo\/ -->\n<title>Tapetm\u00f6nster Olle - 83107 | Midbec Tapeter<\/title>\n<meta name=\"robots\" content=\"index, follow, max-snippet:-1, max-image-preview:large, max-video-preview:-1\" \/>\n<link rel=\"canonical\" href=\"https:\/\/midbectapeter.se\/en\/collection\/hjarterum\/olle-83107\/\" \/>\n<meta property=\"og:locale\" content=\"en_US\" \/>\n<meta property=\"og:type\" content=\"article\" \/>\n<meta property=\"og:title\" content=\"Tapetm\u00f6nster Olle - 83107 | Midbec Tapeter\" \/>\n<meta property=\"og:description\" content=\"The Olle wallpaper is inspired by Sweden&#8217;s diverse forest landscape with its lakes and ponds. In this color scheme, you see small flowers and leaves in yellow against a green-blue background. Olle is also available in more colors. The wallpaper is created by the illustrator Lina Schnaufer.\" \/>\n<meta property=\"og:url\" content=\"https:\/\/midbectapeter.se\/en\/collection\/hjarterum\/olle-83107\/\" \/>\n<meta property=\"og:site_name\" content=\"Midbec Tapeter\" \/>\n<meta property=\"article:publisher\" content=\"https:\/\/www.facebook.com\/midbectapeter\" \/>\n<meta property=\"og:image\" content=\"https:\/\/midbectapeter.se\/wp-content\/uploads\/83107.jpg?_t=1757582052\" \/>\n\t<meta property=\"og:image:width\" content=\"1000\" \/>\n\t<meta property=\"og:image:height\" content=\"1000\" \/>\n\t<meta property=\"og:image:type\" content=\"image\/jpeg\" \/>\n<meta name=\"twitter:card\" content=\"summary_large_image\" \/>\n<script type=\"application\/ld+json\" class=\"yoast-schema-graph\">{\"@context\":\"https:\/\/schema.org\",\"@graph\":[{\"@type\":\"WebPage\",\"@id\":\"https:\/\/midbectapeter.se\/en\/collection\/hjarterum\/olle-83107\/\",\"url\":\"https:\/\/midbectapeter.se\/en\/collection\/hjarterum\/olle-83107\/\",\"name\":\"Tapetm\u00f6nster Olle - 83107 | Midbec Tapeter\",\"isPartOf\":{\"@id\":\"https:\/\/midbectapeter.se\/en\/#website\"},\"primaryImageOfPage\":{\"@id\":\"https:\/\/midbectapeter.se\/en\/collection\/hjarterum\/olle-83107\/#primaryimage\"},\"image\":{\"@id\":\"https:\/\/midbectapeter.se\/en\/collection\/hjarterum\/olle-83107\/#primaryimage\"},\"thumbnailUrl\":\"https:\/\/midbectapeter.se\/wp-content\/uploads\/83107.jpg\",\"datePublished\":\"2026-02-25T15:10:48+00:00\",\"breadcrumb\":{\"@id\":\"https:\/\/midbectapeter.se\/en\/collection\/hjarterum\/olle-83107\/#breadcrumb\"},\"inLanguage\":\"en-US\",\"potentialAction\":[{\"@type\":\"ReadAction\",\"target\":[\"https:\/\/midbectapeter.se\/en\/collection\/hjarterum\/olle-83107\/\"]}]},{\"@type\":\"ImageObject\",\"inLanguage\":\"en-US\",\"@id\":\"https:\/\/midbectapeter.se\/en\/collection\/hjarterum\/olle-83107\/#primaryimage\",\"url\":\"https:\/\/midbectapeter.se\/wp-content\/uploads\/83107.jpg\",\"contentUrl\":\"https:\/\/midbectapeter.se\/wp-content\/uploads\/83107.jpg\",\"width\":1000,\"height\":1000,\"caption\":\"Gr\u00f6n, Bl\u00e5, Gul tapet med Blommigt, Blad, , Skog m\u00f6nster\"},{\"@type\":\"BreadcrumbList\",\"@id\":\"https:\/\/midbectapeter.se\/en\/collection\/hjarterum\/olle-83107\/#breadcrumb\",\"itemListElement\":[{\"@type\":\"ListItem\",\"position\":1,\"name\":\"Hem\",\"item\":\"https:\/\/midbectapeter.se\/en\/\"},{\"@type\":\"ListItem\",\"position\":2,\"name\":\"Products\",\"item\":\"https:\/\/midbectapeter.se\/en\/shop\/\"},{\"@type\":\"ListItem\",\"position\":3,\"name\":\"Olle &#8211; 83107\"}]},{\"@type\":\"WebSite\",\"@id\":\"https:\/\/midbectapeter.se\/en\/#website\",\"url\":\"https:\/\/midbectapeter.se\/en\/\",\"name\":\"Midbec Tapeter\",\"description\":\"\",\"publisher\":{\"@id\":\"https:\/\/midbectapeter.se\/en\/#organization\"},\"potentialAction\":[{\"@type\":\"SearchAction\",\"target\":{\"@type\":\"EntryPoint\",\"urlTemplate\":\"https:\/\/midbectapeter.se\/en\/?s={search_term_string}\"},\"query-input\":{\"@type\":\"PropertyValueSpecification\",\"valueRequired\":true,\"valueName\":\"search_term_string\"}}],\"inLanguage\":\"en-US\"},{\"@type\":\"Organization\",\"@id\":\"https:\/\/midbectapeter.se\/en\/#organization\",\"name\":\"Midbec Tapeter\",\"url\":\"https:\/\/midbectapeter.se\/en\/\",\"logo\":{\"@type\":\"ImageObject\",\"inLanguage\":\"en-US\",\"@id\":\"https:\/\/midbectapeter.se\/en\/#\/schema\/logo\/image\/\",\"url\":\"https:\/\/midbectapeter.se\/wp-content\/uploads\/2022\/02\/midbec-logo-black.svg\",\"contentUrl\":\"https:\/\/midbectapeter.se\/wp-content\/uploads\/2022\/02\/midbec-logo-black.svg\",\"width\":1,\"height\":1,\"caption\":\"Midbec Tapeter\"},\"image\":{\"@id\":\"https:\/\/midbectapeter.se\/en\/#\/schema\/logo\/image\/\"},\"sameAs\":[\"https:\/\/www.facebook.com\/midbectapeter\",\"https:\/\/www.instagram.com\/midbectapeter\/\",\"https:\/\/www.pinterest.se\/midbec\/\"]},{\"@type\":\"Product\",\"name\":\"Olle - 83107\",\"image\":[\"https:\/\/midbectapeter.se\/wp-content\/uploads\/83107.jpg\",\"https:\/\/midbectapeter.se\/wp-content\/uploads\/83107__kok__1__tapet.jpg\",\"https:\/\/midbectapeter.se\/wp-content\/uploads\/83107__sovrum__1__tapet.jpg\",\"https:\/\/midbectapeter.se\/wp-content\/uploads\/83107__vardagsrum__1__tapet.jpg\"],\"offers\":{\"@type\":\"Offer\",\"priceCurrency\":\"SEK\",\"price\":\"\",\"availability\":\"https:\/\/schema.org\/InStock\",\"url\":\"https:\/\/midbectapeter.se\/en\/collection\/hjarterum\/olle-83107\/\"},\"description\":\"The Olle wallpaper is inspired by Sweden's diverse forest landscape with its lakes and ponds. In this color scheme, you see small flowers and leaves in yellow against a green-blue background. Olle is also available in more colors. The wallpaper is created by the illustrator Lina Schnaufer.\",\"brand\":{\"@type\":\"Brand\",\"name\":\"Midbec Tapeter\"},\"sku\":\"83107\",\"category\":\"Hj\u00e4rterum\",\"material\":\"Non-woven\",\"color\":\"Yellow, Green, Blue\",\"productID\":110992}]}<\/script>\n<!-- \/ Yoast SEO plugin. -->","yoast_head_json":{"title":"Tapetm\u00f6nster Olle - 83107 | Midbec Tapeter","robots":{"index":"index","follow":"follow","max-snippet":"max-snippet:-1","max-image-preview":"max-image-preview:large","max-video-preview":"max-video-preview:-1"},"canonical":"https:\/\/midbectapeter.se\/en\/collection\/hjarterum\/olle-83107\/","og_locale":"en_US","og_type":"article","og_title":"Tapetm\u00f6nster Olle - 83107 | Midbec Tapeter","og_description":"The Olle wallpaper is inspired by Sweden&#8217;s diverse forest landscape with its lakes and ponds. In this color scheme, you see small flowers and leaves in yellow against a green-blue background. Olle is also available in more colors. The wallpaper is created by the illustrator Lina Schnaufer.","og_url":"https:\/\/midbectapeter.se\/en\/collection\/hjarterum\/olle-83107\/","og_site_name":"Midbec Tapeter","article_publisher":"https:\/\/www.facebook.com\/midbectapeter","og_image":[{"width":1000,"height":1000,"url":"https:\/\/midbectapeter.se\/wp-content\/uploads\/83107.jpg?_t=1757582052","type":"image\/jpeg"}],"twitter_card":"summary_large_image","schema":{"@context":"https:\/\/schema.org","@graph":[{"@type":"WebPage","@id":"https:\/\/midbectapeter.se\/en\/collection\/hjarterum\/olle-83107\/","url":"https:\/\/midbectapeter.se\/en\/collection\/hjarterum\/olle-83107\/","name":"Tapetm\u00f6nster Olle - 83107 | Midbec Tapeter","isPartOf":{"@id":"https:\/\/midbectapeter.se\/en\/#website"},"primaryImageOfPage":{"@id":"https:\/\/midbectapeter.se\/en\/collection\/hjarterum\/olle-83107\/#primaryimage"},"image":{"@id":"https:\/\/midbectapeter.se\/en\/collection\/hjarterum\/olle-83107\/#primaryimage"},"thumbnailUrl":"https:\/\/midbectapeter.se\/wp-content\/uploads\/83107.jpg","datePublished":"2026-02-25T15:10:48+00:00","breadcrumb":{"@id":"https:\/\/midbectapeter.se\/en\/collection\/hjarterum\/olle-83107\/#breadcrumb"},"inLanguage":"en-US","potentialAction":[{"@type":"ReadAction","target":["https:\/\/midbectapeter.se\/en\/collection\/hjarterum\/olle-83107\/"]}]},{"@type":"ImageObject","inLanguage":"en-US","@id":"https:\/\/midbectapeter.se\/en\/collection\/hjarterum\/olle-83107\/#primaryimage","url":"https:\/\/midbectapeter.se\/wp-content\/uploads\/83107.jpg","contentUrl":"https:\/\/midbectapeter.se\/wp-content\/uploads\/83107.jpg","width":1000,"height":1000,"caption":"Gr\u00f6n, Bl\u00e5, Gul tapet med Blommigt, Blad, , Skog m\u00f6nster"},{"@type":"BreadcrumbList","@id":"https:\/\/midbectapeter.se\/en\/collection\/hjarterum\/olle-83107\/#breadcrumb","itemListElement":[{"@type":"ListItem","position":1,"name":"Hem","item":"https:\/\/midbectapeter.se\/en\/"},{"@type":"ListItem","position":2,"name":"Products","item":"https:\/\/midbectapeter.se\/en\/shop\/"},{"@type":"ListItem","position":3,"name":"Olle &#8211; 83107"}]},{"@type":"WebSite","@id":"https:\/\/midbectapeter.se\/en\/#website","url":"https:\/\/midbectapeter.se\/en\/","name":"Midbec Tapeter","description":"","publisher":{"@id":"https:\/\/midbectapeter.se\/en\/#organization"},"potentialAction":[{"@type":"SearchAction","target":{"@type":"EntryPoint","urlTemplate":"https:\/\/midbectapeter.se\/en\/?s={search_term_string}"},"query-input":{"@type":"PropertyValueSpecification","valueRequired":true,"valueName":"search_term_string"}}],"inLanguage":"en-US"},{"@type":"Organization","@id":"https:\/\/midbectapeter.se\/en\/#organization","name":"Midbec Tapeter","url":"https:\/\/midbectapeter.se\/en\/","logo":{"@type":"ImageObject","inLanguage":"en-US","@id":"https:\/\/midbectapeter.se\/en\/#\/schema\/logo\/image\/","url":"https:\/\/midbectapeter.se\/wp-content\/uploads\/2022\/02\/midbec-logo-black.svg","contentUrl":"https:\/\/midbectapeter.se\/wp-content\/uploads\/2022\/02\/midbec-logo-black.svg","width":1,"height":1,"caption":"Midbec Tapeter"},"image":{"@id":"https:\/\/midbectapeter.se\/en\/#\/schema\/logo\/image\/"},"sameAs":["https:\/\/www.facebook.com\/midbectapeter","https:\/\/www.instagram.com\/midbectapeter\/","https:\/\/www.pinterest.se\/midbec\/"]},{"@type":"Product","name":"Olle - 83107","image":["https:\/\/midbectapeter.se\/wp-content\/uploads\/83107.jpg","https:\/\/midbectapeter.se\/wp-content\/uploads\/83107__kok__1__tapet.jpg","https:\/\/midbectapeter.se\/wp-content\/uploads\/83107__sovrum__1__tapet.jpg","https:\/\/midbectapeter.se\/wp-content\/uploads\/83107__vardagsrum__1__tapet.jpg"],"offers":{"@type":"Offer","priceCurrency":"SEK","price":"","availability":"https:\/\/schema.org\/InStock","url":"https:\/\/midbectapeter.se\/en\/collection\/hjarterum\/olle-83107\/"},"description":"The Olle wallpaper is inspired by Sweden's diverse forest landscape with its lakes and ponds. In this color scheme, you see small flowers and leaves in yellow against a green-blue background. Olle is also available in more colors. The wallpaper is created by the illustrator Lina Schnaufer.","brand":{"@type":"Brand","name":"Midbec Tapeter"},"sku":"83107","category":"Hj\u00e4rterum","material":"Non-woven","color":"Yellow, Green, Blue","productID":110992}]}},"_links":{"self":[{"href":"https:\/\/midbectapeter.se\/en\/wp-json\/wp\/v2\/product\/110992","targetHints":{"allow":["GET"]}}],"collection":[{"href":"https:\/\/midbectapeter.se\/en\/wp-json\/wp\/v2\/product"}],"about":[{"href":"https:\/\/midbectapeter.se\/en\/wp-json\/wp\/v2\/types\/product"}],"replies":[{"embeddable":true,"href":"https:\/\/midbectapeter.se\/en\/wp-json\/wp\/v2\/comments?post=110992"}],"wp:featuredmedia":[{"embeddable":true,"href":"https:\/\/midbectapeter.se\/en\/wp-json\/wp\/v2\/media\/95936"}],"wp:attachment":[{"href":"https:\/\/midbectapeter.se\/en\/wp-json\/wp\/v2\/media?parent=110992"}],"wp:term":[{"taxonomy":"product_brand","embeddable":true,"href":"https:\/\/midbectapeter.se\/en\/wp-json\/wp\/v2\/product_brand?post=110992"},{"taxonomy":"product_cat","embeddable":true,"href":"https:\/\/midbectapeter.se\/en\/wp-json\/wp\/v2\/product_cat?post=110992"},{"taxonomy":"product_tag","embeddable":true,"href":"https:\/\/midbectapeter.se\/en\/wp-json\/wp\/v2\/product_tag?post=110992"},{"taxonomy":"texture_surface","embeddable":true,"href":"https:\/\/midbectapeter.se\/en\/wp-json\/wp\/v2\/texture_surface?post=110992"},{"taxonomy":"designers","embeddable":true,"href":"https:\/\/midbectapeter.se\/en\/wp-json\/wp\/v2\/designers?post=110992"},{"taxonomy":"cat_colors","embeddable":true,"href":"https:\/\/midbectapeter.se\/en\/wp-json\/wp\/v2\/cat_colors?post=110992"},{"taxonomy":"cat_patterns","embeddable":true,"href":"https:\/\/midbectapeter.se\/en\/wp-json\/wp\/v2\/cat_patterns?post=110992"},{"taxonomy":"cat_styles","embeddable":true,"href":"https:\/\/midbectapeter.se\/en\/wp-json\/wp\/v2\/cat_styles?post=110992"},{"taxonomy":"cat_rooms","embeddable":true,"href":"https:\/\/midbectapeter.se\/en\/wp-json\/wp\/v2\/cat_rooms?post=110992"}],"curies":[{"name":"wp","href":"https:\/\/api.w.org\/{rel}","templated":true}]}}