{"id":111022,"date":"2026-02-25T16:15:09","date_gmt":"2026-02-25T15:15:09","guid":{"rendered":"https:\/\/midbectapeter.se\/kollektion\/uncategorized\/ojvind-83115\/"},"modified":"2025-05-23T11:50:32","modified_gmt":"2025-05-23T09:50:32","slug":"ojvind-83115","status":"publish","type":"product","link":"https:\/\/midbectapeter.se\/en\/collection\/hjarterum\/ojvind-83115\/","title":{"rendered":"\u00d6jvind &#8211; 83115"},"content":{"rendered":"<p>\u00d6jvind is a wallpaper that contributes with community and warmth. A beautiful pattern where cornflowers, swan and solstice meet and together create a work of art that oozes summer. \u00d6jvind is available in six beautiful colors, here you see a blue base with a pattern in beige, gray and a dash of orange.<\/p>\n","protected":false},"excerpt":{"rendered":"<p>\u00d6jvind is a wallpaper that contributes with community and warmth. A beautiful pattern where cornflowers, swan and solstice meet and together create a work of art that oozes summer. \u00d6jvind is available in six beautiful colors, here you see a blue base with a pattern in beige, gray and a dash of orange.<\/p>\n","protected":false},"featured_media":95957,"comment_status":"closed","ping_status":"closed","template":"","meta":{"_acf_changed":false},"product_brand":[],"product_cat":[336],"product_tag":[],"texture_surface":[306],"designers":[95],"cat_colors":[315],"cat_patterns":[296],"cat_styles":[313],"cat_rooms":[238],"class_list":{"0":"post-111022","1":"product","2":"type-product","3":"status-publish","4":"has-post-thumbnail","6":"product_cat-hjarterum","7":"texture_surface-smooth","8":"designers-lina-schnaufer","9":"cat_colors-blue","10":"cat_patterns-floral","11":"cat_styles-romantisk-en","12":"cat_rooms-hall","14":"first","15":"instock","16":"taxable","17":"shipping-taxable","18":"purchasable","19":"product-type-variable"},"acf":{"visible_in_wallpaper_tool":true,"wallpaper_size_setting_1":19,"wallpaper_size_setting_2":760,"wallpaper_size_setting_3":760},"yoast_head":"<!-- This site is optimized with the Yoast SEO plugin v26.4 - https:\/\/yoast.com\/wordpress\/plugins\/seo\/ -->\n<title>Tapetm\u00f6nster \u00d6jvind - 83115 | Midbec Tapeter<\/title>\n<meta name=\"robots\" content=\"index, follow, max-snippet:-1, max-image-preview:large, max-video-preview:-1\" \/>\n<link rel=\"canonical\" href=\"https:\/\/midbectapeter.se\/en\/collection\/hjarterum\/ojvind-83115\/\" \/>\n<meta property=\"og:locale\" content=\"en_US\" \/>\n<meta property=\"og:type\" content=\"article\" \/>\n<meta property=\"og:title\" content=\"Tapetm\u00f6nster \u00d6jvind - 83115 | Midbec Tapeter\" \/>\n<meta property=\"og:description\" content=\"\u00d6jvind is a wallpaper that contributes with community and warmth. A beautiful pattern where cornflowers, swan and solstice meet and together create a work of art that oozes summer. \u00d6jvind is available in six beautiful colors, here you see a blue base with a pattern in beige, gray and a dash of orange.\" \/>\n<meta property=\"og:url\" content=\"https:\/\/midbectapeter.se\/en\/collection\/hjarterum\/ojvind-83115\/\" \/>\n<meta property=\"og:site_name\" content=\"Midbec Tapeter\" \/>\n<meta property=\"article:publisher\" content=\"https:\/\/www.facebook.com\/midbectapeter\" \/>\n<meta property=\"og:image\" content=\"https:\/\/midbectapeter.se\/wp-content\/uploads\/83115.jpg?_t=1757582080\" \/>\n\t<meta property=\"og:image:width\" content=\"1000\" \/>\n\t<meta property=\"og:image:height\" content=\"1000\" \/>\n\t<meta property=\"og:image:type\" content=\"image\/jpeg\" \/>\n<meta name=\"twitter:card\" content=\"summary_large_image\" \/>\n<script type=\"application\/ld+json\" class=\"yoast-schema-graph\">{\"@context\":\"https:\/\/schema.org\",\"@graph\":[{\"@type\":\"WebPage\",\"@id\":\"https:\/\/midbectapeter.se\/en\/collection\/hjarterum\/ojvind-83115\/\",\"url\":\"https:\/\/midbectapeter.se\/en\/collection\/hjarterum\/ojvind-83115\/\",\"name\":\"Tapetm\u00f6nster \u00d6jvind - 83115 | Midbec Tapeter\",\"isPartOf\":{\"@id\":\"https:\/\/midbectapeter.se\/en\/#website\"},\"primaryImageOfPage\":{\"@id\":\"https:\/\/midbectapeter.se\/en\/collection\/hjarterum\/ojvind-83115\/#primaryimage\"},\"image\":{\"@id\":\"https:\/\/midbectapeter.se\/en\/collection\/hjarterum\/ojvind-83115\/#primaryimage\"},\"thumbnailUrl\":\"https:\/\/midbectapeter.se\/wp-content\/uploads\/83115.jpg\",\"datePublished\":\"2026-02-25T15:15:09+00:00\",\"breadcrumb\":{\"@id\":\"https:\/\/midbectapeter.se\/en\/collection\/hjarterum\/ojvind-83115\/#breadcrumb\"},\"inLanguage\":\"en-US\",\"potentialAction\":[{\"@type\":\"ReadAction\",\"target\":[\"https:\/\/midbectapeter.se\/en\/collection\/hjarterum\/ojvind-83115\/\"]}]},{\"@type\":\"ImageObject\",\"inLanguage\":\"en-US\",\"@id\":\"https:\/\/midbectapeter.se\/en\/collection\/hjarterum\/ojvind-83115\/#primaryimage\",\"url\":\"https:\/\/midbectapeter.se\/wp-content\/uploads\/83115.jpg\",\"contentUrl\":\"https:\/\/midbectapeter.se\/wp-content\/uploads\/83115.jpg\",\"width\":1000,\"height\":1000,\"caption\":\"Bl\u00e5 tapet med Blommigt, , Medaljong m\u00f6nster\"},{\"@type\":\"BreadcrumbList\",\"@id\":\"https:\/\/midbectapeter.se\/en\/collection\/hjarterum\/ojvind-83115\/#breadcrumb\",\"itemListElement\":[{\"@type\":\"ListItem\",\"position\":1,\"name\":\"Hem\",\"item\":\"https:\/\/midbectapeter.se\/en\/\"},{\"@type\":\"ListItem\",\"position\":2,\"name\":\"Products\",\"item\":\"https:\/\/midbectapeter.se\/en\/shop\/\"},{\"@type\":\"ListItem\",\"position\":3,\"name\":\"\u00d6jvind &#8211; 83115\"}]},{\"@type\":\"WebSite\",\"@id\":\"https:\/\/midbectapeter.se\/en\/#website\",\"url\":\"https:\/\/midbectapeter.se\/en\/\",\"name\":\"Midbec Tapeter\",\"description\":\"\",\"publisher\":{\"@id\":\"https:\/\/midbectapeter.se\/en\/#organization\"},\"potentialAction\":[{\"@type\":\"SearchAction\",\"target\":{\"@type\":\"EntryPoint\",\"urlTemplate\":\"https:\/\/midbectapeter.se\/en\/?s={search_term_string}\"},\"query-input\":{\"@type\":\"PropertyValueSpecification\",\"valueRequired\":true,\"valueName\":\"search_term_string\"}}],\"inLanguage\":\"en-US\"},{\"@type\":\"Organization\",\"@id\":\"https:\/\/midbectapeter.se\/en\/#organization\",\"name\":\"Midbec Tapeter\",\"url\":\"https:\/\/midbectapeter.se\/en\/\",\"logo\":{\"@type\":\"ImageObject\",\"inLanguage\":\"en-US\",\"@id\":\"https:\/\/midbectapeter.se\/en\/#\/schema\/logo\/image\/\",\"url\":\"https:\/\/midbectapeter.se\/wp-content\/uploads\/2022\/02\/midbec-logo-black.svg\",\"contentUrl\":\"https:\/\/midbectapeter.se\/wp-content\/uploads\/2022\/02\/midbec-logo-black.svg\",\"width\":1,\"height\":1,\"caption\":\"Midbec Tapeter\"},\"image\":{\"@id\":\"https:\/\/midbectapeter.se\/en\/#\/schema\/logo\/image\/\"},\"sameAs\":[\"https:\/\/www.facebook.com\/midbectapeter\",\"https:\/\/www.instagram.com\/midbectapeter\/\",\"https:\/\/www.pinterest.se\/midbec\/\"]},{\"@type\":\"Product\",\"name\":\"\u00d6jvind - 83115\",\"image\":[\"https:\/\/midbectapeter.se\/wp-content\/uploads\/83115.jpg\",\"https:\/\/midbectapeter.se\/wp-content\/uploads\/83115__hall__1__tapet.jpg\"],\"offers\":{\"@type\":\"Offer\",\"priceCurrency\":\"SEK\",\"price\":\"\",\"availability\":\"https:\/\/schema.org\/InStock\",\"url\":\"https:\/\/midbectapeter.se\/en\/collection\/hjarterum\/ojvind-83115\/\"},\"description\":\"\u00d6jvind is a wallpaper that contributes with community and warmth. A beautiful pattern where cornflowers, swan and solstice meet and together create a work of art that oozes summer. \u00d6jvind is available in six beautiful colors, here you see a blue base with a pattern in beige, gray and a dash of orange.\",\"brand\":{\"@type\":\"Brand\",\"name\":\"Midbec Tapeter\"},\"sku\":\"83115\",\"category\":\"Hj\u00e4rterum\",\"material\":\"Non-woven\",\"color\":\"Blue\",\"productID\":111022}]}<\/script>\n<!-- \/ Yoast SEO plugin. -->","yoast_head_json":{"title":"Tapetm\u00f6nster \u00d6jvind - 83115 | Midbec Tapeter","robots":{"index":"index","follow":"follow","max-snippet":"max-snippet:-1","max-image-preview":"max-image-preview:large","max-video-preview":"max-video-preview:-1"},"canonical":"https:\/\/midbectapeter.se\/en\/collection\/hjarterum\/ojvind-83115\/","og_locale":"en_US","og_type":"article","og_title":"Tapetm\u00f6nster \u00d6jvind - 83115 | Midbec Tapeter","og_description":"\u00d6jvind is a wallpaper that contributes with community and warmth. A beautiful pattern where cornflowers, swan and solstice meet and together create a work of art that oozes summer. \u00d6jvind is available in six beautiful colors, here you see a blue base with a pattern in beige, gray and a dash of orange.","og_url":"https:\/\/midbectapeter.se\/en\/collection\/hjarterum\/ojvind-83115\/","og_site_name":"Midbec Tapeter","article_publisher":"https:\/\/www.facebook.com\/midbectapeter","og_image":[{"width":1000,"height":1000,"url":"https:\/\/midbectapeter.se\/wp-content\/uploads\/83115.jpg?_t=1757582080","type":"image\/jpeg"}],"twitter_card":"summary_large_image","schema":{"@context":"https:\/\/schema.org","@graph":[{"@type":"WebPage","@id":"https:\/\/midbectapeter.se\/en\/collection\/hjarterum\/ojvind-83115\/","url":"https:\/\/midbectapeter.se\/en\/collection\/hjarterum\/ojvind-83115\/","name":"Tapetm\u00f6nster \u00d6jvind - 83115 | Midbec Tapeter","isPartOf":{"@id":"https:\/\/midbectapeter.se\/en\/#website"},"primaryImageOfPage":{"@id":"https:\/\/midbectapeter.se\/en\/collection\/hjarterum\/ojvind-83115\/#primaryimage"},"image":{"@id":"https:\/\/midbectapeter.se\/en\/collection\/hjarterum\/ojvind-83115\/#primaryimage"},"thumbnailUrl":"https:\/\/midbectapeter.se\/wp-content\/uploads\/83115.jpg","datePublished":"2026-02-25T15:15:09+00:00","breadcrumb":{"@id":"https:\/\/midbectapeter.se\/en\/collection\/hjarterum\/ojvind-83115\/#breadcrumb"},"inLanguage":"en-US","potentialAction":[{"@type":"ReadAction","target":["https:\/\/midbectapeter.se\/en\/collection\/hjarterum\/ojvind-83115\/"]}]},{"@type":"ImageObject","inLanguage":"en-US","@id":"https:\/\/midbectapeter.se\/en\/collection\/hjarterum\/ojvind-83115\/#primaryimage","url":"https:\/\/midbectapeter.se\/wp-content\/uploads\/83115.jpg","contentUrl":"https:\/\/midbectapeter.se\/wp-content\/uploads\/83115.jpg","width":1000,"height":1000,"caption":"Bl\u00e5 tapet med Blommigt, , Medaljong m\u00f6nster"},{"@type":"BreadcrumbList","@id":"https:\/\/midbectapeter.se\/en\/collection\/hjarterum\/ojvind-83115\/#breadcrumb","itemListElement":[{"@type":"ListItem","position":1,"name":"Hem","item":"https:\/\/midbectapeter.se\/en\/"},{"@type":"ListItem","position":2,"name":"Products","item":"https:\/\/midbectapeter.se\/en\/shop\/"},{"@type":"ListItem","position":3,"name":"\u00d6jvind &#8211; 83115"}]},{"@type":"WebSite","@id":"https:\/\/midbectapeter.se\/en\/#website","url":"https:\/\/midbectapeter.se\/en\/","name":"Midbec Tapeter","description":"","publisher":{"@id":"https:\/\/midbectapeter.se\/en\/#organization"},"potentialAction":[{"@type":"SearchAction","target":{"@type":"EntryPoint","urlTemplate":"https:\/\/midbectapeter.se\/en\/?s={search_term_string}"},"query-input":{"@type":"PropertyValueSpecification","valueRequired":true,"valueName":"search_term_string"}}],"inLanguage":"en-US"},{"@type":"Organization","@id":"https:\/\/midbectapeter.se\/en\/#organization","name":"Midbec Tapeter","url":"https:\/\/midbectapeter.se\/en\/","logo":{"@type":"ImageObject","inLanguage":"en-US","@id":"https:\/\/midbectapeter.se\/en\/#\/schema\/logo\/image\/","url":"https:\/\/midbectapeter.se\/wp-content\/uploads\/2022\/02\/midbec-logo-black.svg","contentUrl":"https:\/\/midbectapeter.se\/wp-content\/uploads\/2022\/02\/midbec-logo-black.svg","width":1,"height":1,"caption":"Midbec Tapeter"},"image":{"@id":"https:\/\/midbectapeter.se\/en\/#\/schema\/logo\/image\/"},"sameAs":["https:\/\/www.facebook.com\/midbectapeter","https:\/\/www.instagram.com\/midbectapeter\/","https:\/\/www.pinterest.se\/midbec\/"]},{"@type":"Product","name":"\u00d6jvind - 83115","image":["https:\/\/midbectapeter.se\/wp-content\/uploads\/83115.jpg","https:\/\/midbectapeter.se\/wp-content\/uploads\/83115__hall__1__tapet.jpg"],"offers":{"@type":"Offer","priceCurrency":"SEK","price":"","availability":"https:\/\/schema.org\/InStock","url":"https:\/\/midbectapeter.se\/en\/collection\/hjarterum\/ojvind-83115\/"},"description":"\u00d6jvind is a wallpaper that contributes with community and warmth. A beautiful pattern where cornflowers, swan and solstice meet and together create a work of art that oozes summer. \u00d6jvind is available in six beautiful colors, here you see a blue base with a pattern in beige, gray and a dash of orange.","brand":{"@type":"Brand","name":"Midbec Tapeter"},"sku":"83115","category":"Hj\u00e4rterum","material":"Non-woven","color":"Blue","productID":111022}]}},"_links":{"self":[{"href":"https:\/\/midbectapeter.se\/en\/wp-json\/wp\/v2\/product\/111022","targetHints":{"allow":["GET"]}}],"collection":[{"href":"https:\/\/midbectapeter.se\/en\/wp-json\/wp\/v2\/product"}],"about":[{"href":"https:\/\/midbectapeter.se\/en\/wp-json\/wp\/v2\/types\/product"}],"replies":[{"embeddable":true,"href":"https:\/\/midbectapeter.se\/en\/wp-json\/wp\/v2\/comments?post=111022"}],"wp:featuredmedia":[{"embeddable":true,"href":"https:\/\/midbectapeter.se\/en\/wp-json\/wp\/v2\/media\/95957"}],"wp:attachment":[{"href":"https:\/\/midbectapeter.se\/en\/wp-json\/wp\/v2\/media?parent=111022"}],"wp:term":[{"taxonomy":"product_brand","embeddable":true,"href":"https:\/\/midbectapeter.se\/en\/wp-json\/wp\/v2\/product_brand?post=111022"},{"taxonomy":"product_cat","embeddable":true,"href":"https:\/\/midbectapeter.se\/en\/wp-json\/wp\/v2\/product_cat?post=111022"},{"taxonomy":"product_tag","embeddable":true,"href":"https:\/\/midbectapeter.se\/en\/wp-json\/wp\/v2\/product_tag?post=111022"},{"taxonomy":"texture_surface","embeddable":true,"href":"https:\/\/midbectapeter.se\/en\/wp-json\/wp\/v2\/texture_surface?post=111022"},{"taxonomy":"designers","embeddable":true,"href":"https:\/\/midbectapeter.se\/en\/wp-json\/wp\/v2\/designers?post=111022"},{"taxonomy":"cat_colors","embeddable":true,"href":"https:\/\/midbectapeter.se\/en\/wp-json\/wp\/v2\/cat_colors?post=111022"},{"taxonomy":"cat_patterns","embeddable":true,"href":"https:\/\/midbectapeter.se\/en\/wp-json\/wp\/v2\/cat_patterns?post=111022"},{"taxonomy":"cat_styles","embeddable":true,"href":"https:\/\/midbectapeter.se\/en\/wp-json\/wp\/v2\/cat_styles?post=111022"},{"taxonomy":"cat_rooms","embeddable":true,"href":"https:\/\/midbectapeter.se\/en\/wp-json\/wp\/v2\/cat_rooms?post=111022"}],"curies":[{"name":"wp","href":"https:\/\/api.w.org\/{rel}","templated":true}]}}