{"id":111103,"date":"2026-03-18T02:25:19","date_gmt":"2026-03-18T01:25:19","guid":{"rendered":"https:\/\/midbectapeter.se\/kollektion\/uncategorized\/krita-77011\/"},"modified":"2025-05-26T13:49:47","modified_gmt":"2025-05-26T11:49:47","slug":"krita-77011","status":"publish","type":"product","link":"https:\/\/midbectapeter.se\/en\/collection\/kulor\/krita-77011\/","title":{"rendered":"Krita &#8211; 77011"},"content":{"rendered":"<p>Krita (chalk) is a white plain wallpaper whose shade goes in the colder direction. It is the whitest shade in the plain Kul\u00f6r collection and combines nicely with the majority of our wallpapers. Thanks to the wallpaper&#8217;s discreet surface structure, this wallpaper gives a more lively impression than completely smooth white walls do.<\/p>\n","protected":false},"excerpt":{"rendered":"<p>Krita (chalk) is a white plain wallpaper whose shade goes in the colder direction. It is the whitest shade in the plain Kul\u00f6r collection and combines nicely with the majority of our wallpapers. Thanks to the wallpaper&#8217;s discreet surface structure, this wallpaper gives a more lively impression than completely smooth white walls do.<\/p>\n","protected":false},"featured_media":100122,"comment_status":"closed","ping_status":"closed","template":"","meta":{"_acf_changed":false},"product_brand":[],"product_cat":[405,373,369,334,338],"product_tag":[],"texture_surface":[305],"designers":[93],"cat_colors":[234],"cat_patterns":[235],"cat_styles":[300],"cat_rooms":[320],"class_list":{"0":"post-111103","1":"product","2":"type-product","3":"status-publish","4":"has-post-thumbnail","6":"product_cat-klara-o-tove","7":"product_cat-fagring","8":"product_cat-elements","9":"product_cat-fagelsang","10":"product_cat-kulor","11":"texture_surface-matte","12":"designers-bjorn-nilsson","13":"cat_colors-vit","14":"cat_patterns-enfargat","15":"cat_styles-classic","16":"cat_rooms-kok-en","18":"first","19":"instock","20":"taxable","21":"shipping-taxable","22":"purchasable","23":"product-type-variable"},"acf":{"visible_in_wallpaper_tool":false,"wallpaper_size_setting_1":100,"wallpaper_size_setting_2":500,"wallpaper_size_setting_3":500},"yoast_head":"<!-- This site is optimized with the Yoast SEO plugin v26.4 - https:\/\/yoast.com\/wordpress\/plugins\/seo\/ -->\n<title>Tapetm\u00f6nster Krita - 77011 | Midbec Tapeter<\/title>\n<meta name=\"robots\" content=\"index, follow, max-snippet:-1, max-image-preview:large, max-video-preview:-1\" \/>\n<link rel=\"canonical\" href=\"https:\/\/midbectapeter.se\/en\/collection\/kulor\/krita-77011\/\" \/>\n<meta property=\"og:locale\" content=\"en_US\" \/>\n<meta property=\"og:type\" content=\"article\" \/>\n<meta property=\"og:title\" content=\"Tapetm\u00f6nster Krita - 77011 | Midbec Tapeter\" \/>\n<meta property=\"og:description\" content=\"Krita (chalk) is a white plain wallpaper whose shade goes in the colder direction. It is the whitest shade in the plain Kul\u00f6r collection and combines nicely with the majority of our wallpapers. Thanks to the wallpaper&#8217;s discreet surface structure, this wallpaper gives a more lively impression than completely smooth white walls do.\" \/>\n<meta property=\"og:url\" content=\"https:\/\/midbectapeter.se\/en\/collection\/kulor\/krita-77011\/\" \/>\n<meta property=\"og:site_name\" content=\"Midbec Tapeter\" \/>\n<meta property=\"article:publisher\" content=\"https:\/\/www.facebook.com\/midbectapeter\" \/>\n<meta property=\"og:image\" content=\"https:\/\/midbectapeter.se\/wp-content\/uploads\/77011.jpg?_t=1757581664\" \/>\n\t<meta property=\"og:image:width\" content=\"1000\" \/>\n\t<meta property=\"og:image:height\" content=\"1000\" \/>\n\t<meta property=\"og:image:type\" content=\"image\/jpeg\" \/>\n<meta name=\"twitter:card\" content=\"summary_large_image\" \/>\n<script type=\"application\/ld+json\" class=\"yoast-schema-graph\">{\"@context\":\"https:\/\/schema.org\",\"@graph\":[{\"@type\":\"WebPage\",\"@id\":\"https:\/\/midbectapeter.se\/en\/collection\/kulor\/krita-77011\/\",\"url\":\"https:\/\/midbectapeter.se\/en\/collection\/kulor\/krita-77011\/\",\"name\":\"Tapetm\u00f6nster Krita - 77011 | Midbec Tapeter\",\"isPartOf\":{\"@id\":\"https:\/\/midbectapeter.se\/en\/#website\"},\"primaryImageOfPage\":{\"@id\":\"https:\/\/midbectapeter.se\/en\/collection\/kulor\/krita-77011\/#primaryimage\"},\"image\":{\"@id\":\"https:\/\/midbectapeter.se\/en\/collection\/kulor\/krita-77011\/#primaryimage\"},\"thumbnailUrl\":\"https:\/\/midbectapeter.se\/wp-content\/uploads\/77011.jpg\",\"datePublished\":\"2026-03-18T01:25:19+00:00\",\"breadcrumb\":{\"@id\":\"https:\/\/midbectapeter.se\/en\/collection\/kulor\/krita-77011\/#breadcrumb\"},\"inLanguage\":\"en-US\",\"potentialAction\":[{\"@type\":\"ReadAction\",\"target\":[\"https:\/\/midbectapeter.se\/en\/collection\/kulor\/krita-77011\/\"]}]},{\"@type\":\"ImageObject\",\"inLanguage\":\"en-US\",\"@id\":\"https:\/\/midbectapeter.se\/en\/collection\/kulor\/krita-77011\/#primaryimage\",\"url\":\"https:\/\/midbectapeter.se\/wp-content\/uploads\/77011.jpg\",\"contentUrl\":\"https:\/\/midbectapeter.se\/wp-content\/uploads\/77011.jpg\",\"width\":1000,\"height\":1000,\"caption\":\"Vit tapet med , Enf\u00e4rgat m\u00f6nster\"},{\"@type\":\"BreadcrumbList\",\"@id\":\"https:\/\/midbectapeter.se\/en\/collection\/kulor\/krita-77011\/#breadcrumb\",\"itemListElement\":[{\"@type\":\"ListItem\",\"position\":1,\"name\":\"Hem\",\"item\":\"https:\/\/midbectapeter.se\/en\/\"},{\"@type\":\"ListItem\",\"position\":2,\"name\":\"Products\",\"item\":\"https:\/\/midbectapeter.se\/en\/shop\/\"},{\"@type\":\"ListItem\",\"position\":3,\"name\":\"Krita &#8211; 77011\"}]},{\"@type\":\"WebSite\",\"@id\":\"https:\/\/midbectapeter.se\/en\/#website\",\"url\":\"https:\/\/midbectapeter.se\/en\/\",\"name\":\"Midbec Tapeter\",\"description\":\"\",\"publisher\":{\"@id\":\"https:\/\/midbectapeter.se\/en\/#organization\"},\"potentialAction\":[{\"@type\":\"SearchAction\",\"target\":{\"@type\":\"EntryPoint\",\"urlTemplate\":\"https:\/\/midbectapeter.se\/en\/?s={search_term_string}\"},\"query-input\":{\"@type\":\"PropertyValueSpecification\",\"valueRequired\":true,\"valueName\":\"search_term_string\"}}],\"inLanguage\":\"en-US\"},{\"@type\":\"Organization\",\"@id\":\"https:\/\/midbectapeter.se\/en\/#organization\",\"name\":\"Midbec Tapeter\",\"url\":\"https:\/\/midbectapeter.se\/en\/\",\"logo\":{\"@type\":\"ImageObject\",\"inLanguage\":\"en-US\",\"@id\":\"https:\/\/midbectapeter.se\/en\/#\/schema\/logo\/image\/\",\"url\":\"https:\/\/midbectapeter.se\/wp-content\/uploads\/2022\/02\/midbec-logo-black.svg\",\"contentUrl\":\"https:\/\/midbectapeter.se\/wp-content\/uploads\/2022\/02\/midbec-logo-black.svg\",\"width\":1,\"height\":1,\"caption\":\"Midbec Tapeter\"},\"image\":{\"@id\":\"https:\/\/midbectapeter.se\/en\/#\/schema\/logo\/image\/\"},\"sameAs\":[\"https:\/\/www.facebook.com\/midbectapeter\",\"https:\/\/www.instagram.com\/midbectapeter\/\",\"https:\/\/www.pinterest.se\/midbec\/\"]},{\"@type\":\"Product\",\"name\":\"Krita - 77011\",\"image\":[\"https:\/\/midbectapeter.se\/wp-content\/uploads\/77011.jpg\",\"https:\/\/midbectapeter.se\/wp-content\/uploads\/77011__kok__1__tapet.jpg\",\"https:\/\/midbectapeter.se\/wp-content\/uploads\/77011__xdesign.jpeg\"],\"offers\":{\"@type\":\"Offer\",\"priceCurrency\":\"SEK\",\"price\":\"\",\"availability\":\"https:\/\/schema.org\/InStock\",\"url\":\"https:\/\/midbectapeter.se\/en\/collection\/kulor\/krita-77011\/\"},\"description\":\"Krita (chalk) is a white plain wallpaper whose shade goes in the colder direction. It is the whitest shade in the plain Kul\u00f6r collection and combines nicely with the majority of our wallpapers. Thanks to the wallpaper's discreet surface structure, this wallpaper gives a more lively impression than completely smooth white walls do.\",\"brand\":{\"@type\":\"Brand\",\"name\":\"Midbec Tapeter\"},\"sku\":\"77011\",\"category\":\"Klara o Tove, F\u00e4gring, Elements, F\u00e5gels\u00e5ng, Kul\u00f6r\",\"material\":\"Non-woven\",\"color\":\"White\",\"productID\":111103}]}<\/script>\n<!-- \/ Yoast SEO plugin. -->","yoast_head_json":{"title":"Tapetm\u00f6nster Krita - 77011 | Midbec Tapeter","robots":{"index":"index","follow":"follow","max-snippet":"max-snippet:-1","max-image-preview":"max-image-preview:large","max-video-preview":"max-video-preview:-1"},"canonical":"https:\/\/midbectapeter.se\/en\/collection\/kulor\/krita-77011\/","og_locale":"en_US","og_type":"article","og_title":"Tapetm\u00f6nster Krita - 77011 | Midbec Tapeter","og_description":"Krita (chalk) is a white plain wallpaper whose shade goes in the colder direction. It is the whitest shade in the plain Kul\u00f6r collection and combines nicely with the majority of our wallpapers. Thanks to the wallpaper&#8217;s discreet surface structure, this wallpaper gives a more lively impression than completely smooth white walls do.","og_url":"https:\/\/midbectapeter.se\/en\/collection\/kulor\/krita-77011\/","og_site_name":"Midbec Tapeter","article_publisher":"https:\/\/www.facebook.com\/midbectapeter","og_image":[{"width":1000,"height":1000,"url":"https:\/\/midbectapeter.se\/wp-content\/uploads\/77011.jpg?_t=1757581664","type":"image\/jpeg"}],"twitter_card":"summary_large_image","schema":{"@context":"https:\/\/schema.org","@graph":[{"@type":"WebPage","@id":"https:\/\/midbectapeter.se\/en\/collection\/kulor\/krita-77011\/","url":"https:\/\/midbectapeter.se\/en\/collection\/kulor\/krita-77011\/","name":"Tapetm\u00f6nster Krita - 77011 | Midbec Tapeter","isPartOf":{"@id":"https:\/\/midbectapeter.se\/en\/#website"},"primaryImageOfPage":{"@id":"https:\/\/midbectapeter.se\/en\/collection\/kulor\/krita-77011\/#primaryimage"},"image":{"@id":"https:\/\/midbectapeter.se\/en\/collection\/kulor\/krita-77011\/#primaryimage"},"thumbnailUrl":"https:\/\/midbectapeter.se\/wp-content\/uploads\/77011.jpg","datePublished":"2026-03-18T01:25:19+00:00","breadcrumb":{"@id":"https:\/\/midbectapeter.se\/en\/collection\/kulor\/krita-77011\/#breadcrumb"},"inLanguage":"en-US","potentialAction":[{"@type":"ReadAction","target":["https:\/\/midbectapeter.se\/en\/collection\/kulor\/krita-77011\/"]}]},{"@type":"ImageObject","inLanguage":"en-US","@id":"https:\/\/midbectapeter.se\/en\/collection\/kulor\/krita-77011\/#primaryimage","url":"https:\/\/midbectapeter.se\/wp-content\/uploads\/77011.jpg","contentUrl":"https:\/\/midbectapeter.se\/wp-content\/uploads\/77011.jpg","width":1000,"height":1000,"caption":"Vit tapet med , Enf\u00e4rgat m\u00f6nster"},{"@type":"BreadcrumbList","@id":"https:\/\/midbectapeter.se\/en\/collection\/kulor\/krita-77011\/#breadcrumb","itemListElement":[{"@type":"ListItem","position":1,"name":"Hem","item":"https:\/\/midbectapeter.se\/en\/"},{"@type":"ListItem","position":2,"name":"Products","item":"https:\/\/midbectapeter.se\/en\/shop\/"},{"@type":"ListItem","position":3,"name":"Krita &#8211; 77011"}]},{"@type":"WebSite","@id":"https:\/\/midbectapeter.se\/en\/#website","url":"https:\/\/midbectapeter.se\/en\/","name":"Midbec Tapeter","description":"","publisher":{"@id":"https:\/\/midbectapeter.se\/en\/#organization"},"potentialAction":[{"@type":"SearchAction","target":{"@type":"EntryPoint","urlTemplate":"https:\/\/midbectapeter.se\/en\/?s={search_term_string}"},"query-input":{"@type":"PropertyValueSpecification","valueRequired":true,"valueName":"search_term_string"}}],"inLanguage":"en-US"},{"@type":"Organization","@id":"https:\/\/midbectapeter.se\/en\/#organization","name":"Midbec Tapeter","url":"https:\/\/midbectapeter.se\/en\/","logo":{"@type":"ImageObject","inLanguage":"en-US","@id":"https:\/\/midbectapeter.se\/en\/#\/schema\/logo\/image\/","url":"https:\/\/midbectapeter.se\/wp-content\/uploads\/2022\/02\/midbec-logo-black.svg","contentUrl":"https:\/\/midbectapeter.se\/wp-content\/uploads\/2022\/02\/midbec-logo-black.svg","width":1,"height":1,"caption":"Midbec Tapeter"},"image":{"@id":"https:\/\/midbectapeter.se\/en\/#\/schema\/logo\/image\/"},"sameAs":["https:\/\/www.facebook.com\/midbectapeter","https:\/\/www.instagram.com\/midbectapeter\/","https:\/\/www.pinterest.se\/midbec\/"]},{"@type":"Product","name":"Krita - 77011","image":["https:\/\/midbectapeter.se\/wp-content\/uploads\/77011.jpg","https:\/\/midbectapeter.se\/wp-content\/uploads\/77011__kok__1__tapet.jpg","https:\/\/midbectapeter.se\/wp-content\/uploads\/77011__xdesign.jpeg"],"offers":{"@type":"Offer","priceCurrency":"SEK","price":"","availability":"https:\/\/schema.org\/InStock","url":"https:\/\/midbectapeter.se\/en\/collection\/kulor\/krita-77011\/"},"description":"Krita (chalk) is a white plain wallpaper whose shade goes in the colder direction. It is the whitest shade in the plain Kul\u00f6r collection and combines nicely with the majority of our wallpapers. Thanks to the wallpaper's discreet surface structure, this wallpaper gives a more lively impression than completely smooth white walls do.","brand":{"@type":"Brand","name":"Midbec Tapeter"},"sku":"77011","category":"Klara o Tove, F\u00e4gring, Elements, F\u00e5gels\u00e5ng, Kul\u00f6r","material":"Non-woven","color":"White","productID":111103}]}},"_links":{"self":[{"href":"https:\/\/midbectapeter.se\/en\/wp-json\/wp\/v2\/product\/111103","targetHints":{"allow":["GET"]}}],"collection":[{"href":"https:\/\/midbectapeter.se\/en\/wp-json\/wp\/v2\/product"}],"about":[{"href":"https:\/\/midbectapeter.se\/en\/wp-json\/wp\/v2\/types\/product"}],"replies":[{"embeddable":true,"href":"https:\/\/midbectapeter.se\/en\/wp-json\/wp\/v2\/comments?post=111103"}],"wp:featuredmedia":[{"embeddable":true,"href":"https:\/\/midbectapeter.se\/en\/wp-json\/wp\/v2\/media\/100122"}],"wp:attachment":[{"href":"https:\/\/midbectapeter.se\/en\/wp-json\/wp\/v2\/media?parent=111103"}],"wp:term":[{"taxonomy":"product_brand","embeddable":true,"href":"https:\/\/midbectapeter.se\/en\/wp-json\/wp\/v2\/product_brand?post=111103"},{"taxonomy":"product_cat","embeddable":true,"href":"https:\/\/midbectapeter.se\/en\/wp-json\/wp\/v2\/product_cat?post=111103"},{"taxonomy":"product_tag","embeddable":true,"href":"https:\/\/midbectapeter.se\/en\/wp-json\/wp\/v2\/product_tag?post=111103"},{"taxonomy":"texture_surface","embeddable":true,"href":"https:\/\/midbectapeter.se\/en\/wp-json\/wp\/v2\/texture_surface?post=111103"},{"taxonomy":"designers","embeddable":true,"href":"https:\/\/midbectapeter.se\/en\/wp-json\/wp\/v2\/designers?post=111103"},{"taxonomy":"cat_colors","embeddable":true,"href":"https:\/\/midbectapeter.se\/en\/wp-json\/wp\/v2\/cat_colors?post=111103"},{"taxonomy":"cat_patterns","embeddable":true,"href":"https:\/\/midbectapeter.se\/en\/wp-json\/wp\/v2\/cat_patterns?post=111103"},{"taxonomy":"cat_styles","embeddable":true,"href":"https:\/\/midbectapeter.se\/en\/wp-json\/wp\/v2\/cat_styles?post=111103"},{"taxonomy":"cat_rooms","embeddable":true,"href":"https:\/\/midbectapeter.se\/en\/wp-json\/wp\/v2\/cat_rooms?post=111103"}],"curies":[{"name":"wp","href":"https:\/\/api.w.org\/{rel}","templated":true}]}}