{"id":111146,"date":"2026-03-18T02:25:15","date_gmt":"2026-03-18T01:25:15","guid":{"rendered":"https:\/\/midbectapeter.se\/kollektion\/uncategorized\/oliv-77009\/"},"modified":"2025-05-26T13:49:42","modified_gmt":"2025-05-26T11:49:42","slug":"oliv-77009","status":"publish","type":"product","link":"https:\/\/midbectapeter.se\/en\/collection\/kulor\/oliv-77009\/","title":{"rendered":"Oliv &#8211; 77009"},"content":{"rendered":"<p>Oliv (olive) is an olive green plain wallpaper with a lot of warmth in it. Depending on different types of light, this shade can be experienced as more brown or more green in the room. With its warm tone, it creates a welcoming feeling in the home.<\/p>\n","protected":false},"excerpt":{"rendered":"<p>Oliv (olive) is an olive green plain wallpaper with a lot of warmth in it. Depending on different types of light, this shade can be experienced as more brown or more green in the room. With its warm tone, it creates a welcoming feeling in the home.<\/p>\n","protected":false},"featured_media":100120,"comment_status":"closed","ping_status":"closed","template":"","meta":{"_acf_changed":false},"product_brand":[],"product_cat":[338],"product_tag":[],"texture_surface":[305],"designers":[93],"cat_colors":[295],"cat_patterns":[235],"cat_styles":[300],"cat_rooms":[238],"class_list":{"0":"post-111146","1":"product","2":"type-product","3":"status-publish","4":"has-post-thumbnail","6":"product_cat-kulor","7":"texture_surface-matte","8":"designers-bjorn-nilsson","9":"cat_colors-green","10":"cat_patterns-enfargat","11":"cat_styles-classic","12":"cat_rooms-hall","14":"first","15":"instock","16":"taxable","17":"shipping-taxable","18":"purchasable","19":"product-type-variable"},"acf":{"visible_in_wallpaper_tool":false,"wallpaper_size_setting_1":100,"wallpaper_size_setting_2":500,"wallpaper_size_setting_3":500},"yoast_head":"<!-- This site is optimized with the Yoast SEO plugin v26.4 - https:\/\/yoast.com\/wordpress\/plugins\/seo\/ -->\n<title>Tapetm\u00f6nster Oliv - 77009 | Midbec Tapeter<\/title>\n<meta name=\"robots\" content=\"index, follow, max-snippet:-1, max-image-preview:large, max-video-preview:-1\" \/>\n<link rel=\"canonical\" href=\"https:\/\/midbectapeter.se\/en\/collection\/kulor\/oliv-77009\/\" \/>\n<meta property=\"og:locale\" content=\"en_US\" \/>\n<meta property=\"og:type\" content=\"article\" \/>\n<meta property=\"og:title\" content=\"Tapetm\u00f6nster Oliv - 77009 | Midbec Tapeter\" \/>\n<meta property=\"og:description\" content=\"Oliv (olive) is an olive green plain wallpaper with a lot of warmth in it. Depending on different types of light, this shade can be experienced as more brown or more green in the room. With its warm tone, it creates a welcoming feeling in the home.\" \/>\n<meta property=\"og:url\" content=\"https:\/\/midbectapeter.se\/en\/collection\/kulor\/oliv-77009\/\" \/>\n<meta property=\"og:site_name\" content=\"Midbec Tapeter\" \/>\n<meta property=\"article:publisher\" content=\"https:\/\/www.facebook.com\/midbectapeter\" \/>\n<meta property=\"og:image\" content=\"https:\/\/midbectapeter.se\/wp-content\/uploads\/77009.jpg?_t=1757581657\" \/>\n\t<meta property=\"og:image:width\" content=\"1000\" \/>\n\t<meta property=\"og:image:height\" content=\"1000\" \/>\n\t<meta property=\"og:image:type\" content=\"image\/jpeg\" \/>\n<meta name=\"twitter:card\" content=\"summary_large_image\" \/>\n<script type=\"application\/ld+json\" class=\"yoast-schema-graph\">{\"@context\":\"https:\/\/schema.org\",\"@graph\":[{\"@type\":\"WebPage\",\"@id\":\"https:\/\/midbectapeter.se\/en\/collection\/kulor\/oliv-77009\/\",\"url\":\"https:\/\/midbectapeter.se\/en\/collection\/kulor\/oliv-77009\/\",\"name\":\"Tapetm\u00f6nster Oliv - 77009 | Midbec Tapeter\",\"isPartOf\":{\"@id\":\"https:\/\/midbectapeter.se\/en\/#website\"},\"primaryImageOfPage\":{\"@id\":\"https:\/\/midbectapeter.se\/en\/collection\/kulor\/oliv-77009\/#primaryimage\"},\"image\":{\"@id\":\"https:\/\/midbectapeter.se\/en\/collection\/kulor\/oliv-77009\/#primaryimage\"},\"thumbnailUrl\":\"https:\/\/midbectapeter.se\/wp-content\/uploads\/77009.jpg\",\"datePublished\":\"2026-03-18T01:25:15+00:00\",\"breadcrumb\":{\"@id\":\"https:\/\/midbectapeter.se\/en\/collection\/kulor\/oliv-77009\/#breadcrumb\"},\"inLanguage\":\"en-US\",\"potentialAction\":[{\"@type\":\"ReadAction\",\"target\":[\"https:\/\/midbectapeter.se\/en\/collection\/kulor\/oliv-77009\/\"]}]},{\"@type\":\"ImageObject\",\"inLanguage\":\"en-US\",\"@id\":\"https:\/\/midbectapeter.se\/en\/collection\/kulor\/oliv-77009\/#primaryimage\",\"url\":\"https:\/\/midbectapeter.se\/wp-content\/uploads\/77009.jpg\",\"contentUrl\":\"https:\/\/midbectapeter.se\/wp-content\/uploads\/77009.jpg\",\"width\":1000,\"height\":1000,\"caption\":\"Gr\u00f6n tapet med , Enf\u00e4rgat m\u00f6nster\"},{\"@type\":\"BreadcrumbList\",\"@id\":\"https:\/\/midbectapeter.se\/en\/collection\/kulor\/oliv-77009\/#breadcrumb\",\"itemListElement\":[{\"@type\":\"ListItem\",\"position\":1,\"name\":\"Hem\",\"item\":\"https:\/\/midbectapeter.se\/en\/\"},{\"@type\":\"ListItem\",\"position\":2,\"name\":\"Products\",\"item\":\"https:\/\/midbectapeter.se\/en\/shop\/\"},{\"@type\":\"ListItem\",\"position\":3,\"name\":\"Oliv &#8211; 77009\"}]},{\"@type\":\"WebSite\",\"@id\":\"https:\/\/midbectapeter.se\/en\/#website\",\"url\":\"https:\/\/midbectapeter.se\/en\/\",\"name\":\"Midbec Tapeter\",\"description\":\"\",\"publisher\":{\"@id\":\"https:\/\/midbectapeter.se\/en\/#organization\"},\"potentialAction\":[{\"@type\":\"SearchAction\",\"target\":{\"@type\":\"EntryPoint\",\"urlTemplate\":\"https:\/\/midbectapeter.se\/en\/?s={search_term_string}\"},\"query-input\":{\"@type\":\"PropertyValueSpecification\",\"valueRequired\":true,\"valueName\":\"search_term_string\"}}],\"inLanguage\":\"en-US\"},{\"@type\":\"Organization\",\"@id\":\"https:\/\/midbectapeter.se\/en\/#organization\",\"name\":\"Midbec Tapeter\",\"url\":\"https:\/\/midbectapeter.se\/en\/\",\"logo\":{\"@type\":\"ImageObject\",\"inLanguage\":\"en-US\",\"@id\":\"https:\/\/midbectapeter.se\/en\/#\/schema\/logo\/image\/\",\"url\":\"https:\/\/midbectapeter.se\/wp-content\/uploads\/2022\/02\/midbec-logo-black.svg\",\"contentUrl\":\"https:\/\/midbectapeter.se\/wp-content\/uploads\/2022\/02\/midbec-logo-black.svg\",\"width\":1,\"height\":1,\"caption\":\"Midbec Tapeter\"},\"image\":{\"@id\":\"https:\/\/midbectapeter.se\/en\/#\/schema\/logo\/image\/\"},\"sameAs\":[\"https:\/\/www.facebook.com\/midbectapeter\",\"https:\/\/www.instagram.com\/midbectapeter\/\",\"https:\/\/www.pinterest.se\/midbec\/\"]},{\"@type\":\"Product\",\"name\":\"Oliv - 77009\",\"image\":[\"https:\/\/midbectapeter.se\/wp-content\/uploads\/77009.jpg\",\"https:\/\/midbectapeter.se\/wp-content\/uploads\/77009__hall__1__tapet.jpg\",\"https:\/\/midbectapeter.se\/wp-content\/uploads\/77009__xdesign.jpeg\"],\"offers\":{\"@type\":\"Offer\",\"priceCurrency\":\"SEK\",\"price\":\"\",\"availability\":\"https:\/\/schema.org\/InStock\",\"url\":\"https:\/\/midbectapeter.se\/en\/collection\/kulor\/oliv-77009\/\"},\"description\":\"Oliv (olive) is an olive green plain wallpaper with a lot of warmth in it. Depending on different types of light, this shade can be experienced as more brown or more green in the room. With its warm tone, it creates a welcoming feeling in the home.\",\"brand\":{\"@type\":\"Brand\",\"name\":\"Midbec Tapeter\"},\"sku\":\"77009\",\"category\":\"Kul\u00f6r\",\"material\":\"Non-woven\",\"color\":\"Green\",\"productID\":111146}]}<\/script>\n<!-- \/ Yoast SEO plugin. -->","yoast_head_json":{"title":"Tapetm\u00f6nster Oliv - 77009 | Midbec Tapeter","robots":{"index":"index","follow":"follow","max-snippet":"max-snippet:-1","max-image-preview":"max-image-preview:large","max-video-preview":"max-video-preview:-1"},"canonical":"https:\/\/midbectapeter.se\/en\/collection\/kulor\/oliv-77009\/","og_locale":"en_US","og_type":"article","og_title":"Tapetm\u00f6nster Oliv - 77009 | Midbec Tapeter","og_description":"Oliv (olive) is an olive green plain wallpaper with a lot of warmth in it. Depending on different types of light, this shade can be experienced as more brown or more green in the room. With its warm tone, it creates a welcoming feeling in the home.","og_url":"https:\/\/midbectapeter.se\/en\/collection\/kulor\/oliv-77009\/","og_site_name":"Midbec Tapeter","article_publisher":"https:\/\/www.facebook.com\/midbectapeter","og_image":[{"width":1000,"height":1000,"url":"https:\/\/midbectapeter.se\/wp-content\/uploads\/77009.jpg?_t=1757581657","type":"image\/jpeg"}],"twitter_card":"summary_large_image","schema":{"@context":"https:\/\/schema.org","@graph":[{"@type":"WebPage","@id":"https:\/\/midbectapeter.se\/en\/collection\/kulor\/oliv-77009\/","url":"https:\/\/midbectapeter.se\/en\/collection\/kulor\/oliv-77009\/","name":"Tapetm\u00f6nster Oliv - 77009 | Midbec Tapeter","isPartOf":{"@id":"https:\/\/midbectapeter.se\/en\/#website"},"primaryImageOfPage":{"@id":"https:\/\/midbectapeter.se\/en\/collection\/kulor\/oliv-77009\/#primaryimage"},"image":{"@id":"https:\/\/midbectapeter.se\/en\/collection\/kulor\/oliv-77009\/#primaryimage"},"thumbnailUrl":"https:\/\/midbectapeter.se\/wp-content\/uploads\/77009.jpg","datePublished":"2026-03-18T01:25:15+00:00","breadcrumb":{"@id":"https:\/\/midbectapeter.se\/en\/collection\/kulor\/oliv-77009\/#breadcrumb"},"inLanguage":"en-US","potentialAction":[{"@type":"ReadAction","target":["https:\/\/midbectapeter.se\/en\/collection\/kulor\/oliv-77009\/"]}]},{"@type":"ImageObject","inLanguage":"en-US","@id":"https:\/\/midbectapeter.se\/en\/collection\/kulor\/oliv-77009\/#primaryimage","url":"https:\/\/midbectapeter.se\/wp-content\/uploads\/77009.jpg","contentUrl":"https:\/\/midbectapeter.se\/wp-content\/uploads\/77009.jpg","width":1000,"height":1000,"caption":"Gr\u00f6n tapet med , Enf\u00e4rgat m\u00f6nster"},{"@type":"BreadcrumbList","@id":"https:\/\/midbectapeter.se\/en\/collection\/kulor\/oliv-77009\/#breadcrumb","itemListElement":[{"@type":"ListItem","position":1,"name":"Hem","item":"https:\/\/midbectapeter.se\/en\/"},{"@type":"ListItem","position":2,"name":"Products","item":"https:\/\/midbectapeter.se\/en\/shop\/"},{"@type":"ListItem","position":3,"name":"Oliv &#8211; 77009"}]},{"@type":"WebSite","@id":"https:\/\/midbectapeter.se\/en\/#website","url":"https:\/\/midbectapeter.se\/en\/","name":"Midbec Tapeter","description":"","publisher":{"@id":"https:\/\/midbectapeter.se\/en\/#organization"},"potentialAction":[{"@type":"SearchAction","target":{"@type":"EntryPoint","urlTemplate":"https:\/\/midbectapeter.se\/en\/?s={search_term_string}"},"query-input":{"@type":"PropertyValueSpecification","valueRequired":true,"valueName":"search_term_string"}}],"inLanguage":"en-US"},{"@type":"Organization","@id":"https:\/\/midbectapeter.se\/en\/#organization","name":"Midbec Tapeter","url":"https:\/\/midbectapeter.se\/en\/","logo":{"@type":"ImageObject","inLanguage":"en-US","@id":"https:\/\/midbectapeter.se\/en\/#\/schema\/logo\/image\/","url":"https:\/\/midbectapeter.se\/wp-content\/uploads\/2022\/02\/midbec-logo-black.svg","contentUrl":"https:\/\/midbectapeter.se\/wp-content\/uploads\/2022\/02\/midbec-logo-black.svg","width":1,"height":1,"caption":"Midbec Tapeter"},"image":{"@id":"https:\/\/midbectapeter.se\/en\/#\/schema\/logo\/image\/"},"sameAs":["https:\/\/www.facebook.com\/midbectapeter","https:\/\/www.instagram.com\/midbectapeter\/","https:\/\/www.pinterest.se\/midbec\/"]},{"@type":"Product","name":"Oliv - 77009","image":["https:\/\/midbectapeter.se\/wp-content\/uploads\/77009.jpg","https:\/\/midbectapeter.se\/wp-content\/uploads\/77009__hall__1__tapet.jpg","https:\/\/midbectapeter.se\/wp-content\/uploads\/77009__xdesign.jpeg"],"offers":{"@type":"Offer","priceCurrency":"SEK","price":"","availability":"https:\/\/schema.org\/InStock","url":"https:\/\/midbectapeter.se\/en\/collection\/kulor\/oliv-77009\/"},"description":"Oliv (olive) is an olive green plain wallpaper with a lot of warmth in it. Depending on different types of light, this shade can be experienced as more brown or more green in the room. With its warm tone, it creates a welcoming feeling in the home.","brand":{"@type":"Brand","name":"Midbec Tapeter"},"sku":"77009","category":"Kul\u00f6r","material":"Non-woven","color":"Green","productID":111146}]}},"_links":{"self":[{"href":"https:\/\/midbectapeter.se\/en\/wp-json\/wp\/v2\/product\/111146","targetHints":{"allow":["GET"]}}],"collection":[{"href":"https:\/\/midbectapeter.se\/en\/wp-json\/wp\/v2\/product"}],"about":[{"href":"https:\/\/midbectapeter.se\/en\/wp-json\/wp\/v2\/types\/product"}],"replies":[{"embeddable":true,"href":"https:\/\/midbectapeter.se\/en\/wp-json\/wp\/v2\/comments?post=111146"}],"wp:featuredmedia":[{"embeddable":true,"href":"https:\/\/midbectapeter.se\/en\/wp-json\/wp\/v2\/media\/100120"}],"wp:attachment":[{"href":"https:\/\/midbectapeter.se\/en\/wp-json\/wp\/v2\/media?parent=111146"}],"wp:term":[{"taxonomy":"product_brand","embeddable":true,"href":"https:\/\/midbectapeter.se\/en\/wp-json\/wp\/v2\/product_brand?post=111146"},{"taxonomy":"product_cat","embeddable":true,"href":"https:\/\/midbectapeter.se\/en\/wp-json\/wp\/v2\/product_cat?post=111146"},{"taxonomy":"product_tag","embeddable":true,"href":"https:\/\/midbectapeter.se\/en\/wp-json\/wp\/v2\/product_tag?post=111146"},{"taxonomy":"texture_surface","embeddable":true,"href":"https:\/\/midbectapeter.se\/en\/wp-json\/wp\/v2\/texture_surface?post=111146"},{"taxonomy":"designers","embeddable":true,"href":"https:\/\/midbectapeter.se\/en\/wp-json\/wp\/v2\/designers?post=111146"},{"taxonomy":"cat_colors","embeddable":true,"href":"https:\/\/midbectapeter.se\/en\/wp-json\/wp\/v2\/cat_colors?post=111146"},{"taxonomy":"cat_patterns","embeddable":true,"href":"https:\/\/midbectapeter.se\/en\/wp-json\/wp\/v2\/cat_patterns?post=111146"},{"taxonomy":"cat_styles","embeddable":true,"href":"https:\/\/midbectapeter.se\/en\/wp-json\/wp\/v2\/cat_styles?post=111146"},{"taxonomy":"cat_rooms","embeddable":true,"href":"https:\/\/midbectapeter.se\/en\/wp-json\/wp\/v2\/cat_rooms?post=111146"}],"curies":[{"name":"wp","href":"https:\/\/api.w.org\/{rel}","templated":true}]}}