{"id":111232,"date":"2026-02-25T15:15:39","date_gmt":"2026-02-25T14:15:39","guid":{"rendered":"https:\/\/midbectapeter.se\/kollektion\/uncategorized\/anna-55003\/"},"modified":"2025-05-23T13:23:54","modified_gmt":"2025-05-23T11:23:54","slug":"anna-55003","status":"publish","type":"product","link":"https:\/\/midbectapeter.se\/en\/collection\/lina\/anna-55003\/","title":{"rendered":"Anna &#8211; 55003"},"content":{"rendered":"<p>This exquisite yellow leaf wallpaper is one of the collection&#8217;s best sellers. No wonder considering that this yellow and white wallpaper easily catches your attention with its playful and soft pattern. Wallpaper the entire room or in combination with other wallpaper. Available in 7 lovely colors.<\/p>\n","protected":false},"excerpt":{"rendered":"<p>This exquisite yellow leaf wallpaper is one of the collection&#8217;s best sellers. No wonder considering that this yellow and white wallpaper easily catches your attention with its playful and soft pattern. Wallpaper the entire room or in combination with other wallpaper. Available in 7 lovely colors.<\/p>\n","protected":false},"featured_media":95370,"comment_status":"closed","ping_status":"closed","template":"","meta":{"_acf_changed":false},"product_brand":[],"product_cat":[339],"product_tag":[],"texture_surface":[305,306],"designers":[95],"cat_colors":[239],"cat_patterns":[319,297],"cat_styles":[299],"cat_rooms":[207,219],"class_list":{"0":"post-111232","1":"product","2":"type-product","3":"status-publish","4":"has-post-thumbnail","6":"product_cat-lina","7":"texture_surface-matte","8":"texture_surface-smooth","9":"designers-lina-schnaufer","10":"cat_colors-gul","11":"cat_patterns-blad-en","12":"cat_patterns-small-patterned","13":"cat_styles-rural","14":"cat_rooms-sovrum","15":"cat_rooms-vardagsrum","17":"first","18":"instock","19":"taxable","20":"shipping-taxable","21":"purchasable","22":"product-type-variable"},"acf":{"visible_in_wallpaper_tool":true,"wallpaper_size_setting_1":25,"wallpaper_size_setting_2":1000,"wallpaper_size_setting_3":1000},"yoast_head":"<!-- This site is optimized with the Yoast SEO plugin v26.4 - https:\/\/yoast.com\/wordpress\/plugins\/seo\/ -->\n<title>Tapetm\u00f6nster Anna - 55003 | Midbec Tapeter<\/title>\n<meta name=\"robots\" content=\"index, follow, max-snippet:-1, max-image-preview:large, max-video-preview:-1\" \/>\n<link rel=\"canonical\" href=\"https:\/\/midbectapeter.se\/en\/collection\/lina\/anna-55003\/\" \/>\n<meta property=\"og:locale\" content=\"en_US\" \/>\n<meta property=\"og:type\" content=\"article\" \/>\n<meta property=\"og:title\" content=\"Tapetm\u00f6nster Anna - 55003 | Midbec Tapeter\" \/>\n<meta property=\"og:description\" content=\"This exquisite yellow leaf wallpaper is one of the collection&#8217;s best sellers. No wonder considering that this yellow and white wallpaper easily catches your attention with its playful and soft pattern. Wallpaper the entire room or in combination with other wallpaper. Available in 7 lovely colors.\" \/>\n<meta property=\"og:url\" content=\"https:\/\/midbectapeter.se\/en\/collection\/lina\/anna-55003\/\" \/>\n<meta property=\"og:site_name\" content=\"Midbec Tapeter\" \/>\n<meta property=\"article:publisher\" content=\"https:\/\/www.facebook.com\/midbectapeter\" \/>\n<meta property=\"og:image\" content=\"https:\/\/midbectapeter.se\/wp-content\/uploads\/55003.jpg?_t=1757580881\" \/>\n\t<meta property=\"og:image:width\" content=\"1000\" \/>\n\t<meta property=\"og:image:height\" content=\"1000\" \/>\n\t<meta property=\"og:image:type\" content=\"image\/jpeg\" \/>\n<meta name=\"twitter:card\" content=\"summary_large_image\" \/>\n<script type=\"application\/ld+json\" class=\"yoast-schema-graph\">{\"@context\":\"https:\/\/schema.org\",\"@graph\":[{\"@type\":\"WebPage\",\"@id\":\"https:\/\/midbectapeter.se\/en\/collection\/lina\/anna-55003\/\",\"url\":\"https:\/\/midbectapeter.se\/en\/collection\/lina\/anna-55003\/\",\"name\":\"Tapetm\u00f6nster Anna - 55003 | Midbec Tapeter\",\"isPartOf\":{\"@id\":\"https:\/\/midbectapeter.se\/en\/#website\"},\"primaryImageOfPage\":{\"@id\":\"https:\/\/midbectapeter.se\/en\/collection\/lina\/anna-55003\/#primaryimage\"},\"image\":{\"@id\":\"https:\/\/midbectapeter.se\/en\/collection\/lina\/anna-55003\/#primaryimage\"},\"thumbnailUrl\":\"https:\/\/midbectapeter.se\/wp-content\/uploads\/55003.jpg\",\"datePublished\":\"2026-02-25T14:15:39+00:00\",\"breadcrumb\":{\"@id\":\"https:\/\/midbectapeter.se\/en\/collection\/lina\/anna-55003\/#breadcrumb\"},\"inLanguage\":\"en-US\",\"potentialAction\":[{\"@type\":\"ReadAction\",\"target\":[\"https:\/\/midbectapeter.se\/en\/collection\/lina\/anna-55003\/\"]}]},{\"@type\":\"ImageObject\",\"inLanguage\":\"en-US\",\"@id\":\"https:\/\/midbectapeter.se\/en\/collection\/lina\/anna-55003\/#primaryimage\",\"url\":\"https:\/\/midbectapeter.se\/wp-content\/uploads\/55003.jpg\",\"contentUrl\":\"https:\/\/midbectapeter.se\/wp-content\/uploads\/55003.jpg\",\"width\":1000,\"height\":1000,\"caption\":\"Gul tapet med Blad, Sm\u00e5m\u00f6nstrat m\u00f6nster\"},{\"@type\":\"BreadcrumbList\",\"@id\":\"https:\/\/midbectapeter.se\/en\/collection\/lina\/anna-55003\/#breadcrumb\",\"itemListElement\":[{\"@type\":\"ListItem\",\"position\":1,\"name\":\"Hem\",\"item\":\"https:\/\/midbectapeter.se\/en\/\"},{\"@type\":\"ListItem\",\"position\":2,\"name\":\"Products\",\"item\":\"https:\/\/midbectapeter.se\/en\/shop\/\"},{\"@type\":\"ListItem\",\"position\":3,\"name\":\"Anna &#8211; 55003\"}]},{\"@type\":\"WebSite\",\"@id\":\"https:\/\/midbectapeter.se\/en\/#website\",\"url\":\"https:\/\/midbectapeter.se\/en\/\",\"name\":\"Midbec Tapeter\",\"description\":\"\",\"publisher\":{\"@id\":\"https:\/\/midbectapeter.se\/en\/#organization\"},\"potentialAction\":[{\"@type\":\"SearchAction\",\"target\":{\"@type\":\"EntryPoint\",\"urlTemplate\":\"https:\/\/midbectapeter.se\/en\/?s={search_term_string}\"},\"query-input\":{\"@type\":\"PropertyValueSpecification\",\"valueRequired\":true,\"valueName\":\"search_term_string\"}}],\"inLanguage\":\"en-US\"},{\"@type\":\"Organization\",\"@id\":\"https:\/\/midbectapeter.se\/en\/#organization\",\"name\":\"Midbec Tapeter\",\"url\":\"https:\/\/midbectapeter.se\/en\/\",\"logo\":{\"@type\":\"ImageObject\",\"inLanguage\":\"en-US\",\"@id\":\"https:\/\/midbectapeter.se\/en\/#\/schema\/logo\/image\/\",\"url\":\"https:\/\/midbectapeter.se\/wp-content\/uploads\/2022\/02\/midbec-logo-black.svg\",\"contentUrl\":\"https:\/\/midbectapeter.se\/wp-content\/uploads\/2022\/02\/midbec-logo-black.svg\",\"width\":1,\"height\":1,\"caption\":\"Midbec Tapeter\"},\"image\":{\"@id\":\"https:\/\/midbectapeter.se\/en\/#\/schema\/logo\/image\/\"},\"sameAs\":[\"https:\/\/www.facebook.com\/midbectapeter\",\"https:\/\/www.instagram.com\/midbectapeter\/\",\"https:\/\/www.pinterest.se\/midbec\/\"]},{\"@type\":\"Product\",\"name\":\"Anna - 55003\",\"image\":[\"https:\/\/midbectapeter.se\/wp-content\/uploads\/55003.jpg\",\"https:\/\/midbectapeter.se\/wp-content\/uploads\/55003__sovrum__1__tapet.jpg\",\"https:\/\/midbectapeter.se\/wp-content\/uploads\/55003__vardagsrum__1__tapet.jpg\"],\"offers\":{\"@type\":\"Offer\",\"priceCurrency\":\"SEK\",\"price\":\"\",\"availability\":\"https:\/\/schema.org\/InStock\",\"url\":\"https:\/\/midbectapeter.se\/en\/collection\/lina\/anna-55003\/\"},\"description\":\"This exquisite yellow leaf wallpaper is one of the collection's best sellers. No wonder considering that this yellow and white wallpaper easily catches your attention with its playful and soft pattern. Wallpaper the entire room or in combination with other wallpaper. Available in 7 lovely colors.\",\"brand\":{\"@type\":\"Brand\",\"name\":\"Midbec Tapeter\"},\"sku\":\"55003\",\"category\":\"Lina\",\"material\":\"Non-woven\",\"color\":\"Yellow\",\"productID\":111232}]}<\/script>\n<!-- \/ Yoast SEO plugin. -->","yoast_head_json":{"title":"Tapetm\u00f6nster Anna - 55003 | Midbec Tapeter","robots":{"index":"index","follow":"follow","max-snippet":"max-snippet:-1","max-image-preview":"max-image-preview:large","max-video-preview":"max-video-preview:-1"},"canonical":"https:\/\/midbectapeter.se\/en\/collection\/lina\/anna-55003\/","og_locale":"en_US","og_type":"article","og_title":"Tapetm\u00f6nster Anna - 55003 | Midbec Tapeter","og_description":"This exquisite yellow leaf wallpaper is one of the collection&#8217;s best sellers. No wonder considering that this yellow and white wallpaper easily catches your attention with its playful and soft pattern. Wallpaper the entire room or in combination with other wallpaper. Available in 7 lovely colors.","og_url":"https:\/\/midbectapeter.se\/en\/collection\/lina\/anna-55003\/","og_site_name":"Midbec Tapeter","article_publisher":"https:\/\/www.facebook.com\/midbectapeter","og_image":[{"width":1000,"height":1000,"url":"https:\/\/midbectapeter.se\/wp-content\/uploads\/55003.jpg?_t=1757580881","type":"image\/jpeg"}],"twitter_card":"summary_large_image","schema":{"@context":"https:\/\/schema.org","@graph":[{"@type":"WebPage","@id":"https:\/\/midbectapeter.se\/en\/collection\/lina\/anna-55003\/","url":"https:\/\/midbectapeter.se\/en\/collection\/lina\/anna-55003\/","name":"Tapetm\u00f6nster Anna - 55003 | Midbec Tapeter","isPartOf":{"@id":"https:\/\/midbectapeter.se\/en\/#website"},"primaryImageOfPage":{"@id":"https:\/\/midbectapeter.se\/en\/collection\/lina\/anna-55003\/#primaryimage"},"image":{"@id":"https:\/\/midbectapeter.se\/en\/collection\/lina\/anna-55003\/#primaryimage"},"thumbnailUrl":"https:\/\/midbectapeter.se\/wp-content\/uploads\/55003.jpg","datePublished":"2026-02-25T14:15:39+00:00","breadcrumb":{"@id":"https:\/\/midbectapeter.se\/en\/collection\/lina\/anna-55003\/#breadcrumb"},"inLanguage":"en-US","potentialAction":[{"@type":"ReadAction","target":["https:\/\/midbectapeter.se\/en\/collection\/lina\/anna-55003\/"]}]},{"@type":"ImageObject","inLanguage":"en-US","@id":"https:\/\/midbectapeter.se\/en\/collection\/lina\/anna-55003\/#primaryimage","url":"https:\/\/midbectapeter.se\/wp-content\/uploads\/55003.jpg","contentUrl":"https:\/\/midbectapeter.se\/wp-content\/uploads\/55003.jpg","width":1000,"height":1000,"caption":"Gul tapet med Blad, Sm\u00e5m\u00f6nstrat m\u00f6nster"},{"@type":"BreadcrumbList","@id":"https:\/\/midbectapeter.se\/en\/collection\/lina\/anna-55003\/#breadcrumb","itemListElement":[{"@type":"ListItem","position":1,"name":"Hem","item":"https:\/\/midbectapeter.se\/en\/"},{"@type":"ListItem","position":2,"name":"Products","item":"https:\/\/midbectapeter.se\/en\/shop\/"},{"@type":"ListItem","position":3,"name":"Anna &#8211; 55003"}]},{"@type":"WebSite","@id":"https:\/\/midbectapeter.se\/en\/#website","url":"https:\/\/midbectapeter.se\/en\/","name":"Midbec Tapeter","description":"","publisher":{"@id":"https:\/\/midbectapeter.se\/en\/#organization"},"potentialAction":[{"@type":"SearchAction","target":{"@type":"EntryPoint","urlTemplate":"https:\/\/midbectapeter.se\/en\/?s={search_term_string}"},"query-input":{"@type":"PropertyValueSpecification","valueRequired":true,"valueName":"search_term_string"}}],"inLanguage":"en-US"},{"@type":"Organization","@id":"https:\/\/midbectapeter.se\/en\/#organization","name":"Midbec Tapeter","url":"https:\/\/midbectapeter.se\/en\/","logo":{"@type":"ImageObject","inLanguage":"en-US","@id":"https:\/\/midbectapeter.se\/en\/#\/schema\/logo\/image\/","url":"https:\/\/midbectapeter.se\/wp-content\/uploads\/2022\/02\/midbec-logo-black.svg","contentUrl":"https:\/\/midbectapeter.se\/wp-content\/uploads\/2022\/02\/midbec-logo-black.svg","width":1,"height":1,"caption":"Midbec Tapeter"},"image":{"@id":"https:\/\/midbectapeter.se\/en\/#\/schema\/logo\/image\/"},"sameAs":["https:\/\/www.facebook.com\/midbectapeter","https:\/\/www.instagram.com\/midbectapeter\/","https:\/\/www.pinterest.se\/midbec\/"]},{"@type":"Product","name":"Anna - 55003","image":["https:\/\/midbectapeter.se\/wp-content\/uploads\/55003.jpg","https:\/\/midbectapeter.se\/wp-content\/uploads\/55003__sovrum__1__tapet.jpg","https:\/\/midbectapeter.se\/wp-content\/uploads\/55003__vardagsrum__1__tapet.jpg"],"offers":{"@type":"Offer","priceCurrency":"SEK","price":"","availability":"https:\/\/schema.org\/InStock","url":"https:\/\/midbectapeter.se\/en\/collection\/lina\/anna-55003\/"},"description":"This exquisite yellow leaf wallpaper is one of the collection's best sellers. No wonder considering that this yellow and white wallpaper easily catches your attention with its playful and soft pattern. Wallpaper the entire room or in combination with other wallpaper. Available in 7 lovely colors.","brand":{"@type":"Brand","name":"Midbec Tapeter"},"sku":"55003","category":"Lina","material":"Non-woven","color":"Yellow","productID":111232}]}},"_links":{"self":[{"href":"https:\/\/midbectapeter.se\/en\/wp-json\/wp\/v2\/product\/111232","targetHints":{"allow":["GET"]}}],"collection":[{"href":"https:\/\/midbectapeter.se\/en\/wp-json\/wp\/v2\/product"}],"about":[{"href":"https:\/\/midbectapeter.se\/en\/wp-json\/wp\/v2\/types\/product"}],"replies":[{"embeddable":true,"href":"https:\/\/midbectapeter.se\/en\/wp-json\/wp\/v2\/comments?post=111232"}],"wp:featuredmedia":[{"embeddable":true,"href":"https:\/\/midbectapeter.se\/en\/wp-json\/wp\/v2\/media\/95370"}],"wp:attachment":[{"href":"https:\/\/midbectapeter.se\/en\/wp-json\/wp\/v2\/media?parent=111232"}],"wp:term":[{"taxonomy":"product_brand","embeddable":true,"href":"https:\/\/midbectapeter.se\/en\/wp-json\/wp\/v2\/product_brand?post=111232"},{"taxonomy":"product_cat","embeddable":true,"href":"https:\/\/midbectapeter.se\/en\/wp-json\/wp\/v2\/product_cat?post=111232"},{"taxonomy":"product_tag","embeddable":true,"href":"https:\/\/midbectapeter.se\/en\/wp-json\/wp\/v2\/product_tag?post=111232"},{"taxonomy":"texture_surface","embeddable":true,"href":"https:\/\/midbectapeter.se\/en\/wp-json\/wp\/v2\/texture_surface?post=111232"},{"taxonomy":"designers","embeddable":true,"href":"https:\/\/midbectapeter.se\/en\/wp-json\/wp\/v2\/designers?post=111232"},{"taxonomy":"cat_colors","embeddable":true,"href":"https:\/\/midbectapeter.se\/en\/wp-json\/wp\/v2\/cat_colors?post=111232"},{"taxonomy":"cat_patterns","embeddable":true,"href":"https:\/\/midbectapeter.se\/en\/wp-json\/wp\/v2\/cat_patterns?post=111232"},{"taxonomy":"cat_styles","embeddable":true,"href":"https:\/\/midbectapeter.se\/en\/wp-json\/wp\/v2\/cat_styles?post=111232"},{"taxonomy":"cat_rooms","embeddable":true,"href":"https:\/\/midbectapeter.se\/en\/wp-json\/wp\/v2\/cat_rooms?post=111232"}],"curies":[{"name":"wp","href":"https:\/\/api.w.org\/{rel}","templated":true}]}}