{"id":111238,"date":"2026-02-25T15:15:44","date_gmt":"2026-02-25T14:15:44","guid":{"rendered":"https:\/\/midbectapeter.se\/kollektion\/uncategorized\/anna-55005\/"},"modified":"2025-05-23T13:24:53","modified_gmt":"2025-05-23T11:24:53","slug":"anna-55005","status":"publish","type":"product","link":"https:\/\/midbectapeter.se\/en\/collection\/lina\/anna-55005\/","title":{"rendered":"Anna &#8211; 55005"},"content":{"rendered":"<p>Sm\u00e5m\u00f6nstrad tapet i en romantisk plommonlila nyans. Vill du skapa en varm och inbjudande k\u00e4nsla i rummet kan vi verkligen rekommendera denna underbara tapet. Designern Lina har ett fantastiskt \u00f6ga n\u00e4r det kommer till f\u00e4rgval, vilket vi kan se som en r\u00f6d tr\u00e5d genom alla hennes m\u00f6nster.<\/p>\n","protected":false},"excerpt":{"rendered":"<p>Sm\u00e5m\u00f6nstrad tapet i en romantisk plommonlila nyans. Vill du skapa en varm och inbjudande k\u00e4nsla i rummet kan vi verkligen rekommendera denna underbara tapet. Designern Lina har ett fantastiskt \u00f6ga n\u00e4r det kommer till f\u00e4rgval, vilket vi kan se som en r\u00f6d tr\u00e5d genom alla hennes m\u00f6nster.<\/p>\n","protected":false},"featured_media":95375,"comment_status":"closed","ping_status":"closed","template":"","meta":{"_acf_changed":false},"product_brand":[],"product_cat":[339],"product_tag":[],"texture_surface":[305,306],"designers":[95],"cat_colors":[258],"cat_patterns":[319,297],"cat_styles":[313],"cat_rooms":[320],"class_list":{"0":"post-111238","1":"product","2":"type-product","3":"status-publish","4":"has-post-thumbnail","6":"product_cat-lina","7":"texture_surface-matte","8":"texture_surface-smooth","9":"designers-lina-schnaufer","10":"cat_colors-lila","11":"cat_patterns-blad-en","12":"cat_patterns-small-patterned","13":"cat_styles-romantisk-en","14":"cat_rooms-kok-en","16":"first","17":"instock","18":"taxable","19":"shipping-taxable","20":"purchasable","21":"product-type-variable"},"acf":{"visible_in_wallpaper_tool":true,"wallpaper_size_setting_1":25,"wallpaper_size_setting_2":1000,"wallpaper_size_setting_3":1000},"yoast_head":"<!-- This site is optimized with the Yoast SEO plugin v26.4 - https:\/\/yoast.com\/wordpress\/plugins\/seo\/ -->\n<title>Tapetm\u00f6nster Anna - 55005 | Midbec Tapeter<\/title>\n<meta name=\"robots\" content=\"index, follow, max-snippet:-1, max-image-preview:large, max-video-preview:-1\" \/>\n<link rel=\"canonical\" href=\"https:\/\/midbectapeter.se\/en\/collection\/lina\/anna-55005\/\" \/>\n<meta property=\"og:locale\" content=\"en_US\" \/>\n<meta property=\"og:type\" content=\"article\" \/>\n<meta property=\"og:title\" content=\"Tapetm\u00f6nster Anna - 55005 | Midbec Tapeter\" \/>\n<meta property=\"og:description\" content=\"Sm\u00e5m\u00f6nstrad tapet i en romantisk plommonlila nyans. Vill du skapa en varm och inbjudande k\u00e4nsla i rummet kan vi verkligen rekommendera denna underbara tapet. Designern Lina har ett fantastiskt \u00f6ga n\u00e4r det kommer till f\u00e4rgval, vilket vi kan se som en r\u00f6d tr\u00e5d genom alla hennes m\u00f6nster.\" \/>\n<meta property=\"og:url\" content=\"https:\/\/midbectapeter.se\/en\/collection\/lina\/anna-55005\/\" \/>\n<meta property=\"og:site_name\" content=\"Midbec Tapeter\" \/>\n<meta property=\"article:publisher\" content=\"https:\/\/www.facebook.com\/midbectapeter\" \/>\n<meta property=\"og:image\" content=\"https:\/\/midbectapeter.se\/wp-content\/uploads\/55005.jpg?_t=1757580888\" \/>\n\t<meta property=\"og:image:width\" content=\"1000\" \/>\n\t<meta property=\"og:image:height\" content=\"1000\" \/>\n\t<meta property=\"og:image:type\" content=\"image\/jpeg\" \/>\n<meta name=\"twitter:card\" content=\"summary_large_image\" \/>\n<script type=\"application\/ld+json\" class=\"yoast-schema-graph\">{\"@context\":\"https:\/\/schema.org\",\"@graph\":[{\"@type\":\"WebPage\",\"@id\":\"https:\/\/midbectapeter.se\/en\/collection\/lina\/anna-55005\/\",\"url\":\"https:\/\/midbectapeter.se\/en\/collection\/lina\/anna-55005\/\",\"name\":\"Tapetm\u00f6nster Anna - 55005 | Midbec Tapeter\",\"isPartOf\":{\"@id\":\"https:\/\/midbectapeter.se\/en\/#website\"},\"primaryImageOfPage\":{\"@id\":\"https:\/\/midbectapeter.se\/en\/collection\/lina\/anna-55005\/#primaryimage\"},\"image\":{\"@id\":\"https:\/\/midbectapeter.se\/en\/collection\/lina\/anna-55005\/#primaryimage\"},\"thumbnailUrl\":\"https:\/\/midbectapeter.se\/wp-content\/uploads\/55005.jpg\",\"datePublished\":\"2026-02-25T14:15:44+00:00\",\"breadcrumb\":{\"@id\":\"https:\/\/midbectapeter.se\/en\/collection\/lina\/anna-55005\/#breadcrumb\"},\"inLanguage\":\"en-US\",\"potentialAction\":[{\"@type\":\"ReadAction\",\"target\":[\"https:\/\/midbectapeter.se\/en\/collection\/lina\/anna-55005\/\"]}]},{\"@type\":\"ImageObject\",\"inLanguage\":\"en-US\",\"@id\":\"https:\/\/midbectapeter.se\/en\/collection\/lina\/anna-55005\/#primaryimage\",\"url\":\"https:\/\/midbectapeter.se\/wp-content\/uploads\/55005.jpg\",\"contentUrl\":\"https:\/\/midbectapeter.se\/wp-content\/uploads\/55005.jpg\",\"width\":1000,\"height\":1000,\"caption\":\"Lila tapet med Blad, Sm\u00e5m\u00f6nstrat m\u00f6nster\"},{\"@type\":\"BreadcrumbList\",\"@id\":\"https:\/\/midbectapeter.se\/en\/collection\/lina\/anna-55005\/#breadcrumb\",\"itemListElement\":[{\"@type\":\"ListItem\",\"position\":1,\"name\":\"Hem\",\"item\":\"https:\/\/midbectapeter.se\/en\/\"},{\"@type\":\"ListItem\",\"position\":2,\"name\":\"Products\",\"item\":\"https:\/\/midbectapeter.se\/en\/shop\/\"},{\"@type\":\"ListItem\",\"position\":3,\"name\":\"Anna &#8211; 55005\"}]},{\"@type\":\"WebSite\",\"@id\":\"https:\/\/midbectapeter.se\/en\/#website\",\"url\":\"https:\/\/midbectapeter.se\/en\/\",\"name\":\"Midbec Tapeter\",\"description\":\"\",\"publisher\":{\"@id\":\"https:\/\/midbectapeter.se\/en\/#organization\"},\"potentialAction\":[{\"@type\":\"SearchAction\",\"target\":{\"@type\":\"EntryPoint\",\"urlTemplate\":\"https:\/\/midbectapeter.se\/en\/?s={search_term_string}\"},\"query-input\":{\"@type\":\"PropertyValueSpecification\",\"valueRequired\":true,\"valueName\":\"search_term_string\"}}],\"inLanguage\":\"en-US\"},{\"@type\":\"Organization\",\"@id\":\"https:\/\/midbectapeter.se\/en\/#organization\",\"name\":\"Midbec Tapeter\",\"url\":\"https:\/\/midbectapeter.se\/en\/\",\"logo\":{\"@type\":\"ImageObject\",\"inLanguage\":\"en-US\",\"@id\":\"https:\/\/midbectapeter.se\/en\/#\/schema\/logo\/image\/\",\"url\":\"https:\/\/midbectapeter.se\/wp-content\/uploads\/2022\/02\/midbec-logo-black.svg\",\"contentUrl\":\"https:\/\/midbectapeter.se\/wp-content\/uploads\/2022\/02\/midbec-logo-black.svg\",\"width\":1,\"height\":1,\"caption\":\"Midbec Tapeter\"},\"image\":{\"@id\":\"https:\/\/midbectapeter.se\/en\/#\/schema\/logo\/image\/\"},\"sameAs\":[\"https:\/\/www.facebook.com\/midbectapeter\",\"https:\/\/www.instagram.com\/midbectapeter\/\",\"https:\/\/www.pinterest.se\/midbec\/\"]},{\"@type\":\"Product\",\"name\":\"Anna - 55005\",\"image\":[\"https:\/\/midbectapeter.se\/wp-content\/uploads\/55005.jpg\",\"https:\/\/midbectapeter.se\/wp-content\/uploads\/55005__kok__1__tapet.jpg\"],\"offers\":{\"@type\":\"Offer\",\"priceCurrency\":\"SEK\",\"price\":\"\",\"availability\":\"https:\/\/schema.org\/InStock\",\"url\":\"https:\/\/midbectapeter.se\/en\/collection\/lina\/anna-55005\/\"},\"description\":\"Sm\u00e5m\u00f6nstrad tapet i en romantisk plommonlila nyans. Vill du skapa en varm och inbjudande k\u00e4nsla i rummet kan vi verkligen rekommendera denna underbara tapet. Designern Lina har ett fantastiskt \u00f6ga n\u00e4r det kommer till f\u00e4rgval, vilket vi kan se som en r\u00f6d tr\u00e5d genom alla hennes m\u00f6nster.\",\"brand\":{\"@type\":\"Brand\",\"name\":\"Midbec Tapeter\"},\"sku\":\"55005\",\"category\":\"Lina\",\"material\":\"Non-woven\",\"color\":\"Purple\",\"productID\":111238}]}<\/script>\n<!-- \/ Yoast SEO plugin. -->","yoast_head_json":{"title":"Tapetm\u00f6nster Anna - 55005 | Midbec Tapeter","robots":{"index":"index","follow":"follow","max-snippet":"max-snippet:-1","max-image-preview":"max-image-preview:large","max-video-preview":"max-video-preview:-1"},"canonical":"https:\/\/midbectapeter.se\/en\/collection\/lina\/anna-55005\/","og_locale":"en_US","og_type":"article","og_title":"Tapetm\u00f6nster Anna - 55005 | Midbec Tapeter","og_description":"Sm\u00e5m\u00f6nstrad tapet i en romantisk plommonlila nyans. Vill du skapa en varm och inbjudande k\u00e4nsla i rummet kan vi verkligen rekommendera denna underbara tapet. Designern Lina har ett fantastiskt \u00f6ga n\u00e4r det kommer till f\u00e4rgval, vilket vi kan se som en r\u00f6d tr\u00e5d genom alla hennes m\u00f6nster.","og_url":"https:\/\/midbectapeter.se\/en\/collection\/lina\/anna-55005\/","og_site_name":"Midbec Tapeter","article_publisher":"https:\/\/www.facebook.com\/midbectapeter","og_image":[{"width":1000,"height":1000,"url":"https:\/\/midbectapeter.se\/wp-content\/uploads\/55005.jpg?_t=1757580888","type":"image\/jpeg"}],"twitter_card":"summary_large_image","schema":{"@context":"https:\/\/schema.org","@graph":[{"@type":"WebPage","@id":"https:\/\/midbectapeter.se\/en\/collection\/lina\/anna-55005\/","url":"https:\/\/midbectapeter.se\/en\/collection\/lina\/anna-55005\/","name":"Tapetm\u00f6nster Anna - 55005 | Midbec Tapeter","isPartOf":{"@id":"https:\/\/midbectapeter.se\/en\/#website"},"primaryImageOfPage":{"@id":"https:\/\/midbectapeter.se\/en\/collection\/lina\/anna-55005\/#primaryimage"},"image":{"@id":"https:\/\/midbectapeter.se\/en\/collection\/lina\/anna-55005\/#primaryimage"},"thumbnailUrl":"https:\/\/midbectapeter.se\/wp-content\/uploads\/55005.jpg","datePublished":"2026-02-25T14:15:44+00:00","breadcrumb":{"@id":"https:\/\/midbectapeter.se\/en\/collection\/lina\/anna-55005\/#breadcrumb"},"inLanguage":"en-US","potentialAction":[{"@type":"ReadAction","target":["https:\/\/midbectapeter.se\/en\/collection\/lina\/anna-55005\/"]}]},{"@type":"ImageObject","inLanguage":"en-US","@id":"https:\/\/midbectapeter.se\/en\/collection\/lina\/anna-55005\/#primaryimage","url":"https:\/\/midbectapeter.se\/wp-content\/uploads\/55005.jpg","contentUrl":"https:\/\/midbectapeter.se\/wp-content\/uploads\/55005.jpg","width":1000,"height":1000,"caption":"Lila tapet med Blad, Sm\u00e5m\u00f6nstrat m\u00f6nster"},{"@type":"BreadcrumbList","@id":"https:\/\/midbectapeter.se\/en\/collection\/lina\/anna-55005\/#breadcrumb","itemListElement":[{"@type":"ListItem","position":1,"name":"Hem","item":"https:\/\/midbectapeter.se\/en\/"},{"@type":"ListItem","position":2,"name":"Products","item":"https:\/\/midbectapeter.se\/en\/shop\/"},{"@type":"ListItem","position":3,"name":"Anna &#8211; 55005"}]},{"@type":"WebSite","@id":"https:\/\/midbectapeter.se\/en\/#website","url":"https:\/\/midbectapeter.se\/en\/","name":"Midbec Tapeter","description":"","publisher":{"@id":"https:\/\/midbectapeter.se\/en\/#organization"},"potentialAction":[{"@type":"SearchAction","target":{"@type":"EntryPoint","urlTemplate":"https:\/\/midbectapeter.se\/en\/?s={search_term_string}"},"query-input":{"@type":"PropertyValueSpecification","valueRequired":true,"valueName":"search_term_string"}}],"inLanguage":"en-US"},{"@type":"Organization","@id":"https:\/\/midbectapeter.se\/en\/#organization","name":"Midbec Tapeter","url":"https:\/\/midbectapeter.se\/en\/","logo":{"@type":"ImageObject","inLanguage":"en-US","@id":"https:\/\/midbectapeter.se\/en\/#\/schema\/logo\/image\/","url":"https:\/\/midbectapeter.se\/wp-content\/uploads\/2022\/02\/midbec-logo-black.svg","contentUrl":"https:\/\/midbectapeter.se\/wp-content\/uploads\/2022\/02\/midbec-logo-black.svg","width":1,"height":1,"caption":"Midbec Tapeter"},"image":{"@id":"https:\/\/midbectapeter.se\/en\/#\/schema\/logo\/image\/"},"sameAs":["https:\/\/www.facebook.com\/midbectapeter","https:\/\/www.instagram.com\/midbectapeter\/","https:\/\/www.pinterest.se\/midbec\/"]},{"@type":"Product","name":"Anna - 55005","image":["https:\/\/midbectapeter.se\/wp-content\/uploads\/55005.jpg","https:\/\/midbectapeter.se\/wp-content\/uploads\/55005__kok__1__tapet.jpg"],"offers":{"@type":"Offer","priceCurrency":"SEK","price":"","availability":"https:\/\/schema.org\/InStock","url":"https:\/\/midbectapeter.se\/en\/collection\/lina\/anna-55005\/"},"description":"Sm\u00e5m\u00f6nstrad tapet i en romantisk plommonlila nyans. Vill du skapa en varm och inbjudande k\u00e4nsla i rummet kan vi verkligen rekommendera denna underbara tapet. Designern Lina har ett fantastiskt \u00f6ga n\u00e4r det kommer till f\u00e4rgval, vilket vi kan se som en r\u00f6d tr\u00e5d genom alla hennes m\u00f6nster.","brand":{"@type":"Brand","name":"Midbec Tapeter"},"sku":"55005","category":"Lina","material":"Non-woven","color":"Purple","productID":111238}]}},"_links":{"self":[{"href":"https:\/\/midbectapeter.se\/en\/wp-json\/wp\/v2\/product\/111238","targetHints":{"allow":["GET"]}}],"collection":[{"href":"https:\/\/midbectapeter.se\/en\/wp-json\/wp\/v2\/product"}],"about":[{"href":"https:\/\/midbectapeter.se\/en\/wp-json\/wp\/v2\/types\/product"}],"replies":[{"embeddable":true,"href":"https:\/\/midbectapeter.se\/en\/wp-json\/wp\/v2\/comments?post=111238"}],"wp:featuredmedia":[{"embeddable":true,"href":"https:\/\/midbectapeter.se\/en\/wp-json\/wp\/v2\/media\/95375"}],"wp:attachment":[{"href":"https:\/\/midbectapeter.se\/en\/wp-json\/wp\/v2\/media?parent=111238"}],"wp:term":[{"taxonomy":"product_brand","embeddable":true,"href":"https:\/\/midbectapeter.se\/en\/wp-json\/wp\/v2\/product_brand?post=111238"},{"taxonomy":"product_cat","embeddable":true,"href":"https:\/\/midbectapeter.se\/en\/wp-json\/wp\/v2\/product_cat?post=111238"},{"taxonomy":"product_tag","embeddable":true,"href":"https:\/\/midbectapeter.se\/en\/wp-json\/wp\/v2\/product_tag?post=111238"},{"taxonomy":"texture_surface","embeddable":true,"href":"https:\/\/midbectapeter.se\/en\/wp-json\/wp\/v2\/texture_surface?post=111238"},{"taxonomy":"designers","embeddable":true,"href":"https:\/\/midbectapeter.se\/en\/wp-json\/wp\/v2\/designers?post=111238"},{"taxonomy":"cat_colors","embeddable":true,"href":"https:\/\/midbectapeter.se\/en\/wp-json\/wp\/v2\/cat_colors?post=111238"},{"taxonomy":"cat_patterns","embeddable":true,"href":"https:\/\/midbectapeter.se\/en\/wp-json\/wp\/v2\/cat_patterns?post=111238"},{"taxonomy":"cat_styles","embeddable":true,"href":"https:\/\/midbectapeter.se\/en\/wp-json\/wp\/v2\/cat_styles?post=111238"},{"taxonomy":"cat_rooms","embeddable":true,"href":"https:\/\/midbectapeter.se\/en\/wp-json\/wp\/v2\/cat_rooms?post=111238"}],"curies":[{"name":"wp","href":"https:\/\/api.w.org\/{rel}","templated":true}]}}