{"id":111375,"date":"2026-02-25T15:46:00","date_gmt":"2026-02-25T14:46:00","guid":{"rendered":"https:\/\/midbectapeter.se\/kollektion\/uncategorized\/bodri-65117\/"},"modified":"2025-05-27T11:38:28","modified_gmt":"2025-05-27T09:38:28","slug":"bodri-65117","status":"publish","type":"product","link":"https:\/\/midbectapeter.se\/en\/collection\/lina-2\/bodri-65117\/","title":{"rendered":"Bodri &#8211; 65117"},"content":{"rendered":"<p>The Bodri wallpaper with its tulip pattern spreads beautifully over the wall. The wallpaper offers muted shades that can change the feel of an entire home. The pattern is created by our designer Lina Schnaufer, who always tries to depict the complexity of plants and life that unites between then and now.<\/p>\n","protected":false},"excerpt":{"rendered":"<p>The Bodri wallpaper with its tulip pattern spreads beautifully over the wall. The wallpaper offers muted shades that can change the feel of an entire home. The pattern is created by our designer Lina Schnaufer, who always tries to depict the complexity of plants and life that unites between then and now.<\/p>\n","protected":false},"featured_media":95838,"comment_status":"closed","ping_status":"closed","template":"","meta":{"_acf_changed":false},"product_brand":[],"product_cat":[340],"product_tag":[],"texture_surface":[],"designers":[95],"cat_colors":[315],"cat_patterns":[312,296],"cat_styles":[],"cat_rooms":[238],"class_list":{"0":"post-111375","1":"product","2":"type-product","3":"status-publish","4":"has-post-thumbnail","6":"product_cat-lina-2","7":"designers-lina-schnaufer","8":"cat_colors-blue","9":"cat_patterns-big-pattern","10":"cat_patterns-floral","11":"cat_rooms-hall","13":"first","14":"instock","15":"taxable","16":"shipping-taxable","17":"purchasable","18":"product-type-variable"},"acf":{"visible_in_wallpaper_tool":true,"wallpaper_size_setting_1":100,"wallpaper_size_setting_2":500,"wallpaper_size_setting_3":500},"yoast_head":"<!-- This site is optimized with the Yoast SEO plugin v26.4 - https:\/\/yoast.com\/wordpress\/plugins\/seo\/ -->\n<title>Tapetm\u00f6nster Bodri - 65117 | Midbec Tapeter<\/title>\n<meta name=\"robots\" content=\"index, follow, max-snippet:-1, max-image-preview:large, max-video-preview:-1\" \/>\n<link rel=\"canonical\" href=\"https:\/\/midbectapeter.se\/en\/collection\/lina-2\/bodri-65117\/\" \/>\n<meta property=\"og:locale\" content=\"en_US\" \/>\n<meta property=\"og:type\" content=\"article\" \/>\n<meta property=\"og:title\" content=\"Tapetm\u00f6nster Bodri - 65117 | Midbec Tapeter\" \/>\n<meta property=\"og:description\" content=\"The Bodri wallpaper with its tulip pattern spreads beautifully over the wall. The wallpaper offers muted shades that can change the feel of an entire home. The pattern is created by our designer Lina Schnaufer, who always tries to depict the complexity of plants and life that unites between then and now.\" \/>\n<meta property=\"og:url\" content=\"https:\/\/midbectapeter.se\/en\/collection\/lina-2\/bodri-65117\/\" \/>\n<meta property=\"og:site_name\" content=\"Midbec Tapeter\" \/>\n<meta property=\"article:publisher\" content=\"https:\/\/www.facebook.com\/midbectapeter\" \/>\n<meta property=\"og:image\" content=\"https:\/\/midbectapeter.se\/wp-content\/uploads\/65117.jpg?_t=1757581475\" \/>\n\t<meta property=\"og:image:width\" content=\"1000\" \/>\n\t<meta property=\"og:image:height\" content=\"1000\" \/>\n\t<meta property=\"og:image:type\" content=\"image\/jpeg\" \/>\n<meta name=\"twitter:card\" content=\"summary_large_image\" \/>\n<script type=\"application\/ld+json\" class=\"yoast-schema-graph\">{\"@context\":\"https:\/\/schema.org\",\"@graph\":[{\"@type\":\"WebPage\",\"@id\":\"https:\/\/midbectapeter.se\/en\/collection\/lina-2\/bodri-65117\/\",\"url\":\"https:\/\/midbectapeter.se\/en\/collection\/lina-2\/bodri-65117\/\",\"name\":\"Tapetm\u00f6nster Bodri - 65117 | Midbec Tapeter\",\"isPartOf\":{\"@id\":\"https:\/\/midbectapeter.se\/en\/#website\"},\"primaryImageOfPage\":{\"@id\":\"https:\/\/midbectapeter.se\/en\/collection\/lina-2\/bodri-65117\/#primaryimage\"},\"image\":{\"@id\":\"https:\/\/midbectapeter.se\/en\/collection\/lina-2\/bodri-65117\/#primaryimage\"},\"thumbnailUrl\":\"https:\/\/midbectapeter.se\/wp-content\/uploads\/65117.jpg\",\"datePublished\":\"2026-02-25T14:46:00+00:00\",\"breadcrumb\":{\"@id\":\"https:\/\/midbectapeter.se\/en\/collection\/lina-2\/bodri-65117\/#breadcrumb\"},\"inLanguage\":\"en-US\",\"potentialAction\":[{\"@type\":\"ReadAction\",\"target\":[\"https:\/\/midbectapeter.se\/en\/collection\/lina-2\/bodri-65117\/\"]}]},{\"@type\":\"ImageObject\",\"inLanguage\":\"en-US\",\"@id\":\"https:\/\/midbectapeter.se\/en\/collection\/lina-2\/bodri-65117\/#primaryimage\",\"url\":\"https:\/\/midbectapeter.se\/wp-content\/uploads\/65117.jpg\",\"contentUrl\":\"https:\/\/midbectapeter.se\/wp-content\/uploads\/65117.jpg\",\"width\":1000,\"height\":1000,\"caption\":\"Bl\u00e5 tapet med Blommigt, Storm\u00f6nstrat m\u00f6nster\"},{\"@type\":\"BreadcrumbList\",\"@id\":\"https:\/\/midbectapeter.se\/en\/collection\/lina-2\/bodri-65117\/#breadcrumb\",\"itemListElement\":[{\"@type\":\"ListItem\",\"position\":1,\"name\":\"Hem\",\"item\":\"https:\/\/midbectapeter.se\/en\/\"},{\"@type\":\"ListItem\",\"position\":2,\"name\":\"Products\",\"item\":\"https:\/\/midbectapeter.se\/en\/shop\/\"},{\"@type\":\"ListItem\",\"position\":3,\"name\":\"Bodri &#8211; 65117\"}]},{\"@type\":\"WebSite\",\"@id\":\"https:\/\/midbectapeter.se\/en\/#website\",\"url\":\"https:\/\/midbectapeter.se\/en\/\",\"name\":\"Midbec Tapeter\",\"description\":\"\",\"publisher\":{\"@id\":\"https:\/\/midbectapeter.se\/en\/#organization\"},\"potentialAction\":[{\"@type\":\"SearchAction\",\"target\":{\"@type\":\"EntryPoint\",\"urlTemplate\":\"https:\/\/midbectapeter.se\/en\/?s={search_term_string}\"},\"query-input\":{\"@type\":\"PropertyValueSpecification\",\"valueRequired\":true,\"valueName\":\"search_term_string\"}}],\"inLanguage\":\"en-US\"},{\"@type\":\"Organization\",\"@id\":\"https:\/\/midbectapeter.se\/en\/#organization\",\"name\":\"Midbec Tapeter\",\"url\":\"https:\/\/midbectapeter.se\/en\/\",\"logo\":{\"@type\":\"ImageObject\",\"inLanguage\":\"en-US\",\"@id\":\"https:\/\/midbectapeter.se\/en\/#\/schema\/logo\/image\/\",\"url\":\"https:\/\/midbectapeter.se\/wp-content\/uploads\/2022\/02\/midbec-logo-black.svg\",\"contentUrl\":\"https:\/\/midbectapeter.se\/wp-content\/uploads\/2022\/02\/midbec-logo-black.svg\",\"width\":1,\"height\":1,\"caption\":\"Midbec Tapeter\"},\"image\":{\"@id\":\"https:\/\/midbectapeter.se\/en\/#\/schema\/logo\/image\/\"},\"sameAs\":[\"https:\/\/www.facebook.com\/midbectapeter\",\"https:\/\/www.instagram.com\/midbectapeter\/\",\"https:\/\/www.pinterest.se\/midbec\/\"]},{\"@type\":\"Product\",\"name\":\"Bodri - 65117\",\"image\":[\"https:\/\/midbectapeter.se\/wp-content\/uploads\/65117.jpg\",\"https:\/\/midbectapeter.se\/wp-content\/uploads\/65117__hall__1__tapet.jpg\"],\"offers\":{\"@type\":\"Offer\",\"priceCurrency\":\"SEK\",\"price\":\"\",\"availability\":\"https:\/\/schema.org\/InStock\",\"url\":\"https:\/\/midbectapeter.se\/en\/collection\/lina-2\/bodri-65117\/\"},\"description\":\"The Bodri wallpaper with its tulip pattern spreads beautifully over the wall. The wallpaper offers muted shades that can change the feel of an entire home. The pattern is created by our designer Lina Schnaufer, who always tries to depict the complexity of plants and life that unites between then and now.\",\"brand\":{\"@type\":\"Brand\",\"name\":\"Midbec Tapeter\"},\"sku\":\"65117\",\"category\":\"Lina 2\",\"material\":\"Non-woven\",\"color\":\"Gray, Blue\",\"productID\":111375}]}<\/script>\n<!-- \/ Yoast SEO plugin. -->","yoast_head_json":{"title":"Tapetm\u00f6nster Bodri - 65117 | Midbec Tapeter","robots":{"index":"index","follow":"follow","max-snippet":"max-snippet:-1","max-image-preview":"max-image-preview:large","max-video-preview":"max-video-preview:-1"},"canonical":"https:\/\/midbectapeter.se\/en\/collection\/lina-2\/bodri-65117\/","og_locale":"en_US","og_type":"article","og_title":"Tapetm\u00f6nster Bodri - 65117 | Midbec Tapeter","og_description":"The Bodri wallpaper with its tulip pattern spreads beautifully over the wall. The wallpaper offers muted shades that can change the feel of an entire home. The pattern is created by our designer Lina Schnaufer, who always tries to depict the complexity of plants and life that unites between then and now.","og_url":"https:\/\/midbectapeter.se\/en\/collection\/lina-2\/bodri-65117\/","og_site_name":"Midbec Tapeter","article_publisher":"https:\/\/www.facebook.com\/midbectapeter","og_image":[{"width":1000,"height":1000,"url":"https:\/\/midbectapeter.se\/wp-content\/uploads\/65117.jpg?_t=1757581475","type":"image\/jpeg"}],"twitter_card":"summary_large_image","schema":{"@context":"https:\/\/schema.org","@graph":[{"@type":"WebPage","@id":"https:\/\/midbectapeter.se\/en\/collection\/lina-2\/bodri-65117\/","url":"https:\/\/midbectapeter.se\/en\/collection\/lina-2\/bodri-65117\/","name":"Tapetm\u00f6nster Bodri - 65117 | Midbec Tapeter","isPartOf":{"@id":"https:\/\/midbectapeter.se\/en\/#website"},"primaryImageOfPage":{"@id":"https:\/\/midbectapeter.se\/en\/collection\/lina-2\/bodri-65117\/#primaryimage"},"image":{"@id":"https:\/\/midbectapeter.se\/en\/collection\/lina-2\/bodri-65117\/#primaryimage"},"thumbnailUrl":"https:\/\/midbectapeter.se\/wp-content\/uploads\/65117.jpg","datePublished":"2026-02-25T14:46:00+00:00","breadcrumb":{"@id":"https:\/\/midbectapeter.se\/en\/collection\/lina-2\/bodri-65117\/#breadcrumb"},"inLanguage":"en-US","potentialAction":[{"@type":"ReadAction","target":["https:\/\/midbectapeter.se\/en\/collection\/lina-2\/bodri-65117\/"]}]},{"@type":"ImageObject","inLanguage":"en-US","@id":"https:\/\/midbectapeter.se\/en\/collection\/lina-2\/bodri-65117\/#primaryimage","url":"https:\/\/midbectapeter.se\/wp-content\/uploads\/65117.jpg","contentUrl":"https:\/\/midbectapeter.se\/wp-content\/uploads\/65117.jpg","width":1000,"height":1000,"caption":"Bl\u00e5 tapet med Blommigt, Storm\u00f6nstrat m\u00f6nster"},{"@type":"BreadcrumbList","@id":"https:\/\/midbectapeter.se\/en\/collection\/lina-2\/bodri-65117\/#breadcrumb","itemListElement":[{"@type":"ListItem","position":1,"name":"Hem","item":"https:\/\/midbectapeter.se\/en\/"},{"@type":"ListItem","position":2,"name":"Products","item":"https:\/\/midbectapeter.se\/en\/shop\/"},{"@type":"ListItem","position":3,"name":"Bodri &#8211; 65117"}]},{"@type":"WebSite","@id":"https:\/\/midbectapeter.se\/en\/#website","url":"https:\/\/midbectapeter.se\/en\/","name":"Midbec Tapeter","description":"","publisher":{"@id":"https:\/\/midbectapeter.se\/en\/#organization"},"potentialAction":[{"@type":"SearchAction","target":{"@type":"EntryPoint","urlTemplate":"https:\/\/midbectapeter.se\/en\/?s={search_term_string}"},"query-input":{"@type":"PropertyValueSpecification","valueRequired":true,"valueName":"search_term_string"}}],"inLanguage":"en-US"},{"@type":"Organization","@id":"https:\/\/midbectapeter.se\/en\/#organization","name":"Midbec Tapeter","url":"https:\/\/midbectapeter.se\/en\/","logo":{"@type":"ImageObject","inLanguage":"en-US","@id":"https:\/\/midbectapeter.se\/en\/#\/schema\/logo\/image\/","url":"https:\/\/midbectapeter.se\/wp-content\/uploads\/2022\/02\/midbec-logo-black.svg","contentUrl":"https:\/\/midbectapeter.se\/wp-content\/uploads\/2022\/02\/midbec-logo-black.svg","width":1,"height":1,"caption":"Midbec Tapeter"},"image":{"@id":"https:\/\/midbectapeter.se\/en\/#\/schema\/logo\/image\/"},"sameAs":["https:\/\/www.facebook.com\/midbectapeter","https:\/\/www.instagram.com\/midbectapeter\/","https:\/\/www.pinterest.se\/midbec\/"]},{"@type":"Product","name":"Bodri - 65117","image":["https:\/\/midbectapeter.se\/wp-content\/uploads\/65117.jpg","https:\/\/midbectapeter.se\/wp-content\/uploads\/65117__hall__1__tapet.jpg"],"offers":{"@type":"Offer","priceCurrency":"SEK","price":"","availability":"https:\/\/schema.org\/InStock","url":"https:\/\/midbectapeter.se\/en\/collection\/lina-2\/bodri-65117\/"},"description":"The Bodri wallpaper with its tulip pattern spreads beautifully over the wall. The wallpaper offers muted shades that can change the feel of an entire home. The pattern is created by our designer Lina Schnaufer, who always tries to depict the complexity of plants and life that unites between then and now.","brand":{"@type":"Brand","name":"Midbec Tapeter"},"sku":"65117","category":"Lina 2","material":"Non-woven","color":"Gray, Blue","productID":111375}]}},"_links":{"self":[{"href":"https:\/\/midbectapeter.se\/en\/wp-json\/wp\/v2\/product\/111375","targetHints":{"allow":["GET"]}}],"collection":[{"href":"https:\/\/midbectapeter.se\/en\/wp-json\/wp\/v2\/product"}],"about":[{"href":"https:\/\/midbectapeter.se\/en\/wp-json\/wp\/v2\/types\/product"}],"replies":[{"embeddable":true,"href":"https:\/\/midbectapeter.se\/en\/wp-json\/wp\/v2\/comments?post=111375"}],"wp:featuredmedia":[{"embeddable":true,"href":"https:\/\/midbectapeter.se\/en\/wp-json\/wp\/v2\/media\/95838"}],"wp:attachment":[{"href":"https:\/\/midbectapeter.se\/en\/wp-json\/wp\/v2\/media?parent=111375"}],"wp:term":[{"taxonomy":"product_brand","embeddable":true,"href":"https:\/\/midbectapeter.se\/en\/wp-json\/wp\/v2\/product_brand?post=111375"},{"taxonomy":"product_cat","embeddable":true,"href":"https:\/\/midbectapeter.se\/en\/wp-json\/wp\/v2\/product_cat?post=111375"},{"taxonomy":"product_tag","embeddable":true,"href":"https:\/\/midbectapeter.se\/en\/wp-json\/wp\/v2\/product_tag?post=111375"},{"taxonomy":"texture_surface","embeddable":true,"href":"https:\/\/midbectapeter.se\/en\/wp-json\/wp\/v2\/texture_surface?post=111375"},{"taxonomy":"designers","embeddable":true,"href":"https:\/\/midbectapeter.se\/en\/wp-json\/wp\/v2\/designers?post=111375"},{"taxonomy":"cat_colors","embeddable":true,"href":"https:\/\/midbectapeter.se\/en\/wp-json\/wp\/v2\/cat_colors?post=111375"},{"taxonomy":"cat_patterns","embeddable":true,"href":"https:\/\/midbectapeter.se\/en\/wp-json\/wp\/v2\/cat_patterns?post=111375"},{"taxonomy":"cat_styles","embeddable":true,"href":"https:\/\/midbectapeter.se\/en\/wp-json\/wp\/v2\/cat_styles?post=111375"},{"taxonomy":"cat_rooms","embeddable":true,"href":"https:\/\/midbectapeter.se\/en\/wp-json\/wp\/v2\/cat_rooms?post=111375"}],"curies":[{"name":"wp","href":"https:\/\/api.w.org\/{rel}","templated":true}]}}