{"id":111567,"date":"2026-02-25T14:10:59","date_gmt":"2026-02-25T13:10:59","guid":{"rendered":"https:\/\/midbectapeter.se\/kollektion\/uncategorized\/sarah-28016\/"},"modified":"2025-05-23T15:26:36","modified_gmt":"2025-05-23T13:26:36","slug":"sarah-28016","status":"publish","type":"product","link":"https:\/\/midbectapeter.se\/en\/collection\/lyckebo\/sarah-28016\/","title":{"rendered":"Sarah &#8211; 28016"},"content":{"rendered":"<p>We see a fragrant white honeysuckle together with a fairy-tale pink carnation. The lovely carnation comes in a large number of varieties and colors. You get a carnation that will always bloom. Irresistible yellow wallpaper, available in 4 other colors.<\/p>\n","protected":false},"excerpt":{"rendered":"<p>We see a fragrant white honeysuckle together with a fairy-tale pink carnation. The lovely carnation comes in a large number of varieties and colors. You get a carnation that will always bloom. Irresistible yellow wallpaper, available in 4 other colors.<\/p>\n","protected":false},"featured_media":94860,"comment_status":"closed","ping_status":"closed","template":"","meta":{"_acf_changed":false},"product_brand":[],"product_cat":[341],"product_tag":[],"texture_surface":[305,306],"designers":[302],"cat_colors":[239,243],"cat_patterns":[312,296],"cat_styles":[301],"cat_rooms":[238],"class_list":{"0":"post-111567","1":"product","2":"type-product","3":"status-publish","4":"has-post-thumbnail","6":"product_cat-lyckebo","7":"texture_surface-matte","8":"texture_surface-smooth","9":"designers-hanna-wendelbo","10":"cat_colors-gul","11":"cat_colors-multifargat","12":"cat_patterns-big-pattern","13":"cat_patterns-floral","14":"cat_styles-old-fashioned","15":"cat_rooms-hall","17":"first","18":"instock","19":"taxable","20":"shipping-taxable","21":"purchasable","22":"product-type-variable"},"acf":{"visible_in_wallpaper_tool":true,"wallpaper_size_setting_1":100,"wallpaper_size_setting_2":500,"wallpaper_size_setting_3":500},"yoast_head":"<!-- This site is optimized with the Yoast SEO plugin v26.4 - https:\/\/yoast.com\/wordpress\/plugins\/seo\/ -->\n<title>Wallpaper pattern Sarah - 28016 | Yellow wallpaper | Midbec Tapeter<\/title>\n<meta name=\"robots\" content=\"index, follow, max-snippet:-1, max-image-preview:large, max-video-preview:-1\" \/>\n<link rel=\"canonical\" href=\"https:\/\/midbectapeter.se\/en\/collection\/lyckebo\/sarah-28016\/\" \/>\n<meta property=\"og:locale\" content=\"en_US\" \/>\n<meta property=\"og:type\" content=\"article\" \/>\n<meta property=\"og:title\" content=\"Wallpaper pattern Sarah - 28016 | Yellow wallpaper | Midbec Tapeter\" \/>\n<meta property=\"og:description\" content=\"We see a fragrant white honeysuckle together with a fairy-tale pink carnation. The lovely carnation comes in a large number of varieties and colors. You get a carnation that will always bloom. Irresistible yellow wallpaper, available in 4 other colors.\" \/>\n<meta property=\"og:url\" content=\"https:\/\/midbectapeter.se\/en\/collection\/lyckebo\/sarah-28016\/\" \/>\n<meta property=\"og:site_name\" content=\"Midbec Tapeter\" \/>\n<meta property=\"article:publisher\" content=\"https:\/\/www.facebook.com\/midbectapeter\" \/>\n<meta property=\"og:image\" content=\"https:\/\/midbectapeter.se\/wp-content\/uploads\/28016.jpg?_t=1757579543\" \/>\n\t<meta property=\"og:image:width\" content=\"1000\" \/>\n\t<meta property=\"og:image:height\" content=\"1000\" \/>\n\t<meta property=\"og:image:type\" content=\"image\/jpeg\" \/>\n<meta name=\"twitter:card\" content=\"summary_large_image\" \/>\n<script type=\"application\/ld+json\" class=\"yoast-schema-graph\">{\"@context\":\"https:\/\/schema.org\",\"@graph\":[{\"@type\":\"WebPage\",\"@id\":\"https:\/\/midbectapeter.se\/en\/collection\/lyckebo\/sarah-28016\/\",\"url\":\"https:\/\/midbectapeter.se\/en\/collection\/lyckebo\/sarah-28016\/\",\"name\":\"Wallpaper pattern Sarah - 28016 | Yellow wallpaper | Midbec Tapeter\",\"isPartOf\":{\"@id\":\"https:\/\/midbectapeter.se\/en\/#website\"},\"primaryImageOfPage\":{\"@id\":\"https:\/\/midbectapeter.se\/en\/collection\/lyckebo\/sarah-28016\/#primaryimage\"},\"image\":{\"@id\":\"https:\/\/midbectapeter.se\/en\/collection\/lyckebo\/sarah-28016\/#primaryimage\"},\"thumbnailUrl\":\"https:\/\/midbectapeter.se\/wp-content\/uploads\/28016.jpg\",\"datePublished\":\"2026-02-25T13:10:59+00:00\",\"breadcrumb\":{\"@id\":\"https:\/\/midbectapeter.se\/en\/collection\/lyckebo\/sarah-28016\/#breadcrumb\"},\"inLanguage\":\"en-US\",\"potentialAction\":[{\"@type\":\"ReadAction\",\"target\":[\"https:\/\/midbectapeter.se\/en\/collection\/lyckebo\/sarah-28016\/\"]}]},{\"@type\":\"ImageObject\",\"inLanguage\":\"en-US\",\"@id\":\"https:\/\/midbectapeter.se\/en\/collection\/lyckebo\/sarah-28016\/#primaryimage\",\"url\":\"https:\/\/midbectapeter.se\/wp-content\/uploads\/28016.jpg\",\"contentUrl\":\"https:\/\/midbectapeter.se\/wp-content\/uploads\/28016.jpg\",\"width\":1000,\"height\":1000,\"caption\":\"Gul, Multif\u00e4rgat tapet med Blommigt, , Storm\u00f6nstrat m\u00f6nster\"},{\"@type\":\"BreadcrumbList\",\"@id\":\"https:\/\/midbectapeter.se\/en\/collection\/lyckebo\/sarah-28016\/#breadcrumb\",\"itemListElement\":[{\"@type\":\"ListItem\",\"position\":1,\"name\":\"Hem\",\"item\":\"https:\/\/midbectapeter.se\/en\/\"},{\"@type\":\"ListItem\",\"position\":2,\"name\":\"Products\",\"item\":\"https:\/\/midbectapeter.se\/en\/shop\/\"},{\"@type\":\"ListItem\",\"position\":3,\"name\":\"Sarah &#8211; 28016\"}]},{\"@type\":\"WebSite\",\"@id\":\"https:\/\/midbectapeter.se\/en\/#website\",\"url\":\"https:\/\/midbectapeter.se\/en\/\",\"name\":\"Midbec Tapeter\",\"description\":\"\",\"publisher\":{\"@id\":\"https:\/\/midbectapeter.se\/en\/#organization\"},\"potentialAction\":[{\"@type\":\"SearchAction\",\"target\":{\"@type\":\"EntryPoint\",\"urlTemplate\":\"https:\/\/midbectapeter.se\/en\/?s={search_term_string}\"},\"query-input\":{\"@type\":\"PropertyValueSpecification\",\"valueRequired\":true,\"valueName\":\"search_term_string\"}}],\"inLanguage\":\"en-US\"},{\"@type\":\"Organization\",\"@id\":\"https:\/\/midbectapeter.se\/en\/#organization\",\"name\":\"Midbec Tapeter\",\"url\":\"https:\/\/midbectapeter.se\/en\/\",\"logo\":{\"@type\":\"ImageObject\",\"inLanguage\":\"en-US\",\"@id\":\"https:\/\/midbectapeter.se\/en\/#\/schema\/logo\/image\/\",\"url\":\"https:\/\/midbectapeter.se\/wp-content\/uploads\/2022\/02\/midbec-logo-black.svg\",\"contentUrl\":\"https:\/\/midbectapeter.se\/wp-content\/uploads\/2022\/02\/midbec-logo-black.svg\",\"width\":1,\"height\":1,\"caption\":\"Midbec Tapeter\"},\"image\":{\"@id\":\"https:\/\/midbectapeter.se\/en\/#\/schema\/logo\/image\/\"},\"sameAs\":[\"https:\/\/www.facebook.com\/midbectapeter\",\"https:\/\/www.instagram.com\/midbectapeter\/\",\"https:\/\/www.pinterest.se\/midbec\/\"]},{\"@type\":\"Product\",\"name\":\"Sarah - 28016\",\"image\":[\"https:\/\/midbectapeter.se\/wp-content\/uploads\/28016.jpg\",\"https:\/\/midbectapeter.se\/wp-content\/uploads\/28016__hall__1__tapet.jpg\"],\"offers\":{\"@type\":\"Offer\",\"priceCurrency\":\"SEK\",\"price\":\"\",\"availability\":\"https:\/\/schema.org\/InStock\",\"url\":\"https:\/\/midbectapeter.se\/en\/collection\/lyckebo\/sarah-28016\/\"},\"description\":\"We see a fragrant white honeysuckle together with a fairy-tale pink carnation. The lovely carnation comes in a large number of varieties and colors. You get a carnation that will always bloom. Irresistible yellow wallpaper, available in 4 other colors.\",\"brand\":{\"@type\":\"Brand\",\"name\":\"Midbec Tapeter\"},\"sku\":\"28016\",\"category\":\"Lyckebo\",\"material\":\"Non-woven\",\"color\":\"Yellow, Multicolor\",\"productID\":111567}]}<\/script>\n<!-- \/ Yoast SEO plugin. -->","yoast_head_json":{"title":"Wallpaper pattern Sarah - 28016 | Yellow wallpaper | Midbec Tapeter","robots":{"index":"index","follow":"follow","max-snippet":"max-snippet:-1","max-image-preview":"max-image-preview:large","max-video-preview":"max-video-preview:-1"},"canonical":"https:\/\/midbectapeter.se\/en\/collection\/lyckebo\/sarah-28016\/","og_locale":"en_US","og_type":"article","og_title":"Wallpaper pattern Sarah - 28016 | Yellow wallpaper | Midbec Tapeter","og_description":"We see a fragrant white honeysuckle together with a fairy-tale pink carnation. The lovely carnation comes in a large number of varieties and colors. You get a carnation that will always bloom. Irresistible yellow wallpaper, available in 4 other colors.","og_url":"https:\/\/midbectapeter.se\/en\/collection\/lyckebo\/sarah-28016\/","og_site_name":"Midbec Tapeter","article_publisher":"https:\/\/www.facebook.com\/midbectapeter","og_image":[{"width":1000,"height":1000,"url":"https:\/\/midbectapeter.se\/wp-content\/uploads\/28016.jpg?_t=1757579543","type":"image\/jpeg"}],"twitter_card":"summary_large_image","schema":{"@context":"https:\/\/schema.org","@graph":[{"@type":"WebPage","@id":"https:\/\/midbectapeter.se\/en\/collection\/lyckebo\/sarah-28016\/","url":"https:\/\/midbectapeter.se\/en\/collection\/lyckebo\/sarah-28016\/","name":"Wallpaper pattern Sarah - 28016 | Yellow wallpaper | Midbec Tapeter","isPartOf":{"@id":"https:\/\/midbectapeter.se\/en\/#website"},"primaryImageOfPage":{"@id":"https:\/\/midbectapeter.se\/en\/collection\/lyckebo\/sarah-28016\/#primaryimage"},"image":{"@id":"https:\/\/midbectapeter.se\/en\/collection\/lyckebo\/sarah-28016\/#primaryimage"},"thumbnailUrl":"https:\/\/midbectapeter.se\/wp-content\/uploads\/28016.jpg","datePublished":"2026-02-25T13:10:59+00:00","breadcrumb":{"@id":"https:\/\/midbectapeter.se\/en\/collection\/lyckebo\/sarah-28016\/#breadcrumb"},"inLanguage":"en-US","potentialAction":[{"@type":"ReadAction","target":["https:\/\/midbectapeter.se\/en\/collection\/lyckebo\/sarah-28016\/"]}]},{"@type":"ImageObject","inLanguage":"en-US","@id":"https:\/\/midbectapeter.se\/en\/collection\/lyckebo\/sarah-28016\/#primaryimage","url":"https:\/\/midbectapeter.se\/wp-content\/uploads\/28016.jpg","contentUrl":"https:\/\/midbectapeter.se\/wp-content\/uploads\/28016.jpg","width":1000,"height":1000,"caption":"Gul, Multif\u00e4rgat tapet med Blommigt, , Storm\u00f6nstrat m\u00f6nster"},{"@type":"BreadcrumbList","@id":"https:\/\/midbectapeter.se\/en\/collection\/lyckebo\/sarah-28016\/#breadcrumb","itemListElement":[{"@type":"ListItem","position":1,"name":"Hem","item":"https:\/\/midbectapeter.se\/en\/"},{"@type":"ListItem","position":2,"name":"Products","item":"https:\/\/midbectapeter.se\/en\/shop\/"},{"@type":"ListItem","position":3,"name":"Sarah &#8211; 28016"}]},{"@type":"WebSite","@id":"https:\/\/midbectapeter.se\/en\/#website","url":"https:\/\/midbectapeter.se\/en\/","name":"Midbec Tapeter","description":"","publisher":{"@id":"https:\/\/midbectapeter.se\/en\/#organization"},"potentialAction":[{"@type":"SearchAction","target":{"@type":"EntryPoint","urlTemplate":"https:\/\/midbectapeter.se\/en\/?s={search_term_string}"},"query-input":{"@type":"PropertyValueSpecification","valueRequired":true,"valueName":"search_term_string"}}],"inLanguage":"en-US"},{"@type":"Organization","@id":"https:\/\/midbectapeter.se\/en\/#organization","name":"Midbec Tapeter","url":"https:\/\/midbectapeter.se\/en\/","logo":{"@type":"ImageObject","inLanguage":"en-US","@id":"https:\/\/midbectapeter.se\/en\/#\/schema\/logo\/image\/","url":"https:\/\/midbectapeter.se\/wp-content\/uploads\/2022\/02\/midbec-logo-black.svg","contentUrl":"https:\/\/midbectapeter.se\/wp-content\/uploads\/2022\/02\/midbec-logo-black.svg","width":1,"height":1,"caption":"Midbec Tapeter"},"image":{"@id":"https:\/\/midbectapeter.se\/en\/#\/schema\/logo\/image\/"},"sameAs":["https:\/\/www.facebook.com\/midbectapeter","https:\/\/www.instagram.com\/midbectapeter\/","https:\/\/www.pinterest.se\/midbec\/"]},{"@type":"Product","name":"Sarah - 28016","image":["https:\/\/midbectapeter.se\/wp-content\/uploads\/28016.jpg","https:\/\/midbectapeter.se\/wp-content\/uploads\/28016__hall__1__tapet.jpg"],"offers":{"@type":"Offer","priceCurrency":"SEK","price":"","availability":"https:\/\/schema.org\/InStock","url":"https:\/\/midbectapeter.se\/en\/collection\/lyckebo\/sarah-28016\/"},"description":"We see a fragrant white honeysuckle together with a fairy-tale pink carnation. The lovely carnation comes in a large number of varieties and colors. You get a carnation that will always bloom. Irresistible yellow wallpaper, available in 4 other colors.","brand":{"@type":"Brand","name":"Midbec Tapeter"},"sku":"28016","category":"Lyckebo","material":"Non-woven","color":"Yellow, Multicolor","productID":111567}]}},"_links":{"self":[{"href":"https:\/\/midbectapeter.se\/en\/wp-json\/wp\/v2\/product\/111567","targetHints":{"allow":["GET"]}}],"collection":[{"href":"https:\/\/midbectapeter.se\/en\/wp-json\/wp\/v2\/product"}],"about":[{"href":"https:\/\/midbectapeter.se\/en\/wp-json\/wp\/v2\/types\/product"}],"replies":[{"embeddable":true,"href":"https:\/\/midbectapeter.se\/en\/wp-json\/wp\/v2\/comments?post=111567"}],"wp:featuredmedia":[{"embeddable":true,"href":"https:\/\/midbectapeter.se\/en\/wp-json\/wp\/v2\/media\/94860"}],"wp:attachment":[{"href":"https:\/\/midbectapeter.se\/en\/wp-json\/wp\/v2\/media?parent=111567"}],"wp:term":[{"taxonomy":"product_brand","embeddable":true,"href":"https:\/\/midbectapeter.se\/en\/wp-json\/wp\/v2\/product_brand?post=111567"},{"taxonomy":"product_cat","embeddable":true,"href":"https:\/\/midbectapeter.se\/en\/wp-json\/wp\/v2\/product_cat?post=111567"},{"taxonomy":"product_tag","embeddable":true,"href":"https:\/\/midbectapeter.se\/en\/wp-json\/wp\/v2\/product_tag?post=111567"},{"taxonomy":"texture_surface","embeddable":true,"href":"https:\/\/midbectapeter.se\/en\/wp-json\/wp\/v2\/texture_surface?post=111567"},{"taxonomy":"designers","embeddable":true,"href":"https:\/\/midbectapeter.se\/en\/wp-json\/wp\/v2\/designers?post=111567"},{"taxonomy":"cat_colors","embeddable":true,"href":"https:\/\/midbectapeter.se\/en\/wp-json\/wp\/v2\/cat_colors?post=111567"},{"taxonomy":"cat_patterns","embeddable":true,"href":"https:\/\/midbectapeter.se\/en\/wp-json\/wp\/v2\/cat_patterns?post=111567"},{"taxonomy":"cat_styles","embeddable":true,"href":"https:\/\/midbectapeter.se\/en\/wp-json\/wp\/v2\/cat_styles?post=111567"},{"taxonomy":"cat_rooms","embeddable":true,"href":"https:\/\/midbectapeter.se\/en\/wp-json\/wp\/v2\/cat_rooms?post=111567"}],"curies":[{"name":"wp","href":"https:\/\/api.w.org\/{rel}","templated":true}]}}