{"id":111804,"date":"2026-02-25T15:40:35","date_gmt":"2026-02-25T14:40:35","guid":{"rendered":"https:\/\/midbectapeter.se\/kollektion\/uncategorized\/vaxa-63015\/"},"modified":"2025-05-26T11:23:46","modified_gmt":"2025-05-26T09:23:46","slug":"vaxa-63015","status":"publish","type":"product","link":"https:\/\/midbectapeter.se\/en\/collection\/langtan\/vaxa-63015\/","title":{"rendered":"V\u00e4xa &#8211; 63015"},"content":{"rendered":"<p>The pattern in the children&#8217;s wallpaper V\u00e4xa combines the beautiful with the playful. Winding vegetation in the form of pompous roses, fragrant honeysuckle and sweet cherry blossoms are joined by mountain peaks in the moonlight, sunset over the sea, small eggs in bird&#8217;s nests and darting hares. With V\u00e4xa, you get a cozy and fairytale-like children&#8217;s room, where the soft color scheme in shades of gray, green and yellow gives the room a pleasant impression.<\/p>\n","protected":false},"excerpt":{"rendered":"<p>The pattern in the children&#8217;s wallpaper V\u00e4xa combines the beautiful with the playful. Winding vegetation in the form of pompous roses, fragrant honeysuckle and sweet cherry blossoms are joined by mountain peaks in the moonlight, sunset over the sea, small eggs in bird&#8217;s nests and darting hares. With V\u00e4xa, you get a cozy and fairytale-like [&hellip;]<\/p>\n","protected":false},"featured_media":95735,"comment_status":"closed","ping_status":"closed","template":"","meta":{"_acf_changed":false},"product_brand":[],"product_cat":[342],"product_tag":[],"texture_surface":[306],"designers":[95],"cat_colors":[239],"cat_patterns":[296],"cat_styles":[321],"cat_rooms":[256,231,268,207],"class_list":{"0":"post-111804","1":"product","2":"type-product","3":"status-publish","4":"has-post-thumbnail","6":"product_cat-langtan","7":"texture_surface-smooth","8":"designers-lina-schnaufer","9":"cat_colors-gul","10":"cat_patterns-floral","11":"cat_styles-children","12":"cat_rooms-barnrum","13":"cat_rooms-kontor","14":"cat_rooms-rulle","15":"cat_rooms-sovrum","17":"first","18":"instock","19":"taxable","20":"shipping-taxable","21":"purchasable","22":"product-type-variable"},"acf":{"visible_in_wallpaper_tool":true,"wallpaper_size_setting_1":18,"wallpaper_size_setting_2":720,"wallpaper_size_setting_3":720},"yoast_head":"<!-- This site is optimized with the Yoast SEO plugin v26.4 - https:\/\/yoast.com\/wordpress\/plugins\/seo\/ -->\n<title>Tapetm\u00f6nster V\u00e4xa - 63015 | Midbec Tapeter<\/title>\n<meta name=\"robots\" content=\"index, follow, max-snippet:-1, max-image-preview:large, max-video-preview:-1\" \/>\n<link rel=\"canonical\" href=\"https:\/\/midbectapeter.se\/en\/collection\/langtan\/vaxa-63015\/\" \/>\n<meta property=\"og:locale\" content=\"en_US\" \/>\n<meta property=\"og:type\" content=\"article\" \/>\n<meta property=\"og:title\" content=\"Tapetm\u00f6nster V\u00e4xa - 63015 | Midbec Tapeter\" \/>\n<meta property=\"og:description\" content=\"The pattern in the children&#8217;s wallpaper V\u00e4xa combines the beautiful with the playful. Winding vegetation in the form of pompous roses, fragrant honeysuckle and sweet cherry blossoms are joined by mountain peaks in the moonlight, sunset over the sea, small eggs in bird&#8217;s nests and darting hares. With V\u00e4xa, you get a cozy and fairytale-like [&hellip;]\" \/>\n<meta property=\"og:url\" content=\"https:\/\/midbectapeter.se\/en\/collection\/langtan\/vaxa-63015\/\" \/>\n<meta property=\"og:site_name\" content=\"Midbec Tapeter\" \/>\n<meta property=\"article:publisher\" content=\"https:\/\/www.facebook.com\/midbectapeter\" \/>\n<meta property=\"og:image\" content=\"https:\/\/midbectapeter.se\/wp-content\/uploads\/63015.jpg?_t=1757581343\" \/>\n\t<meta property=\"og:image:width\" content=\"1000\" \/>\n\t<meta property=\"og:image:height\" content=\"1000\" \/>\n\t<meta property=\"og:image:type\" content=\"image\/jpeg\" \/>\n<meta name=\"twitter:card\" content=\"summary_large_image\" \/>\n<script type=\"application\/ld+json\" class=\"yoast-schema-graph\">{\"@context\":\"https:\/\/schema.org\",\"@graph\":[{\"@type\":\"WebPage\",\"@id\":\"https:\/\/midbectapeter.se\/en\/collection\/langtan\/vaxa-63015\/\",\"url\":\"https:\/\/midbectapeter.se\/en\/collection\/langtan\/vaxa-63015\/\",\"name\":\"Tapetm\u00f6nster V\u00e4xa - 63015 | Midbec Tapeter\",\"isPartOf\":{\"@id\":\"https:\/\/midbectapeter.se\/en\/#website\"},\"primaryImageOfPage\":{\"@id\":\"https:\/\/midbectapeter.se\/en\/collection\/langtan\/vaxa-63015\/#primaryimage\"},\"image\":{\"@id\":\"https:\/\/midbectapeter.se\/en\/collection\/langtan\/vaxa-63015\/#primaryimage\"},\"thumbnailUrl\":\"https:\/\/midbectapeter.se\/wp-content\/uploads\/63015.jpg\",\"datePublished\":\"2026-02-25T14:40:35+00:00\",\"breadcrumb\":{\"@id\":\"https:\/\/midbectapeter.se\/en\/collection\/langtan\/vaxa-63015\/#breadcrumb\"},\"inLanguage\":\"en-US\",\"potentialAction\":[{\"@type\":\"ReadAction\",\"target\":[\"https:\/\/midbectapeter.se\/en\/collection\/langtan\/vaxa-63015\/\"]}]},{\"@type\":\"ImageObject\",\"inLanguage\":\"en-US\",\"@id\":\"https:\/\/midbectapeter.se\/en\/collection\/langtan\/vaxa-63015\/#primaryimage\",\"url\":\"https:\/\/midbectapeter.se\/wp-content\/uploads\/63015.jpg\",\"contentUrl\":\"https:\/\/midbectapeter.se\/wp-content\/uploads\/63015.jpg\",\"width\":1000,\"height\":1000,\"caption\":\"Gul tapet med Barn, Blommigt, , Ungdom m\u00f6nster\"},{\"@type\":\"BreadcrumbList\",\"@id\":\"https:\/\/midbectapeter.se\/en\/collection\/langtan\/vaxa-63015\/#breadcrumb\",\"itemListElement\":[{\"@type\":\"ListItem\",\"position\":1,\"name\":\"Hem\",\"item\":\"https:\/\/midbectapeter.se\/en\/\"},{\"@type\":\"ListItem\",\"position\":2,\"name\":\"Products\",\"item\":\"https:\/\/midbectapeter.se\/en\/shop\/\"},{\"@type\":\"ListItem\",\"position\":3,\"name\":\"V\u00e4xa &#8211; 63015\"}]},{\"@type\":\"WebSite\",\"@id\":\"https:\/\/midbectapeter.se\/en\/#website\",\"url\":\"https:\/\/midbectapeter.se\/en\/\",\"name\":\"Midbec Tapeter\",\"description\":\"\",\"publisher\":{\"@id\":\"https:\/\/midbectapeter.se\/en\/#organization\"},\"potentialAction\":[{\"@type\":\"SearchAction\",\"target\":{\"@type\":\"EntryPoint\",\"urlTemplate\":\"https:\/\/midbectapeter.se\/en\/?s={search_term_string}\"},\"query-input\":{\"@type\":\"PropertyValueSpecification\",\"valueRequired\":true,\"valueName\":\"search_term_string\"}}],\"inLanguage\":\"en-US\"},{\"@type\":\"Organization\",\"@id\":\"https:\/\/midbectapeter.se\/en\/#organization\",\"name\":\"Midbec Tapeter\",\"url\":\"https:\/\/midbectapeter.se\/en\/\",\"logo\":{\"@type\":\"ImageObject\",\"inLanguage\":\"en-US\",\"@id\":\"https:\/\/midbectapeter.se\/en\/#\/schema\/logo\/image\/\",\"url\":\"https:\/\/midbectapeter.se\/wp-content\/uploads\/2022\/02\/midbec-logo-black.svg\",\"contentUrl\":\"https:\/\/midbectapeter.se\/wp-content\/uploads\/2022\/02\/midbec-logo-black.svg\",\"width\":1,\"height\":1,\"caption\":\"Midbec Tapeter\"},\"image\":{\"@id\":\"https:\/\/midbectapeter.se\/en\/#\/schema\/logo\/image\/\"},\"sameAs\":[\"https:\/\/www.facebook.com\/midbectapeter\",\"https:\/\/www.instagram.com\/midbectapeter\/\",\"https:\/\/www.pinterest.se\/midbec\/\"]},{\"@type\":\"Product\",\"name\":\"V\u00e4xa - 63015\",\"image\":[\"https:\/\/midbectapeter.se\/wp-content\/uploads\/63015.jpg\",\"https:\/\/midbectapeter.se\/wp-content\/uploads\/63015__barnrum__1__tapet.jpg\",\"https:\/\/midbectapeter.se\/wp-content\/uploads\/63015__kontor__1__tapet.jpg\",\"https:\/\/midbectapeter.se\/wp-content\/uploads\/63015__rulle.jpg\",\"https:\/\/midbectapeter.se\/wp-content\/uploads\/63015__sovrum__1__tapet.jpg\"],\"offers\":{\"@type\":\"Offer\",\"priceCurrency\":\"SEK\",\"price\":\"\",\"availability\":\"https:\/\/schema.org\/InStock\",\"url\":\"https:\/\/midbectapeter.se\/en\/collection\/langtan\/vaxa-63015\/\"},\"description\":\"The pattern in the children's wallpaper V\u00e4xa combines the beautiful with the playful. Winding vegetation in the form of pompous roses, fragrant honeysuckle and sweet cherry blossoms are joined by mountain peaks in the moonlight, sunset over the sea, small eggs in bird's nests and darting hares. With V\u00e4xa, you get a cozy and fairytale-like children's room, where the soft color scheme in shades of gray, green and yellow gives the room a pleasant impression.\",\"brand\":{\"@type\":\"Brand\",\"name\":\"Midbec Tapeter\"},\"sku\":\"63015\",\"category\":\"L\u00e4ngtan\",\"material\":\"Non-woven\",\"color\":\"Yellow, Green\",\"productID\":111804}]}<\/script>\n<!-- \/ Yoast SEO plugin. -->","yoast_head_json":{"title":"Tapetm\u00f6nster V\u00e4xa - 63015 | Midbec Tapeter","robots":{"index":"index","follow":"follow","max-snippet":"max-snippet:-1","max-image-preview":"max-image-preview:large","max-video-preview":"max-video-preview:-1"},"canonical":"https:\/\/midbectapeter.se\/en\/collection\/langtan\/vaxa-63015\/","og_locale":"en_US","og_type":"article","og_title":"Tapetm\u00f6nster V\u00e4xa - 63015 | Midbec Tapeter","og_description":"The pattern in the children&#8217;s wallpaper V\u00e4xa combines the beautiful with the playful. Winding vegetation in the form of pompous roses, fragrant honeysuckle and sweet cherry blossoms are joined by mountain peaks in the moonlight, sunset over the sea, small eggs in bird&#8217;s nests and darting hares. With V\u00e4xa, you get a cozy and fairytale-like [&hellip;]","og_url":"https:\/\/midbectapeter.se\/en\/collection\/langtan\/vaxa-63015\/","og_site_name":"Midbec Tapeter","article_publisher":"https:\/\/www.facebook.com\/midbectapeter","og_image":[{"width":1000,"height":1000,"url":"https:\/\/midbectapeter.se\/wp-content\/uploads\/63015.jpg?_t=1757581343","type":"image\/jpeg"}],"twitter_card":"summary_large_image","schema":{"@context":"https:\/\/schema.org","@graph":[{"@type":"WebPage","@id":"https:\/\/midbectapeter.se\/en\/collection\/langtan\/vaxa-63015\/","url":"https:\/\/midbectapeter.se\/en\/collection\/langtan\/vaxa-63015\/","name":"Tapetm\u00f6nster V\u00e4xa - 63015 | Midbec Tapeter","isPartOf":{"@id":"https:\/\/midbectapeter.se\/en\/#website"},"primaryImageOfPage":{"@id":"https:\/\/midbectapeter.se\/en\/collection\/langtan\/vaxa-63015\/#primaryimage"},"image":{"@id":"https:\/\/midbectapeter.se\/en\/collection\/langtan\/vaxa-63015\/#primaryimage"},"thumbnailUrl":"https:\/\/midbectapeter.se\/wp-content\/uploads\/63015.jpg","datePublished":"2026-02-25T14:40:35+00:00","breadcrumb":{"@id":"https:\/\/midbectapeter.se\/en\/collection\/langtan\/vaxa-63015\/#breadcrumb"},"inLanguage":"en-US","potentialAction":[{"@type":"ReadAction","target":["https:\/\/midbectapeter.se\/en\/collection\/langtan\/vaxa-63015\/"]}]},{"@type":"ImageObject","inLanguage":"en-US","@id":"https:\/\/midbectapeter.se\/en\/collection\/langtan\/vaxa-63015\/#primaryimage","url":"https:\/\/midbectapeter.se\/wp-content\/uploads\/63015.jpg","contentUrl":"https:\/\/midbectapeter.se\/wp-content\/uploads\/63015.jpg","width":1000,"height":1000,"caption":"Gul tapet med Barn, Blommigt, , Ungdom m\u00f6nster"},{"@type":"BreadcrumbList","@id":"https:\/\/midbectapeter.se\/en\/collection\/langtan\/vaxa-63015\/#breadcrumb","itemListElement":[{"@type":"ListItem","position":1,"name":"Hem","item":"https:\/\/midbectapeter.se\/en\/"},{"@type":"ListItem","position":2,"name":"Products","item":"https:\/\/midbectapeter.se\/en\/shop\/"},{"@type":"ListItem","position":3,"name":"V\u00e4xa &#8211; 63015"}]},{"@type":"WebSite","@id":"https:\/\/midbectapeter.se\/en\/#website","url":"https:\/\/midbectapeter.se\/en\/","name":"Midbec Tapeter","description":"","publisher":{"@id":"https:\/\/midbectapeter.se\/en\/#organization"},"potentialAction":[{"@type":"SearchAction","target":{"@type":"EntryPoint","urlTemplate":"https:\/\/midbectapeter.se\/en\/?s={search_term_string}"},"query-input":{"@type":"PropertyValueSpecification","valueRequired":true,"valueName":"search_term_string"}}],"inLanguage":"en-US"},{"@type":"Organization","@id":"https:\/\/midbectapeter.se\/en\/#organization","name":"Midbec Tapeter","url":"https:\/\/midbectapeter.se\/en\/","logo":{"@type":"ImageObject","inLanguage":"en-US","@id":"https:\/\/midbectapeter.se\/en\/#\/schema\/logo\/image\/","url":"https:\/\/midbectapeter.se\/wp-content\/uploads\/2022\/02\/midbec-logo-black.svg","contentUrl":"https:\/\/midbectapeter.se\/wp-content\/uploads\/2022\/02\/midbec-logo-black.svg","width":1,"height":1,"caption":"Midbec Tapeter"},"image":{"@id":"https:\/\/midbectapeter.se\/en\/#\/schema\/logo\/image\/"},"sameAs":["https:\/\/www.facebook.com\/midbectapeter","https:\/\/www.instagram.com\/midbectapeter\/","https:\/\/www.pinterest.se\/midbec\/"]},{"@type":"Product","name":"V\u00e4xa - 63015","image":["https:\/\/midbectapeter.se\/wp-content\/uploads\/63015.jpg","https:\/\/midbectapeter.se\/wp-content\/uploads\/63015__barnrum__1__tapet.jpg","https:\/\/midbectapeter.se\/wp-content\/uploads\/63015__kontor__1__tapet.jpg","https:\/\/midbectapeter.se\/wp-content\/uploads\/63015__rulle.jpg","https:\/\/midbectapeter.se\/wp-content\/uploads\/63015__sovrum__1__tapet.jpg"],"offers":{"@type":"Offer","priceCurrency":"SEK","price":"","availability":"https:\/\/schema.org\/InStock","url":"https:\/\/midbectapeter.se\/en\/collection\/langtan\/vaxa-63015\/"},"description":"The pattern in the children's wallpaper V\u00e4xa combines the beautiful with the playful. Winding vegetation in the form of pompous roses, fragrant honeysuckle and sweet cherry blossoms are joined by mountain peaks in the moonlight, sunset over the sea, small eggs in bird's nests and darting hares. With V\u00e4xa, you get a cozy and fairytale-like children's room, where the soft color scheme in shades of gray, green and yellow gives the room a pleasant impression.","brand":{"@type":"Brand","name":"Midbec Tapeter"},"sku":"63015","category":"L\u00e4ngtan","material":"Non-woven","color":"Yellow, Green","productID":111804}]}},"_links":{"self":[{"href":"https:\/\/midbectapeter.se\/en\/wp-json\/wp\/v2\/product\/111804","targetHints":{"allow":["GET"]}}],"collection":[{"href":"https:\/\/midbectapeter.se\/en\/wp-json\/wp\/v2\/product"}],"about":[{"href":"https:\/\/midbectapeter.se\/en\/wp-json\/wp\/v2\/types\/product"}],"replies":[{"embeddable":true,"href":"https:\/\/midbectapeter.se\/en\/wp-json\/wp\/v2\/comments?post=111804"}],"wp:featuredmedia":[{"embeddable":true,"href":"https:\/\/midbectapeter.se\/en\/wp-json\/wp\/v2\/media\/95735"}],"wp:attachment":[{"href":"https:\/\/midbectapeter.se\/en\/wp-json\/wp\/v2\/media?parent=111804"}],"wp:term":[{"taxonomy":"product_brand","embeddable":true,"href":"https:\/\/midbectapeter.se\/en\/wp-json\/wp\/v2\/product_brand?post=111804"},{"taxonomy":"product_cat","embeddable":true,"href":"https:\/\/midbectapeter.se\/en\/wp-json\/wp\/v2\/product_cat?post=111804"},{"taxonomy":"product_tag","embeddable":true,"href":"https:\/\/midbectapeter.se\/en\/wp-json\/wp\/v2\/product_tag?post=111804"},{"taxonomy":"texture_surface","embeddable":true,"href":"https:\/\/midbectapeter.se\/en\/wp-json\/wp\/v2\/texture_surface?post=111804"},{"taxonomy":"designers","embeddable":true,"href":"https:\/\/midbectapeter.se\/en\/wp-json\/wp\/v2\/designers?post=111804"},{"taxonomy":"cat_colors","embeddable":true,"href":"https:\/\/midbectapeter.se\/en\/wp-json\/wp\/v2\/cat_colors?post=111804"},{"taxonomy":"cat_patterns","embeddable":true,"href":"https:\/\/midbectapeter.se\/en\/wp-json\/wp\/v2\/cat_patterns?post=111804"},{"taxonomy":"cat_styles","embeddable":true,"href":"https:\/\/midbectapeter.se\/en\/wp-json\/wp\/v2\/cat_styles?post=111804"},{"taxonomy":"cat_rooms","embeddable":true,"href":"https:\/\/midbectapeter.se\/en\/wp-json\/wp\/v2\/cat_rooms?post=111804"}],"curies":[{"name":"wp","href":"https:\/\/api.w.org\/{rel}","templated":true}]}}