{"id":112349,"date":"2026-02-25T14:50:41","date_gmt":"2026-02-25T13:50:41","guid":{"rendered":"https:\/\/midbectapeter.se\/kollektion\/uncategorized\/rosengang-43106\/"},"modified":"2025-05-23T14:31:35","modified_gmt":"2025-05-23T12:31:35","slug":"rosengang-43106","status":"publish","type":"product","link":"https:\/\/midbectapeter.se\/en\/collection\/rosenlycka\/rosengang-43106\/","title":{"rendered":"Roseng\u00e5ng &#8211; 43106"},"content":{"rendered":"<p>With a touch of the 20s, the Roseng\u00e5ng pattern creates a romantic atmosphere in the room. A floral wallpaper with beautiful little roses and with an old-fashioned expression that can be enhanced or muted with the help of the room&#8217;s other furnishings entirely according to your own taste. The contemporary color scheme of the wallpaper in gray-blue gives the room a gentle appearance.<\/p>\n","protected":false},"excerpt":{"rendered":"<p>With a touch of the 20s, the Roseng\u00e5ng pattern creates a romantic atmosphere in the room. A floral wallpaper with beautiful little roses and with an old-fashioned expression that can be enhanced or muted with the help of the room&#8217;s other furnishings entirely according to your own taste. The contemporary color scheme of the wallpaper [&hellip;]<\/p>\n","protected":false},"featured_media":86339,"comment_status":"closed","ping_status":"closed","template":"","meta":{"_acf_changed":false},"product_brand":[],"product_cat":[346],"product_tag":[],"texture_surface":[306],"designers":[302],"cat_colors":[315],"cat_patterns":[296],"cat_styles":[301],"cat_rooms":[320],"class_list":{"0":"post-112349","1":"product","2":"type-product","3":"status-publish","4":"has-post-thumbnail","6":"product_cat-rosenlycka","7":"texture_surface-smooth","8":"designers-hanna-wendelbo","9":"cat_colors-blue","10":"cat_patterns-floral","11":"cat_styles-old-fashioned","12":"cat_rooms-kok-en","14":"first","15":"instock","16":"taxable","17":"shipping-taxable","18":"purchasable","19":"product-type-variable"},"acf":{"visible_in_wallpaper_tool":true,"wallpaper_size_setting_1":17,"wallpaper_size_setting_2":1020,"wallpaper_size_setting_3":1020},"yoast_head":"<!-- This site is optimized with the Yoast SEO plugin v26.4 - https:\/\/yoast.com\/wordpress\/plugins\/seo\/ -->\n<title>Tapetm\u00f6nster Roseng\u00e5ng - 43106 | Midbec Tapeter<\/title>\n<meta name=\"robots\" content=\"index, follow, max-snippet:-1, max-image-preview:large, max-video-preview:-1\" \/>\n<link rel=\"canonical\" href=\"https:\/\/midbectapeter.se\/en\/collection\/rosenlycka\/rosengang-43106\/\" \/>\n<meta property=\"og:locale\" content=\"en_US\" \/>\n<meta property=\"og:type\" content=\"article\" \/>\n<meta property=\"og:title\" content=\"Tapetm\u00f6nster Roseng\u00e5ng - 43106 | Midbec Tapeter\" \/>\n<meta property=\"og:description\" content=\"With a touch of the 20s, the Roseng\u00e5ng pattern creates a romantic atmosphere in the room. A floral wallpaper with beautiful little roses and with an old-fashioned expression that can be enhanced or muted with the help of the room&#8217;s other furnishings entirely according to your own taste. The contemporary color scheme of the wallpaper [&hellip;]\" \/>\n<meta property=\"og:url\" content=\"https:\/\/midbectapeter.se\/en\/collection\/rosenlycka\/rosengang-43106\/\" \/>\n<meta property=\"og:site_name\" content=\"Midbec Tapeter\" \/>\n<meta property=\"article:publisher\" content=\"https:\/\/www.facebook.com\/midbectapeter\" \/>\n<meta property=\"og:image\" content=\"https:\/\/midbectapeter.se\/wp-content\/uploads\/2022\/06\/43106.jpg?_t=1757580285\" \/>\n\t<meta property=\"og:image:width\" content=\"1500\" \/>\n\t<meta property=\"og:image:height\" content=\"1500\" \/>\n\t<meta property=\"og:image:type\" content=\"image\/jpeg\" \/>\n<meta name=\"twitter:card\" content=\"summary_large_image\" \/>\n<script type=\"application\/ld+json\" class=\"yoast-schema-graph\">{\"@context\":\"https:\/\/schema.org\",\"@graph\":[{\"@type\":\"WebPage\",\"@id\":\"https:\/\/midbectapeter.se\/en\/collection\/rosenlycka\/rosengang-43106\/\",\"url\":\"https:\/\/midbectapeter.se\/en\/collection\/rosenlycka\/rosengang-43106\/\",\"name\":\"Tapetm\u00f6nster Roseng\u00e5ng - 43106 | Midbec Tapeter\",\"isPartOf\":{\"@id\":\"https:\/\/midbectapeter.se\/en\/#website\"},\"primaryImageOfPage\":{\"@id\":\"https:\/\/midbectapeter.se\/en\/collection\/rosenlycka\/rosengang-43106\/#primaryimage\"},\"image\":{\"@id\":\"https:\/\/midbectapeter.se\/en\/collection\/rosenlycka\/rosengang-43106\/#primaryimage\"},\"thumbnailUrl\":\"https:\/\/midbectapeter.se\/wp-content\/uploads\/2022\/06\/43106.jpg\",\"datePublished\":\"2026-02-25T13:50:41+00:00\",\"breadcrumb\":{\"@id\":\"https:\/\/midbectapeter.se\/en\/collection\/rosenlycka\/rosengang-43106\/#breadcrumb\"},\"inLanguage\":\"en-US\",\"potentialAction\":[{\"@type\":\"ReadAction\",\"target\":[\"https:\/\/midbectapeter.se\/en\/collection\/rosenlycka\/rosengang-43106\/\"]}]},{\"@type\":\"ImageObject\",\"inLanguage\":\"en-US\",\"@id\":\"https:\/\/midbectapeter.se\/en\/collection\/rosenlycka\/rosengang-43106\/#primaryimage\",\"url\":\"https:\/\/midbectapeter.se\/wp-content\/uploads\/2022\/06\/43106.jpg\",\"contentUrl\":\"https:\/\/midbectapeter.se\/wp-content\/uploads\/2022\/06\/43106.jpg\",\"width\":1500,\"height\":1500,\"caption\":\"Bl\u00e5 tapet med Blommigt, m\u00f6nster\"},{\"@type\":\"BreadcrumbList\",\"@id\":\"https:\/\/midbectapeter.se\/en\/collection\/rosenlycka\/rosengang-43106\/#breadcrumb\",\"itemListElement\":[{\"@type\":\"ListItem\",\"position\":1,\"name\":\"Hem\",\"item\":\"https:\/\/midbectapeter.se\/en\/\"},{\"@type\":\"ListItem\",\"position\":2,\"name\":\"Products\",\"item\":\"https:\/\/midbectapeter.se\/en\/shop\/\"},{\"@type\":\"ListItem\",\"position\":3,\"name\":\"Roseng\u00e5ng &#8211; 43106\"}]},{\"@type\":\"WebSite\",\"@id\":\"https:\/\/midbectapeter.se\/en\/#website\",\"url\":\"https:\/\/midbectapeter.se\/en\/\",\"name\":\"Midbec Tapeter\",\"description\":\"\",\"publisher\":{\"@id\":\"https:\/\/midbectapeter.se\/en\/#organization\"},\"potentialAction\":[{\"@type\":\"SearchAction\",\"target\":{\"@type\":\"EntryPoint\",\"urlTemplate\":\"https:\/\/midbectapeter.se\/en\/?s={search_term_string}\"},\"query-input\":{\"@type\":\"PropertyValueSpecification\",\"valueRequired\":true,\"valueName\":\"search_term_string\"}}],\"inLanguage\":\"en-US\"},{\"@type\":\"Organization\",\"@id\":\"https:\/\/midbectapeter.se\/en\/#organization\",\"name\":\"Midbec Tapeter\",\"url\":\"https:\/\/midbectapeter.se\/en\/\",\"logo\":{\"@type\":\"ImageObject\",\"inLanguage\":\"en-US\",\"@id\":\"https:\/\/midbectapeter.se\/en\/#\/schema\/logo\/image\/\",\"url\":\"https:\/\/midbectapeter.se\/wp-content\/uploads\/2022\/02\/midbec-logo-black.svg\",\"contentUrl\":\"https:\/\/midbectapeter.se\/wp-content\/uploads\/2022\/02\/midbec-logo-black.svg\",\"width\":1,\"height\":1,\"caption\":\"Midbec Tapeter\"},\"image\":{\"@id\":\"https:\/\/midbectapeter.se\/en\/#\/schema\/logo\/image\/\"},\"sameAs\":[\"https:\/\/www.facebook.com\/midbectapeter\",\"https:\/\/www.instagram.com\/midbectapeter\/\",\"https:\/\/www.pinterest.se\/midbec\/\"]},{\"@type\":\"Product\",\"name\":\"Roseng\u00e5ng - 43106\",\"image\":[\"https:\/\/midbectapeter.se\/wp-content\/uploads\/2022\/06\/43106.jpg\",\"https:\/\/midbectapeter.se\/wp-content\/uploads\/43106__kok__1__tapet.jpg\"],\"offers\":{\"@type\":\"Offer\",\"priceCurrency\":\"SEK\",\"price\":\"\",\"availability\":\"https:\/\/schema.org\/InStock\",\"url\":\"https:\/\/midbectapeter.se\/en\/collection\/rosenlycka\/rosengang-43106\/\"},\"description\":\"With a touch of the 20s, the Roseng\u00e5ng pattern creates a romantic atmosphere in the room. A floral wallpaper with beautiful little roses and with an old-fashioned expression that can be enhanced or muted with the help of the room's other furnishings entirely according to your own taste. The contemporary color scheme of the wallpaper in gray-blue gives the room a gentle appearance.\",\"brand\":{\"@type\":\"Brand\",\"name\":\"Midbec Tapeter\"},\"sku\":\"43106\",\"category\":\"Rosenlycka\",\"material\":\"Non-woven\",\"color\":\"Blue, Pink\",\"productID\":112349}]}<\/script>\n<!-- \/ Yoast SEO plugin. -->","yoast_head_json":{"title":"Tapetm\u00f6nster Roseng\u00e5ng - 43106 | Midbec Tapeter","robots":{"index":"index","follow":"follow","max-snippet":"max-snippet:-1","max-image-preview":"max-image-preview:large","max-video-preview":"max-video-preview:-1"},"canonical":"https:\/\/midbectapeter.se\/en\/collection\/rosenlycka\/rosengang-43106\/","og_locale":"en_US","og_type":"article","og_title":"Tapetm\u00f6nster Roseng\u00e5ng - 43106 | Midbec Tapeter","og_description":"With a touch of the 20s, the Roseng\u00e5ng pattern creates a romantic atmosphere in the room. A floral wallpaper with beautiful little roses and with an old-fashioned expression that can be enhanced or muted with the help of the room&#8217;s other furnishings entirely according to your own taste. The contemporary color scheme of the wallpaper [&hellip;]","og_url":"https:\/\/midbectapeter.se\/en\/collection\/rosenlycka\/rosengang-43106\/","og_site_name":"Midbec Tapeter","article_publisher":"https:\/\/www.facebook.com\/midbectapeter","og_image":[{"width":1500,"height":1500,"url":"https:\/\/midbectapeter.se\/wp-content\/uploads\/2022\/06\/43106.jpg?_t=1757580285","type":"image\/jpeg"}],"twitter_card":"summary_large_image","schema":{"@context":"https:\/\/schema.org","@graph":[{"@type":"WebPage","@id":"https:\/\/midbectapeter.se\/en\/collection\/rosenlycka\/rosengang-43106\/","url":"https:\/\/midbectapeter.se\/en\/collection\/rosenlycka\/rosengang-43106\/","name":"Tapetm\u00f6nster Roseng\u00e5ng - 43106 | Midbec Tapeter","isPartOf":{"@id":"https:\/\/midbectapeter.se\/en\/#website"},"primaryImageOfPage":{"@id":"https:\/\/midbectapeter.se\/en\/collection\/rosenlycka\/rosengang-43106\/#primaryimage"},"image":{"@id":"https:\/\/midbectapeter.se\/en\/collection\/rosenlycka\/rosengang-43106\/#primaryimage"},"thumbnailUrl":"https:\/\/midbectapeter.se\/wp-content\/uploads\/2022\/06\/43106.jpg","datePublished":"2026-02-25T13:50:41+00:00","breadcrumb":{"@id":"https:\/\/midbectapeter.se\/en\/collection\/rosenlycka\/rosengang-43106\/#breadcrumb"},"inLanguage":"en-US","potentialAction":[{"@type":"ReadAction","target":["https:\/\/midbectapeter.se\/en\/collection\/rosenlycka\/rosengang-43106\/"]}]},{"@type":"ImageObject","inLanguage":"en-US","@id":"https:\/\/midbectapeter.se\/en\/collection\/rosenlycka\/rosengang-43106\/#primaryimage","url":"https:\/\/midbectapeter.se\/wp-content\/uploads\/2022\/06\/43106.jpg","contentUrl":"https:\/\/midbectapeter.se\/wp-content\/uploads\/2022\/06\/43106.jpg","width":1500,"height":1500,"caption":"Bl\u00e5 tapet med Blommigt, m\u00f6nster"},{"@type":"BreadcrumbList","@id":"https:\/\/midbectapeter.se\/en\/collection\/rosenlycka\/rosengang-43106\/#breadcrumb","itemListElement":[{"@type":"ListItem","position":1,"name":"Hem","item":"https:\/\/midbectapeter.se\/en\/"},{"@type":"ListItem","position":2,"name":"Products","item":"https:\/\/midbectapeter.se\/en\/shop\/"},{"@type":"ListItem","position":3,"name":"Roseng\u00e5ng &#8211; 43106"}]},{"@type":"WebSite","@id":"https:\/\/midbectapeter.se\/en\/#website","url":"https:\/\/midbectapeter.se\/en\/","name":"Midbec Tapeter","description":"","publisher":{"@id":"https:\/\/midbectapeter.se\/en\/#organization"},"potentialAction":[{"@type":"SearchAction","target":{"@type":"EntryPoint","urlTemplate":"https:\/\/midbectapeter.se\/en\/?s={search_term_string}"},"query-input":{"@type":"PropertyValueSpecification","valueRequired":true,"valueName":"search_term_string"}}],"inLanguage":"en-US"},{"@type":"Organization","@id":"https:\/\/midbectapeter.se\/en\/#organization","name":"Midbec Tapeter","url":"https:\/\/midbectapeter.se\/en\/","logo":{"@type":"ImageObject","inLanguage":"en-US","@id":"https:\/\/midbectapeter.se\/en\/#\/schema\/logo\/image\/","url":"https:\/\/midbectapeter.se\/wp-content\/uploads\/2022\/02\/midbec-logo-black.svg","contentUrl":"https:\/\/midbectapeter.se\/wp-content\/uploads\/2022\/02\/midbec-logo-black.svg","width":1,"height":1,"caption":"Midbec Tapeter"},"image":{"@id":"https:\/\/midbectapeter.se\/en\/#\/schema\/logo\/image\/"},"sameAs":["https:\/\/www.facebook.com\/midbectapeter","https:\/\/www.instagram.com\/midbectapeter\/","https:\/\/www.pinterest.se\/midbec\/"]},{"@type":"Product","name":"Roseng\u00e5ng - 43106","image":["https:\/\/midbectapeter.se\/wp-content\/uploads\/2022\/06\/43106.jpg","https:\/\/midbectapeter.se\/wp-content\/uploads\/43106__kok__1__tapet.jpg"],"offers":{"@type":"Offer","priceCurrency":"SEK","price":"","availability":"https:\/\/schema.org\/InStock","url":"https:\/\/midbectapeter.se\/en\/collection\/rosenlycka\/rosengang-43106\/"},"description":"With a touch of the 20s, the Roseng\u00e5ng pattern creates a romantic atmosphere in the room. A floral wallpaper with beautiful little roses and with an old-fashioned expression that can be enhanced or muted with the help of the room's other furnishings entirely according to your own taste. The contemporary color scheme of the wallpaper in gray-blue gives the room a gentle appearance.","brand":{"@type":"Brand","name":"Midbec Tapeter"},"sku":"43106","category":"Rosenlycka","material":"Non-woven","color":"Blue, Pink","productID":112349}]}},"_links":{"self":[{"href":"https:\/\/midbectapeter.se\/en\/wp-json\/wp\/v2\/product\/112349","targetHints":{"allow":["GET"]}}],"collection":[{"href":"https:\/\/midbectapeter.se\/en\/wp-json\/wp\/v2\/product"}],"about":[{"href":"https:\/\/midbectapeter.se\/en\/wp-json\/wp\/v2\/types\/product"}],"replies":[{"embeddable":true,"href":"https:\/\/midbectapeter.se\/en\/wp-json\/wp\/v2\/comments?post=112349"}],"wp:featuredmedia":[{"embeddable":true,"href":"https:\/\/midbectapeter.se\/en\/wp-json\/wp\/v2\/media\/86339"}],"wp:attachment":[{"href":"https:\/\/midbectapeter.se\/en\/wp-json\/wp\/v2\/media?parent=112349"}],"wp:term":[{"taxonomy":"product_brand","embeddable":true,"href":"https:\/\/midbectapeter.se\/en\/wp-json\/wp\/v2\/product_brand?post=112349"},{"taxonomy":"product_cat","embeddable":true,"href":"https:\/\/midbectapeter.se\/en\/wp-json\/wp\/v2\/product_cat?post=112349"},{"taxonomy":"product_tag","embeddable":true,"href":"https:\/\/midbectapeter.se\/en\/wp-json\/wp\/v2\/product_tag?post=112349"},{"taxonomy":"texture_surface","embeddable":true,"href":"https:\/\/midbectapeter.se\/en\/wp-json\/wp\/v2\/texture_surface?post=112349"},{"taxonomy":"designers","embeddable":true,"href":"https:\/\/midbectapeter.se\/en\/wp-json\/wp\/v2\/designers?post=112349"},{"taxonomy":"cat_colors","embeddable":true,"href":"https:\/\/midbectapeter.se\/en\/wp-json\/wp\/v2\/cat_colors?post=112349"},{"taxonomy":"cat_patterns","embeddable":true,"href":"https:\/\/midbectapeter.se\/en\/wp-json\/wp\/v2\/cat_patterns?post=112349"},{"taxonomy":"cat_styles","embeddable":true,"href":"https:\/\/midbectapeter.se\/en\/wp-json\/wp\/v2\/cat_styles?post=112349"},{"taxonomy":"cat_rooms","embeddable":true,"href":"https:\/\/midbectapeter.se\/en\/wp-json\/wp\/v2\/cat_rooms?post=112349"}],"curies":[{"name":"wp","href":"https:\/\/api.w.org\/{rel}","templated":true}]}}