{"id":112459,"date":"2026-02-25T16:20:33","date_gmt":"2026-02-25T15:20:33","guid":{"rendered":"https:\/\/midbectapeter.se\/kollektion\/uncategorized\/johanna-92114\/"},"modified":"2025-05-23T14:21:47","modified_gmt":"2025-05-23T12:21:47","slug":"johanna-92114","status":"publish","type":"product","link":"https:\/\/midbectapeter.se\/en\/collection\/ortagard\/johanna-92114\/","title":{"rendered":"Johanna &#8211; 92114"},"content":{"rendered":"<p>On a creamy white background with a rose hip in light pink on a green twig, wallpaper Johanna brings the fragrant wild rose from nature home to your walls. You get a bright and lovely room where the sweet rose hip spreads joy and energy. The feeling of the lively summer with pleasant sounds such as birdsong and the hum of bumblebees spreads in the room and persists regardless of the season.<\/p>\n","protected":false},"excerpt":{"rendered":"<p>On a creamy white background with a rose hip in light pink on a green twig, wallpaper Johanna brings the fragrant wild rose from nature home to your walls. You get a bright and lovely room where the sweet rose hip spreads joy and energy. The feeling of the lively summer with pleasant sounds such [&hellip;]<\/p>\n","protected":false},"featured_media":96041,"comment_status":"closed","ping_status":"closed","template":"","meta":{"_acf_changed":false},"product_brand":[],"product_cat":[352],"product_tag":[],"texture_surface":[306],"designers":[93],"cat_colors":[295],"cat_patterns":[296],"cat_styles":[321,313,299],"cat_rooms":[219],"class_list":{"0":"post-112459","1":"product","2":"type-product","3":"status-publish","4":"has-post-thumbnail","6":"product_cat-ortagard","7":"texture_surface-smooth","8":"designers-bjorn-nilsson","9":"cat_colors-green","10":"cat_patterns-floral","11":"cat_styles-children","12":"cat_styles-romantisk-en","13":"cat_styles-rural","14":"cat_rooms-vardagsrum","16":"first","17":"instock","18":"taxable","19":"shipping-taxable","20":"purchasable","21":"product-type-variable"},"acf":{"visible_in_wallpaper_tool":true,"wallpaper_size_setting_1":100,"wallpaper_size_setting_2":500,"wallpaper_size_setting_3":500},"yoast_head":"<!-- This site is optimized with the Yoast SEO plugin v26.4 - https:\/\/yoast.com\/wordpress\/plugins\/seo\/ -->\n<title>Tapetm\u00f6nster Johanna - 92114 | Midbec Tapeter<\/title>\n<meta name=\"robots\" content=\"index, follow, max-snippet:-1, max-image-preview:large, max-video-preview:-1\" \/>\n<link rel=\"canonical\" href=\"https:\/\/midbectapeter.se\/en\/collection\/ortagard\/johanna-92114\/\" \/>\n<meta property=\"og:locale\" content=\"en_US\" \/>\n<meta property=\"og:type\" content=\"article\" \/>\n<meta property=\"og:title\" content=\"Tapetm\u00f6nster Johanna - 92114 | Midbec Tapeter\" \/>\n<meta property=\"og:description\" content=\"On a creamy white background with a rose hip in light pink on a green twig, wallpaper Johanna brings the fragrant wild rose from nature home to your walls. You get a bright and lovely room where the sweet rose hip spreads joy and energy. The feeling of the lively summer with pleasant sounds such [&hellip;]\" \/>\n<meta property=\"og:url\" content=\"https:\/\/midbectapeter.se\/en\/collection\/ortagard\/johanna-92114\/\" \/>\n<meta property=\"og:site_name\" content=\"Midbec Tapeter\" \/>\n<meta property=\"article:publisher\" content=\"https:\/\/www.facebook.com\/midbectapeter\" \/>\n<meta property=\"og:image\" content=\"https:\/\/midbectapeter.se\/wp-content\/uploads\/92114.jpg?_t=1757582208\" \/>\n\t<meta property=\"og:image:width\" content=\"1500\" \/>\n\t<meta property=\"og:image:height\" content=\"1500\" \/>\n\t<meta property=\"og:image:type\" content=\"image\/jpeg\" \/>\n<meta name=\"twitter:card\" content=\"summary_large_image\" \/>\n<script type=\"application\/ld+json\" class=\"yoast-schema-graph\">{\"@context\":\"https:\/\/schema.org\",\"@graph\":[{\"@type\":\"WebPage\",\"@id\":\"https:\/\/midbectapeter.se\/en\/collection\/ortagard\/johanna-92114\/\",\"url\":\"https:\/\/midbectapeter.se\/en\/collection\/ortagard\/johanna-92114\/\",\"name\":\"Tapetm\u00f6nster Johanna - 92114 | Midbec Tapeter\",\"isPartOf\":{\"@id\":\"https:\/\/midbectapeter.se\/en\/#website\"},\"primaryImageOfPage\":{\"@id\":\"https:\/\/midbectapeter.se\/en\/collection\/ortagard\/johanna-92114\/#primaryimage\"},\"image\":{\"@id\":\"https:\/\/midbectapeter.se\/en\/collection\/ortagard\/johanna-92114\/#primaryimage\"},\"thumbnailUrl\":\"https:\/\/midbectapeter.se\/wp-content\/uploads\/92114.jpg\",\"datePublished\":\"2026-02-25T15:20:33+00:00\",\"breadcrumb\":{\"@id\":\"https:\/\/midbectapeter.se\/en\/collection\/ortagard\/johanna-92114\/#breadcrumb\"},\"inLanguage\":\"en-US\",\"potentialAction\":[{\"@type\":\"ReadAction\",\"target\":[\"https:\/\/midbectapeter.se\/en\/collection\/ortagard\/johanna-92114\/\"]}]},{\"@type\":\"ImageObject\",\"inLanguage\":\"en-US\",\"@id\":\"https:\/\/midbectapeter.se\/en\/collection\/ortagard\/johanna-92114\/#primaryimage\",\"url\":\"https:\/\/midbectapeter.se\/wp-content\/uploads\/92114.jpg\",\"contentUrl\":\"https:\/\/midbectapeter.se\/wp-content\/uploads\/92114.jpg\",\"width\":1500,\"height\":1500,\"caption\":\"Multif\u00e4rgat, Rosa, Gr\u00f6n tapet med Blommigt, m\u00f6nster\"},{\"@type\":\"BreadcrumbList\",\"@id\":\"https:\/\/midbectapeter.se\/en\/collection\/ortagard\/johanna-92114\/#breadcrumb\",\"itemListElement\":[{\"@type\":\"ListItem\",\"position\":1,\"name\":\"Hem\",\"item\":\"https:\/\/midbectapeter.se\/en\/\"},{\"@type\":\"ListItem\",\"position\":2,\"name\":\"Products\",\"item\":\"https:\/\/midbectapeter.se\/en\/shop\/\"},{\"@type\":\"ListItem\",\"position\":3,\"name\":\"Johanna &#8211; 92114\"}]},{\"@type\":\"WebSite\",\"@id\":\"https:\/\/midbectapeter.se\/en\/#website\",\"url\":\"https:\/\/midbectapeter.se\/en\/\",\"name\":\"Midbec Tapeter\",\"description\":\"\",\"publisher\":{\"@id\":\"https:\/\/midbectapeter.se\/en\/#organization\"},\"potentialAction\":[{\"@type\":\"SearchAction\",\"target\":{\"@type\":\"EntryPoint\",\"urlTemplate\":\"https:\/\/midbectapeter.se\/en\/?s={search_term_string}\"},\"query-input\":{\"@type\":\"PropertyValueSpecification\",\"valueRequired\":true,\"valueName\":\"search_term_string\"}}],\"inLanguage\":\"en-US\"},{\"@type\":\"Organization\",\"@id\":\"https:\/\/midbectapeter.se\/en\/#organization\",\"name\":\"Midbec Tapeter\",\"url\":\"https:\/\/midbectapeter.se\/en\/\",\"logo\":{\"@type\":\"ImageObject\",\"inLanguage\":\"en-US\",\"@id\":\"https:\/\/midbectapeter.se\/en\/#\/schema\/logo\/image\/\",\"url\":\"https:\/\/midbectapeter.se\/wp-content\/uploads\/2022\/02\/midbec-logo-black.svg\",\"contentUrl\":\"https:\/\/midbectapeter.se\/wp-content\/uploads\/2022\/02\/midbec-logo-black.svg\",\"width\":1,\"height\":1,\"caption\":\"Midbec Tapeter\"},\"image\":{\"@id\":\"https:\/\/midbectapeter.se\/en\/#\/schema\/logo\/image\/\"},\"sameAs\":[\"https:\/\/www.facebook.com\/midbectapeter\",\"https:\/\/www.instagram.com\/midbectapeter\/\",\"https:\/\/www.pinterest.se\/midbec\/\"]},{\"@type\":\"Product\",\"name\":\"Johanna - 92114\",\"image\":[\"https:\/\/midbectapeter.se\/wp-content\/uploads\/92114.jpg\",\"https:\/\/midbectapeter.se\/wp-content\/uploads\/92114__vardagsrum__1__tapet.jpg\"],\"offers\":{\"@type\":\"Offer\",\"priceCurrency\":\"SEK\",\"price\":\"\",\"availability\":\"https:\/\/schema.org\/InStock\",\"url\":\"https:\/\/midbectapeter.se\/en\/collection\/ortagard\/johanna-92114\/\"},\"description\":\"On a creamy white background with a rose hip in light pink on a green twig, wallpaper Johanna brings the fragrant wild rose from nature home to your walls. You get a bright and lovely room where the sweet rose hip spreads joy and energy. The feeling of the lively summer with pleasant sounds such as birdsong and the hum of bumblebees spreads in the room and persists regardless of the season.\",\"brand\":{\"@type\":\"Brand\",\"name\":\"Midbec Tapeter\"},\"sku\":\"92114\",\"category\":\"\u00d6rtag\u00e5rd\",\"material\":\"Non-woven\",\"color\":\"Pink, Green, Multicolor\",\"productID\":112459}]}<\/script>\n<!-- \/ Yoast SEO plugin. -->","yoast_head_json":{"title":"Tapetm\u00f6nster Johanna - 92114 | Midbec Tapeter","robots":{"index":"index","follow":"follow","max-snippet":"max-snippet:-1","max-image-preview":"max-image-preview:large","max-video-preview":"max-video-preview:-1"},"canonical":"https:\/\/midbectapeter.se\/en\/collection\/ortagard\/johanna-92114\/","og_locale":"en_US","og_type":"article","og_title":"Tapetm\u00f6nster Johanna - 92114 | Midbec Tapeter","og_description":"On a creamy white background with a rose hip in light pink on a green twig, wallpaper Johanna brings the fragrant wild rose from nature home to your walls. You get a bright and lovely room where the sweet rose hip spreads joy and energy. The feeling of the lively summer with pleasant sounds such [&hellip;]","og_url":"https:\/\/midbectapeter.se\/en\/collection\/ortagard\/johanna-92114\/","og_site_name":"Midbec Tapeter","article_publisher":"https:\/\/www.facebook.com\/midbectapeter","og_image":[{"width":1500,"height":1500,"url":"https:\/\/midbectapeter.se\/wp-content\/uploads\/92114.jpg?_t=1757582208","type":"image\/jpeg"}],"twitter_card":"summary_large_image","schema":{"@context":"https:\/\/schema.org","@graph":[{"@type":"WebPage","@id":"https:\/\/midbectapeter.se\/en\/collection\/ortagard\/johanna-92114\/","url":"https:\/\/midbectapeter.se\/en\/collection\/ortagard\/johanna-92114\/","name":"Tapetm\u00f6nster Johanna - 92114 | Midbec Tapeter","isPartOf":{"@id":"https:\/\/midbectapeter.se\/en\/#website"},"primaryImageOfPage":{"@id":"https:\/\/midbectapeter.se\/en\/collection\/ortagard\/johanna-92114\/#primaryimage"},"image":{"@id":"https:\/\/midbectapeter.se\/en\/collection\/ortagard\/johanna-92114\/#primaryimage"},"thumbnailUrl":"https:\/\/midbectapeter.se\/wp-content\/uploads\/92114.jpg","datePublished":"2026-02-25T15:20:33+00:00","breadcrumb":{"@id":"https:\/\/midbectapeter.se\/en\/collection\/ortagard\/johanna-92114\/#breadcrumb"},"inLanguage":"en-US","potentialAction":[{"@type":"ReadAction","target":["https:\/\/midbectapeter.se\/en\/collection\/ortagard\/johanna-92114\/"]}]},{"@type":"ImageObject","inLanguage":"en-US","@id":"https:\/\/midbectapeter.se\/en\/collection\/ortagard\/johanna-92114\/#primaryimage","url":"https:\/\/midbectapeter.se\/wp-content\/uploads\/92114.jpg","contentUrl":"https:\/\/midbectapeter.se\/wp-content\/uploads\/92114.jpg","width":1500,"height":1500,"caption":"Multif\u00e4rgat, Rosa, Gr\u00f6n tapet med Blommigt, m\u00f6nster"},{"@type":"BreadcrumbList","@id":"https:\/\/midbectapeter.se\/en\/collection\/ortagard\/johanna-92114\/#breadcrumb","itemListElement":[{"@type":"ListItem","position":1,"name":"Hem","item":"https:\/\/midbectapeter.se\/en\/"},{"@type":"ListItem","position":2,"name":"Products","item":"https:\/\/midbectapeter.se\/en\/shop\/"},{"@type":"ListItem","position":3,"name":"Johanna &#8211; 92114"}]},{"@type":"WebSite","@id":"https:\/\/midbectapeter.se\/en\/#website","url":"https:\/\/midbectapeter.se\/en\/","name":"Midbec Tapeter","description":"","publisher":{"@id":"https:\/\/midbectapeter.se\/en\/#organization"},"potentialAction":[{"@type":"SearchAction","target":{"@type":"EntryPoint","urlTemplate":"https:\/\/midbectapeter.se\/en\/?s={search_term_string}"},"query-input":{"@type":"PropertyValueSpecification","valueRequired":true,"valueName":"search_term_string"}}],"inLanguage":"en-US"},{"@type":"Organization","@id":"https:\/\/midbectapeter.se\/en\/#organization","name":"Midbec Tapeter","url":"https:\/\/midbectapeter.se\/en\/","logo":{"@type":"ImageObject","inLanguage":"en-US","@id":"https:\/\/midbectapeter.se\/en\/#\/schema\/logo\/image\/","url":"https:\/\/midbectapeter.se\/wp-content\/uploads\/2022\/02\/midbec-logo-black.svg","contentUrl":"https:\/\/midbectapeter.se\/wp-content\/uploads\/2022\/02\/midbec-logo-black.svg","width":1,"height":1,"caption":"Midbec Tapeter"},"image":{"@id":"https:\/\/midbectapeter.se\/en\/#\/schema\/logo\/image\/"},"sameAs":["https:\/\/www.facebook.com\/midbectapeter","https:\/\/www.instagram.com\/midbectapeter\/","https:\/\/www.pinterest.se\/midbec\/"]},{"@type":"Product","name":"Johanna - 92114","image":["https:\/\/midbectapeter.se\/wp-content\/uploads\/92114.jpg","https:\/\/midbectapeter.se\/wp-content\/uploads\/92114__vardagsrum__1__tapet.jpg"],"offers":{"@type":"Offer","priceCurrency":"SEK","price":"","availability":"https:\/\/schema.org\/InStock","url":"https:\/\/midbectapeter.se\/en\/collection\/ortagard\/johanna-92114\/"},"description":"On a creamy white background with a rose hip in light pink on a green twig, wallpaper Johanna brings the fragrant wild rose from nature home to your walls. You get a bright and lovely room where the sweet rose hip spreads joy and energy. The feeling of the lively summer with pleasant sounds such as birdsong and the hum of bumblebees spreads in the room and persists regardless of the season.","brand":{"@type":"Brand","name":"Midbec Tapeter"},"sku":"92114","category":"\u00d6rtag\u00e5rd","material":"Non-woven","color":"Pink, Green, Multicolor","productID":112459}]}},"_links":{"self":[{"href":"https:\/\/midbectapeter.se\/en\/wp-json\/wp\/v2\/product\/112459","targetHints":{"allow":["GET"]}}],"collection":[{"href":"https:\/\/midbectapeter.se\/en\/wp-json\/wp\/v2\/product"}],"about":[{"href":"https:\/\/midbectapeter.se\/en\/wp-json\/wp\/v2\/types\/product"}],"replies":[{"embeddable":true,"href":"https:\/\/midbectapeter.se\/en\/wp-json\/wp\/v2\/comments?post=112459"}],"wp:featuredmedia":[{"embeddable":true,"href":"https:\/\/midbectapeter.se\/en\/wp-json\/wp\/v2\/media\/96041"}],"wp:attachment":[{"href":"https:\/\/midbectapeter.se\/en\/wp-json\/wp\/v2\/media?parent=112459"}],"wp:term":[{"taxonomy":"product_brand","embeddable":true,"href":"https:\/\/midbectapeter.se\/en\/wp-json\/wp\/v2\/product_brand?post=112459"},{"taxonomy":"product_cat","embeddable":true,"href":"https:\/\/midbectapeter.se\/en\/wp-json\/wp\/v2\/product_cat?post=112459"},{"taxonomy":"product_tag","embeddable":true,"href":"https:\/\/midbectapeter.se\/en\/wp-json\/wp\/v2\/product_tag?post=112459"},{"taxonomy":"texture_surface","embeddable":true,"href":"https:\/\/midbectapeter.se\/en\/wp-json\/wp\/v2\/texture_surface?post=112459"},{"taxonomy":"designers","embeddable":true,"href":"https:\/\/midbectapeter.se\/en\/wp-json\/wp\/v2\/designers?post=112459"},{"taxonomy":"cat_colors","embeddable":true,"href":"https:\/\/midbectapeter.se\/en\/wp-json\/wp\/v2\/cat_colors?post=112459"},{"taxonomy":"cat_patterns","embeddable":true,"href":"https:\/\/midbectapeter.se\/en\/wp-json\/wp\/v2\/cat_patterns?post=112459"},{"taxonomy":"cat_styles","embeddable":true,"href":"https:\/\/midbectapeter.se\/en\/wp-json\/wp\/v2\/cat_styles?post=112459"},{"taxonomy":"cat_rooms","embeddable":true,"href":"https:\/\/midbectapeter.se\/en\/wp-json\/wp\/v2\/cat_rooms?post=112459"}],"curies":[{"name":"wp","href":"https:\/\/api.w.org\/{rel}","templated":true}]}}