{"id":112478,"date":"2026-02-25T16:20:45","date_gmt":"2026-02-25T15:20:45","guid":{"rendered":"https:\/\/midbectapeter.se\/kollektion\/uncategorized\/kristina-92119\/"},"modified":"2025-05-26T10:59:16","modified_gmt":"2025-05-26T08:59:16","slug":"kristina-92119","status":"publish","type":"product","link":"https:\/\/midbectapeter.se\/en\/collection\/ortagard\/kristina-92119\/","title":{"rendered":"Kristina &#8211; 92119"},"content":{"rendered":"<p>The wallpaper Kristina comes in a discreet white-on-white color scheme where the foliage of the pattern in just white meets a more natural white background. You get a solid, bright impression while the pattern adds life and dimension to the wall, unlike a completely smooth solid color road that can easily feel flat. Depending on how the light from windows and lighting falls on the walls, the pattern will be more or less visible at different angles.<\/p>\n","protected":false},"excerpt":{"rendered":"<p>The wallpaper Kristina comes in a discreet white-on-white color scheme where the foliage of the pattern in just white meets a more natural white background. You get a solid, bright impression while the pattern adds life and dimension to the wall, unlike a completely smooth solid color road that can easily feel flat. Depending on [&hellip;]<\/p>\n","protected":false},"featured_media":96052,"comment_status":"closed","ping_status":"closed","template":"","meta":{"_acf_changed":false},"product_brand":[],"product_cat":[434,352],"product_tag":[],"texture_surface":[306],"designers":[93],"cat_colors":[215,234],"cat_patterns":[319,297],"cat_styles":[218],"cat_rooms":[219],"class_list":{"0":"post-112478","1":"product","2":"type-product","3":"status-publish","4":"has-post-thumbnail","6":"product_cat-ester","7":"product_cat-ortagard","8":"texture_surface-smooth","9":"designers-bjorn-nilsson","10":"cat_colors-neutral","11":"cat_colors-vit","12":"cat_patterns-blad-en","13":"cat_patterns-small-patterned","14":"cat_styles-skandinavisk","15":"cat_rooms-vardagsrum","17":"first","18":"instock","19":"taxable","20":"shipping-taxable","21":"purchasable","22":"product-type-variable"},"acf":{"visible_in_wallpaper_tool":true,"wallpaper_size_setting_1":100,"wallpaper_size_setting_2":500,"wallpaper_size_setting_3":500},"yoast_head":"<!-- This site is optimized with the Yoast SEO plugin v26.4 - https:\/\/yoast.com\/wordpress\/plugins\/seo\/ -->\n<title>Tapetm\u00f6nster Kristina - 92119 | Midbec Tapeter<\/title>\n<meta name=\"robots\" content=\"index, follow, max-snippet:-1, max-image-preview:large, max-video-preview:-1\" \/>\n<link rel=\"canonical\" href=\"https:\/\/midbectapeter.se\/en\/collection\/ortagard\/kristina-92119\/\" \/>\n<meta property=\"og:locale\" content=\"en_US\" \/>\n<meta property=\"og:type\" content=\"article\" \/>\n<meta property=\"og:title\" content=\"Tapetm\u00f6nster Kristina - 92119 | Midbec Tapeter\" \/>\n<meta property=\"og:description\" content=\"The wallpaper Kristina comes in a discreet white-on-white color scheme where the foliage of the pattern in just white meets a more natural white background. You get a solid, bright impression while the pattern adds life and dimension to the wall, unlike a completely smooth solid color road that can easily feel flat. Depending on [&hellip;]\" \/>\n<meta property=\"og:url\" content=\"https:\/\/midbectapeter.se\/en\/collection\/ortagard\/kristina-92119\/\" \/>\n<meta property=\"og:site_name\" content=\"Midbec Tapeter\" \/>\n<meta property=\"article:publisher\" content=\"https:\/\/www.facebook.com\/midbectapeter\" \/>\n<meta property=\"og:image\" content=\"https:\/\/midbectapeter.se\/wp-content\/uploads\/92119.jpg?_t=1757582225\" \/>\n\t<meta property=\"og:image:width\" content=\"1500\" \/>\n\t<meta property=\"og:image:height\" content=\"1500\" \/>\n\t<meta property=\"og:image:type\" content=\"image\/jpeg\" \/>\n<meta name=\"twitter:card\" content=\"summary_large_image\" \/>\n<script type=\"application\/ld+json\" class=\"yoast-schema-graph\">{\"@context\":\"https:\/\/schema.org\",\"@graph\":[{\"@type\":\"WebPage\",\"@id\":\"https:\/\/midbectapeter.se\/en\/collection\/ortagard\/kristina-92119\/\",\"url\":\"https:\/\/midbectapeter.se\/en\/collection\/ortagard\/kristina-92119\/\",\"name\":\"Tapetm\u00f6nster Kristina - 92119 | Midbec Tapeter\",\"isPartOf\":{\"@id\":\"https:\/\/midbectapeter.se\/en\/#website\"},\"primaryImageOfPage\":{\"@id\":\"https:\/\/midbectapeter.se\/en\/collection\/ortagard\/kristina-92119\/#primaryimage\"},\"image\":{\"@id\":\"https:\/\/midbectapeter.se\/en\/collection\/ortagard\/kristina-92119\/#primaryimage\"},\"thumbnailUrl\":\"https:\/\/midbectapeter.se\/wp-content\/uploads\/92119.jpg\",\"datePublished\":\"2026-02-25T15:20:45+00:00\",\"breadcrumb\":{\"@id\":\"https:\/\/midbectapeter.se\/en\/collection\/ortagard\/kristina-92119\/#breadcrumb\"},\"inLanguage\":\"en-US\",\"potentialAction\":[{\"@type\":\"ReadAction\",\"target\":[\"https:\/\/midbectapeter.se\/en\/collection\/ortagard\/kristina-92119\/\"]}]},{\"@type\":\"ImageObject\",\"inLanguage\":\"en-US\",\"@id\":\"https:\/\/midbectapeter.se\/en\/collection\/ortagard\/kristina-92119\/#primaryimage\",\"url\":\"https:\/\/midbectapeter.se\/wp-content\/uploads\/92119.jpg\",\"contentUrl\":\"https:\/\/midbectapeter.se\/wp-content\/uploads\/92119.jpg\",\"width\":1500,\"height\":1500,\"caption\":\"Vit, Neutral tapet med Blad, , Sm\u00e5m\u00f6nstrat m\u00f6nster\"},{\"@type\":\"BreadcrumbList\",\"@id\":\"https:\/\/midbectapeter.se\/en\/collection\/ortagard\/kristina-92119\/#breadcrumb\",\"itemListElement\":[{\"@type\":\"ListItem\",\"position\":1,\"name\":\"Hem\",\"item\":\"https:\/\/midbectapeter.se\/en\/\"},{\"@type\":\"ListItem\",\"position\":2,\"name\":\"Products\",\"item\":\"https:\/\/midbectapeter.se\/en\/shop\/\"},{\"@type\":\"ListItem\",\"position\":3,\"name\":\"Kristina &#8211; 92119\"}]},{\"@type\":\"WebSite\",\"@id\":\"https:\/\/midbectapeter.se\/en\/#website\",\"url\":\"https:\/\/midbectapeter.se\/en\/\",\"name\":\"Midbec Tapeter\",\"description\":\"\",\"publisher\":{\"@id\":\"https:\/\/midbectapeter.se\/en\/#organization\"},\"potentialAction\":[{\"@type\":\"SearchAction\",\"target\":{\"@type\":\"EntryPoint\",\"urlTemplate\":\"https:\/\/midbectapeter.se\/en\/?s={search_term_string}\"},\"query-input\":{\"@type\":\"PropertyValueSpecification\",\"valueRequired\":true,\"valueName\":\"search_term_string\"}}],\"inLanguage\":\"en-US\"},{\"@type\":\"Organization\",\"@id\":\"https:\/\/midbectapeter.se\/en\/#organization\",\"name\":\"Midbec Tapeter\",\"url\":\"https:\/\/midbectapeter.se\/en\/\",\"logo\":{\"@type\":\"ImageObject\",\"inLanguage\":\"en-US\",\"@id\":\"https:\/\/midbectapeter.se\/en\/#\/schema\/logo\/image\/\",\"url\":\"https:\/\/midbectapeter.se\/wp-content\/uploads\/2022\/02\/midbec-logo-black.svg\",\"contentUrl\":\"https:\/\/midbectapeter.se\/wp-content\/uploads\/2022\/02\/midbec-logo-black.svg\",\"width\":1,\"height\":1,\"caption\":\"Midbec Tapeter\"},\"image\":{\"@id\":\"https:\/\/midbectapeter.se\/en\/#\/schema\/logo\/image\/\"},\"sameAs\":[\"https:\/\/www.facebook.com\/midbectapeter\",\"https:\/\/www.instagram.com\/midbectapeter\/\",\"https:\/\/www.pinterest.se\/midbec\/\"]},{\"@type\":\"Product\",\"name\":\"Kristina - 92119\",\"image\":[\"https:\/\/midbectapeter.se\/wp-content\/uploads\/92119.jpg\",\"https:\/\/midbectapeter.se\/wp-content\/uploads\/92119__vardagsrum__1__tapet.jpg\"],\"offers\":{\"@type\":\"Offer\",\"priceCurrency\":\"SEK\",\"price\":\"\",\"availability\":\"https:\/\/schema.org\/InStock\",\"url\":\"https:\/\/midbectapeter.se\/en\/collection\/ortagard\/kristina-92119\/\"},\"description\":\"The wallpaper Kristina comes in a discreet white-on-white color scheme where the foliage of the pattern in just white meets a more natural white background. You get a solid, bright impression while the pattern adds life and dimension to the wall, unlike a completely smooth solid color road that can easily feel flat. Depending on how the light from windows and lighting falls on the walls, the pattern will be more or less visible at different angles.\",\"brand\":{\"@type\":\"Brand\",\"name\":\"Midbec Tapeter\"},\"sku\":\"92119\",\"category\":\"Ester, \u00d6rtag\u00e5rd\",\"material\":\"Non-woven\",\"color\":\"White\",\"productID\":112478}]}<\/script>\n<!-- \/ Yoast SEO plugin. -->","yoast_head_json":{"title":"Tapetm\u00f6nster Kristina - 92119 | Midbec Tapeter","robots":{"index":"index","follow":"follow","max-snippet":"max-snippet:-1","max-image-preview":"max-image-preview:large","max-video-preview":"max-video-preview:-1"},"canonical":"https:\/\/midbectapeter.se\/en\/collection\/ortagard\/kristina-92119\/","og_locale":"en_US","og_type":"article","og_title":"Tapetm\u00f6nster Kristina - 92119 | Midbec Tapeter","og_description":"The wallpaper Kristina comes in a discreet white-on-white color scheme where the foliage of the pattern in just white meets a more natural white background. You get a solid, bright impression while the pattern adds life and dimension to the wall, unlike a completely smooth solid color road that can easily feel flat. Depending on [&hellip;]","og_url":"https:\/\/midbectapeter.se\/en\/collection\/ortagard\/kristina-92119\/","og_site_name":"Midbec Tapeter","article_publisher":"https:\/\/www.facebook.com\/midbectapeter","og_image":[{"width":1500,"height":1500,"url":"https:\/\/midbectapeter.se\/wp-content\/uploads\/92119.jpg?_t=1757582225","type":"image\/jpeg"}],"twitter_card":"summary_large_image","schema":{"@context":"https:\/\/schema.org","@graph":[{"@type":"WebPage","@id":"https:\/\/midbectapeter.se\/en\/collection\/ortagard\/kristina-92119\/","url":"https:\/\/midbectapeter.se\/en\/collection\/ortagard\/kristina-92119\/","name":"Tapetm\u00f6nster Kristina - 92119 | Midbec Tapeter","isPartOf":{"@id":"https:\/\/midbectapeter.se\/en\/#website"},"primaryImageOfPage":{"@id":"https:\/\/midbectapeter.se\/en\/collection\/ortagard\/kristina-92119\/#primaryimage"},"image":{"@id":"https:\/\/midbectapeter.se\/en\/collection\/ortagard\/kristina-92119\/#primaryimage"},"thumbnailUrl":"https:\/\/midbectapeter.se\/wp-content\/uploads\/92119.jpg","datePublished":"2026-02-25T15:20:45+00:00","breadcrumb":{"@id":"https:\/\/midbectapeter.se\/en\/collection\/ortagard\/kristina-92119\/#breadcrumb"},"inLanguage":"en-US","potentialAction":[{"@type":"ReadAction","target":["https:\/\/midbectapeter.se\/en\/collection\/ortagard\/kristina-92119\/"]}]},{"@type":"ImageObject","inLanguage":"en-US","@id":"https:\/\/midbectapeter.se\/en\/collection\/ortagard\/kristina-92119\/#primaryimage","url":"https:\/\/midbectapeter.se\/wp-content\/uploads\/92119.jpg","contentUrl":"https:\/\/midbectapeter.se\/wp-content\/uploads\/92119.jpg","width":1500,"height":1500,"caption":"Vit, Neutral tapet med Blad, , Sm\u00e5m\u00f6nstrat m\u00f6nster"},{"@type":"BreadcrumbList","@id":"https:\/\/midbectapeter.se\/en\/collection\/ortagard\/kristina-92119\/#breadcrumb","itemListElement":[{"@type":"ListItem","position":1,"name":"Hem","item":"https:\/\/midbectapeter.se\/en\/"},{"@type":"ListItem","position":2,"name":"Products","item":"https:\/\/midbectapeter.se\/en\/shop\/"},{"@type":"ListItem","position":3,"name":"Kristina &#8211; 92119"}]},{"@type":"WebSite","@id":"https:\/\/midbectapeter.se\/en\/#website","url":"https:\/\/midbectapeter.se\/en\/","name":"Midbec Tapeter","description":"","publisher":{"@id":"https:\/\/midbectapeter.se\/en\/#organization"},"potentialAction":[{"@type":"SearchAction","target":{"@type":"EntryPoint","urlTemplate":"https:\/\/midbectapeter.se\/en\/?s={search_term_string}"},"query-input":{"@type":"PropertyValueSpecification","valueRequired":true,"valueName":"search_term_string"}}],"inLanguage":"en-US"},{"@type":"Organization","@id":"https:\/\/midbectapeter.se\/en\/#organization","name":"Midbec Tapeter","url":"https:\/\/midbectapeter.se\/en\/","logo":{"@type":"ImageObject","inLanguage":"en-US","@id":"https:\/\/midbectapeter.se\/en\/#\/schema\/logo\/image\/","url":"https:\/\/midbectapeter.se\/wp-content\/uploads\/2022\/02\/midbec-logo-black.svg","contentUrl":"https:\/\/midbectapeter.se\/wp-content\/uploads\/2022\/02\/midbec-logo-black.svg","width":1,"height":1,"caption":"Midbec Tapeter"},"image":{"@id":"https:\/\/midbectapeter.se\/en\/#\/schema\/logo\/image\/"},"sameAs":["https:\/\/www.facebook.com\/midbectapeter","https:\/\/www.instagram.com\/midbectapeter\/","https:\/\/www.pinterest.se\/midbec\/"]},{"@type":"Product","name":"Kristina - 92119","image":["https:\/\/midbectapeter.se\/wp-content\/uploads\/92119.jpg","https:\/\/midbectapeter.se\/wp-content\/uploads\/92119__vardagsrum__1__tapet.jpg"],"offers":{"@type":"Offer","priceCurrency":"SEK","price":"","availability":"https:\/\/schema.org\/InStock","url":"https:\/\/midbectapeter.se\/en\/collection\/ortagard\/kristina-92119\/"},"description":"The wallpaper Kristina comes in a discreet white-on-white color scheme where the foliage of the pattern in just white meets a more natural white background. You get a solid, bright impression while the pattern adds life and dimension to the wall, unlike a completely smooth solid color road that can easily feel flat. Depending on how the light from windows and lighting falls on the walls, the pattern will be more or less visible at different angles.","brand":{"@type":"Brand","name":"Midbec Tapeter"},"sku":"92119","category":"Ester, \u00d6rtag\u00e5rd","material":"Non-woven","color":"White","productID":112478}]}},"_links":{"self":[{"href":"https:\/\/midbectapeter.se\/en\/wp-json\/wp\/v2\/product\/112478","targetHints":{"allow":["GET"]}}],"collection":[{"href":"https:\/\/midbectapeter.se\/en\/wp-json\/wp\/v2\/product"}],"about":[{"href":"https:\/\/midbectapeter.se\/en\/wp-json\/wp\/v2\/types\/product"}],"replies":[{"embeddable":true,"href":"https:\/\/midbectapeter.se\/en\/wp-json\/wp\/v2\/comments?post=112478"}],"wp:featuredmedia":[{"embeddable":true,"href":"https:\/\/midbectapeter.se\/en\/wp-json\/wp\/v2\/media\/96052"}],"wp:attachment":[{"href":"https:\/\/midbectapeter.se\/en\/wp-json\/wp\/v2\/media?parent=112478"}],"wp:term":[{"taxonomy":"product_brand","embeddable":true,"href":"https:\/\/midbectapeter.se\/en\/wp-json\/wp\/v2\/product_brand?post=112478"},{"taxonomy":"product_cat","embeddable":true,"href":"https:\/\/midbectapeter.se\/en\/wp-json\/wp\/v2\/product_cat?post=112478"},{"taxonomy":"product_tag","embeddable":true,"href":"https:\/\/midbectapeter.se\/en\/wp-json\/wp\/v2\/product_tag?post=112478"},{"taxonomy":"texture_surface","embeddable":true,"href":"https:\/\/midbectapeter.se\/en\/wp-json\/wp\/v2\/texture_surface?post=112478"},{"taxonomy":"designers","embeddable":true,"href":"https:\/\/midbectapeter.se\/en\/wp-json\/wp\/v2\/designers?post=112478"},{"taxonomy":"cat_colors","embeddable":true,"href":"https:\/\/midbectapeter.se\/en\/wp-json\/wp\/v2\/cat_colors?post=112478"},{"taxonomy":"cat_patterns","embeddable":true,"href":"https:\/\/midbectapeter.se\/en\/wp-json\/wp\/v2\/cat_patterns?post=112478"},{"taxonomy":"cat_styles","embeddable":true,"href":"https:\/\/midbectapeter.se\/en\/wp-json\/wp\/v2\/cat_styles?post=112478"},{"taxonomy":"cat_rooms","embeddable":true,"href":"https:\/\/midbectapeter.se\/en\/wp-json\/wp\/v2\/cat_rooms?post=112478"}],"curies":[{"name":"wp","href":"https:\/\/api.w.org\/{rel}","templated":true}]}}