{"id":112607,"date":"2026-02-25T13:11:01","date_gmt":"2026-02-25T12:11:01","guid":{"rendered":"https:\/\/midbectapeter.se\/kollektion\/uncategorized\/marie-13130\/"},"modified":"2025-05-23T15:08:25","modified_gmt":"2025-05-23T13:08:25","slug":"marie-13130","status":"publish","type":"product","link":"https:\/\/midbectapeter.se\/en\/collection\/angas\/marie-13130\/","title":{"rendered":"Marie &#8211; 13130"},"content":{"rendered":"<p>The lovely small floral wallpaper Marie has a wonderful floral pattern that goes in blue, pink and green against a white background. The wallpaper gives lovely summer feelings and spreads hope and joy. Marie is her true self in the country in the summer cottage, but fits just as well in the bedroom as in the children&#8217;s room.<\/p>\n","protected":false},"excerpt":{"rendered":"<p>The lovely small floral wallpaper Marie has a wonderful floral pattern that goes in blue, pink and green against a white background. The wallpaper gives lovely summer feelings and spreads hope and joy. Marie is her true self in the country in the summer cottage, but fits just as well in the bedroom as in [&hellip;]<\/p>\n","protected":false},"featured_media":93905,"comment_status":"closed","ping_status":"closed","template":"","meta":{"_acf_changed":false},"product_brand":[],"product_cat":[351],"product_tag":[],"texture_surface":[305],"designers":[302],"cat_colors":[295],"cat_patterns":[296,297],"cat_styles":[301,313,299],"cat_rooms":[207],"class_list":{"0":"post-112607","1":"product","2":"type-product","3":"status-publish","4":"has-post-thumbnail","6":"product_cat-angas","7":"texture_surface-matte","8":"designers-hanna-wendelbo","9":"cat_colors-green","10":"cat_patterns-floral","11":"cat_patterns-small-patterned","12":"cat_styles-old-fashioned","13":"cat_styles-romantisk-en","14":"cat_styles-rural","15":"cat_rooms-sovrum","17":"first","18":"instock","19":"taxable","20":"shipping-taxable","21":"purchasable","22":"product-type-variable"},"acf":{"visible_in_wallpaper_tool":true,"wallpaper_size_setting_1":100,"wallpaper_size_setting_2":500,"wallpaper_size_setting_3":500},"yoast_head":"<!-- This site is optimized with the Yoast SEO plugin v26.4 - https:\/\/yoast.com\/wordpress\/plugins\/seo\/ -->\n<title>Tapetm\u00f6nster Marie - 13130 | Midbec Tapeter<\/title>\n<meta name=\"robots\" content=\"index, follow, max-snippet:-1, max-image-preview:large, max-video-preview:-1\" \/>\n<link rel=\"canonical\" href=\"https:\/\/midbectapeter.se\/en\/collection\/angas\/marie-13130\/\" \/>\n<meta property=\"og:locale\" content=\"en_US\" \/>\n<meta property=\"og:type\" content=\"article\" \/>\n<meta property=\"og:title\" content=\"Tapetm\u00f6nster Marie - 13130 | Midbec Tapeter\" \/>\n<meta property=\"og:description\" content=\"The lovely small floral wallpaper Marie has a wonderful floral pattern that goes in blue, pink and green against a white background. The wallpaper gives lovely summer feelings and spreads hope and joy. Marie is her true self in the country in the summer cottage, but fits just as well in the bedroom as in [&hellip;]\" \/>\n<meta property=\"og:url\" content=\"https:\/\/midbectapeter.se\/en\/collection\/angas\/marie-13130\/\" \/>\n<meta property=\"og:site_name\" content=\"Midbec Tapeter\" \/>\n<meta property=\"article:publisher\" content=\"https:\/\/www.facebook.com\/midbectapeter\" \/>\n<meta property=\"og:image\" content=\"https:\/\/midbectapeter.se\/wp-content\/uploads\/13130.jpg?_t=1757577259\" \/>\n\t<meta property=\"og:image:width\" content=\"1000\" \/>\n\t<meta property=\"og:image:height\" content=\"1000\" \/>\n\t<meta property=\"og:image:type\" content=\"image\/jpeg\" \/>\n<meta name=\"twitter:card\" content=\"summary_large_image\" \/>\n<script type=\"application\/ld+json\" class=\"yoast-schema-graph\">{\"@context\":\"https:\/\/schema.org\",\"@graph\":[{\"@type\":\"WebPage\",\"@id\":\"https:\/\/midbectapeter.se\/en\/collection\/angas\/marie-13130\/\",\"url\":\"https:\/\/midbectapeter.se\/en\/collection\/angas\/marie-13130\/\",\"name\":\"Tapetm\u00f6nster Marie - 13130 | Midbec Tapeter\",\"isPartOf\":{\"@id\":\"https:\/\/midbectapeter.se\/en\/#website\"},\"primaryImageOfPage\":{\"@id\":\"https:\/\/midbectapeter.se\/en\/collection\/angas\/marie-13130\/#primaryimage\"},\"image\":{\"@id\":\"https:\/\/midbectapeter.se\/en\/collection\/angas\/marie-13130\/#primaryimage\"},\"thumbnailUrl\":\"https:\/\/midbectapeter.se\/wp-content\/uploads\/13130.jpg\",\"datePublished\":\"2026-02-25T12:11:01+00:00\",\"breadcrumb\":{\"@id\":\"https:\/\/midbectapeter.se\/en\/collection\/angas\/marie-13130\/#breadcrumb\"},\"inLanguage\":\"en-US\",\"potentialAction\":[{\"@type\":\"ReadAction\",\"target\":[\"https:\/\/midbectapeter.se\/en\/collection\/angas\/marie-13130\/\"]}]},{\"@type\":\"ImageObject\",\"inLanguage\":\"en-US\",\"@id\":\"https:\/\/midbectapeter.se\/en\/collection\/angas\/marie-13130\/#primaryimage\",\"url\":\"https:\/\/midbectapeter.se\/wp-content\/uploads\/13130.jpg\",\"contentUrl\":\"https:\/\/midbectapeter.se\/wp-content\/uploads\/13130.jpg\",\"width\":1000,\"height\":1000,\"caption\":\"Multif\u00e4rgat, Vit, Gr\u00f6n tapet med Blommigt, , Sm\u00e5m\u00f6nstrat m\u00f6nster\"},{\"@type\":\"BreadcrumbList\",\"@id\":\"https:\/\/midbectapeter.se\/en\/collection\/angas\/marie-13130\/#breadcrumb\",\"itemListElement\":[{\"@type\":\"ListItem\",\"position\":1,\"name\":\"Hem\",\"item\":\"https:\/\/midbectapeter.se\/en\/\"},{\"@type\":\"ListItem\",\"position\":2,\"name\":\"Products\",\"item\":\"https:\/\/midbectapeter.se\/en\/shop\/\"},{\"@type\":\"ListItem\",\"position\":3,\"name\":\"Marie &#8211; 13130\"}]},{\"@type\":\"WebSite\",\"@id\":\"https:\/\/midbectapeter.se\/en\/#website\",\"url\":\"https:\/\/midbectapeter.se\/en\/\",\"name\":\"Midbec Tapeter\",\"description\":\"\",\"publisher\":{\"@id\":\"https:\/\/midbectapeter.se\/en\/#organization\"},\"potentialAction\":[{\"@type\":\"SearchAction\",\"target\":{\"@type\":\"EntryPoint\",\"urlTemplate\":\"https:\/\/midbectapeter.se\/en\/?s={search_term_string}\"},\"query-input\":{\"@type\":\"PropertyValueSpecification\",\"valueRequired\":true,\"valueName\":\"search_term_string\"}}],\"inLanguage\":\"en-US\"},{\"@type\":\"Organization\",\"@id\":\"https:\/\/midbectapeter.se\/en\/#organization\",\"name\":\"Midbec Tapeter\",\"url\":\"https:\/\/midbectapeter.se\/en\/\",\"logo\":{\"@type\":\"ImageObject\",\"inLanguage\":\"en-US\",\"@id\":\"https:\/\/midbectapeter.se\/en\/#\/schema\/logo\/image\/\",\"url\":\"https:\/\/midbectapeter.se\/wp-content\/uploads\/2022\/02\/midbec-logo-black.svg\",\"contentUrl\":\"https:\/\/midbectapeter.se\/wp-content\/uploads\/2022\/02\/midbec-logo-black.svg\",\"width\":1,\"height\":1,\"caption\":\"Midbec Tapeter\"},\"image\":{\"@id\":\"https:\/\/midbectapeter.se\/en\/#\/schema\/logo\/image\/\"},\"sameAs\":[\"https:\/\/www.facebook.com\/midbectapeter\",\"https:\/\/www.instagram.com\/midbectapeter\/\",\"https:\/\/www.pinterest.se\/midbec\/\"]},{\"@type\":\"Product\",\"name\":\"Marie - 13130\",\"image\":[\"https:\/\/midbectapeter.se\/wp-content\/uploads\/13130.jpg\",\"https:\/\/midbectapeter.se\/wp-content\/uploads\/13130__sovrum__1__tapet.jpg\"],\"offers\":{\"@type\":\"Offer\",\"priceCurrency\":\"SEK\",\"price\":\"\",\"availability\":\"https:\/\/schema.org\/InStock\",\"url\":\"https:\/\/midbectapeter.se\/en\/collection\/angas\/marie-13130\/\"},\"description\":\"The lovely small floral wallpaper Marie has a wonderful floral pattern that goes in blue, pink and green against a white background. The wallpaper gives lovely summer feelings and spreads hope and joy. Marie is her true self in the country in the summer cottage, but fits just as well in the bedroom as in the children's room.\",\"brand\":{\"@type\":\"Brand\",\"name\":\"Midbec Tapeter\"},\"sku\":\"13130\",\"category\":\"\u00c4ng\u00e5s\",\"material\":\"Non-woven\",\"color\":\"Green, White, Multicolor\",\"productID\":112607}]}<\/script>\n<!-- \/ Yoast SEO plugin. -->","yoast_head_json":{"title":"Tapetm\u00f6nster Marie - 13130 | Midbec Tapeter","robots":{"index":"index","follow":"follow","max-snippet":"max-snippet:-1","max-image-preview":"max-image-preview:large","max-video-preview":"max-video-preview:-1"},"canonical":"https:\/\/midbectapeter.se\/en\/collection\/angas\/marie-13130\/","og_locale":"en_US","og_type":"article","og_title":"Tapetm\u00f6nster Marie - 13130 | Midbec Tapeter","og_description":"The lovely small floral wallpaper Marie has a wonderful floral pattern that goes in blue, pink and green against a white background. The wallpaper gives lovely summer feelings and spreads hope and joy. Marie is her true self in the country in the summer cottage, but fits just as well in the bedroom as in [&hellip;]","og_url":"https:\/\/midbectapeter.se\/en\/collection\/angas\/marie-13130\/","og_site_name":"Midbec Tapeter","article_publisher":"https:\/\/www.facebook.com\/midbectapeter","og_image":[{"width":1000,"height":1000,"url":"https:\/\/midbectapeter.se\/wp-content\/uploads\/13130.jpg?_t=1757577259","type":"image\/jpeg"}],"twitter_card":"summary_large_image","schema":{"@context":"https:\/\/schema.org","@graph":[{"@type":"WebPage","@id":"https:\/\/midbectapeter.se\/en\/collection\/angas\/marie-13130\/","url":"https:\/\/midbectapeter.se\/en\/collection\/angas\/marie-13130\/","name":"Tapetm\u00f6nster Marie - 13130 | Midbec Tapeter","isPartOf":{"@id":"https:\/\/midbectapeter.se\/en\/#website"},"primaryImageOfPage":{"@id":"https:\/\/midbectapeter.se\/en\/collection\/angas\/marie-13130\/#primaryimage"},"image":{"@id":"https:\/\/midbectapeter.se\/en\/collection\/angas\/marie-13130\/#primaryimage"},"thumbnailUrl":"https:\/\/midbectapeter.se\/wp-content\/uploads\/13130.jpg","datePublished":"2026-02-25T12:11:01+00:00","breadcrumb":{"@id":"https:\/\/midbectapeter.se\/en\/collection\/angas\/marie-13130\/#breadcrumb"},"inLanguage":"en-US","potentialAction":[{"@type":"ReadAction","target":["https:\/\/midbectapeter.se\/en\/collection\/angas\/marie-13130\/"]}]},{"@type":"ImageObject","inLanguage":"en-US","@id":"https:\/\/midbectapeter.se\/en\/collection\/angas\/marie-13130\/#primaryimage","url":"https:\/\/midbectapeter.se\/wp-content\/uploads\/13130.jpg","contentUrl":"https:\/\/midbectapeter.se\/wp-content\/uploads\/13130.jpg","width":1000,"height":1000,"caption":"Multif\u00e4rgat, Vit, Gr\u00f6n tapet med Blommigt, , Sm\u00e5m\u00f6nstrat m\u00f6nster"},{"@type":"BreadcrumbList","@id":"https:\/\/midbectapeter.se\/en\/collection\/angas\/marie-13130\/#breadcrumb","itemListElement":[{"@type":"ListItem","position":1,"name":"Hem","item":"https:\/\/midbectapeter.se\/en\/"},{"@type":"ListItem","position":2,"name":"Products","item":"https:\/\/midbectapeter.se\/en\/shop\/"},{"@type":"ListItem","position":3,"name":"Marie &#8211; 13130"}]},{"@type":"WebSite","@id":"https:\/\/midbectapeter.se\/en\/#website","url":"https:\/\/midbectapeter.se\/en\/","name":"Midbec Tapeter","description":"","publisher":{"@id":"https:\/\/midbectapeter.se\/en\/#organization"},"potentialAction":[{"@type":"SearchAction","target":{"@type":"EntryPoint","urlTemplate":"https:\/\/midbectapeter.se\/en\/?s={search_term_string}"},"query-input":{"@type":"PropertyValueSpecification","valueRequired":true,"valueName":"search_term_string"}}],"inLanguage":"en-US"},{"@type":"Organization","@id":"https:\/\/midbectapeter.se\/en\/#organization","name":"Midbec Tapeter","url":"https:\/\/midbectapeter.se\/en\/","logo":{"@type":"ImageObject","inLanguage":"en-US","@id":"https:\/\/midbectapeter.se\/en\/#\/schema\/logo\/image\/","url":"https:\/\/midbectapeter.se\/wp-content\/uploads\/2022\/02\/midbec-logo-black.svg","contentUrl":"https:\/\/midbectapeter.se\/wp-content\/uploads\/2022\/02\/midbec-logo-black.svg","width":1,"height":1,"caption":"Midbec Tapeter"},"image":{"@id":"https:\/\/midbectapeter.se\/en\/#\/schema\/logo\/image\/"},"sameAs":["https:\/\/www.facebook.com\/midbectapeter","https:\/\/www.instagram.com\/midbectapeter\/","https:\/\/www.pinterest.se\/midbec\/"]},{"@type":"Product","name":"Marie - 13130","image":["https:\/\/midbectapeter.se\/wp-content\/uploads\/13130.jpg","https:\/\/midbectapeter.se\/wp-content\/uploads\/13130__sovrum__1__tapet.jpg"],"offers":{"@type":"Offer","priceCurrency":"SEK","price":"","availability":"https:\/\/schema.org\/InStock","url":"https:\/\/midbectapeter.se\/en\/collection\/angas\/marie-13130\/"},"description":"The lovely small floral wallpaper Marie has a wonderful floral pattern that goes in blue, pink and green against a white background. The wallpaper gives lovely summer feelings and spreads hope and joy. Marie is her true self in the country in the summer cottage, but fits just as well in the bedroom as in the children's room.","brand":{"@type":"Brand","name":"Midbec Tapeter"},"sku":"13130","category":"\u00c4ng\u00e5s","material":"Non-woven","color":"Green, White, Multicolor","productID":112607}]}},"_links":{"self":[{"href":"https:\/\/midbectapeter.se\/en\/wp-json\/wp\/v2\/product\/112607","targetHints":{"allow":["GET"]}}],"collection":[{"href":"https:\/\/midbectapeter.se\/en\/wp-json\/wp\/v2\/product"}],"about":[{"href":"https:\/\/midbectapeter.se\/en\/wp-json\/wp\/v2\/types\/product"}],"replies":[{"embeddable":true,"href":"https:\/\/midbectapeter.se\/en\/wp-json\/wp\/v2\/comments?post=112607"}],"wp:featuredmedia":[{"embeddable":true,"href":"https:\/\/midbectapeter.se\/en\/wp-json\/wp\/v2\/media\/93905"}],"wp:attachment":[{"href":"https:\/\/midbectapeter.se\/en\/wp-json\/wp\/v2\/media?parent=112607"}],"wp:term":[{"taxonomy":"product_brand","embeddable":true,"href":"https:\/\/midbectapeter.se\/en\/wp-json\/wp\/v2\/product_brand?post=112607"},{"taxonomy":"product_cat","embeddable":true,"href":"https:\/\/midbectapeter.se\/en\/wp-json\/wp\/v2\/product_cat?post=112607"},{"taxonomy":"product_tag","embeddable":true,"href":"https:\/\/midbectapeter.se\/en\/wp-json\/wp\/v2\/product_tag?post=112607"},{"taxonomy":"texture_surface","embeddable":true,"href":"https:\/\/midbectapeter.se\/en\/wp-json\/wp\/v2\/texture_surface?post=112607"},{"taxonomy":"designers","embeddable":true,"href":"https:\/\/midbectapeter.se\/en\/wp-json\/wp\/v2\/designers?post=112607"},{"taxonomy":"cat_colors","embeddable":true,"href":"https:\/\/midbectapeter.se\/en\/wp-json\/wp\/v2\/cat_colors?post=112607"},{"taxonomy":"cat_patterns","embeddable":true,"href":"https:\/\/midbectapeter.se\/en\/wp-json\/wp\/v2\/cat_patterns?post=112607"},{"taxonomy":"cat_styles","embeddable":true,"href":"https:\/\/midbectapeter.se\/en\/wp-json\/wp\/v2\/cat_styles?post=112607"},{"taxonomy":"cat_rooms","embeddable":true,"href":"https:\/\/midbectapeter.se\/en\/wp-json\/wp\/v2\/cat_rooms?post=112607"}],"curies":[{"name":"wp","href":"https:\/\/api.w.org\/{rel}","templated":true}]}}