{"id":112932,"date":"2026-02-25T13:55:28","date_gmt":"2026-02-25T12:55:28","guid":{"rendered":"https:\/\/midbectapeter.se\/kollektion\/uncategorized\/hummelvik-24128\/"},"modified":"2025-05-23T13:12:44","modified_gmt":"2025-05-23T11:12:44","slug":"hummelvik-24128","status":"publish","type":"product","link":"https:\/\/midbectapeter.se\/en\/collection\/sunnano\/hummelvik-24128\/","title":{"rendered":"Hummelvik &#8211; 24128"},"content":{"rendered":"<p>Lovely, lively and spot on is probably the best way to explain the small floral wallpaper in brown we see in the Hummelvik pattern. The airy flower and leaf work is in an earthy, harmonious tone that gives a calm and natural element to the room.<\/p>\n","protected":false},"excerpt":{"rendered":"<p>Lovely, lively and spot on is probably the best way to explain the small floral wallpaper in brown we see in the Hummelvik pattern. The airy flower and leaf work is in an earthy, harmonious tone that gives a calm and natural element to the room.<\/p>\n","protected":false},"featured_media":94650,"comment_status":"closed","ping_status":"closed","template":"","meta":{"_acf_changed":false},"product_brand":[],"product_cat":[350],"product_tag":[],"texture_surface":[306],"designers":[93],"cat_colors":[214],"cat_patterns":[296,297],"cat_styles":[299],"cat_rooms":[238],"class_list":{"0":"post-112932","1":"product","2":"type-product","3":"status-publish","4":"has-post-thumbnail","6":"product_cat-sunnano","7":"texture_surface-smooth","8":"designers-bjorn-nilsson","9":"cat_colors-brun","10":"cat_patterns-floral","11":"cat_patterns-small-patterned","12":"cat_styles-rural","13":"cat_rooms-hall","15":"first","16":"instock","17":"taxable","18":"shipping-taxable","19":"purchasable","20":"product-type-variable"},"acf":{"visible_in_wallpaper_tool":true,"wallpaper_size_setting_1":100,"wallpaper_size_setting_2":500,"wallpaper_size_setting_3":500},"yoast_head":"<!-- This site is optimized with the Yoast SEO plugin v26.4 - https:\/\/yoast.com\/wordpress\/plugins\/seo\/ -->\n<title>Tapetm\u00f6nster Hummelvik - 24128 | Midbec Tapeter<\/title>\n<meta name=\"robots\" content=\"index, follow, max-snippet:-1, max-image-preview:large, max-video-preview:-1\" \/>\n<link rel=\"canonical\" href=\"https:\/\/midbectapeter.se\/en\/collection\/sunnano\/hummelvik-24128\/\" \/>\n<meta property=\"og:locale\" content=\"en_US\" \/>\n<meta property=\"og:type\" content=\"article\" \/>\n<meta property=\"og:title\" content=\"Tapetm\u00f6nster Hummelvik - 24128 | Midbec Tapeter\" \/>\n<meta property=\"og:description\" content=\"Lovely, lively and spot on is probably the best way to explain the small floral wallpaper in brown we see in the Hummelvik pattern. The airy flower and leaf work is in an earthy, harmonious tone that gives a calm and natural element to the room.\" \/>\n<meta property=\"og:url\" content=\"https:\/\/midbectapeter.se\/en\/collection\/sunnano\/hummelvik-24128\/\" \/>\n<meta property=\"og:site_name\" content=\"Midbec Tapeter\" \/>\n<meta property=\"article:publisher\" content=\"https:\/\/www.facebook.com\/midbectapeter\" \/>\n<meta property=\"og:image\" content=\"https:\/\/midbectapeter.se\/wp-content\/uploads\/24128.jpg?_t=1757578764\" \/>\n\t<meta property=\"og:image:width\" content=\"1000\" \/>\n\t<meta property=\"og:image:height\" content=\"1000\" \/>\n\t<meta property=\"og:image:type\" content=\"image\/jpeg\" \/>\n<meta name=\"twitter:card\" content=\"summary_large_image\" \/>\n<script type=\"application\/ld+json\" class=\"yoast-schema-graph\">{\"@context\":\"https:\/\/schema.org\",\"@graph\":[{\"@type\":\"WebPage\",\"@id\":\"https:\/\/midbectapeter.se\/en\/collection\/sunnano\/hummelvik-24128\/\",\"url\":\"https:\/\/midbectapeter.se\/en\/collection\/sunnano\/hummelvik-24128\/\",\"name\":\"Tapetm\u00f6nster Hummelvik - 24128 | Midbec Tapeter\",\"isPartOf\":{\"@id\":\"https:\/\/midbectapeter.se\/en\/#website\"},\"primaryImageOfPage\":{\"@id\":\"https:\/\/midbectapeter.se\/en\/collection\/sunnano\/hummelvik-24128\/#primaryimage\"},\"image\":{\"@id\":\"https:\/\/midbectapeter.se\/en\/collection\/sunnano\/hummelvik-24128\/#primaryimage\"},\"thumbnailUrl\":\"https:\/\/midbectapeter.se\/wp-content\/uploads\/24128.jpg\",\"datePublished\":\"2026-02-25T12:55:28+00:00\",\"breadcrumb\":{\"@id\":\"https:\/\/midbectapeter.se\/en\/collection\/sunnano\/hummelvik-24128\/#breadcrumb\"},\"inLanguage\":\"en-US\",\"potentialAction\":[{\"@type\":\"ReadAction\",\"target\":[\"https:\/\/midbectapeter.se\/en\/collection\/sunnano\/hummelvik-24128\/\"]}]},{\"@type\":\"ImageObject\",\"inLanguage\":\"en-US\",\"@id\":\"https:\/\/midbectapeter.se\/en\/collection\/sunnano\/hummelvik-24128\/#primaryimage\",\"url\":\"https:\/\/midbectapeter.se\/wp-content\/uploads\/24128.jpg\",\"contentUrl\":\"https:\/\/midbectapeter.se\/wp-content\/uploads\/24128.jpg\",\"width\":1000,\"height\":1000,\"caption\":\"Brun tapet med Blommigt, , Sm\u00e5m\u00f6nstrat m\u00f6nster\"},{\"@type\":\"BreadcrumbList\",\"@id\":\"https:\/\/midbectapeter.se\/en\/collection\/sunnano\/hummelvik-24128\/#breadcrumb\",\"itemListElement\":[{\"@type\":\"ListItem\",\"position\":1,\"name\":\"Hem\",\"item\":\"https:\/\/midbectapeter.se\/en\/\"},{\"@type\":\"ListItem\",\"position\":2,\"name\":\"Products\",\"item\":\"https:\/\/midbectapeter.se\/en\/shop\/\"},{\"@type\":\"ListItem\",\"position\":3,\"name\":\"Hummelvik &#8211; 24128\"}]},{\"@type\":\"WebSite\",\"@id\":\"https:\/\/midbectapeter.se\/en\/#website\",\"url\":\"https:\/\/midbectapeter.se\/en\/\",\"name\":\"Midbec Tapeter\",\"description\":\"\",\"publisher\":{\"@id\":\"https:\/\/midbectapeter.se\/en\/#organization\"},\"potentialAction\":[{\"@type\":\"SearchAction\",\"target\":{\"@type\":\"EntryPoint\",\"urlTemplate\":\"https:\/\/midbectapeter.se\/en\/?s={search_term_string}\"},\"query-input\":{\"@type\":\"PropertyValueSpecification\",\"valueRequired\":true,\"valueName\":\"search_term_string\"}}],\"inLanguage\":\"en-US\"},{\"@type\":\"Organization\",\"@id\":\"https:\/\/midbectapeter.se\/en\/#organization\",\"name\":\"Midbec Tapeter\",\"url\":\"https:\/\/midbectapeter.se\/en\/\",\"logo\":{\"@type\":\"ImageObject\",\"inLanguage\":\"en-US\",\"@id\":\"https:\/\/midbectapeter.se\/en\/#\/schema\/logo\/image\/\",\"url\":\"https:\/\/midbectapeter.se\/wp-content\/uploads\/2022\/02\/midbec-logo-black.svg\",\"contentUrl\":\"https:\/\/midbectapeter.se\/wp-content\/uploads\/2022\/02\/midbec-logo-black.svg\",\"width\":1,\"height\":1,\"caption\":\"Midbec Tapeter\"},\"image\":{\"@id\":\"https:\/\/midbectapeter.se\/en\/#\/schema\/logo\/image\/\"},\"sameAs\":[\"https:\/\/www.facebook.com\/midbectapeter\",\"https:\/\/www.instagram.com\/midbectapeter\/\",\"https:\/\/www.pinterest.se\/midbec\/\"]},{\"@type\":\"Product\",\"name\":\"Hummelvik - 24128\",\"image\":[\"https:\/\/midbectapeter.se\/wp-content\/uploads\/24128.jpg\",\"https:\/\/midbectapeter.se\/wp-content\/uploads\/24128__hall__1__tapet.jpg\"],\"offers\":{\"@type\":\"Offer\",\"priceCurrency\":\"SEK\",\"price\":\"\",\"availability\":\"https:\/\/schema.org\/InStock\",\"url\":\"https:\/\/midbectapeter.se\/en\/collection\/sunnano\/hummelvik-24128\/\"},\"description\":\"Lovely, lively and spot on is probably the best way to explain the small floral wallpaper in brown we see in the Hummelvik pattern. The airy flower and leaf work is in an earthy, harmonious tone that gives a calm and natural element to the room.\",\"brand\":{\"@type\":\"Brand\",\"name\":\"Midbec Tapeter\"},\"sku\":\"24128\",\"category\":\"Sunnan\u00f6\",\"material\":\"Non-woven\",\"color\":\"Brown\",\"productID\":112932}]}<\/script>\n<!-- \/ Yoast SEO plugin. -->","yoast_head_json":{"title":"Tapetm\u00f6nster Hummelvik - 24128 | Midbec Tapeter","robots":{"index":"index","follow":"follow","max-snippet":"max-snippet:-1","max-image-preview":"max-image-preview:large","max-video-preview":"max-video-preview:-1"},"canonical":"https:\/\/midbectapeter.se\/en\/collection\/sunnano\/hummelvik-24128\/","og_locale":"en_US","og_type":"article","og_title":"Tapetm\u00f6nster Hummelvik - 24128 | Midbec Tapeter","og_description":"Lovely, lively and spot on is probably the best way to explain the small floral wallpaper in brown we see in the Hummelvik pattern. The airy flower and leaf work is in an earthy, harmonious tone that gives a calm and natural element to the room.","og_url":"https:\/\/midbectapeter.se\/en\/collection\/sunnano\/hummelvik-24128\/","og_site_name":"Midbec Tapeter","article_publisher":"https:\/\/www.facebook.com\/midbectapeter","og_image":[{"width":1000,"height":1000,"url":"https:\/\/midbectapeter.se\/wp-content\/uploads\/24128.jpg?_t=1757578764","type":"image\/jpeg"}],"twitter_card":"summary_large_image","schema":{"@context":"https:\/\/schema.org","@graph":[{"@type":"WebPage","@id":"https:\/\/midbectapeter.se\/en\/collection\/sunnano\/hummelvik-24128\/","url":"https:\/\/midbectapeter.se\/en\/collection\/sunnano\/hummelvik-24128\/","name":"Tapetm\u00f6nster Hummelvik - 24128 | Midbec Tapeter","isPartOf":{"@id":"https:\/\/midbectapeter.se\/en\/#website"},"primaryImageOfPage":{"@id":"https:\/\/midbectapeter.se\/en\/collection\/sunnano\/hummelvik-24128\/#primaryimage"},"image":{"@id":"https:\/\/midbectapeter.se\/en\/collection\/sunnano\/hummelvik-24128\/#primaryimage"},"thumbnailUrl":"https:\/\/midbectapeter.se\/wp-content\/uploads\/24128.jpg","datePublished":"2026-02-25T12:55:28+00:00","breadcrumb":{"@id":"https:\/\/midbectapeter.se\/en\/collection\/sunnano\/hummelvik-24128\/#breadcrumb"},"inLanguage":"en-US","potentialAction":[{"@type":"ReadAction","target":["https:\/\/midbectapeter.se\/en\/collection\/sunnano\/hummelvik-24128\/"]}]},{"@type":"ImageObject","inLanguage":"en-US","@id":"https:\/\/midbectapeter.se\/en\/collection\/sunnano\/hummelvik-24128\/#primaryimage","url":"https:\/\/midbectapeter.se\/wp-content\/uploads\/24128.jpg","contentUrl":"https:\/\/midbectapeter.se\/wp-content\/uploads\/24128.jpg","width":1000,"height":1000,"caption":"Brun tapet med Blommigt, , Sm\u00e5m\u00f6nstrat m\u00f6nster"},{"@type":"BreadcrumbList","@id":"https:\/\/midbectapeter.se\/en\/collection\/sunnano\/hummelvik-24128\/#breadcrumb","itemListElement":[{"@type":"ListItem","position":1,"name":"Hem","item":"https:\/\/midbectapeter.se\/en\/"},{"@type":"ListItem","position":2,"name":"Products","item":"https:\/\/midbectapeter.se\/en\/shop\/"},{"@type":"ListItem","position":3,"name":"Hummelvik &#8211; 24128"}]},{"@type":"WebSite","@id":"https:\/\/midbectapeter.se\/en\/#website","url":"https:\/\/midbectapeter.se\/en\/","name":"Midbec Tapeter","description":"","publisher":{"@id":"https:\/\/midbectapeter.se\/en\/#organization"},"potentialAction":[{"@type":"SearchAction","target":{"@type":"EntryPoint","urlTemplate":"https:\/\/midbectapeter.se\/en\/?s={search_term_string}"},"query-input":{"@type":"PropertyValueSpecification","valueRequired":true,"valueName":"search_term_string"}}],"inLanguage":"en-US"},{"@type":"Organization","@id":"https:\/\/midbectapeter.se\/en\/#organization","name":"Midbec Tapeter","url":"https:\/\/midbectapeter.se\/en\/","logo":{"@type":"ImageObject","inLanguage":"en-US","@id":"https:\/\/midbectapeter.se\/en\/#\/schema\/logo\/image\/","url":"https:\/\/midbectapeter.se\/wp-content\/uploads\/2022\/02\/midbec-logo-black.svg","contentUrl":"https:\/\/midbectapeter.se\/wp-content\/uploads\/2022\/02\/midbec-logo-black.svg","width":1,"height":1,"caption":"Midbec Tapeter"},"image":{"@id":"https:\/\/midbectapeter.se\/en\/#\/schema\/logo\/image\/"},"sameAs":["https:\/\/www.facebook.com\/midbectapeter","https:\/\/www.instagram.com\/midbectapeter\/","https:\/\/www.pinterest.se\/midbec\/"]},{"@type":"Product","name":"Hummelvik - 24128","image":["https:\/\/midbectapeter.se\/wp-content\/uploads\/24128.jpg","https:\/\/midbectapeter.se\/wp-content\/uploads\/24128__hall__1__tapet.jpg"],"offers":{"@type":"Offer","priceCurrency":"SEK","price":"","availability":"https:\/\/schema.org\/InStock","url":"https:\/\/midbectapeter.se\/en\/collection\/sunnano\/hummelvik-24128\/"},"description":"Lovely, lively and spot on is probably the best way to explain the small floral wallpaper in brown we see in the Hummelvik pattern. The airy flower and leaf work is in an earthy, harmonious tone that gives a calm and natural element to the room.","brand":{"@type":"Brand","name":"Midbec Tapeter"},"sku":"24128","category":"Sunnan\u00f6","material":"Non-woven","color":"Brown","productID":112932}]}},"_links":{"self":[{"href":"https:\/\/midbectapeter.se\/en\/wp-json\/wp\/v2\/product\/112932","targetHints":{"allow":["GET"]}}],"collection":[{"href":"https:\/\/midbectapeter.se\/en\/wp-json\/wp\/v2\/product"}],"about":[{"href":"https:\/\/midbectapeter.se\/en\/wp-json\/wp\/v2\/types\/product"}],"replies":[{"embeddable":true,"href":"https:\/\/midbectapeter.se\/en\/wp-json\/wp\/v2\/comments?post=112932"}],"wp:featuredmedia":[{"embeddable":true,"href":"https:\/\/midbectapeter.se\/en\/wp-json\/wp\/v2\/media\/94650"}],"wp:attachment":[{"href":"https:\/\/midbectapeter.se\/en\/wp-json\/wp\/v2\/media?parent=112932"}],"wp:term":[{"taxonomy":"product_brand","embeddable":true,"href":"https:\/\/midbectapeter.se\/en\/wp-json\/wp\/v2\/product_brand?post=112932"},{"taxonomy":"product_cat","embeddable":true,"href":"https:\/\/midbectapeter.se\/en\/wp-json\/wp\/v2\/product_cat?post=112932"},{"taxonomy":"product_tag","embeddable":true,"href":"https:\/\/midbectapeter.se\/en\/wp-json\/wp\/v2\/product_tag?post=112932"},{"taxonomy":"texture_surface","embeddable":true,"href":"https:\/\/midbectapeter.se\/en\/wp-json\/wp\/v2\/texture_surface?post=112932"},{"taxonomy":"designers","embeddable":true,"href":"https:\/\/midbectapeter.se\/en\/wp-json\/wp\/v2\/designers?post=112932"},{"taxonomy":"cat_colors","embeddable":true,"href":"https:\/\/midbectapeter.se\/en\/wp-json\/wp\/v2\/cat_colors?post=112932"},{"taxonomy":"cat_patterns","embeddable":true,"href":"https:\/\/midbectapeter.se\/en\/wp-json\/wp\/v2\/cat_patterns?post=112932"},{"taxonomy":"cat_styles","embeddable":true,"href":"https:\/\/midbectapeter.se\/en\/wp-json\/wp\/v2\/cat_styles?post=112932"},{"taxonomy":"cat_rooms","embeddable":true,"href":"https:\/\/midbectapeter.se\/en\/wp-json\/wp\/v2\/cat_rooms?post=112932"}],"curies":[{"name":"wp","href":"https:\/\/api.w.org\/{rel}","templated":true}]}}