{"id":112934,"date":"2026-02-25T13:55:32","date_gmt":"2026-02-25T12:55:32","guid":{"rendered":"https:\/\/midbectapeter.se\/kollektion\/uncategorized\/hummelvik-24130\/"},"modified":"2025-05-23T13:13:28","modified_gmt":"2025-05-23T11:13:28","slug":"hummelvik-24130","status":"publish","type":"product","link":"https:\/\/midbectapeter.se\/en\/collection\/sunnano\/hummelvik-24130\/","title":{"rendered":"Hummelvik &#8211; 24130"},"content":{"rendered":"<p>Hummelvik is a small floral wallpaper in blue that is leafy and elegant. The beautiful little flowers are embraced by a blue foliage. An immediate feeling of comfort and calm spreads from this wallpaper. This design is designed by Bj\u00f6rn Nilsson and works well in bedrooms, children&#8217;s rooms, kitchens and living rooms.<\/p>\n","protected":false},"excerpt":{"rendered":"<p>Hummelvik is a small floral wallpaper in blue that is leafy and elegant. The beautiful little flowers are embraced by a blue foliage. An immediate feeling of comfort and calm spreads from this wallpaper. This design is designed by Bj\u00f6rn Nilsson and works well in bedrooms, children&#8217;s rooms, kitchens and living rooms.<\/p>\n","protected":false},"featured_media":94655,"comment_status":"closed","ping_status":"closed","template":"","meta":{"_acf_changed":false},"product_brand":[],"product_cat":[350],"product_tag":[],"texture_surface":[305,306],"designers":[93],"cat_colors":[315],"cat_patterns":[296,297],"cat_styles":[299],"cat_rooms":[320],"class_list":{"0":"post-112934","1":"product","2":"type-product","3":"status-publish","4":"has-post-thumbnail","6":"product_cat-sunnano","7":"texture_surface-matte","8":"texture_surface-smooth","9":"designers-bjorn-nilsson","10":"cat_colors-blue","11":"cat_patterns-floral","12":"cat_patterns-small-patterned","13":"cat_styles-rural","14":"cat_rooms-kok-en","16":"first","17":"instock","18":"taxable","19":"shipping-taxable","20":"purchasable","21":"product-type-variable"},"acf":{"visible_in_wallpaper_tool":true,"wallpaper_size_setting_1":100,"wallpaper_size_setting_2":500,"wallpaper_size_setting_3":500},"yoast_head":"<!-- This site is optimized with the Yoast SEO plugin v26.4 - https:\/\/yoast.com\/wordpress\/plugins\/seo\/ -->\n<title>Tapetm\u00f6nster Hummelvik - 24130 | Midbec Tapeter<\/title>\n<meta name=\"robots\" content=\"index, follow, max-snippet:-1, max-image-preview:large, max-video-preview:-1\" \/>\n<link rel=\"canonical\" href=\"https:\/\/midbectapeter.se\/en\/collection\/sunnano\/hummelvik-24130\/\" \/>\n<meta property=\"og:locale\" content=\"en_US\" \/>\n<meta property=\"og:type\" content=\"article\" \/>\n<meta property=\"og:title\" content=\"Tapetm\u00f6nster Hummelvik - 24130 | Midbec Tapeter\" \/>\n<meta property=\"og:description\" content=\"Hummelvik is a small floral wallpaper in blue that is leafy and elegant. The beautiful little flowers are embraced by a blue foliage. An immediate feeling of comfort and calm spreads from this wallpaper. This design is designed by Bj\u00f6rn Nilsson and works well in bedrooms, children&#8217;s rooms, kitchens and living rooms.\" \/>\n<meta property=\"og:url\" content=\"https:\/\/midbectapeter.se\/en\/collection\/sunnano\/hummelvik-24130\/\" \/>\n<meta property=\"og:site_name\" content=\"Midbec Tapeter\" \/>\n<meta property=\"article:publisher\" content=\"https:\/\/www.facebook.com\/midbectapeter\" \/>\n<meta property=\"og:image\" content=\"https:\/\/midbectapeter.se\/wp-content\/uploads\/24130.jpg?_t=1757578772\" \/>\n\t<meta property=\"og:image:width\" content=\"1000\" \/>\n\t<meta property=\"og:image:height\" content=\"1000\" \/>\n\t<meta property=\"og:image:type\" content=\"image\/jpeg\" \/>\n<meta name=\"twitter:card\" content=\"summary_large_image\" \/>\n<script type=\"application\/ld+json\" class=\"yoast-schema-graph\">{\"@context\":\"https:\/\/schema.org\",\"@graph\":[{\"@type\":\"WebPage\",\"@id\":\"https:\/\/midbectapeter.se\/en\/collection\/sunnano\/hummelvik-24130\/\",\"url\":\"https:\/\/midbectapeter.se\/en\/collection\/sunnano\/hummelvik-24130\/\",\"name\":\"Tapetm\u00f6nster Hummelvik - 24130 | Midbec Tapeter\",\"isPartOf\":{\"@id\":\"https:\/\/midbectapeter.se\/en\/#website\"},\"primaryImageOfPage\":{\"@id\":\"https:\/\/midbectapeter.se\/en\/collection\/sunnano\/hummelvik-24130\/#primaryimage\"},\"image\":{\"@id\":\"https:\/\/midbectapeter.se\/en\/collection\/sunnano\/hummelvik-24130\/#primaryimage\"},\"thumbnailUrl\":\"https:\/\/midbectapeter.se\/wp-content\/uploads\/24130.jpg\",\"datePublished\":\"2026-02-25T12:55:32+00:00\",\"breadcrumb\":{\"@id\":\"https:\/\/midbectapeter.se\/en\/collection\/sunnano\/hummelvik-24130\/#breadcrumb\"},\"inLanguage\":\"en-US\",\"potentialAction\":[{\"@type\":\"ReadAction\",\"target\":[\"https:\/\/midbectapeter.se\/en\/collection\/sunnano\/hummelvik-24130\/\"]}]},{\"@type\":\"ImageObject\",\"inLanguage\":\"en-US\",\"@id\":\"https:\/\/midbectapeter.se\/en\/collection\/sunnano\/hummelvik-24130\/#primaryimage\",\"url\":\"https:\/\/midbectapeter.se\/wp-content\/uploads\/24130.jpg\",\"contentUrl\":\"https:\/\/midbectapeter.se\/wp-content\/uploads\/24130.jpg\",\"width\":1000,\"height\":1000,\"caption\":\"Bl\u00e5 tapet med Blommigt, , Sm\u00e5m\u00f6nstrat m\u00f6nster\"},{\"@type\":\"BreadcrumbList\",\"@id\":\"https:\/\/midbectapeter.se\/en\/collection\/sunnano\/hummelvik-24130\/#breadcrumb\",\"itemListElement\":[{\"@type\":\"ListItem\",\"position\":1,\"name\":\"Hem\",\"item\":\"https:\/\/midbectapeter.se\/en\/\"},{\"@type\":\"ListItem\",\"position\":2,\"name\":\"Products\",\"item\":\"https:\/\/midbectapeter.se\/en\/shop\/\"},{\"@type\":\"ListItem\",\"position\":3,\"name\":\"Hummelvik &#8211; 24130\"}]},{\"@type\":\"WebSite\",\"@id\":\"https:\/\/midbectapeter.se\/en\/#website\",\"url\":\"https:\/\/midbectapeter.se\/en\/\",\"name\":\"Midbec Tapeter\",\"description\":\"\",\"publisher\":{\"@id\":\"https:\/\/midbectapeter.se\/en\/#organization\"},\"potentialAction\":[{\"@type\":\"SearchAction\",\"target\":{\"@type\":\"EntryPoint\",\"urlTemplate\":\"https:\/\/midbectapeter.se\/en\/?s={search_term_string}\"},\"query-input\":{\"@type\":\"PropertyValueSpecification\",\"valueRequired\":true,\"valueName\":\"search_term_string\"}}],\"inLanguage\":\"en-US\"},{\"@type\":\"Organization\",\"@id\":\"https:\/\/midbectapeter.se\/en\/#organization\",\"name\":\"Midbec Tapeter\",\"url\":\"https:\/\/midbectapeter.se\/en\/\",\"logo\":{\"@type\":\"ImageObject\",\"inLanguage\":\"en-US\",\"@id\":\"https:\/\/midbectapeter.se\/en\/#\/schema\/logo\/image\/\",\"url\":\"https:\/\/midbectapeter.se\/wp-content\/uploads\/2022\/02\/midbec-logo-black.svg\",\"contentUrl\":\"https:\/\/midbectapeter.se\/wp-content\/uploads\/2022\/02\/midbec-logo-black.svg\",\"width\":1,\"height\":1,\"caption\":\"Midbec Tapeter\"},\"image\":{\"@id\":\"https:\/\/midbectapeter.se\/en\/#\/schema\/logo\/image\/\"},\"sameAs\":[\"https:\/\/www.facebook.com\/midbectapeter\",\"https:\/\/www.instagram.com\/midbectapeter\/\",\"https:\/\/www.pinterest.se\/midbec\/\"]},{\"@type\":\"Product\",\"name\":\"Hummelvik - 24130\",\"image\":[\"https:\/\/midbectapeter.se\/wp-content\/uploads\/24130.jpg\",\"https:\/\/midbectapeter.se\/wp-content\/uploads\/24130__kok__1__tapet.jpg\"],\"offers\":{\"@type\":\"Offer\",\"priceCurrency\":\"SEK\",\"price\":\"\",\"availability\":\"https:\/\/schema.org\/InStock\",\"url\":\"https:\/\/midbectapeter.se\/en\/collection\/sunnano\/hummelvik-24130\/\"},\"description\":\"Hummelvik is a small floral wallpaper in blue that is leafy and elegant. The beautiful little flowers are embraced by a blue foliage. An immediate feeling of comfort and calm spreads from this wallpaper. This design is designed by Bj\u00f6rn Nilsson and works well in bedrooms, children's rooms, kitchens and living rooms.\",\"brand\":{\"@type\":\"Brand\",\"name\":\"Midbec Tapeter\"},\"sku\":\"24130\",\"category\":\"Sunnan\u00f6\",\"material\":\"Non-woven\",\"color\":\"Blue\",\"productID\":112934}]}<\/script>\n<!-- \/ Yoast SEO plugin. -->","yoast_head_json":{"title":"Tapetm\u00f6nster Hummelvik - 24130 | Midbec Tapeter","robots":{"index":"index","follow":"follow","max-snippet":"max-snippet:-1","max-image-preview":"max-image-preview:large","max-video-preview":"max-video-preview:-1"},"canonical":"https:\/\/midbectapeter.se\/en\/collection\/sunnano\/hummelvik-24130\/","og_locale":"en_US","og_type":"article","og_title":"Tapetm\u00f6nster Hummelvik - 24130 | Midbec Tapeter","og_description":"Hummelvik is a small floral wallpaper in blue that is leafy and elegant. The beautiful little flowers are embraced by a blue foliage. An immediate feeling of comfort and calm spreads from this wallpaper. This design is designed by Bj\u00f6rn Nilsson and works well in bedrooms, children&#8217;s rooms, kitchens and living rooms.","og_url":"https:\/\/midbectapeter.se\/en\/collection\/sunnano\/hummelvik-24130\/","og_site_name":"Midbec Tapeter","article_publisher":"https:\/\/www.facebook.com\/midbectapeter","og_image":[{"width":1000,"height":1000,"url":"https:\/\/midbectapeter.se\/wp-content\/uploads\/24130.jpg?_t=1757578772","type":"image\/jpeg"}],"twitter_card":"summary_large_image","schema":{"@context":"https:\/\/schema.org","@graph":[{"@type":"WebPage","@id":"https:\/\/midbectapeter.se\/en\/collection\/sunnano\/hummelvik-24130\/","url":"https:\/\/midbectapeter.se\/en\/collection\/sunnano\/hummelvik-24130\/","name":"Tapetm\u00f6nster Hummelvik - 24130 | Midbec Tapeter","isPartOf":{"@id":"https:\/\/midbectapeter.se\/en\/#website"},"primaryImageOfPage":{"@id":"https:\/\/midbectapeter.se\/en\/collection\/sunnano\/hummelvik-24130\/#primaryimage"},"image":{"@id":"https:\/\/midbectapeter.se\/en\/collection\/sunnano\/hummelvik-24130\/#primaryimage"},"thumbnailUrl":"https:\/\/midbectapeter.se\/wp-content\/uploads\/24130.jpg","datePublished":"2026-02-25T12:55:32+00:00","breadcrumb":{"@id":"https:\/\/midbectapeter.se\/en\/collection\/sunnano\/hummelvik-24130\/#breadcrumb"},"inLanguage":"en-US","potentialAction":[{"@type":"ReadAction","target":["https:\/\/midbectapeter.se\/en\/collection\/sunnano\/hummelvik-24130\/"]}]},{"@type":"ImageObject","inLanguage":"en-US","@id":"https:\/\/midbectapeter.se\/en\/collection\/sunnano\/hummelvik-24130\/#primaryimage","url":"https:\/\/midbectapeter.se\/wp-content\/uploads\/24130.jpg","contentUrl":"https:\/\/midbectapeter.se\/wp-content\/uploads\/24130.jpg","width":1000,"height":1000,"caption":"Bl\u00e5 tapet med Blommigt, , Sm\u00e5m\u00f6nstrat m\u00f6nster"},{"@type":"BreadcrumbList","@id":"https:\/\/midbectapeter.se\/en\/collection\/sunnano\/hummelvik-24130\/#breadcrumb","itemListElement":[{"@type":"ListItem","position":1,"name":"Hem","item":"https:\/\/midbectapeter.se\/en\/"},{"@type":"ListItem","position":2,"name":"Products","item":"https:\/\/midbectapeter.se\/en\/shop\/"},{"@type":"ListItem","position":3,"name":"Hummelvik &#8211; 24130"}]},{"@type":"WebSite","@id":"https:\/\/midbectapeter.se\/en\/#website","url":"https:\/\/midbectapeter.se\/en\/","name":"Midbec Tapeter","description":"","publisher":{"@id":"https:\/\/midbectapeter.se\/en\/#organization"},"potentialAction":[{"@type":"SearchAction","target":{"@type":"EntryPoint","urlTemplate":"https:\/\/midbectapeter.se\/en\/?s={search_term_string}"},"query-input":{"@type":"PropertyValueSpecification","valueRequired":true,"valueName":"search_term_string"}}],"inLanguage":"en-US"},{"@type":"Organization","@id":"https:\/\/midbectapeter.se\/en\/#organization","name":"Midbec Tapeter","url":"https:\/\/midbectapeter.se\/en\/","logo":{"@type":"ImageObject","inLanguage":"en-US","@id":"https:\/\/midbectapeter.se\/en\/#\/schema\/logo\/image\/","url":"https:\/\/midbectapeter.se\/wp-content\/uploads\/2022\/02\/midbec-logo-black.svg","contentUrl":"https:\/\/midbectapeter.se\/wp-content\/uploads\/2022\/02\/midbec-logo-black.svg","width":1,"height":1,"caption":"Midbec Tapeter"},"image":{"@id":"https:\/\/midbectapeter.se\/en\/#\/schema\/logo\/image\/"},"sameAs":["https:\/\/www.facebook.com\/midbectapeter","https:\/\/www.instagram.com\/midbectapeter\/","https:\/\/www.pinterest.se\/midbec\/"]},{"@type":"Product","name":"Hummelvik - 24130","image":["https:\/\/midbectapeter.se\/wp-content\/uploads\/24130.jpg","https:\/\/midbectapeter.se\/wp-content\/uploads\/24130__kok__1__tapet.jpg"],"offers":{"@type":"Offer","priceCurrency":"SEK","price":"","availability":"https:\/\/schema.org\/InStock","url":"https:\/\/midbectapeter.se\/en\/collection\/sunnano\/hummelvik-24130\/"},"description":"Hummelvik is a small floral wallpaper in blue that is leafy and elegant. The beautiful little flowers are embraced by a blue foliage. An immediate feeling of comfort and calm spreads from this wallpaper. This design is designed by Bj\u00f6rn Nilsson and works well in bedrooms, children's rooms, kitchens and living rooms.","brand":{"@type":"Brand","name":"Midbec Tapeter"},"sku":"24130","category":"Sunnan\u00f6","material":"Non-woven","color":"Blue","productID":112934}]}},"_links":{"self":[{"href":"https:\/\/midbectapeter.se\/en\/wp-json\/wp\/v2\/product\/112934","targetHints":{"allow":["GET"]}}],"collection":[{"href":"https:\/\/midbectapeter.se\/en\/wp-json\/wp\/v2\/product"}],"about":[{"href":"https:\/\/midbectapeter.se\/en\/wp-json\/wp\/v2\/types\/product"}],"replies":[{"embeddable":true,"href":"https:\/\/midbectapeter.se\/en\/wp-json\/wp\/v2\/comments?post=112934"}],"wp:featuredmedia":[{"embeddable":true,"href":"https:\/\/midbectapeter.se\/en\/wp-json\/wp\/v2\/media\/94655"}],"wp:attachment":[{"href":"https:\/\/midbectapeter.se\/en\/wp-json\/wp\/v2\/media?parent=112934"}],"wp:term":[{"taxonomy":"product_brand","embeddable":true,"href":"https:\/\/midbectapeter.se\/en\/wp-json\/wp\/v2\/product_brand?post=112934"},{"taxonomy":"product_cat","embeddable":true,"href":"https:\/\/midbectapeter.se\/en\/wp-json\/wp\/v2\/product_cat?post=112934"},{"taxonomy":"product_tag","embeddable":true,"href":"https:\/\/midbectapeter.se\/en\/wp-json\/wp\/v2\/product_tag?post=112934"},{"taxonomy":"texture_surface","embeddable":true,"href":"https:\/\/midbectapeter.se\/en\/wp-json\/wp\/v2\/texture_surface?post=112934"},{"taxonomy":"designers","embeddable":true,"href":"https:\/\/midbectapeter.se\/en\/wp-json\/wp\/v2\/designers?post=112934"},{"taxonomy":"cat_colors","embeddable":true,"href":"https:\/\/midbectapeter.se\/en\/wp-json\/wp\/v2\/cat_colors?post=112934"},{"taxonomy":"cat_patterns","embeddable":true,"href":"https:\/\/midbectapeter.se\/en\/wp-json\/wp\/v2\/cat_patterns?post=112934"},{"taxonomy":"cat_styles","embeddable":true,"href":"https:\/\/midbectapeter.se\/en\/wp-json\/wp\/v2\/cat_styles?post=112934"},{"taxonomy":"cat_rooms","embeddable":true,"href":"https:\/\/midbectapeter.se\/en\/wp-json\/wp\/v2\/cat_rooms?post=112934"}],"curies":[{"name":"wp","href":"https:\/\/api.w.org\/{rel}","templated":true}]}}