{"id":115112,"date":"2026-01-31T02:05:02","date_gmt":"2026-01-31T01:05:02","guid":{"rendered":"https:\/\/midbectapeter.se\/kollektion\/uncategorized\/ribbvagg-small-11928\/"},"modified":"2025-05-26T10:43:48","modified_gmt":"2025-05-26T08:43:48","slug":"ribbvagg-small-11928","status":"publish","type":"product","link":"https:\/\/midbectapeter.se\/en\/collection\/elements\/ribbvagg-small-11928\/","title":{"rendered":"Ribbv\u00e4gg Small &#8211; 11928"},"content":{"rendered":"<p>A beautiful grey-brown wooden panel in oak that gives your home a classic, timeless and modern expression in the Scandinavian spirit. This wallpaper with its unassuming design can be combined in most types of home. The wooden slats are 2.5cm wide with 1.5cm intervals.<\/p>\n","protected":false},"excerpt":{"rendered":"<p>A beautiful grey-brown wooden panel in oak that gives your home a classic, timeless and modern expression in the Scandinavian spirit. This wallpaper with its unassuming design can be combined in most types of home. The wooden slats are 2.5cm wide with 1.5cm intervals.<\/p>\n","protected":false},"featured_media":114043,"comment_status":"closed","ping_status":"closed","template":"","meta":{"_acf_changed":false},"product_brand":[],"product_cat":[369],"product_tag":[],"texture_surface":[305,306],"designers":[93],"cat_colors":[318],"cat_patterns":[223,259],"cat_styles":[213],"cat_rooms":[238],"class_list":{"0":"post-115112","1":"product","2":"type-product","3":"status-publish","4":"has-post-thumbnail","6":"product_cat-elements","7":"texture_surface-matte","8":"texture_surface-smooth","9":"designers-bjorn-nilsson","10":"cat_colors-gra-en","11":"cat_patterns-randigt","12":"cat_patterns-traimitation","13":"cat_styles-modern","14":"cat_rooms-hall","16":"first","17":"instock","18":"taxable","19":"shipping-taxable","20":"purchasable","21":"product-type-variable"},"acf":{"visible_in_wallpaper_tool":false,"wallpaper_size_setting_1":100,"wallpaper_size_setting_2":500,"wallpaper_size_setting_3":500},"yoast_head":"<!-- This site is optimized with the Yoast SEO plugin v26.4 - https:\/\/yoast.com\/wordpress\/plugins\/seo\/ -->\n<title>Tapetm\u00f6nster Ribbv\u00e4gg Small - 11928 | Midbec Tapeter<\/title>\n<meta name=\"robots\" content=\"index, follow, max-snippet:-1, max-image-preview:large, max-video-preview:-1\" \/>\n<link rel=\"canonical\" href=\"https:\/\/midbectapeter.se\/en\/collection\/elements\/ribbvagg-small-11928\/\" \/>\n<meta property=\"og:locale\" content=\"en_US\" \/>\n<meta property=\"og:type\" content=\"article\" \/>\n<meta property=\"og:title\" content=\"Tapetm\u00f6nster Ribbv\u00e4gg Small - 11928 | Midbec Tapeter\" \/>\n<meta property=\"og:description\" content=\"A beautiful grey-brown wooden panel in oak that gives your home a classic, timeless and modern expression in the Scandinavian spirit. This wallpaper with its unassuming design can be combined in most types of home. The wooden slats are 2.5cm wide with 1.5cm intervals.\" \/>\n<meta property=\"og:url\" content=\"https:\/\/midbectapeter.se\/en\/collection\/elements\/ribbvagg-small-11928\/\" \/>\n<meta property=\"og:site_name\" content=\"Midbec Tapeter\" \/>\n<meta property=\"article:publisher\" content=\"https:\/\/www.facebook.com\/midbectapeter\" \/>\n<meta property=\"og:image\" content=\"https:\/\/midbectapeter.se\/wp-content\/uploads\/11928.jpg?_t=1757576881\" \/>\n\t<meta property=\"og:image:width\" content=\"1000\" \/>\n\t<meta property=\"og:image:height\" content=\"1000\" \/>\n\t<meta property=\"og:image:type\" content=\"image\/jpeg\" \/>\n<meta name=\"twitter:card\" content=\"summary_large_image\" \/>\n<script type=\"application\/ld+json\" class=\"yoast-schema-graph\">{\"@context\":\"https:\/\/schema.org\",\"@graph\":[{\"@type\":\"WebPage\",\"@id\":\"https:\/\/midbectapeter.se\/en\/collection\/elements\/ribbvagg-small-11928\/\",\"url\":\"https:\/\/midbectapeter.se\/en\/collection\/elements\/ribbvagg-small-11928\/\",\"name\":\"Tapetm\u00f6nster Ribbv\u00e4gg Small - 11928 | Midbec Tapeter\",\"isPartOf\":{\"@id\":\"https:\/\/midbectapeter.se\/en\/#website\"},\"primaryImageOfPage\":{\"@id\":\"https:\/\/midbectapeter.se\/en\/collection\/elements\/ribbvagg-small-11928\/#primaryimage\"},\"image\":{\"@id\":\"https:\/\/midbectapeter.se\/en\/collection\/elements\/ribbvagg-small-11928\/#primaryimage\"},\"thumbnailUrl\":\"https:\/\/midbectapeter.se\/wp-content\/uploads\/11928.jpg\",\"datePublished\":\"2026-01-31T01:05:02+00:00\",\"breadcrumb\":{\"@id\":\"https:\/\/midbectapeter.se\/en\/collection\/elements\/ribbvagg-small-11928\/#breadcrumb\"},\"inLanguage\":\"en-US\",\"potentialAction\":[{\"@type\":\"ReadAction\",\"target\":[\"https:\/\/midbectapeter.se\/en\/collection\/elements\/ribbvagg-small-11928\/\"]}]},{\"@type\":\"ImageObject\",\"inLanguage\":\"en-US\",\"@id\":\"https:\/\/midbectapeter.se\/en\/collection\/elements\/ribbvagg-small-11928\/#primaryimage\",\"url\":\"https:\/\/midbectapeter.se\/wp-content\/uploads\/11928.jpg\",\"contentUrl\":\"https:\/\/midbectapeter.se\/wp-content\/uploads\/11928.jpg\",\"width\":1000,\"height\":1000,\"caption\":\"Gr\u00e5 tapet med Tr\u00e4imitation, Randigt m\u00f6nster\"},{\"@type\":\"BreadcrumbList\",\"@id\":\"https:\/\/midbectapeter.se\/en\/collection\/elements\/ribbvagg-small-11928\/#breadcrumb\",\"itemListElement\":[{\"@type\":\"ListItem\",\"position\":1,\"name\":\"Hem\",\"item\":\"https:\/\/midbectapeter.se\/en\/\"},{\"@type\":\"ListItem\",\"position\":2,\"name\":\"Products\",\"item\":\"https:\/\/midbectapeter.se\/en\/shop\/\"},{\"@type\":\"ListItem\",\"position\":3,\"name\":\"Ribbv\u00e4gg Small &#8211; 11928\"}]},{\"@type\":\"WebSite\",\"@id\":\"https:\/\/midbectapeter.se\/en\/#website\",\"url\":\"https:\/\/midbectapeter.se\/en\/\",\"name\":\"Midbec Tapeter\",\"description\":\"\",\"publisher\":{\"@id\":\"https:\/\/midbectapeter.se\/en\/#organization\"},\"potentialAction\":[{\"@type\":\"SearchAction\",\"target\":{\"@type\":\"EntryPoint\",\"urlTemplate\":\"https:\/\/midbectapeter.se\/en\/?s={search_term_string}\"},\"query-input\":{\"@type\":\"PropertyValueSpecification\",\"valueRequired\":true,\"valueName\":\"search_term_string\"}}],\"inLanguage\":\"en-US\"},{\"@type\":\"Organization\",\"@id\":\"https:\/\/midbectapeter.se\/en\/#organization\",\"name\":\"Midbec Tapeter\",\"url\":\"https:\/\/midbectapeter.se\/en\/\",\"logo\":{\"@type\":\"ImageObject\",\"inLanguage\":\"en-US\",\"@id\":\"https:\/\/midbectapeter.se\/en\/#\/schema\/logo\/image\/\",\"url\":\"https:\/\/midbectapeter.se\/wp-content\/uploads\/2022\/02\/midbec-logo-black.svg\",\"contentUrl\":\"https:\/\/midbectapeter.se\/wp-content\/uploads\/2022\/02\/midbec-logo-black.svg\",\"width\":1,\"height\":1,\"caption\":\"Midbec Tapeter\"},\"image\":{\"@id\":\"https:\/\/midbectapeter.se\/en\/#\/schema\/logo\/image\/\"},\"sameAs\":[\"https:\/\/www.facebook.com\/midbectapeter\",\"https:\/\/www.instagram.com\/midbectapeter\/\",\"https:\/\/www.pinterest.se\/midbec\/\"]},{\"@type\":\"Product\",\"name\":\"Ribbv\u00e4gg Small - 11928\",\"image\":[\"https:\/\/midbectapeter.se\/wp-content\/uploads\/11928.jpg\",\"https:\/\/midbectapeter.se\/wp-content\/uploads\/11928__hall__1__tapet.jpg\"],\"offers\":{\"@type\":\"Offer\",\"priceCurrency\":\"SEK\",\"price\":\"\",\"availability\":\"https:\/\/schema.org\/InStock\",\"url\":\"https:\/\/midbectapeter.se\/en\/collection\/elements\/ribbvagg-small-11928\/\"},\"description\":\"A beautiful grey-brown wooden panel in oak that gives your home a classic, timeless and modern expression in the Scandinavian spirit. This wallpaper with its unassuming design can be combined in most types of home. The wooden slats are 2.5cm wide with 1.5cm intervals.\",\"brand\":{\"@type\":\"Brand\",\"name\":\"Midbec Tapeter\"},\"sku\":\"11928\",\"category\":\"Elements\",\"material\":\"Non-woven\",\"color\":\"Gray\",\"productID\":115112}]}<\/script>\n<!-- \/ Yoast SEO plugin. -->","yoast_head_json":{"title":"Tapetm\u00f6nster Ribbv\u00e4gg Small - 11928 | Midbec Tapeter","robots":{"index":"index","follow":"follow","max-snippet":"max-snippet:-1","max-image-preview":"max-image-preview:large","max-video-preview":"max-video-preview:-1"},"canonical":"https:\/\/midbectapeter.se\/en\/collection\/elements\/ribbvagg-small-11928\/","og_locale":"en_US","og_type":"article","og_title":"Tapetm\u00f6nster Ribbv\u00e4gg Small - 11928 | Midbec Tapeter","og_description":"A beautiful grey-brown wooden panel in oak that gives your home a classic, timeless and modern expression in the Scandinavian spirit. This wallpaper with its unassuming design can be combined in most types of home. The wooden slats are 2.5cm wide with 1.5cm intervals.","og_url":"https:\/\/midbectapeter.se\/en\/collection\/elements\/ribbvagg-small-11928\/","og_site_name":"Midbec Tapeter","article_publisher":"https:\/\/www.facebook.com\/midbectapeter","og_image":[{"width":1000,"height":1000,"url":"https:\/\/midbectapeter.se\/wp-content\/uploads\/11928.jpg?_t=1757576881","type":"image\/jpeg"}],"twitter_card":"summary_large_image","schema":{"@context":"https:\/\/schema.org","@graph":[{"@type":"WebPage","@id":"https:\/\/midbectapeter.se\/en\/collection\/elements\/ribbvagg-small-11928\/","url":"https:\/\/midbectapeter.se\/en\/collection\/elements\/ribbvagg-small-11928\/","name":"Tapetm\u00f6nster Ribbv\u00e4gg Small - 11928 | Midbec Tapeter","isPartOf":{"@id":"https:\/\/midbectapeter.se\/en\/#website"},"primaryImageOfPage":{"@id":"https:\/\/midbectapeter.se\/en\/collection\/elements\/ribbvagg-small-11928\/#primaryimage"},"image":{"@id":"https:\/\/midbectapeter.se\/en\/collection\/elements\/ribbvagg-small-11928\/#primaryimage"},"thumbnailUrl":"https:\/\/midbectapeter.se\/wp-content\/uploads\/11928.jpg","datePublished":"2026-01-31T01:05:02+00:00","breadcrumb":{"@id":"https:\/\/midbectapeter.se\/en\/collection\/elements\/ribbvagg-small-11928\/#breadcrumb"},"inLanguage":"en-US","potentialAction":[{"@type":"ReadAction","target":["https:\/\/midbectapeter.se\/en\/collection\/elements\/ribbvagg-small-11928\/"]}]},{"@type":"ImageObject","inLanguage":"en-US","@id":"https:\/\/midbectapeter.se\/en\/collection\/elements\/ribbvagg-small-11928\/#primaryimage","url":"https:\/\/midbectapeter.se\/wp-content\/uploads\/11928.jpg","contentUrl":"https:\/\/midbectapeter.se\/wp-content\/uploads\/11928.jpg","width":1000,"height":1000,"caption":"Gr\u00e5 tapet med Tr\u00e4imitation, Randigt m\u00f6nster"},{"@type":"BreadcrumbList","@id":"https:\/\/midbectapeter.se\/en\/collection\/elements\/ribbvagg-small-11928\/#breadcrumb","itemListElement":[{"@type":"ListItem","position":1,"name":"Hem","item":"https:\/\/midbectapeter.se\/en\/"},{"@type":"ListItem","position":2,"name":"Products","item":"https:\/\/midbectapeter.se\/en\/shop\/"},{"@type":"ListItem","position":3,"name":"Ribbv\u00e4gg Small &#8211; 11928"}]},{"@type":"WebSite","@id":"https:\/\/midbectapeter.se\/en\/#website","url":"https:\/\/midbectapeter.se\/en\/","name":"Midbec Tapeter","description":"","publisher":{"@id":"https:\/\/midbectapeter.se\/en\/#organization"},"potentialAction":[{"@type":"SearchAction","target":{"@type":"EntryPoint","urlTemplate":"https:\/\/midbectapeter.se\/en\/?s={search_term_string}"},"query-input":{"@type":"PropertyValueSpecification","valueRequired":true,"valueName":"search_term_string"}}],"inLanguage":"en-US"},{"@type":"Organization","@id":"https:\/\/midbectapeter.se\/en\/#organization","name":"Midbec Tapeter","url":"https:\/\/midbectapeter.se\/en\/","logo":{"@type":"ImageObject","inLanguage":"en-US","@id":"https:\/\/midbectapeter.se\/en\/#\/schema\/logo\/image\/","url":"https:\/\/midbectapeter.se\/wp-content\/uploads\/2022\/02\/midbec-logo-black.svg","contentUrl":"https:\/\/midbectapeter.se\/wp-content\/uploads\/2022\/02\/midbec-logo-black.svg","width":1,"height":1,"caption":"Midbec Tapeter"},"image":{"@id":"https:\/\/midbectapeter.se\/en\/#\/schema\/logo\/image\/"},"sameAs":["https:\/\/www.facebook.com\/midbectapeter","https:\/\/www.instagram.com\/midbectapeter\/","https:\/\/www.pinterest.se\/midbec\/"]},{"@type":"Product","name":"Ribbv\u00e4gg Small - 11928","image":["https:\/\/midbectapeter.se\/wp-content\/uploads\/11928.jpg","https:\/\/midbectapeter.se\/wp-content\/uploads\/11928__hall__1__tapet.jpg"],"offers":{"@type":"Offer","priceCurrency":"SEK","price":"","availability":"https:\/\/schema.org\/InStock","url":"https:\/\/midbectapeter.se\/en\/collection\/elements\/ribbvagg-small-11928\/"},"description":"A beautiful grey-brown wooden panel in oak that gives your home a classic, timeless and modern expression in the Scandinavian spirit. This wallpaper with its unassuming design can be combined in most types of home. The wooden slats are 2.5cm wide with 1.5cm intervals.","brand":{"@type":"Brand","name":"Midbec Tapeter"},"sku":"11928","category":"Elements","material":"Non-woven","color":"Gray","productID":115112}]}},"_links":{"self":[{"href":"https:\/\/midbectapeter.se\/en\/wp-json\/wp\/v2\/product\/115112","targetHints":{"allow":["GET"]}}],"collection":[{"href":"https:\/\/midbectapeter.se\/en\/wp-json\/wp\/v2\/product"}],"about":[{"href":"https:\/\/midbectapeter.se\/en\/wp-json\/wp\/v2\/types\/product"}],"replies":[{"embeddable":true,"href":"https:\/\/midbectapeter.se\/en\/wp-json\/wp\/v2\/comments?post=115112"}],"wp:featuredmedia":[{"embeddable":true,"href":"https:\/\/midbectapeter.se\/en\/wp-json\/wp\/v2\/media\/114043"}],"wp:attachment":[{"href":"https:\/\/midbectapeter.se\/en\/wp-json\/wp\/v2\/media?parent=115112"}],"wp:term":[{"taxonomy":"product_brand","embeddable":true,"href":"https:\/\/midbectapeter.se\/en\/wp-json\/wp\/v2\/product_brand?post=115112"},{"taxonomy":"product_cat","embeddable":true,"href":"https:\/\/midbectapeter.se\/en\/wp-json\/wp\/v2\/product_cat?post=115112"},{"taxonomy":"product_tag","embeddable":true,"href":"https:\/\/midbectapeter.se\/en\/wp-json\/wp\/v2\/product_tag?post=115112"},{"taxonomy":"texture_surface","embeddable":true,"href":"https:\/\/midbectapeter.se\/en\/wp-json\/wp\/v2\/texture_surface?post=115112"},{"taxonomy":"designers","embeddable":true,"href":"https:\/\/midbectapeter.se\/en\/wp-json\/wp\/v2\/designers?post=115112"},{"taxonomy":"cat_colors","embeddable":true,"href":"https:\/\/midbectapeter.se\/en\/wp-json\/wp\/v2\/cat_colors?post=115112"},{"taxonomy":"cat_patterns","embeddable":true,"href":"https:\/\/midbectapeter.se\/en\/wp-json\/wp\/v2\/cat_patterns?post=115112"},{"taxonomy":"cat_styles","embeddable":true,"href":"https:\/\/midbectapeter.se\/en\/wp-json\/wp\/v2\/cat_styles?post=115112"},{"taxonomy":"cat_rooms","embeddable":true,"href":"https:\/\/midbectapeter.se\/en\/wp-json\/wp\/v2\/cat_rooms?post=115112"}],"curies":[{"name":"wp","href":"https:\/\/api.w.org\/{rel}","templated":true}]}}