{"id":115156,"date":"2026-01-31T02:50:57","date_gmt":"2026-01-31T01:50:57","guid":{"rendered":"https:\/\/midbectapeter.se\/kollektion\/uncategorized\/puts-18100\/"},"modified":"2025-06-05T11:13:37","modified_gmt":"2025-06-05T09:13:37","slug":"puts-18100","status":"publish","type":"product","link":"https:\/\/midbectapeter.se\/en\/collection\/elements\/puts-18100\/","title":{"rendered":"Puts &#8211; 18100"},"content":{"rendered":"<p>This wallpaper with a chalk-like surface in light gray gives the room an industrial and charming look. The raw surface gives a stripped and somewhat minimalistic feeling. The wallpaper is available in a total of fourteen different color schemes, all so that you can easily find your unique wallpaper to decorate the home in. The wallpaper fits well in many rooms, for example the kitchen, living room and hall.<\/p>\n","protected":false},"excerpt":{"rendered":"<p>This wallpaper with a chalk-like surface in light gray gives the room an industrial and charming look. The raw surface gives a stripped and somewhat minimalistic feeling. The wallpaper is available in a total of fourteen different color schemes, all so that you can easily find your unique wallpaper to decorate the home in. The [&hellip;]<\/p>\n","protected":false},"featured_media":94080,"comment_status":"closed","ping_status":"closed","template":"","meta":{"_acf_changed":false},"product_brand":[],"product_cat":[369],"product_tag":[],"texture_surface":[305],"designers":[93],"cat_colors":[318],"cat_patterns":[235,253],"cat_styles":[236,213,218],"cat_rooms":[219],"class_list":{"0":"post-115156","1":"product","2":"type-product","3":"status-publish","4":"has-post-thumbnail","6":"product_cat-elements","7":"texture_surface-matte","8":"designers-bjorn-nilsson","9":"cat_colors-gra-en","10":"cat_patterns-enfargat","11":"cat_patterns-kalk","12":"cat_styles-industriell","13":"cat_styles-modern","14":"cat_styles-skandinavisk","15":"cat_rooms-vardagsrum","17":"first","18":"instock","19":"taxable","20":"shipping-taxable","21":"purchasable","22":"product-type-variable"},"acf":{"visible_in_wallpaper_tool":true,"wallpaper_size_setting_1":100,"wallpaper_size_setting_2":500,"wallpaper_size_setting_3":500},"yoast_head":"<!-- This site is optimized with the Yoast SEO plugin v26.4 - https:\/\/yoast.com\/wordpress\/plugins\/seo\/ -->\n<title>Tapetm\u00f6nster Puts - 18100 | Midbec Tapeter<\/title>\n<meta name=\"robots\" content=\"index, follow, max-snippet:-1, max-image-preview:large, max-video-preview:-1\" \/>\n<link rel=\"canonical\" href=\"https:\/\/midbectapeter.se\/en\/collection\/elements\/puts-18100\/\" \/>\n<meta property=\"og:locale\" content=\"en_US\" \/>\n<meta property=\"og:type\" content=\"article\" \/>\n<meta property=\"og:title\" content=\"Tapetm\u00f6nster Puts - 18100 | Midbec Tapeter\" \/>\n<meta property=\"og:description\" content=\"This wallpaper with a chalk-like surface in light gray gives the room an industrial and charming look. The raw surface gives a stripped and somewhat minimalistic feeling. The wallpaper is available in a total of fourteen different color schemes, all so that you can easily find your unique wallpaper to decorate the home in. The [&hellip;]\" \/>\n<meta property=\"og:url\" content=\"https:\/\/midbectapeter.se\/en\/collection\/elements\/puts-18100\/\" \/>\n<meta property=\"og:site_name\" content=\"Midbec Tapeter\" \/>\n<meta property=\"article:publisher\" content=\"https:\/\/www.facebook.com\/midbectapeter\" \/>\n<meta property=\"og:image\" content=\"https:\/\/midbectapeter.se\/wp-content\/uploads\/18100.jpg?_t=1754897145\" \/>\n\t<meta property=\"og:image:width\" content=\"1000\" \/>\n\t<meta property=\"og:image:height\" content=\"1000\" \/>\n\t<meta property=\"og:image:type\" content=\"image\/jpeg\" \/>\n<meta name=\"twitter:card\" content=\"summary_large_image\" \/>\n<script type=\"application\/ld+json\" class=\"yoast-schema-graph\">{\"@context\":\"https:\/\/schema.org\",\"@graph\":[{\"@type\":\"WebPage\",\"@id\":\"https:\/\/midbectapeter.se\/en\/collection\/elements\/puts-18100\/\",\"url\":\"https:\/\/midbectapeter.se\/en\/collection\/elements\/puts-18100\/\",\"name\":\"Tapetm\u00f6nster Puts - 18100 | Midbec Tapeter\",\"isPartOf\":{\"@id\":\"https:\/\/midbectapeter.se\/en\/#website\"},\"primaryImageOfPage\":{\"@id\":\"https:\/\/midbectapeter.se\/en\/collection\/elements\/puts-18100\/#primaryimage\"},\"image\":{\"@id\":\"https:\/\/midbectapeter.se\/en\/collection\/elements\/puts-18100\/#primaryimage\"},\"thumbnailUrl\":\"https:\/\/midbectapeter.se\/wp-content\/uploads\/18100.jpg\",\"datePublished\":\"2026-01-31T01:50:57+00:00\",\"breadcrumb\":{\"@id\":\"https:\/\/midbectapeter.se\/en\/collection\/elements\/puts-18100\/#breadcrumb\"},\"inLanguage\":\"en-US\",\"potentialAction\":[{\"@type\":\"ReadAction\",\"target\":[\"https:\/\/midbectapeter.se\/en\/collection\/elements\/puts-18100\/\"]}]},{\"@type\":\"ImageObject\",\"inLanguage\":\"en-US\",\"@id\":\"https:\/\/midbectapeter.se\/en\/collection\/elements\/puts-18100\/#primaryimage\",\"url\":\"https:\/\/midbectapeter.se\/wp-content\/uploads\/18100.jpg\",\"contentUrl\":\"https:\/\/midbectapeter.se\/wp-content\/uploads\/18100.jpg\",\"width\":1000,\"height\":1000,\"caption\":\"Gr\u00e5, Neutral tapet med , Enf\u00e4rgat, Kalk m\u00f6nster\"},{\"@type\":\"BreadcrumbList\",\"@id\":\"https:\/\/midbectapeter.se\/en\/collection\/elements\/puts-18100\/#breadcrumb\",\"itemListElement\":[{\"@type\":\"ListItem\",\"position\":1,\"name\":\"Hem\",\"item\":\"https:\/\/midbectapeter.se\/en\/\"},{\"@type\":\"ListItem\",\"position\":2,\"name\":\"Products\",\"item\":\"https:\/\/midbectapeter.se\/en\/shop\/\"},{\"@type\":\"ListItem\",\"position\":3,\"name\":\"Puts &#8211; 18100\"}]},{\"@type\":\"WebSite\",\"@id\":\"https:\/\/midbectapeter.se\/en\/#website\",\"url\":\"https:\/\/midbectapeter.se\/en\/\",\"name\":\"Midbec Tapeter\",\"description\":\"\",\"publisher\":{\"@id\":\"https:\/\/midbectapeter.se\/en\/#organization\"},\"potentialAction\":[{\"@type\":\"SearchAction\",\"target\":{\"@type\":\"EntryPoint\",\"urlTemplate\":\"https:\/\/midbectapeter.se\/en\/?s={search_term_string}\"},\"query-input\":{\"@type\":\"PropertyValueSpecification\",\"valueRequired\":true,\"valueName\":\"search_term_string\"}}],\"inLanguage\":\"en-US\"},{\"@type\":\"Organization\",\"@id\":\"https:\/\/midbectapeter.se\/en\/#organization\",\"name\":\"Midbec Tapeter\",\"url\":\"https:\/\/midbectapeter.se\/en\/\",\"logo\":{\"@type\":\"ImageObject\",\"inLanguage\":\"en-US\",\"@id\":\"https:\/\/midbectapeter.se\/en\/#\/schema\/logo\/image\/\",\"url\":\"https:\/\/midbectapeter.se\/wp-content\/uploads\/2022\/02\/midbec-logo-black.svg\",\"contentUrl\":\"https:\/\/midbectapeter.se\/wp-content\/uploads\/2022\/02\/midbec-logo-black.svg\",\"width\":1,\"height\":1,\"caption\":\"Midbec Tapeter\"},\"image\":{\"@id\":\"https:\/\/midbectapeter.se\/en\/#\/schema\/logo\/image\/\"},\"sameAs\":[\"https:\/\/www.facebook.com\/midbectapeter\",\"https:\/\/www.instagram.com\/midbectapeter\/\",\"https:\/\/www.pinterest.se\/midbec\/\"]},{\"@type\":\"Product\",\"name\":\"Puts - 18100\",\"image\":[\"https:\/\/midbectapeter.se\/wp-content\/uploads\/18100.jpg\",\"https:\/\/midbectapeter.se\/wp-content\/uploads\/18100__vardagsrum__1_tapet.jpg\"],\"offers\":{\"@type\":\"Offer\",\"priceCurrency\":\"SEK\",\"price\":\"\",\"availability\":\"https:\/\/schema.org\/InStock\",\"url\":\"https:\/\/midbectapeter.se\/en\/collection\/elements\/puts-18100\/\"},\"description\":\"This wallpaper with a chalk-like surface in light gray gives the room an industrial and charming look. The raw surface gives a stripped and somewhat minimalistic feeling. The wallpaper is available in a total of fourteen different color schemes, all so that you can easily find your unique wallpaper to decorate the home in. The wallpaper fits well in many rooms, for example the kitchen, living room and hall.\",\"brand\":{\"@type\":\"Brand\",\"name\":\"Midbec Tapeter\"},\"sku\":\"18100\",\"category\":\"Elements\",\"material\":\"Non-woven\",\"color\":\"Gray\",\"productID\":115156}]}<\/script>\n<!-- \/ Yoast SEO plugin. -->","yoast_head_json":{"title":"Tapetm\u00f6nster Puts - 18100 | Midbec Tapeter","robots":{"index":"index","follow":"follow","max-snippet":"max-snippet:-1","max-image-preview":"max-image-preview:large","max-video-preview":"max-video-preview:-1"},"canonical":"https:\/\/midbectapeter.se\/en\/collection\/elements\/puts-18100\/","og_locale":"en_US","og_type":"article","og_title":"Tapetm\u00f6nster Puts - 18100 | Midbec Tapeter","og_description":"This wallpaper with a chalk-like surface in light gray gives the room an industrial and charming look. The raw surface gives a stripped and somewhat minimalistic feeling. The wallpaper is available in a total of fourteen different color schemes, all so that you can easily find your unique wallpaper to decorate the home in. The [&hellip;]","og_url":"https:\/\/midbectapeter.se\/en\/collection\/elements\/puts-18100\/","og_site_name":"Midbec Tapeter","article_publisher":"https:\/\/www.facebook.com\/midbectapeter","og_image":[{"width":1000,"height":1000,"url":"https:\/\/midbectapeter.se\/wp-content\/uploads\/18100.jpg?_t=1754897145","type":"image\/jpeg"}],"twitter_card":"summary_large_image","schema":{"@context":"https:\/\/schema.org","@graph":[{"@type":"WebPage","@id":"https:\/\/midbectapeter.se\/en\/collection\/elements\/puts-18100\/","url":"https:\/\/midbectapeter.se\/en\/collection\/elements\/puts-18100\/","name":"Tapetm\u00f6nster Puts - 18100 | Midbec Tapeter","isPartOf":{"@id":"https:\/\/midbectapeter.se\/en\/#website"},"primaryImageOfPage":{"@id":"https:\/\/midbectapeter.se\/en\/collection\/elements\/puts-18100\/#primaryimage"},"image":{"@id":"https:\/\/midbectapeter.se\/en\/collection\/elements\/puts-18100\/#primaryimage"},"thumbnailUrl":"https:\/\/midbectapeter.se\/wp-content\/uploads\/18100.jpg","datePublished":"2026-01-31T01:50:57+00:00","breadcrumb":{"@id":"https:\/\/midbectapeter.se\/en\/collection\/elements\/puts-18100\/#breadcrumb"},"inLanguage":"en-US","potentialAction":[{"@type":"ReadAction","target":["https:\/\/midbectapeter.se\/en\/collection\/elements\/puts-18100\/"]}]},{"@type":"ImageObject","inLanguage":"en-US","@id":"https:\/\/midbectapeter.se\/en\/collection\/elements\/puts-18100\/#primaryimage","url":"https:\/\/midbectapeter.se\/wp-content\/uploads\/18100.jpg","contentUrl":"https:\/\/midbectapeter.se\/wp-content\/uploads\/18100.jpg","width":1000,"height":1000,"caption":"Gr\u00e5, Neutral tapet med , Enf\u00e4rgat, Kalk m\u00f6nster"},{"@type":"BreadcrumbList","@id":"https:\/\/midbectapeter.se\/en\/collection\/elements\/puts-18100\/#breadcrumb","itemListElement":[{"@type":"ListItem","position":1,"name":"Hem","item":"https:\/\/midbectapeter.se\/en\/"},{"@type":"ListItem","position":2,"name":"Products","item":"https:\/\/midbectapeter.se\/en\/shop\/"},{"@type":"ListItem","position":3,"name":"Puts &#8211; 18100"}]},{"@type":"WebSite","@id":"https:\/\/midbectapeter.se\/en\/#website","url":"https:\/\/midbectapeter.se\/en\/","name":"Midbec Tapeter","description":"","publisher":{"@id":"https:\/\/midbectapeter.se\/en\/#organization"},"potentialAction":[{"@type":"SearchAction","target":{"@type":"EntryPoint","urlTemplate":"https:\/\/midbectapeter.se\/en\/?s={search_term_string}"},"query-input":{"@type":"PropertyValueSpecification","valueRequired":true,"valueName":"search_term_string"}}],"inLanguage":"en-US"},{"@type":"Organization","@id":"https:\/\/midbectapeter.se\/en\/#organization","name":"Midbec Tapeter","url":"https:\/\/midbectapeter.se\/en\/","logo":{"@type":"ImageObject","inLanguage":"en-US","@id":"https:\/\/midbectapeter.se\/en\/#\/schema\/logo\/image\/","url":"https:\/\/midbectapeter.se\/wp-content\/uploads\/2022\/02\/midbec-logo-black.svg","contentUrl":"https:\/\/midbectapeter.se\/wp-content\/uploads\/2022\/02\/midbec-logo-black.svg","width":1,"height":1,"caption":"Midbec Tapeter"},"image":{"@id":"https:\/\/midbectapeter.se\/en\/#\/schema\/logo\/image\/"},"sameAs":["https:\/\/www.facebook.com\/midbectapeter","https:\/\/www.instagram.com\/midbectapeter\/","https:\/\/www.pinterest.se\/midbec\/"]},{"@type":"Product","name":"Puts - 18100","image":["https:\/\/midbectapeter.se\/wp-content\/uploads\/18100.jpg","https:\/\/midbectapeter.se\/wp-content\/uploads\/18100__vardagsrum__1_tapet.jpg"],"offers":{"@type":"Offer","priceCurrency":"SEK","price":"","availability":"https:\/\/schema.org\/InStock","url":"https:\/\/midbectapeter.se\/en\/collection\/elements\/puts-18100\/"},"description":"This wallpaper with a chalk-like surface in light gray gives the room an industrial and charming look. The raw surface gives a stripped and somewhat minimalistic feeling. The wallpaper is available in a total of fourteen different color schemes, all so that you can easily find your unique wallpaper to decorate the home in. The wallpaper fits well in many rooms, for example the kitchen, living room and hall.","brand":{"@type":"Brand","name":"Midbec Tapeter"},"sku":"18100","category":"Elements","material":"Non-woven","color":"Gray","productID":115156}]}},"_links":{"self":[{"href":"https:\/\/midbectapeter.se\/en\/wp-json\/wp\/v2\/product\/115156","targetHints":{"allow":["GET"]}}],"collection":[{"href":"https:\/\/midbectapeter.se\/en\/wp-json\/wp\/v2\/product"}],"about":[{"href":"https:\/\/midbectapeter.se\/en\/wp-json\/wp\/v2\/types\/product"}],"replies":[{"embeddable":true,"href":"https:\/\/midbectapeter.se\/en\/wp-json\/wp\/v2\/comments?post=115156"}],"wp:featuredmedia":[{"embeddable":true,"href":"https:\/\/midbectapeter.se\/en\/wp-json\/wp\/v2\/media\/94080"}],"wp:attachment":[{"href":"https:\/\/midbectapeter.se\/en\/wp-json\/wp\/v2\/media?parent=115156"}],"wp:term":[{"taxonomy":"product_brand","embeddable":true,"href":"https:\/\/midbectapeter.se\/en\/wp-json\/wp\/v2\/product_brand?post=115156"},{"taxonomy":"product_cat","embeddable":true,"href":"https:\/\/midbectapeter.se\/en\/wp-json\/wp\/v2\/product_cat?post=115156"},{"taxonomy":"product_tag","embeddable":true,"href":"https:\/\/midbectapeter.se\/en\/wp-json\/wp\/v2\/product_tag?post=115156"},{"taxonomy":"texture_surface","embeddable":true,"href":"https:\/\/midbectapeter.se\/en\/wp-json\/wp\/v2\/texture_surface?post=115156"},{"taxonomy":"designers","embeddable":true,"href":"https:\/\/midbectapeter.se\/en\/wp-json\/wp\/v2\/designers?post=115156"},{"taxonomy":"cat_colors","embeddable":true,"href":"https:\/\/midbectapeter.se\/en\/wp-json\/wp\/v2\/cat_colors?post=115156"},{"taxonomy":"cat_patterns","embeddable":true,"href":"https:\/\/midbectapeter.se\/en\/wp-json\/wp\/v2\/cat_patterns?post=115156"},{"taxonomy":"cat_styles","embeddable":true,"href":"https:\/\/midbectapeter.se\/en\/wp-json\/wp\/v2\/cat_styles?post=115156"},{"taxonomy":"cat_rooms","embeddable":true,"href":"https:\/\/midbectapeter.se\/en\/wp-json\/wp\/v2\/cat_rooms?post=115156"}],"curies":[{"name":"wp","href":"https:\/\/api.w.org\/{rel}","templated":true}]}}