{"id":115211,"date":"2026-01-31T02:00:52","date_gmt":"2026-01-31T01:00:52","guid":{"rendered":"https:\/\/midbectapeter.se\/kollektion\/uncategorized\/ruta-11921\/"},"modified":"2025-05-26T10:41:52","modified_gmt":"2025-05-26T08:41:52","slug":"ruta-11921","status":"publish","type":"product","link":"https:\/\/midbectapeter.se\/en\/collection\/elements\/ruta-11921\/","title":{"rendered":"Ruta &#8211; 11921"},"content":{"rendered":"<p>Imagine grey-lacquered oak, an incredible feature wall. But it doesn&#8217;t stop there, in this tribute to our beautiful nature, the wooden panel meets beautiful geometric shapes. They bring out the beautiful organic and give the wall interesting elements that immediately become part of the interior design.<\/p>\n","protected":false},"excerpt":{"rendered":"<p>Imagine grey-lacquered oak, an incredible feature wall. But it doesn&#8217;t stop there, in this tribute to our beautiful nature, the wooden panel meets beautiful geometric shapes. They bring out the beautiful organic and give the wall interesting elements that immediately become part of the interior design.<\/p>\n","protected":false},"featured_media":114005,"comment_status":"closed","ping_status":"closed","template":"","meta":{"_acf_changed":false},"product_brand":[],"product_cat":[369],"product_tag":[],"texture_surface":[305,306],"designers":[93],"cat_colors":[318],"cat_patterns":[226,259,269],"cat_styles":[],"cat_rooms":[207],"class_list":{"0":"post-115211","1":"product","2":"type-product","3":"status-publish","4":"has-post-thumbnail","6":"product_cat-elements","7":"texture_surface-matte","8":"texture_surface-smooth","9":"designers-bjorn-nilsson","10":"cat_colors-gra-en","11":"cat_patterns-geometriskt","12":"cat_patterns-traimitation","13":"cat_patterns-ungdom","14":"cat_rooms-sovrum","16":"first","17":"instock","18":"taxable","19":"shipping-taxable","20":"purchasable","21":"product-type-variable"},"acf":{"visible_in_wallpaper_tool":false,"wallpaper_size_setting_1":100,"wallpaper_size_setting_2":500,"wallpaper_size_setting_3":500},"yoast_head":"<!-- This site is optimized with the Yoast SEO plugin v26.4 - https:\/\/yoast.com\/wordpress\/plugins\/seo\/ -->\n<title>Tapetm\u00f6nster Ruta - 11921 | Midbec Tapeter<\/title>\n<meta name=\"robots\" content=\"index, follow, max-snippet:-1, max-image-preview:large, max-video-preview:-1\" \/>\n<link rel=\"canonical\" href=\"https:\/\/midbectapeter.se\/en\/collection\/elements\/ruta-11921\/\" \/>\n<meta property=\"og:locale\" content=\"en_US\" \/>\n<meta property=\"og:type\" content=\"article\" \/>\n<meta property=\"og:title\" content=\"Tapetm\u00f6nster Ruta - 11921 | Midbec Tapeter\" \/>\n<meta property=\"og:description\" content=\"Imagine grey-lacquered oak, an incredible feature wall. But it doesn&#8217;t stop there, in this tribute to our beautiful nature, the wooden panel meets beautiful geometric shapes. They bring out the beautiful organic and give the wall interesting elements that immediately become part of the interior design.\" \/>\n<meta property=\"og:url\" content=\"https:\/\/midbectapeter.se\/en\/collection\/elements\/ruta-11921\/\" \/>\n<meta property=\"og:site_name\" content=\"Midbec Tapeter\" \/>\n<meta property=\"article:publisher\" content=\"https:\/\/www.facebook.com\/midbectapeter\" \/>\n<meta property=\"og:image\" content=\"https:\/\/midbectapeter.se\/wp-content\/uploads\/11921.jpg?_t=1757576860\" \/>\n\t<meta property=\"og:image:width\" content=\"1000\" \/>\n\t<meta property=\"og:image:height\" content=\"1000\" \/>\n\t<meta property=\"og:image:type\" content=\"image\/jpeg\" \/>\n<meta name=\"twitter:card\" content=\"summary_large_image\" \/>\n<script type=\"application\/ld+json\" class=\"yoast-schema-graph\">{\"@context\":\"https:\/\/schema.org\",\"@graph\":[{\"@type\":\"WebPage\",\"@id\":\"https:\/\/midbectapeter.se\/en\/collection\/elements\/ruta-11921\/\",\"url\":\"https:\/\/midbectapeter.se\/en\/collection\/elements\/ruta-11921\/\",\"name\":\"Tapetm\u00f6nster Ruta - 11921 | Midbec Tapeter\",\"isPartOf\":{\"@id\":\"https:\/\/midbectapeter.se\/en\/#website\"},\"primaryImageOfPage\":{\"@id\":\"https:\/\/midbectapeter.se\/en\/collection\/elements\/ruta-11921\/#primaryimage\"},\"image\":{\"@id\":\"https:\/\/midbectapeter.se\/en\/collection\/elements\/ruta-11921\/#primaryimage\"},\"thumbnailUrl\":\"https:\/\/midbectapeter.se\/wp-content\/uploads\/11921.jpg\",\"datePublished\":\"2026-01-31T01:00:52+00:00\",\"breadcrumb\":{\"@id\":\"https:\/\/midbectapeter.se\/en\/collection\/elements\/ruta-11921\/#breadcrumb\"},\"inLanguage\":\"en-US\",\"potentialAction\":[{\"@type\":\"ReadAction\",\"target\":[\"https:\/\/midbectapeter.se\/en\/collection\/elements\/ruta-11921\/\"]}]},{\"@type\":\"ImageObject\",\"inLanguage\":\"en-US\",\"@id\":\"https:\/\/midbectapeter.se\/en\/collection\/elements\/ruta-11921\/#primaryimage\",\"url\":\"https:\/\/midbectapeter.se\/wp-content\/uploads\/11921.jpg\",\"contentUrl\":\"https:\/\/midbectapeter.se\/wp-content\/uploads\/11921.jpg\",\"width\":1000,\"height\":1000,\"caption\":\"Gr\u00e5 tapet med Geometriskt, Tr\u00e4imitation, Ungdom m\u00f6nster\"},{\"@type\":\"BreadcrumbList\",\"@id\":\"https:\/\/midbectapeter.se\/en\/collection\/elements\/ruta-11921\/#breadcrumb\",\"itemListElement\":[{\"@type\":\"ListItem\",\"position\":1,\"name\":\"Hem\",\"item\":\"https:\/\/midbectapeter.se\/en\/\"},{\"@type\":\"ListItem\",\"position\":2,\"name\":\"Products\",\"item\":\"https:\/\/midbectapeter.se\/en\/shop\/\"},{\"@type\":\"ListItem\",\"position\":3,\"name\":\"Ruta &#8211; 11921\"}]},{\"@type\":\"WebSite\",\"@id\":\"https:\/\/midbectapeter.se\/en\/#website\",\"url\":\"https:\/\/midbectapeter.se\/en\/\",\"name\":\"Midbec Tapeter\",\"description\":\"\",\"publisher\":{\"@id\":\"https:\/\/midbectapeter.se\/en\/#organization\"},\"potentialAction\":[{\"@type\":\"SearchAction\",\"target\":{\"@type\":\"EntryPoint\",\"urlTemplate\":\"https:\/\/midbectapeter.se\/en\/?s={search_term_string}\"},\"query-input\":{\"@type\":\"PropertyValueSpecification\",\"valueRequired\":true,\"valueName\":\"search_term_string\"}}],\"inLanguage\":\"en-US\"},{\"@type\":\"Organization\",\"@id\":\"https:\/\/midbectapeter.se\/en\/#organization\",\"name\":\"Midbec Tapeter\",\"url\":\"https:\/\/midbectapeter.se\/en\/\",\"logo\":{\"@type\":\"ImageObject\",\"inLanguage\":\"en-US\",\"@id\":\"https:\/\/midbectapeter.se\/en\/#\/schema\/logo\/image\/\",\"url\":\"https:\/\/midbectapeter.se\/wp-content\/uploads\/2022\/02\/midbec-logo-black.svg\",\"contentUrl\":\"https:\/\/midbectapeter.se\/wp-content\/uploads\/2022\/02\/midbec-logo-black.svg\",\"width\":1,\"height\":1,\"caption\":\"Midbec Tapeter\"},\"image\":{\"@id\":\"https:\/\/midbectapeter.se\/en\/#\/schema\/logo\/image\/\"},\"sameAs\":[\"https:\/\/www.facebook.com\/midbectapeter\",\"https:\/\/www.instagram.com\/midbectapeter\/\",\"https:\/\/www.pinterest.se\/midbec\/\"]},{\"@type\":\"Product\",\"name\":\"Ruta - 11921\",\"image\":[\"https:\/\/midbectapeter.se\/wp-content\/uploads\/11921.jpg\",\"https:\/\/midbectapeter.se\/wp-content\/uploads\/11921__sovrum__1.jpg\",\"https:\/\/midbectapeter.se\/wp-content\/uploads\/11921__sovrum__1__tapet.jpg\"],\"offers\":{\"@type\":\"Offer\",\"priceCurrency\":\"SEK\",\"price\":\"\",\"availability\":\"https:\/\/schema.org\/InStock\",\"url\":\"https:\/\/midbectapeter.se\/en\/collection\/elements\/ruta-11921\/\"},\"description\":\"Imagine grey-lacquered oak, an incredible feature wall. But it doesn't stop there, in this tribute to our beautiful nature, the wooden panel meets beautiful geometric shapes. They bring out the beautiful organic and give the wall interesting elements that immediately become part of the interior design.\",\"brand\":{\"@type\":\"Brand\",\"name\":\"Midbec Tapeter\"},\"sku\":\"11921\",\"category\":\"Elements\",\"material\":\"Non-woven\",\"color\":\"Gray\",\"productID\":115211}]}<\/script>\n<!-- \/ Yoast SEO plugin. -->","yoast_head_json":{"title":"Tapetm\u00f6nster Ruta - 11921 | Midbec Tapeter","robots":{"index":"index","follow":"follow","max-snippet":"max-snippet:-1","max-image-preview":"max-image-preview:large","max-video-preview":"max-video-preview:-1"},"canonical":"https:\/\/midbectapeter.se\/en\/collection\/elements\/ruta-11921\/","og_locale":"en_US","og_type":"article","og_title":"Tapetm\u00f6nster Ruta - 11921 | Midbec Tapeter","og_description":"Imagine grey-lacquered oak, an incredible feature wall. But it doesn&#8217;t stop there, in this tribute to our beautiful nature, the wooden panel meets beautiful geometric shapes. They bring out the beautiful organic and give the wall interesting elements that immediately become part of the interior design.","og_url":"https:\/\/midbectapeter.se\/en\/collection\/elements\/ruta-11921\/","og_site_name":"Midbec Tapeter","article_publisher":"https:\/\/www.facebook.com\/midbectapeter","og_image":[{"width":1000,"height":1000,"url":"https:\/\/midbectapeter.se\/wp-content\/uploads\/11921.jpg?_t=1757576860","type":"image\/jpeg"}],"twitter_card":"summary_large_image","schema":{"@context":"https:\/\/schema.org","@graph":[{"@type":"WebPage","@id":"https:\/\/midbectapeter.se\/en\/collection\/elements\/ruta-11921\/","url":"https:\/\/midbectapeter.se\/en\/collection\/elements\/ruta-11921\/","name":"Tapetm\u00f6nster Ruta - 11921 | Midbec Tapeter","isPartOf":{"@id":"https:\/\/midbectapeter.se\/en\/#website"},"primaryImageOfPage":{"@id":"https:\/\/midbectapeter.se\/en\/collection\/elements\/ruta-11921\/#primaryimage"},"image":{"@id":"https:\/\/midbectapeter.se\/en\/collection\/elements\/ruta-11921\/#primaryimage"},"thumbnailUrl":"https:\/\/midbectapeter.se\/wp-content\/uploads\/11921.jpg","datePublished":"2026-01-31T01:00:52+00:00","breadcrumb":{"@id":"https:\/\/midbectapeter.se\/en\/collection\/elements\/ruta-11921\/#breadcrumb"},"inLanguage":"en-US","potentialAction":[{"@type":"ReadAction","target":["https:\/\/midbectapeter.se\/en\/collection\/elements\/ruta-11921\/"]}]},{"@type":"ImageObject","inLanguage":"en-US","@id":"https:\/\/midbectapeter.se\/en\/collection\/elements\/ruta-11921\/#primaryimage","url":"https:\/\/midbectapeter.se\/wp-content\/uploads\/11921.jpg","contentUrl":"https:\/\/midbectapeter.se\/wp-content\/uploads\/11921.jpg","width":1000,"height":1000,"caption":"Gr\u00e5 tapet med Geometriskt, Tr\u00e4imitation, Ungdom m\u00f6nster"},{"@type":"BreadcrumbList","@id":"https:\/\/midbectapeter.se\/en\/collection\/elements\/ruta-11921\/#breadcrumb","itemListElement":[{"@type":"ListItem","position":1,"name":"Hem","item":"https:\/\/midbectapeter.se\/en\/"},{"@type":"ListItem","position":2,"name":"Products","item":"https:\/\/midbectapeter.se\/en\/shop\/"},{"@type":"ListItem","position":3,"name":"Ruta &#8211; 11921"}]},{"@type":"WebSite","@id":"https:\/\/midbectapeter.se\/en\/#website","url":"https:\/\/midbectapeter.se\/en\/","name":"Midbec Tapeter","description":"","publisher":{"@id":"https:\/\/midbectapeter.se\/en\/#organization"},"potentialAction":[{"@type":"SearchAction","target":{"@type":"EntryPoint","urlTemplate":"https:\/\/midbectapeter.se\/en\/?s={search_term_string}"},"query-input":{"@type":"PropertyValueSpecification","valueRequired":true,"valueName":"search_term_string"}}],"inLanguage":"en-US"},{"@type":"Organization","@id":"https:\/\/midbectapeter.se\/en\/#organization","name":"Midbec Tapeter","url":"https:\/\/midbectapeter.se\/en\/","logo":{"@type":"ImageObject","inLanguage":"en-US","@id":"https:\/\/midbectapeter.se\/en\/#\/schema\/logo\/image\/","url":"https:\/\/midbectapeter.se\/wp-content\/uploads\/2022\/02\/midbec-logo-black.svg","contentUrl":"https:\/\/midbectapeter.se\/wp-content\/uploads\/2022\/02\/midbec-logo-black.svg","width":1,"height":1,"caption":"Midbec Tapeter"},"image":{"@id":"https:\/\/midbectapeter.se\/en\/#\/schema\/logo\/image\/"},"sameAs":["https:\/\/www.facebook.com\/midbectapeter","https:\/\/www.instagram.com\/midbectapeter\/","https:\/\/www.pinterest.se\/midbec\/"]},{"@type":"Product","name":"Ruta - 11921","image":["https:\/\/midbectapeter.se\/wp-content\/uploads\/11921.jpg","https:\/\/midbectapeter.se\/wp-content\/uploads\/11921__sovrum__1.jpg","https:\/\/midbectapeter.se\/wp-content\/uploads\/11921__sovrum__1__tapet.jpg"],"offers":{"@type":"Offer","priceCurrency":"SEK","price":"","availability":"https:\/\/schema.org\/InStock","url":"https:\/\/midbectapeter.se\/en\/collection\/elements\/ruta-11921\/"},"description":"Imagine grey-lacquered oak, an incredible feature wall. But it doesn't stop there, in this tribute to our beautiful nature, the wooden panel meets beautiful geometric shapes. They bring out the beautiful organic and give the wall interesting elements that immediately become part of the interior design.","brand":{"@type":"Brand","name":"Midbec Tapeter"},"sku":"11921","category":"Elements","material":"Non-woven","color":"Gray","productID":115211}]}},"_links":{"self":[{"href":"https:\/\/midbectapeter.se\/en\/wp-json\/wp\/v2\/product\/115211","targetHints":{"allow":["GET"]}}],"collection":[{"href":"https:\/\/midbectapeter.se\/en\/wp-json\/wp\/v2\/product"}],"about":[{"href":"https:\/\/midbectapeter.se\/en\/wp-json\/wp\/v2\/types\/product"}],"replies":[{"embeddable":true,"href":"https:\/\/midbectapeter.se\/en\/wp-json\/wp\/v2\/comments?post=115211"}],"wp:featuredmedia":[{"embeddable":true,"href":"https:\/\/midbectapeter.se\/en\/wp-json\/wp\/v2\/media\/114005"}],"wp:attachment":[{"href":"https:\/\/midbectapeter.se\/en\/wp-json\/wp\/v2\/media?parent=115211"}],"wp:term":[{"taxonomy":"product_brand","embeddable":true,"href":"https:\/\/midbectapeter.se\/en\/wp-json\/wp\/v2\/product_brand?post=115211"},{"taxonomy":"product_cat","embeddable":true,"href":"https:\/\/midbectapeter.se\/en\/wp-json\/wp\/v2\/product_cat?post=115211"},{"taxonomy":"product_tag","embeddable":true,"href":"https:\/\/midbectapeter.se\/en\/wp-json\/wp\/v2\/product_tag?post=115211"},{"taxonomy":"texture_surface","embeddable":true,"href":"https:\/\/midbectapeter.se\/en\/wp-json\/wp\/v2\/texture_surface?post=115211"},{"taxonomy":"designers","embeddable":true,"href":"https:\/\/midbectapeter.se\/en\/wp-json\/wp\/v2\/designers?post=115211"},{"taxonomy":"cat_colors","embeddable":true,"href":"https:\/\/midbectapeter.se\/en\/wp-json\/wp\/v2\/cat_colors?post=115211"},{"taxonomy":"cat_patterns","embeddable":true,"href":"https:\/\/midbectapeter.se\/en\/wp-json\/wp\/v2\/cat_patterns?post=115211"},{"taxonomy":"cat_styles","embeddable":true,"href":"https:\/\/midbectapeter.se\/en\/wp-json\/wp\/v2\/cat_styles?post=115211"},{"taxonomy":"cat_rooms","embeddable":true,"href":"https:\/\/midbectapeter.se\/en\/wp-json\/wp\/v2\/cat_rooms?post=115211"}],"curies":[{"name":"wp","href":"https:\/\/api.w.org\/{rel}","templated":true}]}}