{"id":120990,"date":"2026-02-25T16:00:04","date_gmt":"2026-02-25T15:00:04","guid":{"rendered":"https:\/\/midbectapeter.se\/?post_type=product&#038;p=120990"},"modified":"2025-05-23T15:45:45","modified_gmt":"2025-05-23T13:45:45","slug":"no-1-holland-park-82010","status":"publish","type":"product","link":"https:\/\/midbectapeter.se\/en\/collection\/hidden-treasures-vol-1\/no-1-holland-park-82010\/","title":{"rendered":"No 1 Holland Park &#8211; 82010"},"content":{"rendered":"<p><span style=\"font-weight: 400;\">This 1880\u2019s pattern was originally created as a ceiling decoration for A. A. Ionides, the wealthy resident of this exclusive London address, No 1 Holland Park. Repeating as a kaleidoscope-like mirroring, the pattern features lilies, a flower loved by Morris and used frequently in his designs.<\/span><\/p>\n","protected":false},"excerpt":{"rendered":"<p>This 1880\u2019s pattern was originally created as a ceiling decoration for A. A. Ionides, the wealthy resident of this exclusive London address, No 1 Holland Park. Repeating as a kaleidoscope-like mirroring, the pattern features lilies, a flower loved by Morris and used frequently in his designs.<\/p>\n","protected":false},"featured_media":120580,"comment_status":"closed","ping_status":"closed","template":"","meta":{"_acf_changed":false},"product_brand":[],"product_cat":[391],"product_tag":[],"texture_surface":[305,306],"designers":[390],"cat_colors":[315],"cat_patterns":[296],"cat_styles":[300],"cat_rooms":[219],"class_list":{"0":"post-120990","1":"product","2":"type-product","3":"status-publish","4":"has-post-thumbnail","6":"product_cat-hidden-treasures-vol-1","7":"texture_surface-matte","8":"texture_surface-smooth","9":"designers-william-morris","10":"cat_colors-blue","11":"cat_patterns-floral","12":"cat_styles-classic","13":"cat_rooms-vardagsrum","15":"first","16":"instock","17":"taxable","18":"shipping-taxable","19":"purchasable","20":"product-type-variable"},"acf":{"visible_in_wallpaper_tool":false,"wallpaper_size_setting_1":100,"wallpaper_size_setting_2":500,"wallpaper_size_setting_3":500},"yoast_head":"<!-- This site is optimized with the Yoast SEO plugin v26.4 - https:\/\/yoast.com\/wordpress\/plugins\/seo\/ -->\n<title>William Morris | No 1 Holland Park - 82010 | Midbec Tapeter<\/title>\n<meta name=\"description\" content=\"This 1880\u2019s pattern was originally created as a ceiling decoration at this exclusive London address, No 1 Holland Park.\" \/>\n<meta name=\"robots\" content=\"index, follow, max-snippet:-1, max-image-preview:large, max-video-preview:-1\" \/>\n<link rel=\"canonical\" href=\"https:\/\/midbectapeter.se\/en\/collection\/hidden-treasures-vol-1\/no-1-holland-park-82010\/\" \/>\n<meta property=\"og:locale\" content=\"en_US\" \/>\n<meta property=\"og:type\" content=\"article\" \/>\n<meta property=\"og:title\" content=\"William Morris | No 1 Holland Park - 82010 | Midbec Tapeter\" \/>\n<meta property=\"og:description\" content=\"This 1880\u2019s pattern was originally created as a ceiling decoration at this exclusive London address, No 1 Holland Park.\" \/>\n<meta property=\"og:url\" content=\"https:\/\/midbectapeter.se\/en\/collection\/hidden-treasures-vol-1\/no-1-holland-park-82010\/\" \/>\n<meta property=\"og:site_name\" content=\"Midbec Tapeter\" \/>\n<meta property=\"article:publisher\" content=\"https:\/\/www.facebook.com\/midbectapeter\" \/>\n<meta property=\"og:image\" content=\"https:\/\/midbectapeter.se\/wp-content\/uploads\/82010.jpg?_t=1757581790\" \/>\n\t<meta property=\"og:image:width\" content=\"1000\" \/>\n\t<meta property=\"og:image:height\" content=\"1000\" \/>\n\t<meta property=\"og:image:type\" content=\"image\/jpeg\" \/>\n<meta name=\"twitter:card\" content=\"summary_large_image\" \/>\n<script type=\"application\/ld+json\" class=\"yoast-schema-graph\">{\"@context\":\"https:\/\/schema.org\",\"@graph\":[{\"@type\":\"WebPage\",\"@id\":\"https:\/\/midbectapeter.se\/en\/collection\/hidden-treasures-vol-1\/no-1-holland-park-82010\/\",\"url\":\"https:\/\/midbectapeter.se\/en\/collection\/hidden-treasures-vol-1\/no-1-holland-park-82010\/\",\"name\":\"William Morris | No 1 Holland Park - 82010 | Midbec Tapeter\",\"isPartOf\":{\"@id\":\"https:\/\/midbectapeter.se\/en\/#website\"},\"primaryImageOfPage\":{\"@id\":\"https:\/\/midbectapeter.se\/en\/collection\/hidden-treasures-vol-1\/no-1-holland-park-82010\/#primaryimage\"},\"image\":{\"@id\":\"https:\/\/midbectapeter.se\/en\/collection\/hidden-treasures-vol-1\/no-1-holland-park-82010\/#primaryimage\"},\"thumbnailUrl\":\"https:\/\/midbectapeter.se\/wp-content\/uploads\/82010.jpg\",\"datePublished\":\"2026-02-25T15:00:04+00:00\",\"description\":\"This 1880\u2019s pattern was originally created as a ceiling decoration at this exclusive London address, No 1 Holland Park.\",\"breadcrumb\":{\"@id\":\"https:\/\/midbectapeter.se\/en\/collection\/hidden-treasures-vol-1\/no-1-holland-park-82010\/#breadcrumb\"},\"inLanguage\":\"en-US\",\"potentialAction\":[{\"@type\":\"ReadAction\",\"target\":[\"https:\/\/midbectapeter.se\/en\/collection\/hidden-treasures-vol-1\/no-1-holland-park-82010\/\"]}]},{\"@type\":\"ImageObject\",\"inLanguage\":\"en-US\",\"@id\":\"https:\/\/midbectapeter.se\/en\/collection\/hidden-treasures-vol-1\/no-1-holland-park-82010\/#primaryimage\",\"url\":\"https:\/\/midbectapeter.se\/wp-content\/uploads\/82010.jpg\",\"contentUrl\":\"https:\/\/midbectapeter.se\/wp-content\/uploads\/82010.jpg\",\"width\":1000,\"height\":1000,\"caption\":\"Bl\u00e5, Multif\u00e4rgat tapet med Blommigt m\u00f6nster\"},{\"@type\":\"BreadcrumbList\",\"@id\":\"https:\/\/midbectapeter.se\/en\/collection\/hidden-treasures-vol-1\/no-1-holland-park-82010\/#breadcrumb\",\"itemListElement\":[{\"@type\":\"ListItem\",\"position\":1,\"name\":\"Hem\",\"item\":\"https:\/\/midbectapeter.se\/en\/\"},{\"@type\":\"ListItem\",\"position\":2,\"name\":\"Products\",\"item\":\"https:\/\/midbectapeter.se\/en\/shop\/\"},{\"@type\":\"ListItem\",\"position\":3,\"name\":\"No 1 Holland Park &#8211; 82010\"}]},{\"@type\":\"WebSite\",\"@id\":\"https:\/\/midbectapeter.se\/en\/#website\",\"url\":\"https:\/\/midbectapeter.se\/en\/\",\"name\":\"Midbec Tapeter\",\"description\":\"\",\"publisher\":{\"@id\":\"https:\/\/midbectapeter.se\/en\/#organization\"},\"potentialAction\":[{\"@type\":\"SearchAction\",\"target\":{\"@type\":\"EntryPoint\",\"urlTemplate\":\"https:\/\/midbectapeter.se\/en\/?s={search_term_string}\"},\"query-input\":{\"@type\":\"PropertyValueSpecification\",\"valueRequired\":true,\"valueName\":\"search_term_string\"}}],\"inLanguage\":\"en-US\"},{\"@type\":\"Organization\",\"@id\":\"https:\/\/midbectapeter.se\/en\/#organization\",\"name\":\"Midbec Tapeter\",\"url\":\"https:\/\/midbectapeter.se\/en\/\",\"logo\":{\"@type\":\"ImageObject\",\"inLanguage\":\"en-US\",\"@id\":\"https:\/\/midbectapeter.se\/en\/#\/schema\/logo\/image\/\",\"url\":\"https:\/\/midbectapeter.se\/wp-content\/uploads\/2022\/02\/midbec-logo-black.svg\",\"contentUrl\":\"https:\/\/midbectapeter.se\/wp-content\/uploads\/2022\/02\/midbec-logo-black.svg\",\"width\":1,\"height\":1,\"caption\":\"Midbec Tapeter\"},\"image\":{\"@id\":\"https:\/\/midbectapeter.se\/en\/#\/schema\/logo\/image\/\"},\"sameAs\":[\"https:\/\/www.facebook.com\/midbectapeter\",\"https:\/\/www.instagram.com\/midbectapeter\/\",\"https:\/\/www.pinterest.se\/midbec\/\"]},{\"@type\":\"Product\",\"name\":\"No 1 Holland Park - 82010\",\"image\":[\"https:\/\/midbectapeter.se\/wp-content\/uploads\/82010.jpg\",\"https:\/\/midbectapeter.se\/wp-content\/uploads\/82010__vardagsrum__1__tapet.jpg\"],\"offers\":{\"@type\":\"Offer\",\"priceCurrency\":\"SEK\",\"price\":\"\",\"availability\":\"https:\/\/schema.org\/InStock\",\"url\":\"https:\/\/midbectapeter.se\/en\/collection\/hidden-treasures-vol-1\/no-1-holland-park-82010\/\"},\"description\":\"<span style=\\\"font-weight: 400;\\\">This 1880\u2019s pattern was originally created as a ceiling decoration for A. A. Ionides, the wealthy resident of this exclusive London address, No 1 Holland Park. Repeating as a kaleidoscope-like mirroring, the pattern features lilies, a flower loved by Morris and used frequently in his designs.<\/span>\",\"brand\":{\"@type\":\"Brand\",\"name\":\"Midbec Tapeter\"},\"sku\":\"82010\",\"category\":\"Hidden Treasures vol 1\",\"material\":\"Non-woven\",\"color\":\"Blue, Multicolor\",\"productID\":120990}]}<\/script>\n<!-- \/ Yoast SEO plugin. -->","yoast_head_json":{"title":"William Morris | No 1 Holland Park - 82010 | Midbec Tapeter","description":"This 1880\u2019s pattern was originally created as a ceiling decoration at this exclusive London address, No 1 Holland Park.","robots":{"index":"index","follow":"follow","max-snippet":"max-snippet:-1","max-image-preview":"max-image-preview:large","max-video-preview":"max-video-preview:-1"},"canonical":"https:\/\/midbectapeter.se\/en\/collection\/hidden-treasures-vol-1\/no-1-holland-park-82010\/","og_locale":"en_US","og_type":"article","og_title":"William Morris | No 1 Holland Park - 82010 | Midbec Tapeter","og_description":"This 1880\u2019s pattern was originally created as a ceiling decoration at this exclusive London address, No 1 Holland Park.","og_url":"https:\/\/midbectapeter.se\/en\/collection\/hidden-treasures-vol-1\/no-1-holland-park-82010\/","og_site_name":"Midbec Tapeter","article_publisher":"https:\/\/www.facebook.com\/midbectapeter","og_image":[{"width":1000,"height":1000,"url":"https:\/\/midbectapeter.se\/wp-content\/uploads\/82010.jpg?_t=1757581790","type":"image\/jpeg"}],"twitter_card":"summary_large_image","schema":{"@context":"https:\/\/schema.org","@graph":[{"@type":"WebPage","@id":"https:\/\/midbectapeter.se\/en\/collection\/hidden-treasures-vol-1\/no-1-holland-park-82010\/","url":"https:\/\/midbectapeter.se\/en\/collection\/hidden-treasures-vol-1\/no-1-holland-park-82010\/","name":"William Morris | No 1 Holland Park - 82010 | Midbec Tapeter","isPartOf":{"@id":"https:\/\/midbectapeter.se\/en\/#website"},"primaryImageOfPage":{"@id":"https:\/\/midbectapeter.se\/en\/collection\/hidden-treasures-vol-1\/no-1-holland-park-82010\/#primaryimage"},"image":{"@id":"https:\/\/midbectapeter.se\/en\/collection\/hidden-treasures-vol-1\/no-1-holland-park-82010\/#primaryimage"},"thumbnailUrl":"https:\/\/midbectapeter.se\/wp-content\/uploads\/82010.jpg","datePublished":"2026-02-25T15:00:04+00:00","description":"This 1880\u2019s pattern was originally created as a ceiling decoration at this exclusive London address, No 1 Holland Park.","breadcrumb":{"@id":"https:\/\/midbectapeter.se\/en\/collection\/hidden-treasures-vol-1\/no-1-holland-park-82010\/#breadcrumb"},"inLanguage":"en-US","potentialAction":[{"@type":"ReadAction","target":["https:\/\/midbectapeter.se\/en\/collection\/hidden-treasures-vol-1\/no-1-holland-park-82010\/"]}]},{"@type":"ImageObject","inLanguage":"en-US","@id":"https:\/\/midbectapeter.se\/en\/collection\/hidden-treasures-vol-1\/no-1-holland-park-82010\/#primaryimage","url":"https:\/\/midbectapeter.se\/wp-content\/uploads\/82010.jpg","contentUrl":"https:\/\/midbectapeter.se\/wp-content\/uploads\/82010.jpg","width":1000,"height":1000,"caption":"Bl\u00e5, Multif\u00e4rgat tapet med Blommigt m\u00f6nster"},{"@type":"BreadcrumbList","@id":"https:\/\/midbectapeter.se\/en\/collection\/hidden-treasures-vol-1\/no-1-holland-park-82010\/#breadcrumb","itemListElement":[{"@type":"ListItem","position":1,"name":"Hem","item":"https:\/\/midbectapeter.se\/en\/"},{"@type":"ListItem","position":2,"name":"Products","item":"https:\/\/midbectapeter.se\/en\/shop\/"},{"@type":"ListItem","position":3,"name":"No 1 Holland Park &#8211; 82010"}]},{"@type":"WebSite","@id":"https:\/\/midbectapeter.se\/en\/#website","url":"https:\/\/midbectapeter.se\/en\/","name":"Midbec Tapeter","description":"","publisher":{"@id":"https:\/\/midbectapeter.se\/en\/#organization"},"potentialAction":[{"@type":"SearchAction","target":{"@type":"EntryPoint","urlTemplate":"https:\/\/midbectapeter.se\/en\/?s={search_term_string}"},"query-input":{"@type":"PropertyValueSpecification","valueRequired":true,"valueName":"search_term_string"}}],"inLanguage":"en-US"},{"@type":"Organization","@id":"https:\/\/midbectapeter.se\/en\/#organization","name":"Midbec Tapeter","url":"https:\/\/midbectapeter.se\/en\/","logo":{"@type":"ImageObject","inLanguage":"en-US","@id":"https:\/\/midbectapeter.se\/en\/#\/schema\/logo\/image\/","url":"https:\/\/midbectapeter.se\/wp-content\/uploads\/2022\/02\/midbec-logo-black.svg","contentUrl":"https:\/\/midbectapeter.se\/wp-content\/uploads\/2022\/02\/midbec-logo-black.svg","width":1,"height":1,"caption":"Midbec Tapeter"},"image":{"@id":"https:\/\/midbectapeter.se\/en\/#\/schema\/logo\/image\/"},"sameAs":["https:\/\/www.facebook.com\/midbectapeter","https:\/\/www.instagram.com\/midbectapeter\/","https:\/\/www.pinterest.se\/midbec\/"]},{"@type":"Product","name":"No 1 Holland Park - 82010","image":["https:\/\/midbectapeter.se\/wp-content\/uploads\/82010.jpg","https:\/\/midbectapeter.se\/wp-content\/uploads\/82010__vardagsrum__1__tapet.jpg"],"offers":{"@type":"Offer","priceCurrency":"SEK","price":"","availability":"https:\/\/schema.org\/InStock","url":"https:\/\/midbectapeter.se\/en\/collection\/hidden-treasures-vol-1\/no-1-holland-park-82010\/"},"description":"<span style=\"font-weight: 400;\">This 1880\u2019s pattern was originally created as a ceiling decoration for A. A. Ionides, the wealthy resident of this exclusive London address, No 1 Holland Park. Repeating as a kaleidoscope-like mirroring, the pattern features lilies, a flower loved by Morris and used frequently in his designs.<\/span>","brand":{"@type":"Brand","name":"Midbec Tapeter"},"sku":"82010","category":"Hidden Treasures vol 1","material":"Non-woven","color":"Blue, Multicolor","productID":120990}]}},"_links":{"self":[{"href":"https:\/\/midbectapeter.se\/en\/wp-json\/wp\/v2\/product\/120990","targetHints":{"allow":["GET"]}}],"collection":[{"href":"https:\/\/midbectapeter.se\/en\/wp-json\/wp\/v2\/product"}],"about":[{"href":"https:\/\/midbectapeter.se\/en\/wp-json\/wp\/v2\/types\/product"}],"replies":[{"embeddable":true,"href":"https:\/\/midbectapeter.se\/en\/wp-json\/wp\/v2\/comments?post=120990"}],"wp:featuredmedia":[{"embeddable":true,"href":"https:\/\/midbectapeter.se\/en\/wp-json\/wp\/v2\/media\/120580"}],"wp:attachment":[{"href":"https:\/\/midbectapeter.se\/en\/wp-json\/wp\/v2\/media?parent=120990"}],"wp:term":[{"taxonomy":"product_brand","embeddable":true,"href":"https:\/\/midbectapeter.se\/en\/wp-json\/wp\/v2\/product_brand?post=120990"},{"taxonomy":"product_cat","embeddable":true,"href":"https:\/\/midbectapeter.se\/en\/wp-json\/wp\/v2\/product_cat?post=120990"},{"taxonomy":"product_tag","embeddable":true,"href":"https:\/\/midbectapeter.se\/en\/wp-json\/wp\/v2\/product_tag?post=120990"},{"taxonomy":"texture_surface","embeddable":true,"href":"https:\/\/midbectapeter.se\/en\/wp-json\/wp\/v2\/texture_surface?post=120990"},{"taxonomy":"designers","embeddable":true,"href":"https:\/\/midbectapeter.se\/en\/wp-json\/wp\/v2\/designers?post=120990"},{"taxonomy":"cat_colors","embeddable":true,"href":"https:\/\/midbectapeter.se\/en\/wp-json\/wp\/v2\/cat_colors?post=120990"},{"taxonomy":"cat_patterns","embeddable":true,"href":"https:\/\/midbectapeter.se\/en\/wp-json\/wp\/v2\/cat_patterns?post=120990"},{"taxonomy":"cat_styles","embeddable":true,"href":"https:\/\/midbectapeter.se\/en\/wp-json\/wp\/v2\/cat_styles?post=120990"},{"taxonomy":"cat_rooms","embeddable":true,"href":"https:\/\/midbectapeter.se\/en\/wp-json\/wp\/v2\/cat_rooms?post=120990"}],"curies":[{"name":"wp","href":"https:\/\/api.w.org\/{rel}","templated":true}]}}