{"id":122330,"date":"2026-02-25T13:05:36","date_gmt":"2026-02-25T12:05:36","guid":{"rendered":"https:\/\/midbectapeter.se\/kollektion\/uncategorized\/adam-12324\/"},"modified":"2025-05-23T13:04:49","modified_gmt":"2025-05-23T11:04:49","slug":"adam-12324","status":"publish","type":"product","link":"https:\/\/midbectapeter.se\/en\/collection\/langenas\/adam-12324\/","title":{"rendered":"Adam &#8211; 12324"},"content":{"rendered":"<p>Soliga gula toner sprider en gemytlig och hemtrevlig k\u00e4nsla till sin omgivning. Adam \u00e4r en frodig tapet med ett vackert, ljusgult slingrande bladmotiv som skapar en h\u00e4rligt myllrande och verklighetstrogen k\u00e4nsla. Tapeten passar dig som vill \u00e5t den tidl\u00f6sa charmen fr\u00e5n klassiska svenska hem.<\/p>\n","protected":false},"excerpt":{"rendered":"<p>Soliga gula toner sprider en gemytlig och hemtrevlig k\u00e4nsla till sin omgivning. Adam \u00e4r en frodig tapet med ett vackert, ljusgult slingrande bladmotiv som skapar en h\u00e4rligt myllrande och verklighetstrogen k\u00e4nsla. Tapeten passar dig som vill \u00e5t den tidl\u00f6sa charmen fr\u00e5n klassiska svenska hem.<\/p>\n","protected":false},"featured_media":121722,"comment_status":"closed","ping_status":"closed","template":"","meta":{"_acf_changed":false},"product_brand":[],"product_cat":[395],"product_tag":[],"texture_surface":[305,306],"designers":[302],"cat_colors":[239],"cat_patterns":[319],"cat_styles":[299],"cat_rooms":[],"class_list":{"0":"post-122330","1":"product","2":"type-product","3":"status-publish","4":"has-post-thumbnail","6":"product_cat-langenas","7":"texture_surface-matte","8":"texture_surface-smooth","9":"designers-hanna-wendelbo","10":"cat_colors-gul","11":"cat_patterns-blad-en","12":"cat_styles-rural","14":"first","15":"instock","16":"taxable","17":"shipping-taxable","18":"purchasable","19":"product-type-variable"},"acf":{"visible_in_wallpaper_tool":false,"wallpaper_size_setting_1":100,"wallpaper_size_setting_2":500,"wallpaper_size_setting_3":500},"yoast_head":"<!-- This site is optimized with the Yoast SEO plugin v26.4 - https:\/\/yoast.com\/wordpress\/plugins\/seo\/ -->\n<title>Wallpaper pattern Adam - 12324 | Midbec Tapeter<\/title>\n<meta name=\"robots\" content=\"index, follow, max-snippet:-1, max-image-preview:large, max-video-preview:-1\" \/>\n<link rel=\"canonical\" href=\"https:\/\/midbectapeter.se\/en\/collection\/langenas\/adam-12324\/\" \/>\n<meta property=\"og:locale\" content=\"en_US\" \/>\n<meta property=\"og:type\" content=\"article\" \/>\n<meta property=\"og:title\" content=\"Wallpaper pattern Adam - 12324 | Midbec Tapeter\" \/>\n<meta property=\"og:description\" content=\"Soliga gula toner sprider en gemytlig och hemtrevlig k\u00e4nsla till sin omgivning. Adam \u00e4r en frodig tapet med ett vackert, ljusgult slingrande bladmotiv som skapar en h\u00e4rligt myllrande och verklighetstrogen k\u00e4nsla. Tapeten passar dig som vill \u00e5t den tidl\u00f6sa charmen fr\u00e5n klassiska svenska hem.\" \/>\n<meta property=\"og:url\" content=\"https:\/\/midbectapeter.se\/en\/collection\/langenas\/adam-12324\/\" \/>\n<meta property=\"og:site_name\" content=\"Midbec Tapeter\" \/>\n<meta property=\"article:publisher\" content=\"https:\/\/www.facebook.com\/midbectapeter\" \/>\n<meta property=\"og:image\" content=\"https:\/\/midbectapeter.se\/wp-content\/uploads\/12324.jpg\" \/>\n\t<meta property=\"og:image:width\" content=\"1000\" \/>\n\t<meta property=\"og:image:height\" content=\"1000\" \/>\n\t<meta property=\"og:image:type\" content=\"image\/jpeg\" \/>\n<meta name=\"twitter:card\" content=\"summary_large_image\" \/>\n<script type=\"application\/ld+json\" class=\"yoast-schema-graph\">{\"@context\":\"https:\/\/schema.org\",\"@graph\":[{\"@type\":\"WebPage\",\"@id\":\"https:\/\/midbectapeter.se\/en\/collection\/langenas\/adam-12324\/\",\"url\":\"https:\/\/midbectapeter.se\/en\/collection\/langenas\/adam-12324\/\",\"name\":\"Wallpaper pattern Adam - 12324 | Midbec Tapeter\",\"isPartOf\":{\"@id\":\"https:\/\/midbectapeter.se\/en\/#website\"},\"primaryImageOfPage\":{\"@id\":\"https:\/\/midbectapeter.se\/en\/collection\/langenas\/adam-12324\/#primaryimage\"},\"image\":{\"@id\":\"https:\/\/midbectapeter.se\/en\/collection\/langenas\/adam-12324\/#primaryimage\"},\"thumbnailUrl\":\"https:\/\/midbectapeter.se\/wp-content\/uploads\/12324.jpg\",\"datePublished\":\"2026-02-25T12:05:36+00:00\",\"breadcrumb\":{\"@id\":\"https:\/\/midbectapeter.se\/en\/collection\/langenas\/adam-12324\/#breadcrumb\"},\"inLanguage\":\"en-US\",\"potentialAction\":[{\"@type\":\"ReadAction\",\"target\":[\"https:\/\/midbectapeter.se\/en\/collection\/langenas\/adam-12324\/\"]}]},{\"@type\":\"ImageObject\",\"inLanguage\":\"en-US\",\"@id\":\"https:\/\/midbectapeter.se\/en\/collection\/langenas\/adam-12324\/#primaryimage\",\"url\":\"https:\/\/midbectapeter.se\/wp-content\/uploads\/12324.jpg\",\"contentUrl\":\"https:\/\/midbectapeter.se\/wp-content\/uploads\/12324.jpg\",\"width\":1000,\"height\":1000,\"caption\":\"Gul tapet med Blad m\u00f6nster\"},{\"@type\":\"BreadcrumbList\",\"@id\":\"https:\/\/midbectapeter.se\/en\/collection\/langenas\/adam-12324\/#breadcrumb\",\"itemListElement\":[{\"@type\":\"ListItem\",\"position\":1,\"name\":\"Hem\",\"item\":\"https:\/\/midbectapeter.se\/en\/\"},{\"@type\":\"ListItem\",\"position\":2,\"name\":\"Products\",\"item\":\"https:\/\/midbectapeter.se\/en\/shop\/\"},{\"@type\":\"ListItem\",\"position\":3,\"name\":\"Adam &#8211; 12324\"}]},{\"@type\":\"WebSite\",\"@id\":\"https:\/\/midbectapeter.se\/en\/#website\",\"url\":\"https:\/\/midbectapeter.se\/en\/\",\"name\":\"Midbec Tapeter\",\"description\":\"\",\"publisher\":{\"@id\":\"https:\/\/midbectapeter.se\/en\/#organization\"},\"potentialAction\":[{\"@type\":\"SearchAction\",\"target\":{\"@type\":\"EntryPoint\",\"urlTemplate\":\"https:\/\/midbectapeter.se\/en\/?s={search_term_string}\"},\"query-input\":{\"@type\":\"PropertyValueSpecification\",\"valueRequired\":true,\"valueName\":\"search_term_string\"}}],\"inLanguage\":\"en-US\"},{\"@type\":\"Organization\",\"@id\":\"https:\/\/midbectapeter.se\/en\/#organization\",\"name\":\"Midbec Tapeter\",\"url\":\"https:\/\/midbectapeter.se\/en\/\",\"logo\":{\"@type\":\"ImageObject\",\"inLanguage\":\"en-US\",\"@id\":\"https:\/\/midbectapeter.se\/en\/#\/schema\/logo\/image\/\",\"url\":\"https:\/\/midbectapeter.se\/wp-content\/uploads\/2022\/02\/midbec-logo-black.svg\",\"contentUrl\":\"https:\/\/midbectapeter.se\/wp-content\/uploads\/2022\/02\/midbec-logo-black.svg\",\"width\":1,\"height\":1,\"caption\":\"Midbec Tapeter\"},\"image\":{\"@id\":\"https:\/\/midbectapeter.se\/en\/#\/schema\/logo\/image\/\"},\"sameAs\":[\"https:\/\/www.facebook.com\/midbectapeter\",\"https:\/\/www.instagram.com\/midbectapeter\/\",\"https:\/\/www.pinterest.se\/midbec\/\"]},{\"@type\":\"Product\",\"name\":\"Adam - 12324\",\"image\":[\"https:\/\/midbectapeter.se\/wp-content\/uploads\/12324.jpg\",\"https:\/\/midbectapeter.se\/wp-content\/uploads\/12324__vardagsrum__1-scaled.jpg\",\"https:\/\/midbectapeter.se\/wp-content\/uploads\/12324__vardagsrum__2__tapet.jpg\"],\"offers\":{\"@type\":\"Offer\",\"priceCurrency\":\"SEK\",\"price\":\"\",\"availability\":\"https:\/\/schema.org\/InStock\",\"url\":\"https:\/\/midbectapeter.se\/en\/collection\/langenas\/adam-12324\/\"},\"description\":\"Soliga gula toner sprider en gemytlig och hemtrevlig k\u00e4nsla till sin omgivning. Adam \u00e4r en frodig tapet med ett vackert, ljusgult slingrande bladmotiv som skapar en h\u00e4rligt myllrande och verklighetstrogen k\u00e4nsla. Tapeten passar dig som vill \u00e5t den tidl\u00f6sa charmen fr\u00e5n klassiska svenska hem.\",\"brand\":{\"@type\":\"Brand\",\"name\":\"Midbec Tapeter\"},\"sku\":\"12324\",\"category\":\"L\u00e5ngen\u00e4s\",\"material\":\"Non-woven\",\"color\":\"Yellow\",\"productID\":122330}]}<\/script>\n<!-- \/ Yoast SEO plugin. -->","yoast_head_json":{"title":"Wallpaper pattern Adam - 12324 | Midbec Tapeter","robots":{"index":"index","follow":"follow","max-snippet":"max-snippet:-1","max-image-preview":"max-image-preview:large","max-video-preview":"max-video-preview:-1"},"canonical":"https:\/\/midbectapeter.se\/en\/collection\/langenas\/adam-12324\/","og_locale":"en_US","og_type":"article","og_title":"Wallpaper pattern Adam - 12324 | Midbec Tapeter","og_description":"Soliga gula toner sprider en gemytlig och hemtrevlig k\u00e4nsla till sin omgivning. Adam \u00e4r en frodig tapet med ett vackert, ljusgult slingrande bladmotiv som skapar en h\u00e4rligt myllrande och verklighetstrogen k\u00e4nsla. Tapeten passar dig som vill \u00e5t den tidl\u00f6sa charmen fr\u00e5n klassiska svenska hem.","og_url":"https:\/\/midbectapeter.se\/en\/collection\/langenas\/adam-12324\/","og_site_name":"Midbec Tapeter","article_publisher":"https:\/\/www.facebook.com\/midbectapeter","og_image":[{"width":1000,"height":1000,"url":"https:\/\/midbectapeter.se\/wp-content\/uploads\/12324.jpg","type":"image\/jpeg"}],"twitter_card":"summary_large_image","schema":{"@context":"https:\/\/schema.org","@graph":[{"@type":"WebPage","@id":"https:\/\/midbectapeter.se\/en\/collection\/langenas\/adam-12324\/","url":"https:\/\/midbectapeter.se\/en\/collection\/langenas\/adam-12324\/","name":"Wallpaper pattern Adam - 12324 | Midbec Tapeter","isPartOf":{"@id":"https:\/\/midbectapeter.se\/en\/#website"},"primaryImageOfPage":{"@id":"https:\/\/midbectapeter.se\/en\/collection\/langenas\/adam-12324\/#primaryimage"},"image":{"@id":"https:\/\/midbectapeter.se\/en\/collection\/langenas\/adam-12324\/#primaryimage"},"thumbnailUrl":"https:\/\/midbectapeter.se\/wp-content\/uploads\/12324.jpg","datePublished":"2026-02-25T12:05:36+00:00","breadcrumb":{"@id":"https:\/\/midbectapeter.se\/en\/collection\/langenas\/adam-12324\/#breadcrumb"},"inLanguage":"en-US","potentialAction":[{"@type":"ReadAction","target":["https:\/\/midbectapeter.se\/en\/collection\/langenas\/adam-12324\/"]}]},{"@type":"ImageObject","inLanguage":"en-US","@id":"https:\/\/midbectapeter.se\/en\/collection\/langenas\/adam-12324\/#primaryimage","url":"https:\/\/midbectapeter.se\/wp-content\/uploads\/12324.jpg","contentUrl":"https:\/\/midbectapeter.se\/wp-content\/uploads\/12324.jpg","width":1000,"height":1000,"caption":"Gul tapet med Blad m\u00f6nster"},{"@type":"BreadcrumbList","@id":"https:\/\/midbectapeter.se\/en\/collection\/langenas\/adam-12324\/#breadcrumb","itemListElement":[{"@type":"ListItem","position":1,"name":"Hem","item":"https:\/\/midbectapeter.se\/en\/"},{"@type":"ListItem","position":2,"name":"Products","item":"https:\/\/midbectapeter.se\/en\/shop\/"},{"@type":"ListItem","position":3,"name":"Adam &#8211; 12324"}]},{"@type":"WebSite","@id":"https:\/\/midbectapeter.se\/en\/#website","url":"https:\/\/midbectapeter.se\/en\/","name":"Midbec Tapeter","description":"","publisher":{"@id":"https:\/\/midbectapeter.se\/en\/#organization"},"potentialAction":[{"@type":"SearchAction","target":{"@type":"EntryPoint","urlTemplate":"https:\/\/midbectapeter.se\/en\/?s={search_term_string}"},"query-input":{"@type":"PropertyValueSpecification","valueRequired":true,"valueName":"search_term_string"}}],"inLanguage":"en-US"},{"@type":"Organization","@id":"https:\/\/midbectapeter.se\/en\/#organization","name":"Midbec Tapeter","url":"https:\/\/midbectapeter.se\/en\/","logo":{"@type":"ImageObject","inLanguage":"en-US","@id":"https:\/\/midbectapeter.se\/en\/#\/schema\/logo\/image\/","url":"https:\/\/midbectapeter.se\/wp-content\/uploads\/2022\/02\/midbec-logo-black.svg","contentUrl":"https:\/\/midbectapeter.se\/wp-content\/uploads\/2022\/02\/midbec-logo-black.svg","width":1,"height":1,"caption":"Midbec Tapeter"},"image":{"@id":"https:\/\/midbectapeter.se\/en\/#\/schema\/logo\/image\/"},"sameAs":["https:\/\/www.facebook.com\/midbectapeter","https:\/\/www.instagram.com\/midbectapeter\/","https:\/\/www.pinterest.se\/midbec\/"]},{"@type":"Product","name":"Adam - 12324","image":["https:\/\/midbectapeter.se\/wp-content\/uploads\/12324.jpg","https:\/\/midbectapeter.se\/wp-content\/uploads\/12324__vardagsrum__1-scaled.jpg","https:\/\/midbectapeter.se\/wp-content\/uploads\/12324__vardagsrum__2__tapet.jpg"],"offers":{"@type":"Offer","priceCurrency":"SEK","price":"","availability":"https:\/\/schema.org\/InStock","url":"https:\/\/midbectapeter.se\/en\/collection\/langenas\/adam-12324\/"},"description":"Soliga gula toner sprider en gemytlig och hemtrevlig k\u00e4nsla till sin omgivning. Adam \u00e4r en frodig tapet med ett vackert, ljusgult slingrande bladmotiv som skapar en h\u00e4rligt myllrande och verklighetstrogen k\u00e4nsla. Tapeten passar dig som vill \u00e5t den tidl\u00f6sa charmen fr\u00e5n klassiska svenska hem.","brand":{"@type":"Brand","name":"Midbec Tapeter"},"sku":"12324","category":"L\u00e5ngen\u00e4s","material":"Non-woven","color":"Yellow","productID":122330}]}},"_links":{"self":[{"href":"https:\/\/midbectapeter.se\/en\/wp-json\/wp\/v2\/product\/122330","targetHints":{"allow":["GET"]}}],"collection":[{"href":"https:\/\/midbectapeter.se\/en\/wp-json\/wp\/v2\/product"}],"about":[{"href":"https:\/\/midbectapeter.se\/en\/wp-json\/wp\/v2\/types\/product"}],"replies":[{"embeddable":true,"href":"https:\/\/midbectapeter.se\/en\/wp-json\/wp\/v2\/comments?post=122330"}],"wp:featuredmedia":[{"embeddable":true,"href":"https:\/\/midbectapeter.se\/en\/wp-json\/wp\/v2\/media\/121722"}],"wp:attachment":[{"href":"https:\/\/midbectapeter.se\/en\/wp-json\/wp\/v2\/media?parent=122330"}],"wp:term":[{"taxonomy":"product_brand","embeddable":true,"href":"https:\/\/midbectapeter.se\/en\/wp-json\/wp\/v2\/product_brand?post=122330"},{"taxonomy":"product_cat","embeddable":true,"href":"https:\/\/midbectapeter.se\/en\/wp-json\/wp\/v2\/product_cat?post=122330"},{"taxonomy":"product_tag","embeddable":true,"href":"https:\/\/midbectapeter.se\/en\/wp-json\/wp\/v2\/product_tag?post=122330"},{"taxonomy":"texture_surface","embeddable":true,"href":"https:\/\/midbectapeter.se\/en\/wp-json\/wp\/v2\/texture_surface?post=122330"},{"taxonomy":"designers","embeddable":true,"href":"https:\/\/midbectapeter.se\/en\/wp-json\/wp\/v2\/designers?post=122330"},{"taxonomy":"cat_colors","embeddable":true,"href":"https:\/\/midbectapeter.se\/en\/wp-json\/wp\/v2\/cat_colors?post=122330"},{"taxonomy":"cat_patterns","embeddable":true,"href":"https:\/\/midbectapeter.se\/en\/wp-json\/wp\/v2\/cat_patterns?post=122330"},{"taxonomy":"cat_styles","embeddable":true,"href":"https:\/\/midbectapeter.se\/en\/wp-json\/wp\/v2\/cat_styles?post=122330"},{"taxonomy":"cat_rooms","embeddable":true,"href":"https:\/\/midbectapeter.se\/en\/wp-json\/wp\/v2\/cat_rooms?post=122330"}],"curies":[{"name":"wp","href":"https:\/\/api.w.org\/{rel}","templated":true}]}}