{"id":125468,"date":"2026-03-18T02:00:57","date_gmt":"2026-03-18T01:00:57","guid":{"rendered":"https:\/\/midbectapeter.se\/kollektion\/uncategorized\/jute-16025\/"},"modified":"2024-06-20T11:39:30","modified_gmt":"2024-06-20T09:39:30","slug":"jute-16025","status":"publish","type":"product","link":"https:\/\/midbectapeter.se\/en\/collection\/sommarang\/jute-16025\/","title":{"rendered":"Jute &#8211; 16025"},"content":{"rendered":"<p>Jute is a plain wallpaper with a discreet textile surface. With this grey-green shade you get a calm and pleasant feel in the room.<\/p>\n","protected":false},"excerpt":{"rendered":"<p>Jute is a plain wallpaper with a discreet textile surface. With this grey-green shade you get a calm and pleasant feel in the room.<\/p>\n","protected":false},"featured_media":125259,"comment_status":"closed","ping_status":"closed","template":"","meta":{"_acf_changed":false},"product_brand":[],"product_cat":[424,413],"product_tag":[],"texture_surface":[327],"designers":[93],"cat_colors":[295],"cat_patterns":[235,363],"cat_styles":[],"cat_rooms":[268,207,219],"class_list":{"0":"post-125468","1":"product","2":"type-product","3":"status-publish","4":"has-post-thumbnail","6":"product_cat-midolin","7":"product_cat-sommarang","8":"texture_surface-latt-struktur-en","9":"designers-bjorn-nilsson","10":"cat_colors-green","11":"cat_patterns-enfargat","12":"cat_patterns-linne","13":"cat_rooms-rulle","14":"cat_rooms-sovrum","15":"cat_rooms-vardagsrum","17":"first","18":"instock","19":"taxable","20":"shipping-taxable","21":"purchasable","22":"product-type-variable"},"acf":{"visible_in_wallpaper_tool":false,"wallpaper_size_setting_1":100,"wallpaper_size_setting_2":500,"wallpaper_size_setting_3":500},"yoast_head":"<!-- This site is optimized with the Yoast SEO plugin v26.4 - https:\/\/yoast.com\/wordpress\/plugins\/seo\/ -->\n<title>Wallpaper pattern Jute - 16025 | Midbec Tapeter<\/title>\n<meta name=\"robots\" content=\"index, follow, max-snippet:-1, max-image-preview:large, max-video-preview:-1\" \/>\n<link rel=\"canonical\" href=\"https:\/\/midbectapeter.se\/en\/collection\/sommarang\/jute-16025\/\" \/>\n<meta property=\"og:locale\" content=\"en_US\" \/>\n<meta property=\"og:type\" content=\"article\" \/>\n<meta property=\"og:title\" content=\"Wallpaper pattern Jute - 16025 | Midbec Tapeter\" \/>\n<meta property=\"og:description\" content=\"Jute is a plain wallpaper with a discreet textile surface. With this grey-green shade you get a calm and pleasant feel in the room.\" \/>\n<meta property=\"og:url\" content=\"https:\/\/midbectapeter.se\/en\/collection\/sommarang\/jute-16025\/\" \/>\n<meta property=\"og:site_name\" content=\"Midbec Tapeter\" \/>\n<meta property=\"article:publisher\" content=\"https:\/\/www.facebook.com\/midbectapeter\" \/>\n<meta property=\"og:image\" content=\"https:\/\/midbectapeter.se\/wp-content\/uploads\/16025.jpg\" \/>\n\t<meta property=\"og:image:width\" content=\"1000\" \/>\n\t<meta property=\"og:image:height\" content=\"1000\" \/>\n\t<meta property=\"og:image:type\" content=\"image\/jpeg\" \/>\n<meta name=\"twitter:card\" content=\"summary_large_image\" \/>\n<script type=\"application\/ld+json\" class=\"yoast-schema-graph\">{\"@context\":\"https:\/\/schema.org\",\"@graph\":[{\"@type\":\"WebPage\",\"@id\":\"https:\/\/midbectapeter.se\/en\/collection\/sommarang\/jute-16025\/\",\"url\":\"https:\/\/midbectapeter.se\/en\/collection\/sommarang\/jute-16025\/\",\"name\":\"Wallpaper pattern Jute - 16025 | Midbec Tapeter\",\"isPartOf\":{\"@id\":\"https:\/\/midbectapeter.se\/en\/#website\"},\"primaryImageOfPage\":{\"@id\":\"https:\/\/midbectapeter.se\/en\/collection\/sommarang\/jute-16025\/#primaryimage\"},\"image\":{\"@id\":\"https:\/\/midbectapeter.se\/en\/collection\/sommarang\/jute-16025\/#primaryimage\"},\"thumbnailUrl\":\"https:\/\/midbectapeter.se\/wp-content\/uploads\/16025.jpg\",\"datePublished\":\"2026-03-18T01:00:57+00:00\",\"breadcrumb\":{\"@id\":\"https:\/\/midbectapeter.se\/en\/collection\/sommarang\/jute-16025\/#breadcrumb\"},\"inLanguage\":\"en-US\",\"potentialAction\":[{\"@type\":\"ReadAction\",\"target\":[\"https:\/\/midbectapeter.se\/en\/collection\/sommarang\/jute-16025\/\"]}]},{\"@type\":\"ImageObject\",\"inLanguage\":\"en-US\",\"@id\":\"https:\/\/midbectapeter.se\/en\/collection\/sommarang\/jute-16025\/#primaryimage\",\"url\":\"https:\/\/midbectapeter.se\/wp-content\/uploads\/16025.jpg\",\"contentUrl\":\"https:\/\/midbectapeter.se\/wp-content\/uploads\/16025.jpg\",\"width\":1000,\"height\":1000,\"caption\":\"Gr\u00f6n tapet med Enf\u00e4rgat, Linne m\u00f6nster\"},{\"@type\":\"BreadcrumbList\",\"@id\":\"https:\/\/midbectapeter.se\/en\/collection\/sommarang\/jute-16025\/#breadcrumb\",\"itemListElement\":[{\"@type\":\"ListItem\",\"position\":1,\"name\":\"Hem\",\"item\":\"https:\/\/midbectapeter.se\/en\/\"},{\"@type\":\"ListItem\",\"position\":2,\"name\":\"Products\",\"item\":\"https:\/\/midbectapeter.se\/en\/shop\/\"},{\"@type\":\"ListItem\",\"position\":3,\"name\":\"Jute &#8211; 16025\"}]},{\"@type\":\"WebSite\",\"@id\":\"https:\/\/midbectapeter.se\/en\/#website\",\"url\":\"https:\/\/midbectapeter.se\/en\/\",\"name\":\"Midbec Tapeter\",\"description\":\"\",\"publisher\":{\"@id\":\"https:\/\/midbectapeter.se\/en\/#organization\"},\"potentialAction\":[{\"@type\":\"SearchAction\",\"target\":{\"@type\":\"EntryPoint\",\"urlTemplate\":\"https:\/\/midbectapeter.se\/en\/?s={search_term_string}\"},\"query-input\":{\"@type\":\"PropertyValueSpecification\",\"valueRequired\":true,\"valueName\":\"search_term_string\"}}],\"inLanguage\":\"en-US\"},{\"@type\":\"Organization\",\"@id\":\"https:\/\/midbectapeter.se\/en\/#organization\",\"name\":\"Midbec Tapeter\",\"url\":\"https:\/\/midbectapeter.se\/en\/\",\"logo\":{\"@type\":\"ImageObject\",\"inLanguage\":\"en-US\",\"@id\":\"https:\/\/midbectapeter.se\/en\/#\/schema\/logo\/image\/\",\"url\":\"https:\/\/midbectapeter.se\/wp-content\/uploads\/2022\/02\/midbec-logo-black.svg\",\"contentUrl\":\"https:\/\/midbectapeter.se\/wp-content\/uploads\/2022\/02\/midbec-logo-black.svg\",\"width\":1,\"height\":1,\"caption\":\"Midbec Tapeter\"},\"image\":{\"@id\":\"https:\/\/midbectapeter.se\/en\/#\/schema\/logo\/image\/\"},\"sameAs\":[\"https:\/\/www.facebook.com\/midbectapeter\",\"https:\/\/www.instagram.com\/midbectapeter\/\",\"https:\/\/www.pinterest.se\/midbec\/\"]},{\"@type\":\"Product\",\"name\":\"Jute - 16025\",\"image\":[\"https:\/\/midbectapeter.se\/wp-content\/uploads\/16025.jpg\",\"https:\/\/midbectapeter.se\/wp-content\/uploads\/16025__sovrum__1__tapet.jpg\",\"https:\/\/midbectapeter.se\/wp-content\/uploads\/16025__vardagsrum__1__tapet.jpg\",\"https:\/\/midbectapeter.se\/wp-content\/uploads\/16025__xrulle.jpg\"],\"offers\":{\"@type\":\"Offer\",\"priceCurrency\":\"SEK\",\"price\":\"\",\"availability\":\"https:\/\/schema.org\/InStock\",\"url\":\"https:\/\/midbectapeter.se\/en\/collection\/sommarang\/jute-16025\/\"},\"description\":\"Jute is a plain wallpaper with a discreet textile surface. With this grey-green shade you get a calm and pleasant feel in the room.\",\"brand\":{\"@type\":\"Brand\",\"name\":\"Midbec Tapeter\"},\"sku\":\"16025\",\"category\":\"Midolin, Sommar\u00e4ng\",\"material\":\"Non-woven\",\"color\":\"Green\",\"productID\":125468}]}<\/script>\n<!-- \/ Yoast SEO plugin. -->","yoast_head_json":{"title":"Wallpaper pattern Jute - 16025 | Midbec Tapeter","robots":{"index":"index","follow":"follow","max-snippet":"max-snippet:-1","max-image-preview":"max-image-preview:large","max-video-preview":"max-video-preview:-1"},"canonical":"https:\/\/midbectapeter.se\/en\/collection\/sommarang\/jute-16025\/","og_locale":"en_US","og_type":"article","og_title":"Wallpaper pattern Jute - 16025 | Midbec Tapeter","og_description":"Jute is a plain wallpaper with a discreet textile surface. With this grey-green shade you get a calm and pleasant feel in the room.","og_url":"https:\/\/midbectapeter.se\/en\/collection\/sommarang\/jute-16025\/","og_site_name":"Midbec Tapeter","article_publisher":"https:\/\/www.facebook.com\/midbectapeter","og_image":[{"width":1000,"height":1000,"url":"https:\/\/midbectapeter.se\/wp-content\/uploads\/16025.jpg","type":"image\/jpeg"}],"twitter_card":"summary_large_image","schema":{"@context":"https:\/\/schema.org","@graph":[{"@type":"WebPage","@id":"https:\/\/midbectapeter.se\/en\/collection\/sommarang\/jute-16025\/","url":"https:\/\/midbectapeter.se\/en\/collection\/sommarang\/jute-16025\/","name":"Wallpaper pattern Jute - 16025 | Midbec Tapeter","isPartOf":{"@id":"https:\/\/midbectapeter.se\/en\/#website"},"primaryImageOfPage":{"@id":"https:\/\/midbectapeter.se\/en\/collection\/sommarang\/jute-16025\/#primaryimage"},"image":{"@id":"https:\/\/midbectapeter.se\/en\/collection\/sommarang\/jute-16025\/#primaryimage"},"thumbnailUrl":"https:\/\/midbectapeter.se\/wp-content\/uploads\/16025.jpg","datePublished":"2026-03-18T01:00:57+00:00","breadcrumb":{"@id":"https:\/\/midbectapeter.se\/en\/collection\/sommarang\/jute-16025\/#breadcrumb"},"inLanguage":"en-US","potentialAction":[{"@type":"ReadAction","target":["https:\/\/midbectapeter.se\/en\/collection\/sommarang\/jute-16025\/"]}]},{"@type":"ImageObject","inLanguage":"en-US","@id":"https:\/\/midbectapeter.se\/en\/collection\/sommarang\/jute-16025\/#primaryimage","url":"https:\/\/midbectapeter.se\/wp-content\/uploads\/16025.jpg","contentUrl":"https:\/\/midbectapeter.se\/wp-content\/uploads\/16025.jpg","width":1000,"height":1000,"caption":"Gr\u00f6n tapet med Enf\u00e4rgat, Linne m\u00f6nster"},{"@type":"BreadcrumbList","@id":"https:\/\/midbectapeter.se\/en\/collection\/sommarang\/jute-16025\/#breadcrumb","itemListElement":[{"@type":"ListItem","position":1,"name":"Hem","item":"https:\/\/midbectapeter.se\/en\/"},{"@type":"ListItem","position":2,"name":"Products","item":"https:\/\/midbectapeter.se\/en\/shop\/"},{"@type":"ListItem","position":3,"name":"Jute &#8211; 16025"}]},{"@type":"WebSite","@id":"https:\/\/midbectapeter.se\/en\/#website","url":"https:\/\/midbectapeter.se\/en\/","name":"Midbec Tapeter","description":"","publisher":{"@id":"https:\/\/midbectapeter.se\/en\/#organization"},"potentialAction":[{"@type":"SearchAction","target":{"@type":"EntryPoint","urlTemplate":"https:\/\/midbectapeter.se\/en\/?s={search_term_string}"},"query-input":{"@type":"PropertyValueSpecification","valueRequired":true,"valueName":"search_term_string"}}],"inLanguage":"en-US"},{"@type":"Organization","@id":"https:\/\/midbectapeter.se\/en\/#organization","name":"Midbec Tapeter","url":"https:\/\/midbectapeter.se\/en\/","logo":{"@type":"ImageObject","inLanguage":"en-US","@id":"https:\/\/midbectapeter.se\/en\/#\/schema\/logo\/image\/","url":"https:\/\/midbectapeter.se\/wp-content\/uploads\/2022\/02\/midbec-logo-black.svg","contentUrl":"https:\/\/midbectapeter.se\/wp-content\/uploads\/2022\/02\/midbec-logo-black.svg","width":1,"height":1,"caption":"Midbec Tapeter"},"image":{"@id":"https:\/\/midbectapeter.se\/en\/#\/schema\/logo\/image\/"},"sameAs":["https:\/\/www.facebook.com\/midbectapeter","https:\/\/www.instagram.com\/midbectapeter\/","https:\/\/www.pinterest.se\/midbec\/"]},{"@type":"Product","name":"Jute - 16025","image":["https:\/\/midbectapeter.se\/wp-content\/uploads\/16025.jpg","https:\/\/midbectapeter.se\/wp-content\/uploads\/16025__sovrum__1__tapet.jpg","https:\/\/midbectapeter.se\/wp-content\/uploads\/16025__vardagsrum__1__tapet.jpg","https:\/\/midbectapeter.se\/wp-content\/uploads\/16025__xrulle.jpg"],"offers":{"@type":"Offer","priceCurrency":"SEK","price":"","availability":"https:\/\/schema.org\/InStock","url":"https:\/\/midbectapeter.se\/en\/collection\/sommarang\/jute-16025\/"},"description":"Jute is a plain wallpaper with a discreet textile surface. With this grey-green shade you get a calm and pleasant feel in the room.","brand":{"@type":"Brand","name":"Midbec Tapeter"},"sku":"16025","category":"Midolin, Sommar\u00e4ng","material":"Non-woven","color":"Green","productID":125468}]}},"_links":{"self":[{"href":"https:\/\/midbectapeter.se\/en\/wp-json\/wp\/v2\/product\/125468","targetHints":{"allow":["GET"]}}],"collection":[{"href":"https:\/\/midbectapeter.se\/en\/wp-json\/wp\/v2\/product"}],"about":[{"href":"https:\/\/midbectapeter.se\/en\/wp-json\/wp\/v2\/types\/product"}],"replies":[{"embeddable":true,"href":"https:\/\/midbectapeter.se\/en\/wp-json\/wp\/v2\/comments?post=125468"}],"wp:featuredmedia":[{"embeddable":true,"href":"https:\/\/midbectapeter.se\/en\/wp-json\/wp\/v2\/media\/125259"}],"wp:attachment":[{"href":"https:\/\/midbectapeter.se\/en\/wp-json\/wp\/v2\/media?parent=125468"}],"wp:term":[{"taxonomy":"product_brand","embeddable":true,"href":"https:\/\/midbectapeter.se\/en\/wp-json\/wp\/v2\/product_brand?post=125468"},{"taxonomy":"product_cat","embeddable":true,"href":"https:\/\/midbectapeter.se\/en\/wp-json\/wp\/v2\/product_cat?post=125468"},{"taxonomy":"product_tag","embeddable":true,"href":"https:\/\/midbectapeter.se\/en\/wp-json\/wp\/v2\/product_tag?post=125468"},{"taxonomy":"texture_surface","embeddable":true,"href":"https:\/\/midbectapeter.se\/en\/wp-json\/wp\/v2\/texture_surface?post=125468"},{"taxonomy":"designers","embeddable":true,"href":"https:\/\/midbectapeter.se\/en\/wp-json\/wp\/v2\/designers?post=125468"},{"taxonomy":"cat_colors","embeddable":true,"href":"https:\/\/midbectapeter.se\/en\/wp-json\/wp\/v2\/cat_colors?post=125468"},{"taxonomy":"cat_patterns","embeddable":true,"href":"https:\/\/midbectapeter.se\/en\/wp-json\/wp\/v2\/cat_patterns?post=125468"},{"taxonomy":"cat_styles","embeddable":true,"href":"https:\/\/midbectapeter.se\/en\/wp-json\/wp\/v2\/cat_styles?post=125468"},{"taxonomy":"cat_rooms","embeddable":true,"href":"https:\/\/midbectapeter.se\/en\/wp-json\/wp\/v2\/cat_rooms?post=125468"}],"curies":[{"name":"wp","href":"https:\/\/api.w.org\/{rel}","templated":true}]}}