{"id":125503,"date":"2026-02-25T13:00:11","date_gmt":"2026-02-25T12:00:11","guid":{"rendered":"https:\/\/midbectapeter.se\/kollektion\/uncategorized\/olivia-bard-116040\/"},"modified":"2024-04-12T10:40:09","modified_gmt":"2024-04-12T08:40:09","slug":"olivia-bard-116040","status":"publish","type":"product","link":"https:\/\/midbectapeter.se\/en\/collection\/sommarang\/olivia-bard-116040\/","title":{"rendered":"Olivia B\u00e5rd &#8211; 116040"},"content":{"rendered":"<p>Let your mind and thoughts take you away to blooming meadows of clover where the grass is soft underfoot and the sun&#8217;s rays warm your tanned shoulders. The Olivia border in its green color allows summer to live on in your home even during the darkest winter months. The blooming small bouquets in mild colors go well with the plain grey-blue Sommarnatt, translates summer night, wallpaper.<\/p>\n","protected":false},"excerpt":{"rendered":"<p>Let your mind and thoughts take you away to blooming meadows of clover where the grass is soft underfoot and the sun&#8217;s rays warm your tanned shoulders. The Olivia border in its green color allows summer to live on in your home even during the darkest winter months. The blooming small bouquets in mild colors [&hellip;]<\/p>\n","protected":false},"featured_media":125048,"comment_status":"closed","ping_status":"closed","template":"","meta":{"_acf_changed":false},"product_brand":[],"product_cat":[413],"product_tag":[],"texture_surface":[305,306],"designers":[93],"cat_colors":[295],"cat_patterns":[296],"cat_styles":[299],"cat_rooms":[207],"class_list":{"0":"post-125503","1":"product","2":"type-product","3":"status-publish","4":"has-post-thumbnail","6":"product_cat-sommarang","7":"texture_surface-matte","8":"texture_surface-smooth","9":"designers-bjorn-nilsson","10":"cat_colors-green","11":"cat_patterns-floral","12":"cat_styles-rural","13":"cat_rooms-sovrum","15":"first","16":"instock","17":"taxable","18":"shipping-taxable","19":"purchasable","20":"product-type-variable"},"acf":{"visible_in_wallpaper_tool":false,"wallpaper_size_setting_1":100,"wallpaper_size_setting_2":500,"wallpaper_size_setting_3":500},"yoast_head":"<!-- This site is optimized with the Yoast SEO plugin v26.4 - https:\/\/yoast.com\/wordpress\/plugins\/seo\/ -->\n<title>Wallpaper pattern Olivia B\u00e5rd - 116040 | Midbec Tapeter<\/title>\n<meta name=\"robots\" content=\"index, follow, max-snippet:-1, max-image-preview:large, max-video-preview:-1\" \/>\n<link rel=\"canonical\" href=\"https:\/\/midbectapeter.se\/en\/collection\/sommarang\/olivia-bard-116040\/\" \/>\n<meta property=\"og:locale\" content=\"en_US\" \/>\n<meta property=\"og:type\" content=\"article\" \/>\n<meta property=\"og:title\" content=\"Wallpaper pattern Olivia B\u00e5rd - 116040 | Midbec Tapeter\" \/>\n<meta property=\"og:description\" content=\"Let your mind and thoughts take you away to blooming meadows of clover where the grass is soft underfoot and the sun&#8217;s rays warm your tanned shoulders. The Olivia border in its green color allows summer to live on in your home even during the darkest winter months. The blooming small bouquets in mild colors [&hellip;]\" \/>\n<meta property=\"og:url\" content=\"https:\/\/midbectapeter.se\/en\/collection\/sommarang\/olivia-bard-116040\/\" \/>\n<meta property=\"og:site_name\" content=\"Midbec Tapeter\" \/>\n<meta property=\"article:publisher\" content=\"https:\/\/www.facebook.com\/midbectapeter\" \/>\n<meta property=\"og:image\" content=\"https:\/\/midbectapeter.se\/wp-content\/uploads\/116040.jpg\" \/>\n\t<meta property=\"og:image:width\" content=\"255\" \/>\n\t<meta property=\"og:image:height\" content=\"1000\" \/>\n\t<meta property=\"og:image:type\" content=\"image\/jpeg\" \/>\n<meta name=\"twitter:card\" content=\"summary_large_image\" \/>\n<script type=\"application\/ld+json\" class=\"yoast-schema-graph\">{\"@context\":\"https:\/\/schema.org\",\"@graph\":[{\"@type\":\"WebPage\",\"@id\":\"https:\/\/midbectapeter.se\/en\/collection\/sommarang\/olivia-bard-116040\/\",\"url\":\"https:\/\/midbectapeter.se\/en\/collection\/sommarang\/olivia-bard-116040\/\",\"name\":\"Wallpaper pattern Olivia B\u00e5rd - 116040 | Midbec Tapeter\",\"isPartOf\":{\"@id\":\"https:\/\/midbectapeter.se\/en\/#website\"},\"primaryImageOfPage\":{\"@id\":\"https:\/\/midbectapeter.se\/en\/collection\/sommarang\/olivia-bard-116040\/#primaryimage\"},\"image\":{\"@id\":\"https:\/\/midbectapeter.se\/en\/collection\/sommarang\/olivia-bard-116040\/#primaryimage\"},\"thumbnailUrl\":\"https:\/\/midbectapeter.se\/wp-content\/uploads\/116040.jpg\",\"datePublished\":\"2026-02-25T12:00:11+00:00\",\"breadcrumb\":{\"@id\":\"https:\/\/midbectapeter.se\/en\/collection\/sommarang\/olivia-bard-116040\/#breadcrumb\"},\"inLanguage\":\"en-US\",\"potentialAction\":[{\"@type\":\"ReadAction\",\"target\":[\"https:\/\/midbectapeter.se\/en\/collection\/sommarang\/olivia-bard-116040\/\"]}]},{\"@type\":\"ImageObject\",\"inLanguage\":\"en-US\",\"@id\":\"https:\/\/midbectapeter.se\/en\/collection\/sommarang\/olivia-bard-116040\/#primaryimage\",\"url\":\"https:\/\/midbectapeter.se\/wp-content\/uploads\/116040.jpg\",\"contentUrl\":\"https:\/\/midbectapeter.se\/wp-content\/uploads\/116040.jpg\",\"width\":1080,\"height\":1350,\"caption\":\"Gr\u00f6n tapet med Blommigt, B\u00e5rd m\u00f6nster\"},{\"@type\":\"BreadcrumbList\",\"@id\":\"https:\/\/midbectapeter.se\/en\/collection\/sommarang\/olivia-bard-116040\/#breadcrumb\",\"itemListElement\":[{\"@type\":\"ListItem\",\"position\":1,\"name\":\"Hem\",\"item\":\"https:\/\/midbectapeter.se\/en\/\"},{\"@type\":\"ListItem\",\"position\":2,\"name\":\"Products\",\"item\":\"https:\/\/midbectapeter.se\/en\/shop\/\"},{\"@type\":\"ListItem\",\"position\":3,\"name\":\"Olivia B\u00e5rd &#8211; 116040\"}]},{\"@type\":\"WebSite\",\"@id\":\"https:\/\/midbectapeter.se\/en\/#website\",\"url\":\"https:\/\/midbectapeter.se\/en\/\",\"name\":\"Midbec Tapeter\",\"description\":\"\",\"publisher\":{\"@id\":\"https:\/\/midbectapeter.se\/en\/#organization\"},\"potentialAction\":[{\"@type\":\"SearchAction\",\"target\":{\"@type\":\"EntryPoint\",\"urlTemplate\":\"https:\/\/midbectapeter.se\/en\/?s={search_term_string}\"},\"query-input\":{\"@type\":\"PropertyValueSpecification\",\"valueRequired\":true,\"valueName\":\"search_term_string\"}}],\"inLanguage\":\"en-US\"},{\"@type\":\"Organization\",\"@id\":\"https:\/\/midbectapeter.se\/en\/#organization\",\"name\":\"Midbec Tapeter\",\"url\":\"https:\/\/midbectapeter.se\/en\/\",\"logo\":{\"@type\":\"ImageObject\",\"inLanguage\":\"en-US\",\"@id\":\"https:\/\/midbectapeter.se\/en\/#\/schema\/logo\/image\/\",\"url\":\"https:\/\/midbectapeter.se\/wp-content\/uploads\/2022\/02\/midbec-logo-black.svg\",\"contentUrl\":\"https:\/\/midbectapeter.se\/wp-content\/uploads\/2022\/02\/midbec-logo-black.svg\",\"width\":1,\"height\":1,\"caption\":\"Midbec Tapeter\"},\"image\":{\"@id\":\"https:\/\/midbectapeter.se\/en\/#\/schema\/logo\/image\/\"},\"sameAs\":[\"https:\/\/www.facebook.com\/midbectapeter\",\"https:\/\/www.instagram.com\/midbectapeter\/\",\"https:\/\/www.pinterest.se\/midbec\/\"]},{\"@type\":\"Product\",\"name\":\"Olivia B\u00e5rd - 116040\",\"image\":[\"https:\/\/midbectapeter.se\/wp-content\/uploads\/116040.jpg\",\"https:\/\/midbectapeter.se\/wp-content\/uploads\/116040__sovrum__1__tapet.jpg\",\"https:\/\/midbectapeter.se\/wp-content\/uploads\/116040__xdetalj.jpg\"],\"offers\":{\"@type\":\"Offer\",\"priceCurrency\":\"SEK\",\"price\":\"\",\"availability\":\"https:\/\/schema.org\/InStock\",\"url\":\"https:\/\/midbectapeter.se\/en\/collection\/sommarang\/olivia-bard-116040\/\"},\"description\":\"Let your mind and thoughts take you away to blooming meadows of clover where the grass is soft underfoot and the sun's rays warm your tanned shoulders. The Olivia border in its green color allows summer to live on in your home even during the darkest winter months. The blooming small bouquets in mild colors go well with the plain grey-blue Sommarnatt, translates summer night, wallpaper.\",\"brand\":{\"@type\":\"Brand\",\"name\":\"Midbec Tapeter\"},\"sku\":\"116040\",\"category\":\"Sommar\u00e4ng\",\"material\":\"Non-woven\",\"color\":\"Green\",\"productID\":125503}]}<\/script>\n<!-- \/ Yoast SEO plugin. -->","yoast_head_json":{"title":"Wallpaper pattern Olivia B\u00e5rd - 116040 | Midbec Tapeter","robots":{"index":"index","follow":"follow","max-snippet":"max-snippet:-1","max-image-preview":"max-image-preview:large","max-video-preview":"max-video-preview:-1"},"canonical":"https:\/\/midbectapeter.se\/en\/collection\/sommarang\/olivia-bard-116040\/","og_locale":"en_US","og_type":"article","og_title":"Wallpaper pattern Olivia B\u00e5rd - 116040 | Midbec Tapeter","og_description":"Let your mind and thoughts take you away to blooming meadows of clover where the grass is soft underfoot and the sun&#8217;s rays warm your tanned shoulders. The Olivia border in its green color allows summer to live on in your home even during the darkest winter months. The blooming small bouquets in mild colors [&hellip;]","og_url":"https:\/\/midbectapeter.se\/en\/collection\/sommarang\/olivia-bard-116040\/","og_site_name":"Midbec Tapeter","article_publisher":"https:\/\/www.facebook.com\/midbectapeter","og_image":[{"width":255,"height":1000,"url":"https:\/\/midbectapeter.se\/wp-content\/uploads\/116040.jpg","type":"image\/jpeg"}],"twitter_card":"summary_large_image","schema":{"@context":"https:\/\/schema.org","@graph":[{"@type":"WebPage","@id":"https:\/\/midbectapeter.se\/en\/collection\/sommarang\/olivia-bard-116040\/","url":"https:\/\/midbectapeter.se\/en\/collection\/sommarang\/olivia-bard-116040\/","name":"Wallpaper pattern Olivia B\u00e5rd - 116040 | Midbec Tapeter","isPartOf":{"@id":"https:\/\/midbectapeter.se\/en\/#website"},"primaryImageOfPage":{"@id":"https:\/\/midbectapeter.se\/en\/collection\/sommarang\/olivia-bard-116040\/#primaryimage"},"image":{"@id":"https:\/\/midbectapeter.se\/en\/collection\/sommarang\/olivia-bard-116040\/#primaryimage"},"thumbnailUrl":"https:\/\/midbectapeter.se\/wp-content\/uploads\/116040.jpg","datePublished":"2026-02-25T12:00:11+00:00","breadcrumb":{"@id":"https:\/\/midbectapeter.se\/en\/collection\/sommarang\/olivia-bard-116040\/#breadcrumb"},"inLanguage":"en-US","potentialAction":[{"@type":"ReadAction","target":["https:\/\/midbectapeter.se\/en\/collection\/sommarang\/olivia-bard-116040\/"]}]},{"@type":"ImageObject","inLanguage":"en-US","@id":"https:\/\/midbectapeter.se\/en\/collection\/sommarang\/olivia-bard-116040\/#primaryimage","url":"https:\/\/midbectapeter.se\/wp-content\/uploads\/116040.jpg","contentUrl":"https:\/\/midbectapeter.se\/wp-content\/uploads\/116040.jpg","width":1080,"height":1350,"caption":"Gr\u00f6n tapet med Blommigt, B\u00e5rd m\u00f6nster"},{"@type":"BreadcrumbList","@id":"https:\/\/midbectapeter.se\/en\/collection\/sommarang\/olivia-bard-116040\/#breadcrumb","itemListElement":[{"@type":"ListItem","position":1,"name":"Hem","item":"https:\/\/midbectapeter.se\/en\/"},{"@type":"ListItem","position":2,"name":"Products","item":"https:\/\/midbectapeter.se\/en\/shop\/"},{"@type":"ListItem","position":3,"name":"Olivia B\u00e5rd &#8211; 116040"}]},{"@type":"WebSite","@id":"https:\/\/midbectapeter.se\/en\/#website","url":"https:\/\/midbectapeter.se\/en\/","name":"Midbec Tapeter","description":"","publisher":{"@id":"https:\/\/midbectapeter.se\/en\/#organization"},"potentialAction":[{"@type":"SearchAction","target":{"@type":"EntryPoint","urlTemplate":"https:\/\/midbectapeter.se\/en\/?s={search_term_string}"},"query-input":{"@type":"PropertyValueSpecification","valueRequired":true,"valueName":"search_term_string"}}],"inLanguage":"en-US"},{"@type":"Organization","@id":"https:\/\/midbectapeter.se\/en\/#organization","name":"Midbec Tapeter","url":"https:\/\/midbectapeter.se\/en\/","logo":{"@type":"ImageObject","inLanguage":"en-US","@id":"https:\/\/midbectapeter.se\/en\/#\/schema\/logo\/image\/","url":"https:\/\/midbectapeter.se\/wp-content\/uploads\/2022\/02\/midbec-logo-black.svg","contentUrl":"https:\/\/midbectapeter.se\/wp-content\/uploads\/2022\/02\/midbec-logo-black.svg","width":1,"height":1,"caption":"Midbec Tapeter"},"image":{"@id":"https:\/\/midbectapeter.se\/en\/#\/schema\/logo\/image\/"},"sameAs":["https:\/\/www.facebook.com\/midbectapeter","https:\/\/www.instagram.com\/midbectapeter\/","https:\/\/www.pinterest.se\/midbec\/"]},{"@type":"Product","name":"Olivia B\u00e5rd - 116040","image":["https:\/\/midbectapeter.se\/wp-content\/uploads\/116040.jpg","https:\/\/midbectapeter.se\/wp-content\/uploads\/116040__sovrum__1__tapet.jpg","https:\/\/midbectapeter.se\/wp-content\/uploads\/116040__xdetalj.jpg"],"offers":{"@type":"Offer","priceCurrency":"SEK","price":"","availability":"https:\/\/schema.org\/InStock","url":"https:\/\/midbectapeter.se\/en\/collection\/sommarang\/olivia-bard-116040\/"},"description":"Let your mind and thoughts take you away to blooming meadows of clover where the grass is soft underfoot and the sun's rays warm your tanned shoulders. The Olivia border in its green color allows summer to live on in your home even during the darkest winter months. The blooming small bouquets in mild colors go well with the plain grey-blue Sommarnatt, translates summer night, wallpaper.","brand":{"@type":"Brand","name":"Midbec Tapeter"},"sku":"116040","category":"Sommar\u00e4ng","material":"Non-woven","color":"Green","productID":125503}]}},"_links":{"self":[{"href":"https:\/\/midbectapeter.se\/en\/wp-json\/wp\/v2\/product\/125503","targetHints":{"allow":["GET"]}}],"collection":[{"href":"https:\/\/midbectapeter.se\/en\/wp-json\/wp\/v2\/product"}],"about":[{"href":"https:\/\/midbectapeter.se\/en\/wp-json\/wp\/v2\/types\/product"}],"replies":[{"embeddable":true,"href":"https:\/\/midbectapeter.se\/en\/wp-json\/wp\/v2\/comments?post=125503"}],"wp:featuredmedia":[{"embeddable":true,"href":"https:\/\/midbectapeter.se\/en\/wp-json\/wp\/v2\/media\/125048"}],"wp:attachment":[{"href":"https:\/\/midbectapeter.se\/en\/wp-json\/wp\/v2\/media?parent=125503"}],"wp:term":[{"taxonomy":"product_brand","embeddable":true,"href":"https:\/\/midbectapeter.se\/en\/wp-json\/wp\/v2\/product_brand?post=125503"},{"taxonomy":"product_cat","embeddable":true,"href":"https:\/\/midbectapeter.se\/en\/wp-json\/wp\/v2\/product_cat?post=125503"},{"taxonomy":"product_tag","embeddable":true,"href":"https:\/\/midbectapeter.se\/en\/wp-json\/wp\/v2\/product_tag?post=125503"},{"taxonomy":"texture_surface","embeddable":true,"href":"https:\/\/midbectapeter.se\/en\/wp-json\/wp\/v2\/texture_surface?post=125503"},{"taxonomy":"designers","embeddable":true,"href":"https:\/\/midbectapeter.se\/en\/wp-json\/wp\/v2\/designers?post=125503"},{"taxonomy":"cat_colors","embeddable":true,"href":"https:\/\/midbectapeter.se\/en\/wp-json\/wp\/v2\/cat_colors?post=125503"},{"taxonomy":"cat_patterns","embeddable":true,"href":"https:\/\/midbectapeter.se\/en\/wp-json\/wp\/v2\/cat_patterns?post=125503"},{"taxonomy":"cat_styles","embeddable":true,"href":"https:\/\/midbectapeter.se\/en\/wp-json\/wp\/v2\/cat_styles?post=125503"},{"taxonomy":"cat_rooms","embeddable":true,"href":"https:\/\/midbectapeter.se\/en\/wp-json\/wp\/v2\/cat_rooms?post=125503"}],"curies":[{"name":"wp","href":"https:\/\/api.w.org\/{rel}","templated":true}]}}