{"id":125564,"date":"2026-03-04T02:05:36","date_gmt":"2026-03-04T01:05:36","guid":{"rendered":"https:\/\/midbectapeter.se\/kollektion\/uncategorized\/sommarnatt-16009\/"},"modified":"2024-06-20T11:03:24","modified_gmt":"2024-06-20T09:03:24","slug":"sommarnatt-16009","status":"publish","type":"product","link":"https:\/\/midbectapeter.se\/en\/collection\/sommarang\/sommarnatt-16009\/","title":{"rendered":"Sommarnatt &#8211; 16009"},"content":{"rendered":"<p>Sommarnatt, translates Summer night, is a small patterned wallpaper where lovely little flowers in dull purple, old pink, oat and green rest on a creamy white background. A careful pattern that creates a subtle character in the room and leaves room for other furnishings.<\/p>\n","protected":false},"excerpt":{"rendered":"<p>Sommarnatt, translates Summer night, is a small patterned wallpaper where lovely little flowers in dull purple, old pink, oat and green rest on a creamy white background. A careful pattern that creates a subtle character in the room and leaves room for other furnishings.<\/p>\n","protected":false},"featured_media":125146,"comment_status":"closed","ping_status":"closed","template":"","meta":{"_acf_changed":false},"product_brand":[],"product_cat":[413],"product_tag":[],"texture_surface":[305,306],"designers":[93],"cat_colors":[243],"cat_patterns":[296,297],"cat_styles":[321,300],"cat_rooms":[256],"class_list":{"0":"post-125564","1":"product","2":"type-product","3":"status-publish","4":"has-post-thumbnail","6":"product_cat-sommarang","7":"texture_surface-matte","8":"texture_surface-smooth","9":"designers-bjorn-nilsson","10":"cat_colors-multifargat","11":"cat_patterns-floral","12":"cat_patterns-small-patterned","13":"cat_styles-children","14":"cat_styles-classic","15":"cat_rooms-barnrum","17":"first","18":"instock","19":"taxable","20":"shipping-taxable","21":"purchasable","22":"product-type-variable"},"acf":{"visible_in_wallpaper_tool":false,"wallpaper_size_setting_1":100,"wallpaper_size_setting_2":500,"wallpaper_size_setting_3":500},"yoast_head":"<!-- This site is optimized with the Yoast SEO plugin v26.4 - https:\/\/yoast.com\/wordpress\/plugins\/seo\/ -->\n<title>Wallpaper pattern Sommarnatt - 16009 | Midbec Tapeter<\/title>\n<meta name=\"robots\" content=\"index, follow, max-snippet:-1, max-image-preview:large, max-video-preview:-1\" \/>\n<link rel=\"canonical\" href=\"https:\/\/midbectapeter.se\/en\/collection\/sommarang\/sommarnatt-16009\/\" \/>\n<meta property=\"og:locale\" content=\"en_US\" \/>\n<meta property=\"og:type\" content=\"article\" \/>\n<meta property=\"og:title\" content=\"Wallpaper pattern Sommarnatt - 16009 | Midbec Tapeter\" \/>\n<meta property=\"og:description\" content=\"Sommarnatt, translates Summer night, is a small patterned wallpaper where lovely little flowers in dull purple, old pink, oat and green rest on a creamy white background. A careful pattern that creates a subtle character in the room and leaves room for other furnishings.\" \/>\n<meta property=\"og:url\" content=\"https:\/\/midbectapeter.se\/en\/collection\/sommarang\/sommarnatt-16009\/\" \/>\n<meta property=\"og:site_name\" content=\"Midbec Tapeter\" \/>\n<meta property=\"article:publisher\" content=\"https:\/\/www.facebook.com\/midbectapeter\" \/>\n<meta property=\"og:image\" content=\"https:\/\/midbectapeter.se\/wp-content\/uploads\/16009.jpg\" \/>\n\t<meta property=\"og:image:width\" content=\"1000\" \/>\n\t<meta property=\"og:image:height\" content=\"1000\" \/>\n\t<meta property=\"og:image:type\" content=\"image\/jpeg\" \/>\n<meta name=\"twitter:card\" content=\"summary_large_image\" \/>\n<script type=\"application\/ld+json\" class=\"yoast-schema-graph\">{\"@context\":\"https:\/\/schema.org\",\"@graph\":[{\"@type\":\"WebPage\",\"@id\":\"https:\/\/midbectapeter.se\/en\/collection\/sommarang\/sommarnatt-16009\/\",\"url\":\"https:\/\/midbectapeter.se\/en\/collection\/sommarang\/sommarnatt-16009\/\",\"name\":\"Wallpaper pattern Sommarnatt - 16009 | Midbec Tapeter\",\"isPartOf\":{\"@id\":\"https:\/\/midbectapeter.se\/en\/#website\"},\"primaryImageOfPage\":{\"@id\":\"https:\/\/midbectapeter.se\/en\/collection\/sommarang\/sommarnatt-16009\/#primaryimage\"},\"image\":{\"@id\":\"https:\/\/midbectapeter.se\/en\/collection\/sommarang\/sommarnatt-16009\/#primaryimage\"},\"thumbnailUrl\":\"https:\/\/midbectapeter.se\/wp-content\/uploads\/16009.jpg\",\"datePublished\":\"2026-03-04T01:05:36+00:00\",\"breadcrumb\":{\"@id\":\"https:\/\/midbectapeter.se\/en\/collection\/sommarang\/sommarnatt-16009\/#breadcrumb\"},\"inLanguage\":\"en-US\",\"potentialAction\":[{\"@type\":\"ReadAction\",\"target\":[\"https:\/\/midbectapeter.se\/en\/collection\/sommarang\/sommarnatt-16009\/\"]}]},{\"@type\":\"ImageObject\",\"inLanguage\":\"en-US\",\"@id\":\"https:\/\/midbectapeter.se\/en\/collection\/sommarang\/sommarnatt-16009\/#primaryimage\",\"url\":\"https:\/\/midbectapeter.se\/wp-content\/uploads\/16009.jpg\",\"contentUrl\":\"https:\/\/midbectapeter.se\/wp-content\/uploads\/16009.jpg\",\"width\":1000,\"height\":1000,\"caption\":\"Multif\u00e4rgat tapet med Blommigt, Sm\u00e5m\u00f6nstrat m\u00f6nster\"},{\"@type\":\"BreadcrumbList\",\"@id\":\"https:\/\/midbectapeter.se\/en\/collection\/sommarang\/sommarnatt-16009\/#breadcrumb\",\"itemListElement\":[{\"@type\":\"ListItem\",\"position\":1,\"name\":\"Hem\",\"item\":\"https:\/\/midbectapeter.se\/en\/\"},{\"@type\":\"ListItem\",\"position\":2,\"name\":\"Products\",\"item\":\"https:\/\/midbectapeter.se\/en\/shop\/\"},{\"@type\":\"ListItem\",\"position\":3,\"name\":\"Sommarnatt &#8211; 16009\"}]},{\"@type\":\"WebSite\",\"@id\":\"https:\/\/midbectapeter.se\/en\/#website\",\"url\":\"https:\/\/midbectapeter.se\/en\/\",\"name\":\"Midbec Tapeter\",\"description\":\"\",\"publisher\":{\"@id\":\"https:\/\/midbectapeter.se\/en\/#organization\"},\"potentialAction\":[{\"@type\":\"SearchAction\",\"target\":{\"@type\":\"EntryPoint\",\"urlTemplate\":\"https:\/\/midbectapeter.se\/en\/?s={search_term_string}\"},\"query-input\":{\"@type\":\"PropertyValueSpecification\",\"valueRequired\":true,\"valueName\":\"search_term_string\"}}],\"inLanguage\":\"en-US\"},{\"@type\":\"Organization\",\"@id\":\"https:\/\/midbectapeter.se\/en\/#organization\",\"name\":\"Midbec Tapeter\",\"url\":\"https:\/\/midbectapeter.se\/en\/\",\"logo\":{\"@type\":\"ImageObject\",\"inLanguage\":\"en-US\",\"@id\":\"https:\/\/midbectapeter.se\/en\/#\/schema\/logo\/image\/\",\"url\":\"https:\/\/midbectapeter.se\/wp-content\/uploads\/2022\/02\/midbec-logo-black.svg\",\"contentUrl\":\"https:\/\/midbectapeter.se\/wp-content\/uploads\/2022\/02\/midbec-logo-black.svg\",\"width\":1,\"height\":1,\"caption\":\"Midbec Tapeter\"},\"image\":{\"@id\":\"https:\/\/midbectapeter.se\/en\/#\/schema\/logo\/image\/\"},\"sameAs\":[\"https:\/\/www.facebook.com\/midbectapeter\",\"https:\/\/www.instagram.com\/midbectapeter\/\",\"https:\/\/www.pinterest.se\/midbec\/\"]},{\"@type\":\"Product\",\"name\":\"Sommarnatt - 16009\",\"image\":[\"https:\/\/midbectapeter.se\/wp-content\/uploads\/16009.jpg\",\"https:\/\/midbectapeter.se\/wp-content\/uploads\/16009__barnrum__1.jpg\",\"https:\/\/midbectapeter.se\/wp-content\/uploads\/16009__barnrum__2__tapet.jpg\"],\"offers\":{\"@type\":\"Offer\",\"priceCurrency\":\"SEK\",\"price\":\"\",\"availability\":\"https:\/\/schema.org\/InStock\",\"url\":\"https:\/\/midbectapeter.se\/en\/collection\/sommarang\/sommarnatt-16009\/\"},\"description\":\"Sommarnatt, translates Summer night, is a small patterned wallpaper where lovely little flowers in dull purple, old pink, oat and green rest on a creamy white background. A careful pattern that creates a subtle character in the room and leaves room for other furnishings.\",\"brand\":{\"@type\":\"Brand\",\"name\":\"Midbec Tapeter\"},\"sku\":\"16009\",\"category\":\"Sommar\u00e4ng\",\"material\":\"Non-woven\",\"color\":\"Multicolor\",\"productID\":125564}]}<\/script>\n<!-- \/ Yoast SEO plugin. -->","yoast_head_json":{"title":"Wallpaper pattern Sommarnatt - 16009 | Midbec Tapeter","robots":{"index":"index","follow":"follow","max-snippet":"max-snippet:-1","max-image-preview":"max-image-preview:large","max-video-preview":"max-video-preview:-1"},"canonical":"https:\/\/midbectapeter.se\/en\/collection\/sommarang\/sommarnatt-16009\/","og_locale":"en_US","og_type":"article","og_title":"Wallpaper pattern Sommarnatt - 16009 | Midbec Tapeter","og_description":"Sommarnatt, translates Summer night, is a small patterned wallpaper where lovely little flowers in dull purple, old pink, oat and green rest on a creamy white background. A careful pattern that creates a subtle character in the room and leaves room for other furnishings.","og_url":"https:\/\/midbectapeter.se\/en\/collection\/sommarang\/sommarnatt-16009\/","og_site_name":"Midbec Tapeter","article_publisher":"https:\/\/www.facebook.com\/midbectapeter","og_image":[{"width":1000,"height":1000,"url":"https:\/\/midbectapeter.se\/wp-content\/uploads\/16009.jpg","type":"image\/jpeg"}],"twitter_card":"summary_large_image","schema":{"@context":"https:\/\/schema.org","@graph":[{"@type":"WebPage","@id":"https:\/\/midbectapeter.se\/en\/collection\/sommarang\/sommarnatt-16009\/","url":"https:\/\/midbectapeter.se\/en\/collection\/sommarang\/sommarnatt-16009\/","name":"Wallpaper pattern Sommarnatt - 16009 | Midbec Tapeter","isPartOf":{"@id":"https:\/\/midbectapeter.se\/en\/#website"},"primaryImageOfPage":{"@id":"https:\/\/midbectapeter.se\/en\/collection\/sommarang\/sommarnatt-16009\/#primaryimage"},"image":{"@id":"https:\/\/midbectapeter.se\/en\/collection\/sommarang\/sommarnatt-16009\/#primaryimage"},"thumbnailUrl":"https:\/\/midbectapeter.se\/wp-content\/uploads\/16009.jpg","datePublished":"2026-03-04T01:05:36+00:00","breadcrumb":{"@id":"https:\/\/midbectapeter.se\/en\/collection\/sommarang\/sommarnatt-16009\/#breadcrumb"},"inLanguage":"en-US","potentialAction":[{"@type":"ReadAction","target":["https:\/\/midbectapeter.se\/en\/collection\/sommarang\/sommarnatt-16009\/"]}]},{"@type":"ImageObject","inLanguage":"en-US","@id":"https:\/\/midbectapeter.se\/en\/collection\/sommarang\/sommarnatt-16009\/#primaryimage","url":"https:\/\/midbectapeter.se\/wp-content\/uploads\/16009.jpg","contentUrl":"https:\/\/midbectapeter.se\/wp-content\/uploads\/16009.jpg","width":1000,"height":1000,"caption":"Multif\u00e4rgat tapet med Blommigt, Sm\u00e5m\u00f6nstrat m\u00f6nster"},{"@type":"BreadcrumbList","@id":"https:\/\/midbectapeter.se\/en\/collection\/sommarang\/sommarnatt-16009\/#breadcrumb","itemListElement":[{"@type":"ListItem","position":1,"name":"Hem","item":"https:\/\/midbectapeter.se\/en\/"},{"@type":"ListItem","position":2,"name":"Products","item":"https:\/\/midbectapeter.se\/en\/shop\/"},{"@type":"ListItem","position":3,"name":"Sommarnatt &#8211; 16009"}]},{"@type":"WebSite","@id":"https:\/\/midbectapeter.se\/en\/#website","url":"https:\/\/midbectapeter.se\/en\/","name":"Midbec Tapeter","description":"","publisher":{"@id":"https:\/\/midbectapeter.se\/en\/#organization"},"potentialAction":[{"@type":"SearchAction","target":{"@type":"EntryPoint","urlTemplate":"https:\/\/midbectapeter.se\/en\/?s={search_term_string}"},"query-input":{"@type":"PropertyValueSpecification","valueRequired":true,"valueName":"search_term_string"}}],"inLanguage":"en-US"},{"@type":"Organization","@id":"https:\/\/midbectapeter.se\/en\/#organization","name":"Midbec Tapeter","url":"https:\/\/midbectapeter.se\/en\/","logo":{"@type":"ImageObject","inLanguage":"en-US","@id":"https:\/\/midbectapeter.se\/en\/#\/schema\/logo\/image\/","url":"https:\/\/midbectapeter.se\/wp-content\/uploads\/2022\/02\/midbec-logo-black.svg","contentUrl":"https:\/\/midbectapeter.se\/wp-content\/uploads\/2022\/02\/midbec-logo-black.svg","width":1,"height":1,"caption":"Midbec Tapeter"},"image":{"@id":"https:\/\/midbectapeter.se\/en\/#\/schema\/logo\/image\/"},"sameAs":["https:\/\/www.facebook.com\/midbectapeter","https:\/\/www.instagram.com\/midbectapeter\/","https:\/\/www.pinterest.se\/midbec\/"]},{"@type":"Product","name":"Sommarnatt - 16009","image":["https:\/\/midbectapeter.se\/wp-content\/uploads\/16009.jpg","https:\/\/midbectapeter.se\/wp-content\/uploads\/16009__barnrum__1.jpg","https:\/\/midbectapeter.se\/wp-content\/uploads\/16009__barnrum__2__tapet.jpg"],"offers":{"@type":"Offer","priceCurrency":"SEK","price":"","availability":"https:\/\/schema.org\/InStock","url":"https:\/\/midbectapeter.se\/en\/collection\/sommarang\/sommarnatt-16009\/"},"description":"Sommarnatt, translates Summer night, is a small patterned wallpaper where lovely little flowers in dull purple, old pink, oat and green rest on a creamy white background. A careful pattern that creates a subtle character in the room and leaves room for other furnishings.","brand":{"@type":"Brand","name":"Midbec Tapeter"},"sku":"16009","category":"Sommar\u00e4ng","material":"Non-woven","color":"Multicolor","productID":125564}]}},"_links":{"self":[{"href":"https:\/\/midbectapeter.se\/en\/wp-json\/wp\/v2\/product\/125564","targetHints":{"allow":["GET"]}}],"collection":[{"href":"https:\/\/midbectapeter.se\/en\/wp-json\/wp\/v2\/product"}],"about":[{"href":"https:\/\/midbectapeter.se\/en\/wp-json\/wp\/v2\/types\/product"}],"replies":[{"embeddable":true,"href":"https:\/\/midbectapeter.se\/en\/wp-json\/wp\/v2\/comments?post=125564"}],"wp:featuredmedia":[{"embeddable":true,"href":"https:\/\/midbectapeter.se\/en\/wp-json\/wp\/v2\/media\/125146"}],"wp:attachment":[{"href":"https:\/\/midbectapeter.se\/en\/wp-json\/wp\/v2\/media?parent=125564"}],"wp:term":[{"taxonomy":"product_brand","embeddable":true,"href":"https:\/\/midbectapeter.se\/en\/wp-json\/wp\/v2\/product_brand?post=125564"},{"taxonomy":"product_cat","embeddable":true,"href":"https:\/\/midbectapeter.se\/en\/wp-json\/wp\/v2\/product_cat?post=125564"},{"taxonomy":"product_tag","embeddable":true,"href":"https:\/\/midbectapeter.se\/en\/wp-json\/wp\/v2\/product_tag?post=125564"},{"taxonomy":"texture_surface","embeddable":true,"href":"https:\/\/midbectapeter.se\/en\/wp-json\/wp\/v2\/texture_surface?post=125564"},{"taxonomy":"designers","embeddable":true,"href":"https:\/\/midbectapeter.se\/en\/wp-json\/wp\/v2\/designers?post=125564"},{"taxonomy":"cat_colors","embeddable":true,"href":"https:\/\/midbectapeter.se\/en\/wp-json\/wp\/v2\/cat_colors?post=125564"},{"taxonomy":"cat_patterns","embeddable":true,"href":"https:\/\/midbectapeter.se\/en\/wp-json\/wp\/v2\/cat_patterns?post=125564"},{"taxonomy":"cat_styles","embeddable":true,"href":"https:\/\/midbectapeter.se\/en\/wp-json\/wp\/v2\/cat_styles?post=125564"},{"taxonomy":"cat_rooms","embeddable":true,"href":"https:\/\/midbectapeter.se\/en\/wp-json\/wp\/v2\/cat_rooms?post=125564"}],"curies":[{"name":"wp","href":"https:\/\/api.w.org\/{rel}","templated":true}]}}