{"id":128876,"date":"2026-02-25T16:35:22","date_gmt":"2026-02-25T15:35:22","guid":{"rendered":"https:\/\/midbectapeter.se\/kollektion\/uncategorized\/vine-embroidery-ht84003\/"},"modified":"2024-09-27T09:52:38","modified_gmt":"2024-09-27T07:52:38","slug":"vine-embroidery-ht84003","status":"publish","type":"product","link":"https:\/\/midbectapeter.se\/en\/collection\/hidden-treasures-vol-2\/vine-embroidery-ht84003\/","title":{"rendered":"Vine Embroidery &#8211; HT84003"},"content":{"rendered":"<p>A beautiful craft on wallpaper. The Vine Embroidery wall motif is a large-scale embroidery from 1896 where lush climbing vines, various kinds of leaves and flowers form a dense thicket of vegetation in shades of dark green, brown, burgundy and blue. The wealth of detail is fantastic and the soul of the embroidery has been carried over to the wallpaper. The pattern mirrors itself repeatedly, thereby creating visual depth and a timeless character to the contemporary home. Can you find the birds hiding in the thicket?<\/p>\n","protected":false},"excerpt":{"rendered":"<p>A beautiful craft on wallpaper. The Vine Embroidery wall motif is a large-scale embroidery from 1896 where lush climbing vines, various kinds of leaves and flowers form a dense thicket of vegetation in shades of dark green, brown, burgundy and blue. The wealth of detail is fantastic and the soul of the embroidery has been [&hellip;]<\/p>\n","protected":false},"featured_media":128743,"comment_status":"closed","ping_status":"closed","template":"","meta":{"_acf_changed":false},"product_brand":[],"product_cat":[422],"product_tag":[],"texture_surface":[306],"designers":[390],"cat_colors":[295],"cat_patterns":[296],"cat_styles":[396],"cat_rooms":[],"class_list":{"0":"post-128876","1":"product","2":"type-product","3":"status-publish","4":"has-post-thumbnail","6":"product_cat-hidden-treasures-vol-2","7":"texture_surface-smooth","8":"designers-william-morris","9":"cat_colors-green","10":"cat_patterns-floral","11":"cat_styles-sekelskifte","13":"first","14":"instock","15":"taxable","16":"shipping-taxable","17":"purchasable","18":"product-type-variable"},"acf":{"visible_in_wallpaper_tool":false,"wallpaper_size_setting_1":100,"wallpaper_size_setting_2":500,"wallpaper_size_setting_3":500},"yoast_head":"<!-- This site is optimized with the Yoast SEO plugin v26.4 - https:\/\/yoast.com\/wordpress\/plugins\/seo\/ -->\n<title>Wallpaper pattern Vine Embroidery - HT84003 | Midbec Tapeter<\/title>\n<meta name=\"robots\" content=\"index, follow, max-snippet:-1, max-image-preview:large, max-video-preview:-1\" \/>\n<link rel=\"canonical\" href=\"https:\/\/midbectapeter.se\/en\/collection\/hidden-treasures-vol-2\/vine-embroidery-ht84003\/\" \/>\n<meta property=\"og:locale\" content=\"en_US\" \/>\n<meta property=\"og:type\" content=\"article\" \/>\n<meta property=\"og:title\" content=\"Wallpaper pattern Vine Embroidery - HT84003 | Midbec Tapeter\" \/>\n<meta property=\"og:description\" content=\"A beautiful craft on wallpaper. The Vine Embroidery wall motif is a large-scale embroidery from 1896 where lush climbing vines, various kinds of leaves and flowers form a dense thicket of vegetation in shades of dark green, brown, burgundy and blue. The wealth of detail is fantastic and the soul of the embroidery has been [&hellip;]\" \/>\n<meta property=\"og:url\" content=\"https:\/\/midbectapeter.se\/en\/collection\/hidden-treasures-vol-2\/vine-embroidery-ht84003\/\" \/>\n<meta property=\"og:site_name\" content=\"Midbec Tapeter\" \/>\n<meta property=\"article:publisher\" content=\"https:\/\/www.facebook.com\/midbectapeter\" \/>\n<meta property=\"og:image\" content=\"https:\/\/midbectapeter.se\/wp-content\/uploads\/HT84003.jpg?_t=1727423559\" \/>\n\t<meta property=\"og:image:width\" content=\"852\" \/>\n\t<meta property=\"og:image:height\" content=\"1000\" \/>\n\t<meta property=\"og:image:type\" content=\"image\/jpeg\" \/>\n<meta name=\"twitter:card\" content=\"summary_large_image\" \/>\n<script type=\"application\/ld+json\" class=\"yoast-schema-graph\">{\"@context\":\"https:\/\/schema.org\",\"@graph\":[{\"@type\":\"WebPage\",\"@id\":\"https:\/\/midbectapeter.se\/en\/collection\/hidden-treasures-vol-2\/vine-embroidery-ht84003\/\",\"url\":\"https:\/\/midbectapeter.se\/en\/collection\/hidden-treasures-vol-2\/vine-embroidery-ht84003\/\",\"name\":\"Wallpaper pattern Vine Embroidery - HT84003 | Midbec Tapeter\",\"isPartOf\":{\"@id\":\"https:\/\/midbectapeter.se\/en\/#website\"},\"primaryImageOfPage\":{\"@id\":\"https:\/\/midbectapeter.se\/en\/collection\/hidden-treasures-vol-2\/vine-embroidery-ht84003\/#primaryimage\"},\"image\":{\"@id\":\"https:\/\/midbectapeter.se\/en\/collection\/hidden-treasures-vol-2\/vine-embroidery-ht84003\/#primaryimage\"},\"thumbnailUrl\":\"https:\/\/midbectapeter.se\/wp-content\/uploads\/HT84003.jpg\",\"datePublished\":\"2026-02-25T15:35:22+00:00\",\"breadcrumb\":{\"@id\":\"https:\/\/midbectapeter.se\/en\/collection\/hidden-treasures-vol-2\/vine-embroidery-ht84003\/#breadcrumb\"},\"inLanguage\":\"en-US\",\"potentialAction\":[{\"@type\":\"ReadAction\",\"target\":[\"https:\/\/midbectapeter.se\/en\/collection\/hidden-treasures-vol-2\/vine-embroidery-ht84003\/\"]}]},{\"@type\":\"ImageObject\",\"inLanguage\":\"en-US\",\"@id\":\"https:\/\/midbectapeter.se\/en\/collection\/hidden-treasures-vol-2\/vine-embroidery-ht84003\/#primaryimage\",\"url\":\"https:\/\/midbectapeter.se\/wp-content\/uploads\/HT84003.jpg\",\"contentUrl\":\"https:\/\/midbectapeter.se\/wp-content\/uploads\/HT84003.jpg\",\"width\":852,\"height\":1000,\"caption\":\"Gr\u00f6n, Multif\u00e4rgat tapet med Djur, Blommigt, Fototapet m\u00f6nster\"},{\"@type\":\"BreadcrumbList\",\"@id\":\"https:\/\/midbectapeter.se\/en\/collection\/hidden-treasures-vol-2\/vine-embroidery-ht84003\/#breadcrumb\",\"itemListElement\":[{\"@type\":\"ListItem\",\"position\":1,\"name\":\"Hem\",\"item\":\"https:\/\/midbectapeter.se\/en\/\"},{\"@type\":\"ListItem\",\"position\":2,\"name\":\"Products\",\"item\":\"https:\/\/midbectapeter.se\/en\/shop\/\"},{\"@type\":\"ListItem\",\"position\":3,\"name\":\"Vine Embroidery &#8211; HT84003\"}]},{\"@type\":\"WebSite\",\"@id\":\"https:\/\/midbectapeter.se\/en\/#website\",\"url\":\"https:\/\/midbectapeter.se\/en\/\",\"name\":\"Midbec Tapeter\",\"description\":\"\",\"publisher\":{\"@id\":\"https:\/\/midbectapeter.se\/en\/#organization\"},\"potentialAction\":[{\"@type\":\"SearchAction\",\"target\":{\"@type\":\"EntryPoint\",\"urlTemplate\":\"https:\/\/midbectapeter.se\/en\/?s={search_term_string}\"},\"query-input\":{\"@type\":\"PropertyValueSpecification\",\"valueRequired\":true,\"valueName\":\"search_term_string\"}}],\"inLanguage\":\"en-US\"},{\"@type\":\"Organization\",\"@id\":\"https:\/\/midbectapeter.se\/en\/#organization\",\"name\":\"Midbec Tapeter\",\"url\":\"https:\/\/midbectapeter.se\/en\/\",\"logo\":{\"@type\":\"ImageObject\",\"inLanguage\":\"en-US\",\"@id\":\"https:\/\/midbectapeter.se\/en\/#\/schema\/logo\/image\/\",\"url\":\"https:\/\/midbectapeter.se\/wp-content\/uploads\/2022\/02\/midbec-logo-black.svg\",\"contentUrl\":\"https:\/\/midbectapeter.se\/wp-content\/uploads\/2022\/02\/midbec-logo-black.svg\",\"width\":1,\"height\":1,\"caption\":\"Midbec Tapeter\"},\"image\":{\"@id\":\"https:\/\/midbectapeter.se\/en\/#\/schema\/logo\/image\/\"},\"sameAs\":[\"https:\/\/www.facebook.com\/midbectapeter\",\"https:\/\/www.instagram.com\/midbectapeter\/\",\"https:\/\/www.pinterest.se\/midbec\/\"]},{\"@type\":\"Product\",\"name\":\"Vine Embroidery - HT84003\",\"image\":[\"https:\/\/midbectapeter.se\/wp-content\/uploads\/HT84003.jpg\",\"https:\/\/midbectapeter.se\/wp-content\/uploads\/HT84003__hall__1__tapet.jpg\",\"https:\/\/midbectapeter.se\/wp-content\/uploads\/HT84003__hall__2__tapet.jpg\",\"https:\/\/midbectapeter.se\/wp-content\/uploads\/HT84003__xdesign__1__tapet.jpg\"],\"offers\":{\"@type\":\"Offer\",\"priceCurrency\":\"SEK\",\"price\":\"\",\"availability\":\"https:\/\/schema.org\/InStock\",\"url\":\"https:\/\/midbectapeter.se\/en\/collection\/hidden-treasures-vol-2\/vine-embroidery-ht84003\/\"},\"description\":\"A beautiful craft on wallpaper. The Vine Embroidery wall motif is a large-scale embroidery from 1896 where lush climbing vines, various kinds of leaves and flowers form a dense thicket of vegetation in shades of dark green, brown, burgundy and blue. The wealth of detail is fantastic and the soul of the embroidery has been carried over to the wallpaper. The pattern mirrors itself repeatedly, thereby creating visual depth and a timeless character to the contemporary home. Can you find the birds hiding in the thicket?\",\"brand\":{\"@type\":\"Brand\",\"name\":\"Midbec Tapeter\"},\"sku\":\"HT84003\",\"category\":\"Hidden Treasures vol 2\",\"material\":\"Non-woven\",\"color\":\"Green, Multicolor\",\"productID\":128876}]}<\/script>\n<!-- \/ Yoast SEO plugin. -->","yoast_head_json":{"title":"Wallpaper pattern Vine Embroidery - HT84003 | Midbec Tapeter","robots":{"index":"index","follow":"follow","max-snippet":"max-snippet:-1","max-image-preview":"max-image-preview:large","max-video-preview":"max-video-preview:-1"},"canonical":"https:\/\/midbectapeter.se\/en\/collection\/hidden-treasures-vol-2\/vine-embroidery-ht84003\/","og_locale":"en_US","og_type":"article","og_title":"Wallpaper pattern Vine Embroidery - HT84003 | Midbec Tapeter","og_description":"A beautiful craft on wallpaper. The Vine Embroidery wall motif is a large-scale embroidery from 1896 where lush climbing vines, various kinds of leaves and flowers form a dense thicket of vegetation in shades of dark green, brown, burgundy and blue. The wealth of detail is fantastic and the soul of the embroidery has been [&hellip;]","og_url":"https:\/\/midbectapeter.se\/en\/collection\/hidden-treasures-vol-2\/vine-embroidery-ht84003\/","og_site_name":"Midbec Tapeter","article_publisher":"https:\/\/www.facebook.com\/midbectapeter","og_image":[{"width":852,"height":1000,"url":"https:\/\/midbectapeter.se\/wp-content\/uploads\/HT84003.jpg?_t=1727423559","type":"image\/jpeg"}],"twitter_card":"summary_large_image","schema":{"@context":"https:\/\/schema.org","@graph":[{"@type":"WebPage","@id":"https:\/\/midbectapeter.se\/en\/collection\/hidden-treasures-vol-2\/vine-embroidery-ht84003\/","url":"https:\/\/midbectapeter.se\/en\/collection\/hidden-treasures-vol-2\/vine-embroidery-ht84003\/","name":"Wallpaper pattern Vine Embroidery - HT84003 | Midbec Tapeter","isPartOf":{"@id":"https:\/\/midbectapeter.se\/en\/#website"},"primaryImageOfPage":{"@id":"https:\/\/midbectapeter.se\/en\/collection\/hidden-treasures-vol-2\/vine-embroidery-ht84003\/#primaryimage"},"image":{"@id":"https:\/\/midbectapeter.se\/en\/collection\/hidden-treasures-vol-2\/vine-embroidery-ht84003\/#primaryimage"},"thumbnailUrl":"https:\/\/midbectapeter.se\/wp-content\/uploads\/HT84003.jpg","datePublished":"2026-02-25T15:35:22+00:00","breadcrumb":{"@id":"https:\/\/midbectapeter.se\/en\/collection\/hidden-treasures-vol-2\/vine-embroidery-ht84003\/#breadcrumb"},"inLanguage":"en-US","potentialAction":[{"@type":"ReadAction","target":["https:\/\/midbectapeter.se\/en\/collection\/hidden-treasures-vol-2\/vine-embroidery-ht84003\/"]}]},{"@type":"ImageObject","inLanguage":"en-US","@id":"https:\/\/midbectapeter.se\/en\/collection\/hidden-treasures-vol-2\/vine-embroidery-ht84003\/#primaryimage","url":"https:\/\/midbectapeter.se\/wp-content\/uploads\/HT84003.jpg","contentUrl":"https:\/\/midbectapeter.se\/wp-content\/uploads\/HT84003.jpg","width":852,"height":1000,"caption":"Gr\u00f6n, Multif\u00e4rgat tapet med Djur, Blommigt, Fototapet m\u00f6nster"},{"@type":"BreadcrumbList","@id":"https:\/\/midbectapeter.se\/en\/collection\/hidden-treasures-vol-2\/vine-embroidery-ht84003\/#breadcrumb","itemListElement":[{"@type":"ListItem","position":1,"name":"Hem","item":"https:\/\/midbectapeter.se\/en\/"},{"@type":"ListItem","position":2,"name":"Products","item":"https:\/\/midbectapeter.se\/en\/shop\/"},{"@type":"ListItem","position":3,"name":"Vine Embroidery &#8211; HT84003"}]},{"@type":"WebSite","@id":"https:\/\/midbectapeter.se\/en\/#website","url":"https:\/\/midbectapeter.se\/en\/","name":"Midbec Tapeter","description":"","publisher":{"@id":"https:\/\/midbectapeter.se\/en\/#organization"},"potentialAction":[{"@type":"SearchAction","target":{"@type":"EntryPoint","urlTemplate":"https:\/\/midbectapeter.se\/en\/?s={search_term_string}"},"query-input":{"@type":"PropertyValueSpecification","valueRequired":true,"valueName":"search_term_string"}}],"inLanguage":"en-US"},{"@type":"Organization","@id":"https:\/\/midbectapeter.se\/en\/#organization","name":"Midbec Tapeter","url":"https:\/\/midbectapeter.se\/en\/","logo":{"@type":"ImageObject","inLanguage":"en-US","@id":"https:\/\/midbectapeter.se\/en\/#\/schema\/logo\/image\/","url":"https:\/\/midbectapeter.se\/wp-content\/uploads\/2022\/02\/midbec-logo-black.svg","contentUrl":"https:\/\/midbectapeter.se\/wp-content\/uploads\/2022\/02\/midbec-logo-black.svg","width":1,"height":1,"caption":"Midbec Tapeter"},"image":{"@id":"https:\/\/midbectapeter.se\/en\/#\/schema\/logo\/image\/"},"sameAs":["https:\/\/www.facebook.com\/midbectapeter","https:\/\/www.instagram.com\/midbectapeter\/","https:\/\/www.pinterest.se\/midbec\/"]},{"@type":"Product","name":"Vine Embroidery - HT84003","image":["https:\/\/midbectapeter.se\/wp-content\/uploads\/HT84003.jpg","https:\/\/midbectapeter.se\/wp-content\/uploads\/HT84003__hall__1__tapet.jpg","https:\/\/midbectapeter.se\/wp-content\/uploads\/HT84003__hall__2__tapet.jpg","https:\/\/midbectapeter.se\/wp-content\/uploads\/HT84003__xdesign__1__tapet.jpg"],"offers":{"@type":"Offer","priceCurrency":"SEK","price":"","availability":"https:\/\/schema.org\/InStock","url":"https:\/\/midbectapeter.se\/en\/collection\/hidden-treasures-vol-2\/vine-embroidery-ht84003\/"},"description":"A beautiful craft on wallpaper. The Vine Embroidery wall motif is a large-scale embroidery from 1896 where lush climbing vines, various kinds of leaves and flowers form a dense thicket of vegetation in shades of dark green, brown, burgundy and blue. The wealth of detail is fantastic and the soul of the embroidery has been carried over to the wallpaper. The pattern mirrors itself repeatedly, thereby creating visual depth and a timeless character to the contemporary home. Can you find the birds hiding in the thicket?","brand":{"@type":"Brand","name":"Midbec Tapeter"},"sku":"HT84003","category":"Hidden Treasures vol 2","material":"Non-woven","color":"Green, Multicolor","productID":128876}]}},"_links":{"self":[{"href":"https:\/\/midbectapeter.se\/en\/wp-json\/wp\/v2\/product\/128876","targetHints":{"allow":["GET"]}}],"collection":[{"href":"https:\/\/midbectapeter.se\/en\/wp-json\/wp\/v2\/product"}],"about":[{"href":"https:\/\/midbectapeter.se\/en\/wp-json\/wp\/v2\/types\/product"}],"replies":[{"embeddable":true,"href":"https:\/\/midbectapeter.se\/en\/wp-json\/wp\/v2\/comments?post=128876"}],"wp:featuredmedia":[{"embeddable":true,"href":"https:\/\/midbectapeter.se\/en\/wp-json\/wp\/v2\/media\/128743"}],"wp:attachment":[{"href":"https:\/\/midbectapeter.se\/en\/wp-json\/wp\/v2\/media?parent=128876"}],"wp:term":[{"taxonomy":"product_brand","embeddable":true,"href":"https:\/\/midbectapeter.se\/en\/wp-json\/wp\/v2\/product_brand?post=128876"},{"taxonomy":"product_cat","embeddable":true,"href":"https:\/\/midbectapeter.se\/en\/wp-json\/wp\/v2\/product_cat?post=128876"},{"taxonomy":"product_tag","embeddable":true,"href":"https:\/\/midbectapeter.se\/en\/wp-json\/wp\/v2\/product_tag?post=128876"},{"taxonomy":"texture_surface","embeddable":true,"href":"https:\/\/midbectapeter.se\/en\/wp-json\/wp\/v2\/texture_surface?post=128876"},{"taxonomy":"designers","embeddable":true,"href":"https:\/\/midbectapeter.se\/en\/wp-json\/wp\/v2\/designers?post=128876"},{"taxonomy":"cat_colors","embeddable":true,"href":"https:\/\/midbectapeter.se\/en\/wp-json\/wp\/v2\/cat_colors?post=128876"},{"taxonomy":"cat_patterns","embeddable":true,"href":"https:\/\/midbectapeter.se\/en\/wp-json\/wp\/v2\/cat_patterns?post=128876"},{"taxonomy":"cat_styles","embeddable":true,"href":"https:\/\/midbectapeter.se\/en\/wp-json\/wp\/v2\/cat_styles?post=128876"},{"taxonomy":"cat_rooms","embeddable":true,"href":"https:\/\/midbectapeter.se\/en\/wp-json\/wp\/v2\/cat_rooms?post=128876"}],"curies":[{"name":"wp","href":"https:\/\/api.w.org\/{rel}","templated":true}]}}