{"id":132142,"date":"2025-04-30T03:20:07","date_gmt":"2025-04-30T01:20:07","guid":{"rendered":"https:\/\/midbectapeter.se\/kollektion\/uncategorized\/ballongerna-29001\/"},"modified":"2025-03-03T10:31:36","modified_gmt":"2025-03-03T09:31:36","slug":"ballongerna-29001","status":"publish","type":"product","link":"https:\/\/midbectapeter.se\/en\/collection\/resan\/ballongerna-29001\/","title":{"rendered":"Ballongerna &#8211; 29001"},"content":{"rendered":"<p>Take a hot air balloon ride into the blue! On a light gray background in the children&#8217;s wallpaper Ballongerna, translates The Balloons, white hot air balloons fly on a fairytale journey. Starry nights, northern lights, fluffy clouds and birds are some of the details hidden between the balloons in the pattern. In some balloons there is a little figure sleeping who needs to rest on the long journey. Can you find her?<\/p>\n","protected":false},"excerpt":{"rendered":"<p>Take a hot air balloon ride into the blue! On a light gray background in the children&#8217;s wallpaper Ballongerna, translates The Balloons, white hot air balloons fly on a fairytale journey. Starry nights, northern lights, fluffy clouds and birds are some of the details hidden between the balloons in the pattern. In some balloons there [&hellip;]<\/p>\n","protected":false},"featured_media":131646,"comment_status":"closed","ping_status":"closed","template":"","meta":{"_acf_changed":false},"product_brand":[],"product_cat":[201],"product_tag":[],"texture_surface":[],"designers":[95],"cat_colors":[212],"cat_patterns":[265,205],"cat_styles":[248],"cat_rooms":[256],"class_list":{"0":"post-132142","1":"product","2":"type-product","3":"status-publish","4":"has-post-thumbnail","6":"product_cat-kulor","7":"designers-lina-schnaufer","8":"cat_colors-gra","9":"cat_patterns-barn","10":"cat_patterns-stormonstrat","11":"cat_styles-barn","12":"cat_rooms-barnrum","14":"first","15":"instock","16":"taxable","17":"shipping-taxable","18":"purchasable","19":"product-type-variable"},"acf":{"visible_in_wallpaper_tool":false,"wallpaper_size_setting_1":100,"wallpaper_size_setting_2":500,"wallpaper_size_setting_3":500},"yoast_head":"<!-- This site is optimized with the Yoast SEO plugin v26.4 - https:\/\/yoast.com\/wordpress\/plugins\/seo\/ -->\n<title>Wallpaper pattern Ballongerna - 29001 | Midbec Tapeter<\/title>\n<meta name=\"robots\" content=\"index, follow, max-snippet:-1, max-image-preview:large, max-video-preview:-1\" \/>\n<link rel=\"canonical\" href=\"https:\/\/midbectapeter.se\/en\/collection\/resan\/ballongerna-29001\/\" \/>\n<meta property=\"og:locale\" content=\"en_US\" \/>\n<meta property=\"og:type\" content=\"article\" \/>\n<meta property=\"og:title\" content=\"Wallpaper pattern Ballongerna - 29001 | Midbec Tapeter\" \/>\n<meta property=\"og:description\" content=\"Take a hot air balloon ride into the blue! On a light gray background in the children&#8217;s wallpaper Ballongerna, translates The Balloons, white hot air balloons fly on a fairytale journey. Starry nights, northern lights, fluffy clouds and birds are some of the details hidden between the balloons in the pattern. In some balloons there [&hellip;]\" \/>\n<meta property=\"og:url\" content=\"https:\/\/midbectapeter.se\/en\/collection\/resan\/ballongerna-29001\/\" \/>\n<meta property=\"og:site_name\" content=\"Midbec Tapeter\" \/>\n<meta property=\"article:publisher\" content=\"https:\/\/www.facebook.com\/midbectapeter\" \/>\n<meta property=\"og:image\" content=\"https:\/\/midbectapeter.se\/wp-content\/uploads\/29001.jpg?_t=1740994296\" \/>\n\t<meta property=\"og:image:width\" content=\"1000\" \/>\n\t<meta property=\"og:image:height\" content=\"1000\" \/>\n\t<meta property=\"og:image:type\" content=\"image\/jpeg\" \/>\n<meta name=\"twitter:card\" content=\"summary_large_image\" \/>\n<script type=\"application\/ld+json\" class=\"yoast-schema-graph\">{\"@context\":\"https:\/\/schema.org\",\"@graph\":[{\"@type\":\"WebPage\",\"@id\":\"https:\/\/midbectapeter.se\/en\/collection\/resan\/ballongerna-29001\/\",\"url\":\"https:\/\/midbectapeter.se\/en\/collection\/resan\/ballongerna-29001\/\",\"name\":\"Wallpaper pattern Ballongerna - 29001 | Midbec Tapeter\",\"isPartOf\":{\"@id\":\"https:\/\/midbectapeter.se\/en\/#website\"},\"primaryImageOfPage\":{\"@id\":\"https:\/\/midbectapeter.se\/en\/collection\/resan\/ballongerna-29001\/#primaryimage\"},\"image\":{\"@id\":\"https:\/\/midbectapeter.se\/en\/collection\/resan\/ballongerna-29001\/#primaryimage\"},\"thumbnailUrl\":\"https:\/\/midbectapeter.se\/wp-content\/uploads\/29001.jpg\",\"datePublished\":\"2025-04-30T01:20:07+00:00\",\"breadcrumb\":{\"@id\":\"https:\/\/midbectapeter.se\/en\/collection\/resan\/ballongerna-29001\/#breadcrumb\"},\"inLanguage\":\"en-US\",\"potentialAction\":[{\"@type\":\"ReadAction\",\"target\":[\"https:\/\/midbectapeter.se\/en\/collection\/resan\/ballongerna-29001\/\"]}]},{\"@type\":\"ImageObject\",\"inLanguage\":\"en-US\",\"@id\":\"https:\/\/midbectapeter.se\/en\/collection\/resan\/ballongerna-29001\/#primaryimage\",\"url\":\"https:\/\/midbectapeter.se\/wp-content\/uploads\/29001.jpg\",\"contentUrl\":\"https:\/\/midbectapeter.se\/wp-content\/uploads\/29001.jpg\",\"width\":1000,\"height\":1000,\"caption\":\"Gr\u00e5 tapet med Barn, Storm\u00f6nstrat m\u00f6nster\"},{\"@type\":\"BreadcrumbList\",\"@id\":\"https:\/\/midbectapeter.se\/en\/collection\/resan\/ballongerna-29001\/#breadcrumb\",\"itemListElement\":[{\"@type\":\"ListItem\",\"position\":1,\"name\":\"Hem\",\"item\":\"https:\/\/midbectapeter.se\/en\/\"},{\"@type\":\"ListItem\",\"position\":2,\"name\":\"Products\",\"item\":\"https:\/\/midbectapeter.se\/en\/shop\/\"},{\"@type\":\"ListItem\",\"position\":3,\"name\":\"Ballongerna &#8211; 29001\"}]},{\"@type\":\"WebSite\",\"@id\":\"https:\/\/midbectapeter.se\/en\/#website\",\"url\":\"https:\/\/midbectapeter.se\/en\/\",\"name\":\"Midbec Tapeter\",\"description\":\"\",\"publisher\":{\"@id\":\"https:\/\/midbectapeter.se\/en\/#organization\"},\"potentialAction\":[{\"@type\":\"SearchAction\",\"target\":{\"@type\":\"EntryPoint\",\"urlTemplate\":\"https:\/\/midbectapeter.se\/en\/?s={search_term_string}\"},\"query-input\":{\"@type\":\"PropertyValueSpecification\",\"valueRequired\":true,\"valueName\":\"search_term_string\"}}],\"inLanguage\":\"en-US\"},{\"@type\":\"Organization\",\"@id\":\"https:\/\/midbectapeter.se\/en\/#organization\",\"name\":\"Midbec Tapeter\",\"url\":\"https:\/\/midbectapeter.se\/en\/\",\"logo\":{\"@type\":\"ImageObject\",\"inLanguage\":\"en-US\",\"@id\":\"https:\/\/midbectapeter.se\/en\/#\/schema\/logo\/image\/\",\"url\":\"https:\/\/midbectapeter.se\/wp-content\/uploads\/2022\/02\/midbec-logo-black.svg\",\"contentUrl\":\"https:\/\/midbectapeter.se\/wp-content\/uploads\/2022\/02\/midbec-logo-black.svg\",\"width\":1,\"height\":1,\"caption\":\"Midbec Tapeter\"},\"image\":{\"@id\":\"https:\/\/midbectapeter.se\/en\/#\/schema\/logo\/image\/\"},\"sameAs\":[\"https:\/\/www.facebook.com\/midbectapeter\",\"https:\/\/www.instagram.com\/midbectapeter\/\",\"https:\/\/www.pinterest.se\/midbec\/\"]},{\"@type\":\"Product\",\"name\":\"Ballongerna - 29001\",\"image\":[\"https:\/\/midbectapeter.se\/wp-content\/uploads\/29001.jpg\",\"https:\/\/midbectapeter.se\/wp-content\/uploads\/29001__barnrum__1__tapet.jpg\"],\"offers\":{\"@type\":\"Offer\",\"priceCurrency\":\"SEK\",\"price\":\"\",\"availability\":\"https:\/\/schema.org\/InStock\",\"url\":\"https:\/\/midbectapeter.se\/en\/collection\/resan\/ballongerna-29001\/\"},\"description\":\"Take a hot air balloon ride into the blue! On a light gray background in the children's wallpaper Ballongerna, translates The Balloons, white hot air balloons fly on a fairytale journey. Starry nights, northern lights, fluffy clouds and birds are some of the details hidden between the balloons in the pattern. In some balloons there is a little figure sleeping who needs to rest on the long journey. Can you find her?\",\"brand\":{\"@type\":\"Brand\",\"name\":\"Midbec Tapeter\"},\"sku\":\"29001\",\"category\":\"Kul\u00f6r\",\"material\":\"Non-woven\",\"color\":\"Gray\",\"productID\":132142}]}<\/script>\n<!-- \/ Yoast SEO plugin. -->","yoast_head_json":{"title":"Wallpaper pattern Ballongerna - 29001 | Midbec Tapeter","robots":{"index":"index","follow":"follow","max-snippet":"max-snippet:-1","max-image-preview":"max-image-preview:large","max-video-preview":"max-video-preview:-1"},"canonical":"https:\/\/midbectapeter.se\/en\/collection\/resan\/ballongerna-29001\/","og_locale":"en_US","og_type":"article","og_title":"Wallpaper pattern Ballongerna - 29001 | Midbec Tapeter","og_description":"Take a hot air balloon ride into the blue! On a light gray background in the children&#8217;s wallpaper Ballongerna, translates The Balloons, white hot air balloons fly on a fairytale journey. Starry nights, northern lights, fluffy clouds and birds are some of the details hidden between the balloons in the pattern. In some balloons there [&hellip;]","og_url":"https:\/\/midbectapeter.se\/en\/collection\/resan\/ballongerna-29001\/","og_site_name":"Midbec Tapeter","article_publisher":"https:\/\/www.facebook.com\/midbectapeter","og_image":[{"width":1000,"height":1000,"url":"https:\/\/midbectapeter.se\/wp-content\/uploads\/29001.jpg?_t=1740994296","type":"image\/jpeg"}],"twitter_card":"summary_large_image","schema":{"@context":"https:\/\/schema.org","@graph":[{"@type":"WebPage","@id":"https:\/\/midbectapeter.se\/en\/collection\/resan\/ballongerna-29001\/","url":"https:\/\/midbectapeter.se\/en\/collection\/resan\/ballongerna-29001\/","name":"Wallpaper pattern Ballongerna - 29001 | Midbec Tapeter","isPartOf":{"@id":"https:\/\/midbectapeter.se\/en\/#website"},"primaryImageOfPage":{"@id":"https:\/\/midbectapeter.se\/en\/collection\/resan\/ballongerna-29001\/#primaryimage"},"image":{"@id":"https:\/\/midbectapeter.se\/en\/collection\/resan\/ballongerna-29001\/#primaryimage"},"thumbnailUrl":"https:\/\/midbectapeter.se\/wp-content\/uploads\/29001.jpg","datePublished":"2025-04-30T01:20:07+00:00","breadcrumb":{"@id":"https:\/\/midbectapeter.se\/en\/collection\/resan\/ballongerna-29001\/#breadcrumb"},"inLanguage":"en-US","potentialAction":[{"@type":"ReadAction","target":["https:\/\/midbectapeter.se\/en\/collection\/resan\/ballongerna-29001\/"]}]},{"@type":"ImageObject","inLanguage":"en-US","@id":"https:\/\/midbectapeter.se\/en\/collection\/resan\/ballongerna-29001\/#primaryimage","url":"https:\/\/midbectapeter.se\/wp-content\/uploads\/29001.jpg","contentUrl":"https:\/\/midbectapeter.se\/wp-content\/uploads\/29001.jpg","width":1000,"height":1000,"caption":"Gr\u00e5 tapet med Barn, Storm\u00f6nstrat m\u00f6nster"},{"@type":"BreadcrumbList","@id":"https:\/\/midbectapeter.se\/en\/collection\/resan\/ballongerna-29001\/#breadcrumb","itemListElement":[{"@type":"ListItem","position":1,"name":"Hem","item":"https:\/\/midbectapeter.se\/en\/"},{"@type":"ListItem","position":2,"name":"Products","item":"https:\/\/midbectapeter.se\/en\/shop\/"},{"@type":"ListItem","position":3,"name":"Ballongerna &#8211; 29001"}]},{"@type":"WebSite","@id":"https:\/\/midbectapeter.se\/en\/#website","url":"https:\/\/midbectapeter.se\/en\/","name":"Midbec Tapeter","description":"","publisher":{"@id":"https:\/\/midbectapeter.se\/en\/#organization"},"potentialAction":[{"@type":"SearchAction","target":{"@type":"EntryPoint","urlTemplate":"https:\/\/midbectapeter.se\/en\/?s={search_term_string}"},"query-input":{"@type":"PropertyValueSpecification","valueRequired":true,"valueName":"search_term_string"}}],"inLanguage":"en-US"},{"@type":"Organization","@id":"https:\/\/midbectapeter.se\/en\/#organization","name":"Midbec Tapeter","url":"https:\/\/midbectapeter.se\/en\/","logo":{"@type":"ImageObject","inLanguage":"en-US","@id":"https:\/\/midbectapeter.se\/en\/#\/schema\/logo\/image\/","url":"https:\/\/midbectapeter.se\/wp-content\/uploads\/2022\/02\/midbec-logo-black.svg","contentUrl":"https:\/\/midbectapeter.se\/wp-content\/uploads\/2022\/02\/midbec-logo-black.svg","width":1,"height":1,"caption":"Midbec Tapeter"},"image":{"@id":"https:\/\/midbectapeter.se\/en\/#\/schema\/logo\/image\/"},"sameAs":["https:\/\/www.facebook.com\/midbectapeter","https:\/\/www.instagram.com\/midbectapeter\/","https:\/\/www.pinterest.se\/midbec\/"]},{"@type":"Product","name":"Ballongerna - 29001","image":["https:\/\/midbectapeter.se\/wp-content\/uploads\/29001.jpg","https:\/\/midbectapeter.se\/wp-content\/uploads\/29001__barnrum__1__tapet.jpg"],"offers":{"@type":"Offer","priceCurrency":"SEK","price":"","availability":"https:\/\/schema.org\/InStock","url":"https:\/\/midbectapeter.se\/en\/collection\/resan\/ballongerna-29001\/"},"description":"Take a hot air balloon ride into the blue! On a light gray background in the children's wallpaper Ballongerna, translates The Balloons, white hot air balloons fly on a fairytale journey. Starry nights, northern lights, fluffy clouds and birds are some of the details hidden between the balloons in the pattern. In some balloons there is a little figure sleeping who needs to rest on the long journey. Can you find her?","brand":{"@type":"Brand","name":"Midbec Tapeter"},"sku":"29001","category":"Kul\u00f6r","material":"Non-woven","color":"Gray","productID":132142}]}},"_links":{"self":[{"href":"https:\/\/midbectapeter.se\/en\/wp-json\/wp\/v2\/product\/132142","targetHints":{"allow":["GET"]}}],"collection":[{"href":"https:\/\/midbectapeter.se\/en\/wp-json\/wp\/v2\/product"}],"about":[{"href":"https:\/\/midbectapeter.se\/en\/wp-json\/wp\/v2\/types\/product"}],"replies":[{"embeddable":true,"href":"https:\/\/midbectapeter.se\/en\/wp-json\/wp\/v2\/comments?post=132142"}],"wp:featuredmedia":[{"embeddable":true,"href":"https:\/\/midbectapeter.se\/en\/wp-json\/wp\/v2\/media\/131646"}],"wp:attachment":[{"href":"https:\/\/midbectapeter.se\/en\/wp-json\/wp\/v2\/media?parent=132142"}],"wp:term":[{"taxonomy":"product_brand","embeddable":true,"href":"https:\/\/midbectapeter.se\/en\/wp-json\/wp\/v2\/product_brand?post=132142"},{"taxonomy":"product_cat","embeddable":true,"href":"https:\/\/midbectapeter.se\/en\/wp-json\/wp\/v2\/product_cat?post=132142"},{"taxonomy":"product_tag","embeddable":true,"href":"https:\/\/midbectapeter.se\/en\/wp-json\/wp\/v2\/product_tag?post=132142"},{"taxonomy":"texture_surface","embeddable":true,"href":"https:\/\/midbectapeter.se\/en\/wp-json\/wp\/v2\/texture_surface?post=132142"},{"taxonomy":"designers","embeddable":true,"href":"https:\/\/midbectapeter.se\/en\/wp-json\/wp\/v2\/designers?post=132142"},{"taxonomy":"cat_colors","embeddable":true,"href":"https:\/\/midbectapeter.se\/en\/wp-json\/wp\/v2\/cat_colors?post=132142"},{"taxonomy":"cat_patterns","embeddable":true,"href":"https:\/\/midbectapeter.se\/en\/wp-json\/wp\/v2\/cat_patterns?post=132142"},{"taxonomy":"cat_styles","embeddable":true,"href":"https:\/\/midbectapeter.se\/en\/wp-json\/wp\/v2\/cat_styles?post=132142"},{"taxonomy":"cat_rooms","embeddable":true,"href":"https:\/\/midbectapeter.se\/en\/wp-json\/wp\/v2\/cat_rooms?post=132142"}],"curies":[{"name":"wp","href":"https:\/\/api.w.org\/{rel}","templated":true}]}}